{"id":657,"date":"2023-03-30T22:50:24","date_gmt":"2023-03-31T01:50:24","guid":{"rendered":"https:\/\/eventos.cmm.uchile.cl\/womaths2023\/?page_id=657"},"modified":"2023-05-08T22:02:07","modified_gmt":"2023-05-09T02:02:07","slug":"dia2","status":"publish","type":"page","link":"https:\/\/eventos.cmm.uchile.cl\/womaths2023\/programa\/dia2\/","title":{"rendered":"D\u00eda 2 \u2013 USACH"},"content":{"rendered":"<table>\n<tbody>\n<tr>\n<td style=\"text-align: center;\"><b>Hora\u00a0<\/b><\/td>\n<td style=\"text-align: center;\"><b>Actividad<\/b><\/td>\n<td style=\"text-align: center;\"><b>Lugar<\/b><\/td>\n<\/tr>\n<tr>\n<td style=\"text-align: center;\"><b>09:00 &#8211; 09:20<\/b><\/td>\n<td style=\"text-align: center;\"><b>Bienvenida<\/b><\/td>\n<td style=\"text-align: center;\" rowspan=\"2\">&nbsp;<\/p>\n<p>Auditorio DMCC<\/td>\n<\/tr>\n<tr>\n<td style=\"text-align: center;\"><b>09:20 &#8211; 10:30<\/b><\/td>\n<td style=\"text-align: center;\"><b>Plenaria II-A<br \/>\n<\/b>\u00a0Dra. Nancy Guelman Tenenbaum<br \/>\n<em>\u201cSimplicidad uniforme en algunos grupos de<\/em><br \/>\n<em>biyecciones de intervalos.\u201d<\/em><b><br \/>\n<\/b><\/td>\n<\/tr>\n<tr>\n<td style=\"text-align: center;\"><b>10:30 &#8211; 11:15<\/b><\/td>\n<td style=\"text-align: center;\"><b>Coffee Break<\/b><\/td>\n<td style=\"text-align: center;\">VIME<\/td>\n<\/tr>\n<tr>\n<td style=\"text-align: center;\" rowspan=\"2\"><b>11:15 &#8211; 12:15<\/b><\/td>\n<td style=\"text-align: center;\"><b>Charla 2-A<br \/>\n<\/b>Dra. Elizabeth Terezinha <em>Gasparim<br \/>\n<\/em><em>\u00abTeor\u00eda de Morse, Categor\u00eda de Fukaya y<\/em><br \/>\n<em>Deformaciones.\u00bb<\/em><b><br \/>\n<\/b><\/td>\n<td style=\"text-align: center;\">Sala A<br \/>\nVIME<\/td>\n<\/tr>\n<tr>\n<td style=\"text-align: center;\"><b>Charla 2-B<br \/>\n<\/b>Dra. Tamara D\u00edaz Chang<br \/>\n<b><\/b><em>\u201dEstudio de modelos inconscientes en el<\/em><br \/>\n<em>aprendizaje de conceptos matem\u00e1ticos<\/em><br \/>\n<em>usando la t\u00e9cnica del seguimiento ocular.\u201d<\/em><\/td>\n<td style=\"text-align: center;\">Sala B<br \/>\nVIME<\/td>\n<\/tr>\n<tr>\n<td style=\"text-align: center;\"><b>12:15 &#8211; 14:00<\/b><\/td>\n<td style=\"text-align: center;\" colspan=\"2\"><b>Almuerzo<\/b><\/td>\n<\/tr>\n<tr>\n<td style=\"text-align: center;\" rowspan=\"2\"><b>14:00 &#8211; 15:30<\/b><\/td>\n<td style=\"text-align: center;\"><b>Cursillo S2-A<br \/>\n<\/b>Dra. Hanne Van Den Bosch<b><br \/>\n<\/b><em>\u201cMatem\u00e1ticas para mec\u00e1nica cu\u00e1nticas\u201d<\/em><\/td>\n<td style=\"text-align: center;\">Sala A<br \/>\nVIME<\/td>\n<\/tr>\n<tr>\n<td style=\"text-align: center;\"><b>Cursillo S2-B<br \/>\n<\/b>Dra. Yuriko Pitones Amaro<br \/>\n<em>\u00ab\u00c1lgebra Conmutativa: un puente entre C\u00f3digos y<\/em><br \/>\n<em>Combinatoria\u201d<\/em><b><br \/>\n<\/b><\/td>\n<td style=\"text-align: center;\">Sala B<br \/>\nVIME<\/td>\n<\/tr>\n<tr>\n<td style=\"text-align: center;\"><b>15:30 &#8211; 16:15<\/b><\/td>\n<td style=\"text-align: center;\"><b>Coffee Break<\/b><\/td>\n<td style=\"text-align: center;\">VIME<\/td>\n<\/tr>\n<tr>\n<td style=\"text-align: center;\"><b>16:15 &#8211; 17:25<\/b><\/td>\n<td style=\"text-align: center;\"><b>Plenaria II -B<br \/>\n<\/b>Dra. Carolina Neira Jim\u00e9nez<br \/>\n<em>\u201cPseudodifferential Operators on the<\/em><br \/>\n<em>Noncommutative Torus.\u201d<\/em> <b><br \/>\n<\/b><\/td>\n<td>&nbsp;<\/p>\n<p style=\"text-align: center;\">Auditorio DMCC<\/p>\n<\/td>\n<\/tr>\n<\/tbody>\n<\/table>\n<pre><strong>CRONOGRAMA DESCARGABLE: <a href=\"https:\/\/drive.google.com\/file\/d\/1rcSoVEfWpu73cZwohoyIQUaM9CM_me0E\/view?usp=sharing\">CRONOGRAMA JUEVES 11 USACH.<\/a>\r\nRECOMENDACIONES PARA EL ALMUERZO: <a href=\"https:\/\/drive.google.com\/file\/d\/11ZmM32a3LpkIRoH9ubwxA1jmbniReibp\/view?usp=sharing\">LUGARES PARA ALMORZAR JUEVES 11 USACH.<\/a><\/strong><\/pre>\n<p>&nbsp;<\/p>\n","protected":false},"excerpt":{"rendered":"<p>Hora\u00a0 Actividad Lugar 09:00 &#8211; 09:20 Bienvenida &nbsp; Auditorio DMCC 09:20 &#8211; 10:30 Plenaria II-A \u00a0Dra. Nancy Guelman Tenenbaum \u201cSimplicidad uniforme en algunos grupos de biyecciones de intervalos.\u201d 10:30 &#8211; 11:15 Coffee Break VIME 11:15 &#8211; 12:15 Charla 2-A Dra. Elizabeth Terezinha Gasparim \u00abTeor\u00eda de Morse, Categor\u00eda de Fukaya y Deformaciones.\u00bb Sala A VIME Charla &hellip; <a href=\"https:\/\/eventos.cmm.uchile.cl\/womaths2023\/programa\/dia2\/\" class=\"more-link\">Seguir leyendo <span class=\"screen-reader-text\">D\u00eda 2 \u2013 USACH<\/span> <span class=\"meta-nav\">&rarr;<\/span><\/a><\/p>\n","protected":false},"author":2,"featured_media":0,"parent":65,"menu_order":1,"comment_status":"closed","ping_status":"closed","template":"","meta":{"inline_featured_image":false,"footnotes":""},"class_list":["post-657","page","type-page","status-publish","hentry"],"_links":{"self":[{"href":"https:\/\/eventos.cmm.uchile.cl\/womaths2023\/wp-json\/wp\/v2\/pages\/657","targetHints":{"allow":["GET"]}}],"collection":[{"href":"https:\/\/eventos.cmm.uchile.cl\/womaths2023\/wp-json\/wp\/v2\/pages"}],"about":[{"href":"https:\/\/eventos.cmm.uchile.cl\/womaths2023\/wp-json\/wp\/v2\/types\/page"}],"author":[{"embeddable":true,"href":"https:\/\/eventos.cmm.uchile.cl\/womaths2023\/wp-json\/wp\/v2\/users\/2"}],"replies":[{"embeddable":true,"href":"https:\/\/eventos.cmm.uchile.cl\/womaths2023\/wp-json\/wp\/v2\/comments?post=657"}],"version-history":[{"count":33,"href":"https:\/\/eventos.cmm.uchile.cl\/womaths2023\/wp-json\/wp\/v2\/pages\/657\/revisions"}],"predecessor-version":[{"id":1261,"href":"https:\/\/eventos.cmm.uchile.cl\/womaths2023\/wp-json\/wp\/v2\/pages\/657\/revisions\/1261"}],"up":[{"embeddable":true,"href":"https:\/\/eventos.cmm.uchile.cl\/womaths2023\/wp-json\/wp\/v2\/pages\/65"}],"wp:attachment":[{"href":"https:\/\/eventos.cmm.uchile.cl\/womaths2023\/wp-json\/wp\/v2\/media?parent=657"}],"curies":[{"name":"wp","href":"https:\/\/api.w.org\/{rel}","templated":true}]}}