{"id":664,"date":"2023-03-30T22:57:22","date_gmt":"2023-03-31T01:57:22","guid":{"rendered":"https:\/\/eventos.cmm.uchile.cl\/womaths2023\/?page_id=664"},"modified":"2023-05-08T11:12:41","modified_gmt":"2023-05-08T15:12:41","slug":"plenarias","status":"publish","type":"page","link":"https:\/\/eventos.cmm.uchile.cl\/womaths2023\/invitadas\/plenarias\/","title":{"rendered":"Plenarias"},"content":{"rendered":"<p>El congreso contar\u00e1 con la presencia de 6 invitadas internacionales y nacionales, las cuales hablar\u00e1n de su investigaci\u00f3n en la modalidad de plenaria. Las \u00e1reas abarcadas comprenden An\u00e1lisis Num\u00e9rico,\u00a0 Geometr\u00eda Algebraica, Geometr\u00eda y Topolog\u00eda, Ecuaciones Diferenciales, Optimizaci\u00f3n y Teor\u00eda de Control de Ecuaciones Diferenciales Parciales.<\/p>\n<p>&nbsp;<\/p>\n<table style=\"height: 387px;\" width=\"603\">\n<tbody>\n<tr>\n<td>&nbsp;<\/p>\n<p><img loading=\"lazy\" decoding=\"async\" class=\"alignnone size-medium wp-image-1056\" src=\"https:\/\/eventos.cmm.uchile.cl\/womaths2023\/wp-content\/uploads\/sites\/162\/2023\/04\/WEB_PROFES-3-copia-300x300.png\" alt=\"\" width=\"300\" height=\"300\" srcset=\"https:\/\/eventos.cmm.uchile.cl\/womaths2023\/wp-content\/uploads\/sites\/162\/2023\/04\/WEB_PROFES-3-copia-300x300.png 300w, https:\/\/eventos.cmm.uchile.cl\/womaths2023\/wp-content\/uploads\/sites\/162\/2023\/04\/WEB_PROFES-3-copia-1024x1024.png 1024w, https:\/\/eventos.cmm.uchile.cl\/womaths2023\/wp-content\/uploads\/sites\/162\/2023\/04\/WEB_PROFES-3-copia-150x150.png 150w, https:\/\/eventos.cmm.uchile.cl\/womaths2023\/wp-content\/uploads\/sites\/162\/2023\/04\/WEB_PROFES-3-copia-768x768.png 768w, https:\/\/eventos.cmm.uchile.cl\/womaths2023\/wp-content\/uploads\/sites\/162\/2023\/04\/WEB_PROFES-3-copia-1536x1536.png 1536w, https:\/\/eventos.cmm.uchile.cl\/womaths2023\/wp-content\/uploads\/sites\/162\/2023\/04\/WEB_PROFES-3-copia.png 2000w\" sizes=\"auto, (max-width: 300px) 100vw, 300px\" \/><\/td>\n<td>\n<h5 style=\"text-align: center;\"><strong>Carolina Urz\u00faa Torres<br \/>\n<\/strong><a href=\"https:\/\/www.tudelft.nl\/ewi\/over-de-faculteit\/afdelingen\/applied-mathematics\"><strong>Delft Institute of applied Mathermatics<\/strong><\/a><br \/>\nChile &#8211; Pa\u00edses Bajos<\/h5>\n<p style=\"text-align: center;\">Su \u00e1rea de investigaci\u00f3n actual se centra en el <strong>an\u00e1lisis<br \/>\ny <\/strong><strong>desarrollo de m\u00e9todos num\u00e9ricos para la resoluci\u00f3n de EDPs.<\/strong><span style=\"font-weight: 400;\"><br \/>\n<\/span><br \/>\n<a style=\"font-family: inherit; font-size: inherit;\" href=\"https:\/\/www.tudelft.nl\/ewi\/over-de-faculteit\/afdelingen\/applied-mathematics\/people\/dr-ca-carolina-urzua-torres\">P\u00e1gina Personal<\/a><\/p>\n<h6 style=\"text-align: center;\"><strong>Plenaria<br \/>\n<a href=\"https:\/\/drive.google.com\/file\/d\/1tq77tDVKzdkMNGLlyKjB1MaGi_Nb37L0\/view?usp=sharing\">Un peque\u00f1o viaje a trav\u00e9s de los m\u00e9todos num\u00e9ricos espacio-temporales.<\/a><br \/>\n<\/strong><\/h6>\n<\/td>\n<\/tr>\n<\/tbody>\n<\/table>\n<table style=\"height: 387px;\" width=\"603\">\n<tbody>\n<tr>\n<td>\n<h5 style=\"text-align: center;\"><strong>Michela Artebani<\/strong><br \/>\n<a href=\"http:\/\/dmat.cfm.cl\/dmat\/\"><strong>Universidad de Concepci\u00f3n<\/strong><\/a><br \/>\nItalia &#8211; Chile<\/h5>\n<p style=\"text-align: center;\">Sus intereses de investigaci\u00f3n matem\u00e1tica se enfocan<br \/>\nen la <strong>geometr\u00eda algebraica<\/strong>, espec\u00edficamente<br \/>\nen el estudio de superficies algebraicas, variedades<br \/>\nCalabi-Yau, Anillos de Cox y Cuerpos de Moduli de curvas.<\/p>\n<p style=\"text-align: center;\"><a style=\"font-family: inherit; font-size: inherit;\" href=\"http:\/\/geometryrc.ufro.cl\/index.php\/research\/research-areas\/?option=com_sppagebuilder&amp;view=page&amp;id=95\">P\u00e1gina Personal<\/a><\/p>\n<h6 style=\"text-align: center;\"><strong>Plenaria<br \/>\n<\/strong><a href=\"https:\/\/drive.google.com\/file\/d\/1t5Kzxe5abJWGC6kPNtQLDCd2syG3qxOT\/view?usp=sharing\">Blow-ups del plano proyectivo y el<br \/>\nproblema 14 de Hilbert.<\/a><\/h6>\n<\/td>\n<td>&nbsp;<\/p>\n<p><img loading=\"lazy\" decoding=\"async\" class=\"alignnone wp-image-1059\" src=\"https:\/\/eventos.cmm.uchile.cl\/womaths2023\/wp-content\/uploads\/sites\/162\/2023\/04\/WEB_PROFES-6-copia-300x300.png\" alt=\"\" width=\"265\" height=\"265\" srcset=\"https:\/\/eventos.cmm.uchile.cl\/womaths2023\/wp-content\/uploads\/sites\/162\/2023\/04\/WEB_PROFES-6-copia-300x300.png 300w, https:\/\/eventos.cmm.uchile.cl\/womaths2023\/wp-content\/uploads\/sites\/162\/2023\/04\/WEB_PROFES-6-copia-1024x1024.png 1024w, https:\/\/eventos.cmm.uchile.cl\/womaths2023\/wp-content\/uploads\/sites\/162\/2023\/04\/WEB_PROFES-6-copia-150x150.png 150w, https:\/\/eventos.cmm.uchile.cl\/womaths2023\/wp-content\/uploads\/sites\/162\/2023\/04\/WEB_PROFES-6-copia-768x768.png 768w, https:\/\/eventos.cmm.uchile.cl\/womaths2023\/wp-content\/uploads\/sites\/162\/2023\/04\/WEB_PROFES-6-copia-1536x1536.png 1536w, https:\/\/eventos.cmm.uchile.cl\/womaths2023\/wp-content\/uploads\/sites\/162\/2023\/04\/WEB_PROFES-6-copia.png 2000w\" sizes=\"auto, (max-width: 265px) 100vw, 265px\" \/><\/td>\n<\/tr>\n<\/tbody>\n<\/table>\n<table style=\"height: 387px;\" width=\"603\">\n<tbody>\n<tr>\n<td>&nbsp;<\/p>\n<p>&nbsp;<\/p>\n<p>&nbsp;<\/p>\n<p><img loading=\"lazy\" decoding=\"async\" class=\"alignnone wp-image-1123\" src=\"https:\/\/eventos.cmm.uchile.cl\/womaths2023\/wp-content\/uploads\/sites\/162\/2023\/04\/WEB_PROFES-19-300x300.png\" alt=\"\" width=\"413\" height=\"413\" srcset=\"https:\/\/eventos.cmm.uchile.cl\/womaths2023\/wp-content\/uploads\/sites\/162\/2023\/04\/WEB_PROFES-19-300x300.png 300w, https:\/\/eventos.cmm.uchile.cl\/womaths2023\/wp-content\/uploads\/sites\/162\/2023\/04\/WEB_PROFES-19-1024x1024.png 1024w, https:\/\/eventos.cmm.uchile.cl\/womaths2023\/wp-content\/uploads\/sites\/162\/2023\/04\/WEB_PROFES-19-150x150.png 150w, https:\/\/eventos.cmm.uchile.cl\/womaths2023\/wp-content\/uploads\/sites\/162\/2023\/04\/WEB_PROFES-19-768x768.png 768w, https:\/\/eventos.cmm.uchile.cl\/womaths2023\/wp-content\/uploads\/sites\/162\/2023\/04\/WEB_PROFES-19-1536x1536.png 1536w, https:\/\/eventos.cmm.uchile.cl\/womaths2023\/wp-content\/uploads\/sites\/162\/2023\/04\/WEB_PROFES-19.png 2000w\" sizes=\"auto, (max-width: 413px) 100vw, 413px\" \/><\/td>\n<td>\n<h5 style=\"text-align: center;\"><strong>Nancy Guelman Tenenbaum<br \/>\n<\/strong><a href=\"https:\/\/www.fing.edu.uy\/\"><strong>Universidad de la Rep\u00fablica Uruguay<\/strong><\/a><br \/>\nUruguay<\/h5>\n<p style=\"text-align: center;\">Su \u00e1rea de investigaci\u00f3n se centra en problemas<br \/>\nasociados a<br \/>\n<strong>sistemas din\u00e1micos y acciones de grupos.<\/strong><br \/>\nEn particular, su trabajo est\u00e1 relacionado<br \/>\ncon qu\u00e9 tipo de din\u00e1mica puede aparecer<br \/>\nal perturbar un difeomorfismo que proviene de<br \/>\nevaluar en el tiempo uno, un flujo de Anosov transitivo.<\/p>\n<p style=\"text-align: center;\"><a style=\"font-family: inherit; font-size: inherit;\" href=\"http:\/\/www.cmat.edu.uy\/~rpotrie\/CVs\/CVNancyGuelman.pdf\">P\u00e1gina Personal<\/a><\/p>\n<h6 style=\"text-align: center;\"><strong>Plenaria<br \/>\n<a href=\"https:\/\/drive.google.com\/file\/d\/1fggz-t_OXzaMWiD2EOa2k7MJgkL702DA\/view?usp=sharing\">Simplicidad uniforme en algunos grupos de biyecciones de intervalos.\u00a0<\/a><\/strong><\/h6>\n<h6 style=\"text-align: center;\"><strong>\u00a0<\/strong><\/h6>\n<p>&nbsp;<\/td>\n<\/tr>\n<\/tbody>\n<\/table>\n<table style=\"height: 387px;\" width=\"603\">\n<tbody>\n<tr>\n<td>\n<h5 style=\"text-align: center;\"><strong>Carolina Neira Jim\u00e9nez<\/strong><br \/>\n<a href=\"https:\/\/www.mat.unb.br\/\"><strong>Universidad Nacional de Colombia<\/strong><\/a><br \/>\nColombia<\/h5>\n<p style=\"text-align: center;\">Su trabajo investigativo incluye problemas<br \/>\nmatem\u00e1ticos relacionados con <strong>operadores<br \/>\npseudo-diferenciales, an\u00e1lisis global,<br \/>\ngeometr\u00eda simpl\u00e9ctica, f\u00edsica matem\u00e1tica y<br \/>\ngeometr\u00eda no conmutativa.<\/strong><\/p>\n<p style=\"text-align: center;\"><a style=\"font-family: inherit; font-size: inherit;\" href=\"https:\/\/sites.google.com\/site\/homepageofcarolinaneirajimenez\/\">P\u00e1gina Personal<\/a><\/p>\n<h6 style=\"text-align: center;\"><strong>Plenaria<\/strong><br \/>\n<strong><a href=\"https:\/\/drive.google.com\/file\/d\/1Sos9opZpwJC3ombcTyaZrtPBK8JnOLhn\/view?usp=sharing\">Pseudodifferential Operators on the Noncommutative Torus.\u00a0<\/a><\/strong><\/h6>\n<\/td>\n<td>&nbsp;<\/p>\n<p><img loading=\"lazy\" decoding=\"async\" class=\"alignnone size-medium wp-image-1072\" src=\"https:\/\/eventos.cmm.uchile.cl\/womaths2023\/wp-content\/uploads\/sites\/162\/2023\/04\/neira-1-300x300.jpg\" alt=\"\" width=\"300\" height=\"300\" srcset=\"https:\/\/eventos.cmm.uchile.cl\/womaths2023\/wp-content\/uploads\/sites\/162\/2023\/04\/neira-1-300x300.jpg 300w, https:\/\/eventos.cmm.uchile.cl\/womaths2023\/wp-content\/uploads\/sites\/162\/2023\/04\/neira-1-1024x1024.jpg 1024w, https:\/\/eventos.cmm.uchile.cl\/womaths2023\/wp-content\/uploads\/sites\/162\/2023\/04\/neira-1-150x150.jpg 150w, https:\/\/eventos.cmm.uchile.cl\/womaths2023\/wp-content\/uploads\/sites\/162\/2023\/04\/neira-1-768x768.jpg 768w, https:\/\/eventos.cmm.uchile.cl\/womaths2023\/wp-content\/uploads\/sites\/162\/2023\/04\/neira-1-1536x1536.jpg 1536w, https:\/\/eventos.cmm.uchile.cl\/womaths2023\/wp-content\/uploads\/sites\/162\/2023\/04\/neira-1.jpg 2000w\" sizes=\"auto, (max-width: 300px) 100vw, 300px\" \/><\/td>\n<\/tr>\n<\/tbody>\n<\/table>\n<table style=\"height: 387px;\" width=\"603\">\n<tbody>\n<tr>\n<td>&nbsp;<\/p>\n<p>&nbsp;<\/p>\n<p><img loading=\"lazy\" decoding=\"async\" class=\"alignnone wp-image-1058\" src=\"https:\/\/eventos.cmm.uchile.cl\/womaths2023\/wp-content\/uploads\/sites\/162\/2023\/04\/WEB_PROFES-5-copia-300x300.png\" alt=\"\" width=\"255\" height=\"255\" srcset=\"https:\/\/eventos.cmm.uchile.cl\/womaths2023\/wp-content\/uploads\/sites\/162\/2023\/04\/WEB_PROFES-5-copia-300x300.png 300w, https:\/\/eventos.cmm.uchile.cl\/womaths2023\/wp-content\/uploads\/sites\/162\/2023\/04\/WEB_PROFES-5-copia-1024x1024.png 1024w, https:\/\/eventos.cmm.uchile.cl\/womaths2023\/wp-content\/uploads\/sites\/162\/2023\/04\/WEB_PROFES-5-copia-150x150.png 150w, https:\/\/eventos.cmm.uchile.cl\/womaths2023\/wp-content\/uploads\/sites\/162\/2023\/04\/WEB_PROFES-5-copia-768x768.png 768w, https:\/\/eventos.cmm.uchile.cl\/womaths2023\/wp-content\/uploads\/sites\/162\/2023\/04\/WEB_PROFES-5-copia-1536x1536.png 1536w, https:\/\/eventos.cmm.uchile.cl\/womaths2023\/wp-content\/uploads\/sites\/162\/2023\/04\/WEB_PROFES-5-copia.png 2000w\" sizes=\"auto, (max-width: 255px) 100vw, 255px\" \/><\/td>\n<td>\n<h5 style=\"text-align: center;\"><strong>Claudia Sagastiz\u00e1bal<br \/>\n<\/strong><a href=\"http:\/\/www.ime.unicamp.br\/\"><strong>Universidad Estatal de Campinas<\/strong><\/a><br \/>\nArgentina &#8211; Brasil<\/h5>\n<p style=\"text-align: center;\">Su investigaci\u00f3n se centra en<br \/>\n<strong>matem\u00e1tica aplicada<\/strong><br \/>\ncon particular inter\u00e9s en <strong>optimizaci\u00f3n<br \/>\nconvexa y manejo de energ\u00eda<\/strong>, desde el<br \/>\npunto de vista te\u00f3rico del an\u00e1lisis variacional<br \/>\nhasta los aspectos num\u00e9ricos y algor\u00edtmicos.<\/p>\n<p style=\"text-align: center;\"><a style=\"font-family: inherit; font-size: inherit;\" href=\"https:\/\/www.ime.unicamp.br\/~sagastiz\/\">P\u00e1gina Personal<\/a><\/p>\n<h6 style=\"text-align: center;\"><strong>Plenaria<br \/>\n<a href=\"https:\/\/drive.google.com\/file\/d\/1AIerrpRcvpdPcgrdcdXWf7U6VCj61_c0\/view?usp=sharing\">Optimizaci\u00f3n no diferenciable: desaf\u00edos y perspectivas.\u00a0\u00a0<\/a><br \/>\n<\/strong><\/h6>\n<p>&nbsp;<\/td>\n<\/tr>\n<\/tbody>\n<\/table>\n<table style=\"height: 387px;\" width=\"603\">\n<tbody>\n<tr>\n<td>\n<h5 style=\"text-align: center;\"><strong>Mar\u00eda de la Luz De Teresa de Oteyza<\/strong><br \/>\n<a href=\"https:\/\/www.matem.unam.mx\/\"><strong>Universidad Nacional Aut\u00f3noma de<br \/>\nM\u00e9xico\u00a0<\/strong><\/a><br \/>\nM\u00e9xico<\/h5>\n<p style=\"text-align: center;\">Trabaja en investigaci\u00f3n matem\u00e1tica enfocada en el<br \/>\n<strong>\u00e1rea de an\u00e1lisis y ecuaciones<br \/>\ndiferenciales parciales<\/strong>,<br \/>\ncon especial \u00e9nfasis y aportes en la teor\u00eda de control de<br \/>\necuaciones parab\u00f3licas acopladas.<\/p>\n<p style=\"text-align: center;\"><a style=\"font-family: inherit; font-size: inherit;\" href=\"https:\/\/paginas.matem.unam.mx\/deteresa\/\">P\u00e1gina Personal<\/a><\/p>\n<h6 style=\"text-align: center;\"><strong>Plenaria<br \/>\n<a href=\"https:\/\/drive.google.com\/file\/d\/1oQSIQCniyEfz8h49fk6tONat5S8E-ptR\/view?usp=sharing\">Aquella que las controlase, buena controladora ser\u00e1&#8230;<\/a><br \/>\n<\/strong><\/h6>\n<\/td>\n<td>&nbsp;<\/p>\n<p><img loading=\"lazy\" decoding=\"async\" class=\"alignnone wp-image-1057\" src=\"https:\/\/eventos.cmm.uchile.cl\/womaths2023\/wp-content\/uploads\/sites\/162\/2023\/04\/WEB_PROFES-4-copia-300x300.png\" alt=\"\" width=\"258\" height=\"258\" srcset=\"https:\/\/eventos.cmm.uchile.cl\/womaths2023\/wp-content\/uploads\/sites\/162\/2023\/04\/WEB_PROFES-4-copia-300x300.png 300w, https:\/\/eventos.cmm.uchile.cl\/womaths2023\/wp-content\/uploads\/sites\/162\/2023\/04\/WEB_PROFES-4-copia-1024x1024.png 1024w, https:\/\/eventos.cmm.uchile.cl\/womaths2023\/wp-content\/uploads\/sites\/162\/2023\/04\/WEB_PROFES-4-copia-150x150.png 150w, https:\/\/eventos.cmm.uchile.cl\/womaths2023\/wp-content\/uploads\/sites\/162\/2023\/04\/WEB_PROFES-4-copia-768x768.png 768w, https:\/\/eventos.cmm.uchile.cl\/womaths2023\/wp-content\/uploads\/sites\/162\/2023\/04\/WEB_PROFES-4-copia-1536x1536.png 1536w, https:\/\/eventos.cmm.uchile.cl\/womaths2023\/wp-content\/uploads\/sites\/162\/2023\/04\/WEB_PROFES-4-copia.png 2000w\" sizes=\"auto, (max-width: 258px) 100vw, 258px\" \/><\/td>\n<\/tr>\n<\/tbody>\n<\/table>\n<p>&nbsp;<\/p>\n","protected":false},"excerpt":{"rendered":"<p>El congreso contar\u00e1 con la presencia de 6 invitadas internacionales y nacionales, las cuales hablar\u00e1n de su investigaci\u00f3n en la modalidad de plenaria. Las \u00e1reas abarcadas comprenden An\u00e1lisis Num\u00e9rico,\u00a0 Geometr\u00eda Algebraica, Geometr\u00eda y Topolog\u00eda, Ecuaciones Diferenciales, Optimizaci\u00f3n y Teor\u00eda de Control de Ecuaciones Diferenciales Parciales. &nbsp; &nbsp; Carolina Urz\u00faa Torres Delft Institute of applied Mathermatics &hellip; <a href=\"https:\/\/eventos.cmm.uchile.cl\/womaths2023\/invitadas\/plenarias\/\" class=\"more-link\">Seguir leyendo <span class=\"screen-reader-text\">Plenarias<\/span> <span class=\"meta-nav\">&rarr;<\/span><\/a><\/p>\n","protected":false},"author":2,"featured_media":0,"parent":661,"menu_order":0,"comment_status":"closed","ping_status":"closed","template":"","meta":{"inline_featured_image":false,"footnotes":""},"class_list":["post-664","page","type-page","status-publish","hentry"],"_links":{"self":[{"href":"https:\/\/eventos.cmm.uchile.cl\/womaths2023\/wp-json\/wp\/v2\/pages\/664","targetHints":{"allow":["GET"]}}],"collection":[{"href":"https:\/\/eventos.cmm.uchile.cl\/womaths2023\/wp-json\/wp\/v2\/pages"}],"about":[{"href":"https:\/\/eventos.cmm.uchile.cl\/womaths2023\/wp-json\/wp\/v2\/types\/page"}],"author":[{"embeddable":true,"href":"https:\/\/eventos.cmm.uchile.cl\/womaths2023\/wp-json\/wp\/v2\/users\/2"}],"replies":[{"embeddable":true,"href":"https:\/\/eventos.cmm.uchile.cl\/womaths2023\/wp-json\/wp\/v2\/comments?post=664"}],"version-history":[{"count":51,"href":"https:\/\/eventos.cmm.uchile.cl\/womaths2023\/wp-json\/wp\/v2\/pages\/664\/revisions"}],"predecessor-version":[{"id":1250,"href":"https:\/\/eventos.cmm.uchile.cl\/womaths2023\/wp-json\/wp\/v2\/pages\/664\/revisions\/1250"}],"up":[{"embeddable":true,"href":"https:\/\/eventos.cmm.uchile.cl\/womaths2023\/wp-json\/wp\/v2\/pages\/661"}],"wp:attachment":[{"href":"https:\/\/eventos.cmm.uchile.cl\/womaths2023\/wp-json\/wp\/v2\/media?parent=664"}],"curies":[{"name":"wp","href":"https:\/\/api.w.org\/{rel}","templated":true}]}}