{"id":680,"date":"2023-03-30T23:07:27","date_gmt":"2023-03-31T02:07:27","guid":{"rendered":"https:\/\/eventos.cmm.uchile.cl\/womaths2023\/?page_id=680"},"modified":"2023-05-08T11:00:45","modified_gmt":"2023-05-08T15:00:45","slug":"charlas","status":"publish","type":"page","link":"https:\/\/eventos.cmm.uchile.cl\/womaths2023\/invitadas\/charlas\/","title":{"rendered":"Charlas"},"content":{"rendered":"<table style=\"height: 387px;\" width=\"603\">\n<tbody>\n<tr>\n<td><img loading=\"lazy\" decoding=\"async\" class=\"alignnone size-medium wp-image-1061\" src=\"https:\/\/eventos.cmm.uchile.cl\/womaths2023\/wp-content\/uploads\/sites\/162\/2023\/04\/WEB_PROFES-8-copia-300x300.png\" alt=\"\" width=\"300\" height=\"300\" srcset=\"https:\/\/eventos.cmm.uchile.cl\/womaths2023\/wp-content\/uploads\/sites\/162\/2023\/04\/WEB_PROFES-8-copia-300x300.png 300w, https:\/\/eventos.cmm.uchile.cl\/womaths2023\/wp-content\/uploads\/sites\/162\/2023\/04\/WEB_PROFES-8-copia-1024x1024.png 1024w, https:\/\/eventos.cmm.uchile.cl\/womaths2023\/wp-content\/uploads\/sites\/162\/2023\/04\/WEB_PROFES-8-copia-150x150.png 150w, https:\/\/eventos.cmm.uchile.cl\/womaths2023\/wp-content\/uploads\/sites\/162\/2023\/04\/WEB_PROFES-8-copia-768x768.png 768w, https:\/\/eventos.cmm.uchile.cl\/womaths2023\/wp-content\/uploads\/sites\/162\/2023\/04\/WEB_PROFES-8-copia-1536x1536.png 1536w, https:\/\/eventos.cmm.uchile.cl\/womaths2023\/wp-content\/uploads\/sites\/162\/2023\/04\/WEB_PROFES-8-copia.png 2000w\" sizes=\"auto, (max-width: 300px) 100vw, 300px\" \/><\/td>\n<td>\n<h5 style=\"text-align: center;\"><strong>Elizabeth Gasparim<br \/>\n<\/strong><a href=\"https:\/\/www.ucn.cl\/\"><strong>Universidad Cat\u00f3lica del Norte<\/strong><\/a><br \/>\nBrasil &#8211; Chile<\/h5>\n<p style=\"text-align: center;\">Sus intereses en investigaci\u00f3n matem\u00e1tica<br \/>\nabordan problemas derivados de<br \/>\n<strong>geometr\u00eda algebraica<\/strong>, geometr\u00eda simpl\u00e9ctica<br \/>\ny f\u00edsica matem\u00e1tica.<\/p>\n<p style=\"text-align: center;\"><a style=\"font-family: inherit; font-size: inherit;\" href=\"https:\/\/sites.google.com\/view\/elizabethgasparim#h.66lg9fi4ml2q\">P\u00e1gina Personal<\/a><\/p>\n<h6 style=\"text-align: center;\"><strong>Charla<\/strong><br \/>\n<a href=\"https:\/\/drive.google.com\/file\/d\/1xlank7ChlJEy9VZB52-xZU8zcC2BzcsF\/view?usp=sharing\"><strong>Teor\u00eda de Morse, Categor\u00eda de Fukaya y Deformaciones.<\/strong><\/a><\/h6>\n<p>&nbsp;<\/td>\n<\/tr>\n<\/tbody>\n<\/table>\n<table style=\"height: 387px;\" width=\"603\">\n<tbody>\n<tr>\n<td>\n<h5 style=\"text-align: center;\"><strong>Gloria Henr\u00edquez D\u00edaz<\/strong><br \/>\n<a href=\"https:\/\/www.cmm.uchile.cl\/\"><strong>Centro de Modelamiento<br \/>\nMatem\u00e1tico<\/strong><\/a><br \/>\nChile<\/h5>\n<p style=\"text-align: center;\">Trabaja en matem\u00e1ticas aplicadas con<br \/>\nparticular inter\u00e9s en <strong>inteligencia artificial<\/strong><br \/>\ny modelamiento matem\u00e1tico orientado a<br \/>\nla sistematizaci\u00f3n de procesos m\u00e9dicos y de la salud.<\/p>\n<p style=\"text-align: center;\"><a style=\"font-family: inherit; font-size: inherit;\" href=\"https:\/\/www.cmm.uchile.cl\/?cmm_people=gloria-henriquez\">P\u00e1gina Personal<\/a><\/p>\n<h6 style=\"text-align: center;\"><strong>Charla<\/strong><br \/>\n<strong><a href=\"https:\/\/drive.google.com\/file\/d\/1IuNAFM84CktxiPztad5LdojIL7y3Yk9v\/view?usp=sharing\">Matem\u00e1ticas y su relaci\u00f3n oculta con la medicina.<\/a><\/strong><\/h6>\n<\/td>\n<td><img loading=\"lazy\" decoding=\"async\" class=\"alignnone size-medium wp-image-1066\" src=\"https:\/\/eventos.cmm.uchile.cl\/womaths2023\/wp-content\/uploads\/sites\/162\/2023\/04\/WEB_PROFES-14-300x300.png\" alt=\"\" width=\"300\" height=\"300\" srcset=\"https:\/\/eventos.cmm.uchile.cl\/womaths2023\/wp-content\/uploads\/sites\/162\/2023\/04\/WEB_PROFES-14-300x300.png 300w, https:\/\/eventos.cmm.uchile.cl\/womaths2023\/wp-content\/uploads\/sites\/162\/2023\/04\/WEB_PROFES-14-1024x1024.png 1024w, https:\/\/eventos.cmm.uchile.cl\/womaths2023\/wp-content\/uploads\/sites\/162\/2023\/04\/WEB_PROFES-14-150x150.png 150w, https:\/\/eventos.cmm.uchile.cl\/womaths2023\/wp-content\/uploads\/sites\/162\/2023\/04\/WEB_PROFES-14-768x768.png 768w, https:\/\/eventos.cmm.uchile.cl\/womaths2023\/wp-content\/uploads\/sites\/162\/2023\/04\/WEB_PROFES-14-1536x1536.png 1536w, https:\/\/eventos.cmm.uchile.cl\/womaths2023\/wp-content\/uploads\/sites\/162\/2023\/04\/WEB_PROFES-14.png 2000w\" sizes=\"auto, (max-width: 300px) 100vw, 300px\" \/><\/td>\n<\/tr>\n<\/tbody>\n<\/table>\n<table style=\"height: 387px;\" width=\"603\">\n<tbody>\n<tr>\n<td><img loading=\"lazy\" decoding=\"async\" class=\"alignnone size-medium wp-image-1064\" src=\"https:\/\/eventos.cmm.uchile.cl\/womaths2023\/wp-content\/uploads\/sites\/162\/2023\/04\/WEB_PROFES-12-300x300.png\" alt=\"\" width=\"300\" height=\"300\" srcset=\"https:\/\/eventos.cmm.uchile.cl\/womaths2023\/wp-content\/uploads\/sites\/162\/2023\/04\/WEB_PROFES-12-300x300.png 300w, https:\/\/eventos.cmm.uchile.cl\/womaths2023\/wp-content\/uploads\/sites\/162\/2023\/04\/WEB_PROFES-12-1024x1024.png 1024w, https:\/\/eventos.cmm.uchile.cl\/womaths2023\/wp-content\/uploads\/sites\/162\/2023\/04\/WEB_PROFES-12-150x150.png 150w, https:\/\/eventos.cmm.uchile.cl\/womaths2023\/wp-content\/uploads\/sites\/162\/2023\/04\/WEB_PROFES-12-768x768.png 768w, https:\/\/eventos.cmm.uchile.cl\/womaths2023\/wp-content\/uploads\/sites\/162\/2023\/04\/WEB_PROFES-12-1536x1536.png 1536w, https:\/\/eventos.cmm.uchile.cl\/womaths2023\/wp-content\/uploads\/sites\/162\/2023\/04\/WEB_PROFES-12.png 2000w\" sizes=\"auto, (max-width: 300px) 100vw, 300px\" \/><\/td>\n<td>\n<h5 style=\"text-align: center;\"><strong>Anah\u00ed Gajardo Schulz<br \/>\n<\/strong><a href=\"https:\/\/www.udec.cl\/pexterno\/\"><strong>Universidad de Concepci\u00f3n<\/strong><\/a><br \/>\nChile<\/h5>\n<p style=\"text-align: center;\">Su l\u00ednea de investigaci\u00f3n se centra en<br \/>\nlas <strong>matem\u00e1ticas discretas,<\/strong> especialmente en<br \/>\nel estudio de sistemas din\u00e1micos discretos,<br \/>\ncalculabilidad, complejidad computacional,<br \/>\nbioinform\u00e1tica, redes complejas y hormiga de Langton.<span style=\"font-weight: 400;\"><br \/>\n<\/span><br \/>\n<a style=\"font-family: inherit; font-size: inherit;\" href=\"http:\/\/www2.udec.cl\/~angajardo\/\">P\u00e1gina Personal<\/a><\/p>\n<h6 style=\"text-align: center;\"><strong>Charla<\/strong><br \/>\n<a href=\"https:\/\/drive.google.com\/file\/d\/1dN94W6JWRMIYkKpf7g8hrQ_aaECmRzpM\/view?usp=sharing\"><strong>Buscando la pre-expansividad en aut\u00f3matas celulares de dimensi\u00f3n 2.<\/strong><\/a><\/h6>\n<p>&nbsp;<\/td>\n<\/tr>\n<\/tbody>\n<\/table>\n<table style=\"height: 387px;\" width=\"603\">\n<tbody>\n<tr>\n<td>\n<h5 style=\"text-align: center;\"><strong>Tamara D\u00edaz Chang<\/strong><br \/>\n<a href=\"https:\/\/www.uach.cl\/\"><strong>Universidad Austral de Chile<\/strong><\/a><br \/>\nCuba &#8211; Chile<\/h5>\n<p style=\"text-align: center;\">Sus intereses investigativos se enfocan<br \/>\nen el estudio de problemas relacionados<br \/>\ncon las <strong>matem\u00e1ticas aplicadas<\/strong> y la historia,<br \/>\nepistemolog\u00eda y <strong>did\u00e1ctica de las matem\u00e1ticas<\/strong>.<\/p>\n<p style=\"text-align: center;\"><a style=\"font-family: inherit; font-size: inherit;\" href=\"http:\/\/icfm.uach.cl\/personas\/tamara-diaz.php\">P\u00e1gina Personal<\/a><\/p>\n<h6 style=\"text-align: center;\"><strong>Charla<\/strong><br \/>\n<a href=\"https:\/\/drive.google.com\/file\/d\/15t1nKZlGeWI219YbboACWzqJsQMX_-K8\/view?usp=sharing\"><strong>Estudio de modelos inconscientes en el<\/strong><br \/>\n<strong>aprendizaje de conceptos matem\u00e1ticos usando la t\u00e9cnica del seguimiento ocular<\/strong>.<\/a><strong><br \/>\n<\/strong><\/h6>\n<\/td>\n<td><img loading=\"lazy\" decoding=\"async\" class=\"alignnone size-medium wp-image-1063\" src=\"https:\/\/eventos.cmm.uchile.cl\/womaths2023\/wp-content\/uploads\/sites\/162\/2023\/04\/WEB_PROFES-11-300x300.png\" alt=\"\" width=\"300\" height=\"300\" srcset=\"https:\/\/eventos.cmm.uchile.cl\/womaths2023\/wp-content\/uploads\/sites\/162\/2023\/04\/WEB_PROFES-11-300x300.png 300w, https:\/\/eventos.cmm.uchile.cl\/womaths2023\/wp-content\/uploads\/sites\/162\/2023\/04\/WEB_PROFES-11-1024x1024.png 1024w, https:\/\/eventos.cmm.uchile.cl\/womaths2023\/wp-content\/uploads\/sites\/162\/2023\/04\/WEB_PROFES-11-150x150.png 150w, https:\/\/eventos.cmm.uchile.cl\/womaths2023\/wp-content\/uploads\/sites\/162\/2023\/04\/WEB_PROFES-11-768x768.png 768w, https:\/\/eventos.cmm.uchile.cl\/womaths2023\/wp-content\/uploads\/sites\/162\/2023\/04\/WEB_PROFES-11-1536x1536.png 1536w, https:\/\/eventos.cmm.uchile.cl\/womaths2023\/wp-content\/uploads\/sites\/162\/2023\/04\/WEB_PROFES-11.png 2000w\" sizes=\"auto, (max-width: 300px) 100vw, 300px\" \/><\/td>\n<\/tr>\n<\/tbody>\n<\/table>\n<table style=\"height: 387px;\" width=\"603\">\n<tbody>\n<tr>\n<td style=\"text-align: center;\">&nbsp;<\/p>\n<p>&nbsp;<\/p>\n<p><img loading=\"lazy\" decoding=\"async\" class=\"alignnone wp-image-1065\" src=\"https:\/\/eventos.cmm.uchile.cl\/womaths2023\/wp-content\/uploads\/sites\/162\/2023\/04\/WEB_PROFES-13-300x300.png\" alt=\"\" width=\"411\" height=\"411\" srcset=\"https:\/\/eventos.cmm.uchile.cl\/womaths2023\/wp-content\/uploads\/sites\/162\/2023\/04\/WEB_PROFES-13-300x300.png 300w, https:\/\/eventos.cmm.uchile.cl\/womaths2023\/wp-content\/uploads\/sites\/162\/2023\/04\/WEB_PROFES-13-1024x1024.png 1024w, https:\/\/eventos.cmm.uchile.cl\/womaths2023\/wp-content\/uploads\/sites\/162\/2023\/04\/WEB_PROFES-13-150x150.png 150w, https:\/\/eventos.cmm.uchile.cl\/womaths2023\/wp-content\/uploads\/sites\/162\/2023\/04\/WEB_PROFES-13-768x768.png 768w, https:\/\/eventos.cmm.uchile.cl\/womaths2023\/wp-content\/uploads\/sites\/162\/2023\/04\/WEB_PROFES-13-1536x1536.png 1536w, https:\/\/eventos.cmm.uchile.cl\/womaths2023\/wp-content\/uploads\/sites\/162\/2023\/04\/WEB_PROFES-13.png 2000w\" sizes=\"auto, (max-width: 411px) 100vw, 411px\" \/><\/td>\n<td>\n<h5 style=\"text-align: center;\"><strong>Lorena Espinoza Salfate<br \/>\n<\/strong><a href=\"https:\/\/www.usach.cl\/\"><strong>Universidad de Santiago de Chile<\/strong><\/a><br \/>\nChile<\/h5>\n<p style=\"text-align: center;\">Su l\u00ednea de investigaci\u00f3n se centra en la <strong>did\u00e1ctica<\/strong><br \/>\n<strong> y educaci\u00f3n matem\u00e1tica<\/strong>, especialmente en<br \/>\nel estudio de problemas asociados a la ense\u00f1anza<br \/>\ny el aprendizaje de las matem\u00e1ticas en distintos niveles<br \/>\ny entornos escolares.<\/p>\n<p style=\"text-align: center;\"><a style=\"font-family: inherit; font-size: inherit;\" href=\"https:\/\/www.mem.dmcc.usach.cl\/cuerpo-de-profesores\/lorena-espinoza-salfate\/\">P\u00e1gina Personal<\/a><\/p>\n<h6 style=\"text-align: center;\"><strong>Charla<\/strong><br \/>\n<a href=\"https:\/\/drive.google.com\/file\/d\/1S4rJjMD918-HjQ9B2vUH6Mxzn-aEfQFR\/view?usp=sharing\"><strong>Problem\u00e1ticas en el aprendizaje y desarrollo de<br \/>\nhabilidades matem\u00e1ticas:<br \/>\nnecesidad de impulsar una pr\u00e1ctica con sentido y significado en las escuelas.<\/strong><\/a><\/h6>\n<p>&nbsp;<\/td>\n<\/tr>\n<\/tbody>\n<\/table>\n<table style=\"height: 387px;\" width=\"603\">\n<tbody>\n<tr>\n<td>\n<h5 style=\"text-align: center;\"><strong> Pilar Herreros Cort\u00e1zar<\/strong><br \/>\n<strong><a href=\"https:\/\/www.mat.uc.cl\/\">Pontificia Universidad Cat\u00f3lica<br \/>\nde Chile<\/a><\/strong><br \/>\n<strong>Chile<\/strong><\/h5>\n<p style=\"text-align: center;\"><span style=\"font-size: 16px;\">Su trabajo investigativo est\u00e1 orientado al<br \/>\nestudio de problemas provenientes de la<br \/>\ngeometr\u00eda Riemanniana, especialmente<br \/>\nproblemas de rigidez de frontera; as\u00ed como<br \/>\ntambi\u00e9n en ecuaciones diferenciales parciales<br \/>\ny sistemas din\u00e1micos.<\/span><\/p>\n<p style=\"text-align: center;\"><a style=\"font-family: inherit; font-size: inherit;\" href=\"https:\/\/www.mat.uc.cl\/personas\/perfil\/pherrero\"><span style=\"color: #141412;\">P\u00e1gina Personal<\/span><\/a><\/p>\n<h6 style=\"text-align: center;\"><span style=\"font-family: Source Sans Pro, Helvetica, sans-serif;\"><span style=\"font-weight: 400;\"><strong>Charla<\/strong><br \/>\n<a href=\"https:\/\/drive.google.com\/file\/d\/1Wa63wHSua1WO_TMKvBL0VdiycYxYAFYu\/view?usp=sharing\"><strong>Multiplicidad de soluciones v\u00eda cambios de magnitud<\/strong>.<\/a><\/span><\/span><\/h6>\n<\/td>\n<td><span style=\"font-size: 16px;\"><img loading=\"lazy\" decoding=\"async\" class=\"alignnone size-medium wp-image-1062\" src=\"https:\/\/eventos.cmm.uchile.cl\/womaths2023\/wp-content\/uploads\/sites\/162\/2023\/04\/WEB_PROFES-10-300x300.png\" alt=\"\" width=\"300\" height=\"300\" srcset=\"https:\/\/eventos.cmm.uchile.cl\/womaths2023\/wp-content\/uploads\/sites\/162\/2023\/04\/WEB_PROFES-10-300x300.png 300w, https:\/\/eventos.cmm.uchile.cl\/womaths2023\/wp-content\/uploads\/sites\/162\/2023\/04\/WEB_PROFES-10-1024x1024.png 1024w, https:\/\/eventos.cmm.uchile.cl\/womaths2023\/wp-content\/uploads\/sites\/162\/2023\/04\/WEB_PROFES-10-150x150.png 150w, https:\/\/eventos.cmm.uchile.cl\/womaths2023\/wp-content\/uploads\/sites\/162\/2023\/04\/WEB_PROFES-10-768x768.png 768w, https:\/\/eventos.cmm.uchile.cl\/womaths2023\/wp-content\/uploads\/sites\/162\/2023\/04\/WEB_PROFES-10-1536x1536.png 1536w, https:\/\/eventos.cmm.uchile.cl\/womaths2023\/wp-content\/uploads\/sites\/162\/2023\/04\/WEB_PROFES-10.png 2000w\" sizes=\"auto, (max-width: 300px) 100vw, 300px\" \/><\/span><\/td>\n<\/tr>\n<\/tbody>\n<\/table>\n","protected":false},"excerpt":{"rendered":"<p>Elizabeth Gasparim Universidad Cat\u00f3lica del Norte Brasil &#8211; Chile Sus intereses en investigaci\u00f3n matem\u00e1tica abordan problemas derivados de geometr\u00eda algebraica, geometr\u00eda simpl\u00e9ctica y f\u00edsica matem\u00e1tica. P\u00e1gina Personal Charla Teor\u00eda de Morse, Categor\u00eda de Fukaya y Deformaciones. &nbsp; Gloria Henr\u00edquez D\u00edaz Centro de Modelamiento Matem\u00e1tico Chile Trabaja en matem\u00e1ticas aplicadas con particular inter\u00e9s en inteligencia artificial &hellip; <a href=\"https:\/\/eventos.cmm.uchile.cl\/womaths2023\/invitadas\/charlas\/\" class=\"more-link\">Seguir leyendo <span class=\"screen-reader-text\">Charlas<\/span> <span class=\"meta-nav\">&rarr;<\/span><\/a><\/p>\n","protected":false},"author":2,"featured_media":0,"parent":661,"menu_order":2,"comment_status":"closed","ping_status":"closed","template":"","meta":{"inline_featured_image":false,"footnotes":""},"class_list":["post-680","page","type-page","status-publish","hentry"],"_links":{"self":[{"href":"https:\/\/eventos.cmm.uchile.cl\/womaths2023\/wp-json\/wp\/v2\/pages\/680","targetHints":{"allow":["GET"]}}],"collection":[{"href":"https:\/\/eventos.cmm.uchile.cl\/womaths2023\/wp-json\/wp\/v2\/pages"}],"about":[{"href":"https:\/\/eventos.cmm.uchile.cl\/womaths2023\/wp-json\/wp\/v2\/types\/page"}],"author":[{"embeddable":true,"href":"https:\/\/eventos.cmm.uchile.cl\/womaths2023\/wp-json\/wp\/v2\/users\/2"}],"replies":[{"embeddable":true,"href":"https:\/\/eventos.cmm.uchile.cl\/womaths2023\/wp-json\/wp\/v2\/comments?post=680"}],"version-history":[{"count":62,"href":"https:\/\/eventos.cmm.uchile.cl\/womaths2023\/wp-json\/wp\/v2\/pages\/680\/revisions"}],"predecessor-version":[{"id":1248,"href":"https:\/\/eventos.cmm.uchile.cl\/womaths2023\/wp-json\/wp\/v2\/pages\/680\/revisions\/1248"}],"up":[{"embeddable":true,"href":"https:\/\/eventos.cmm.uchile.cl\/womaths2023\/wp-json\/wp\/v2\/pages\/661"}],"wp:attachment":[{"href":"https:\/\/eventos.cmm.uchile.cl\/womaths2023\/wp-json\/wp\/v2\/media?parent=680"}],"curies":[{"name":"wp","href":"https:\/\/api.w.org\/{rel}","templated":true}]}}