{"id":684,"date":"2023-03-30T23:09:10","date_gmt":"2023-03-31T02:09:10","guid":{"rendered":"https:\/\/eventos.cmm.uchile.cl\/womaths2023\/?page_id=684"},"modified":"2023-04-29T12:54:05","modified_gmt":"2023-04-29T16:54:05","slug":"inscripcion","status":"publish","type":"page","link":"https:\/\/eventos.cmm.uchile.cl\/womaths2023\/inscripcion\/","title":{"rendered":"Inscripci\u00f3n"},"content":{"rendered":"<p>&nbsp;<\/p>\n<h2><strong>Participaci\u00f3n modalidad Asistentes<\/strong><\/h2>\n<p><strong>Convocatoria<\/strong><\/p>\n<p>La convocatoria para la asistencia al Congreso Mujeres Matem\u00e1ticas WoMaths est\u00e1 dirigida al estudiantado, acad\u00e9micos y acad\u00e9micas de \u00e1reas afines a las matem\u00e1ticas. En especial se extiende la invitaci\u00f3n al estudiantado de postgrado y de \u00faltimos a\u00f1os de pregrado de los programas de licenciatura en matem\u00e1ticas, pedagog\u00eda en matem\u00e1ticas, estad\u00edstica, ingenier\u00eda matem\u00e1tica, ciencia de datos y afines.<\/p>\n<p><strong>Fechas importantes:<\/strong><br \/>\nCierre inscripci\u00f3n: <del><b>Lunes 24 de abril 2023.<br \/>\n<\/b><\/del><del><b><\/b><\/del><strong>Se extiende la fecha de inscripci\u00f3n hasta el viernes 28 de abril.<\/strong><\/p>\n<p><b>La inscripci\u00f3n para asistentes es gratuita<\/b>, no obstante se requiere completar el siguiente formulario: <a href=\"http:\/\/Gracias por tu inter\u00e9s.\">Inscripci\u00f3n asistentes Congreso WoMaths 2023 (cerrada).<\/a><\/p>\n<p>&nbsp;<\/p>\n<h2><strong>Participaci\u00f3n modalidad Exposici\u00f3n\u00a0P\u00f3steres<\/strong><\/h2>\n<p><strong>Convocatoria<\/strong><\/p>\n<p>Hacemos la invitaci\u00f3n a participar en la modalidad de exposici\u00f3n de p\u00f3ster a estudiantes de programas de pregrado y postgrado asociados a las matem\u00e1ticas. Esto \u00faltimo con el prop\u00f3sito de visibilizar el trabajo de estas estudiantes, y que a su vez ellas reciban apoyo y retroalimentaci\u00f3n por parte de sus pares y de acad\u00e9micas que trabajan en temas relacionados.<\/p>\n<p><strong>Fechas importantes:<\/strong><br \/>\nInicio env\u00edo de res\u00famenes: <strong>Mi\u00e9rcoles 05 abril 2023.<\/strong><br \/>\nCierre env\u00edo resumen: <strong>Mi\u00e9rcoles 26\u00a0de abril 2023 (hasta las 14:00 hrs).<\/strong><\/p>\n<p>Link Postulaci\u00f3n: <a href=\"https:\/\/form.jotform.com\/231078427205048\">Postulaci\u00f3n para participaci\u00f3n en exposici\u00f3n de p\u00f3ster<\/a>. (leer bases).<\/p>\n<h3><strong>Bases de postulaci\u00f3n:<\/strong><\/h3>\n<p>El p\u00f3ster que la estudiante quiera presentar en el evento debe ser sobre alg\u00fan tema relacionado con uno o m\u00e1s de los siguientes ejes tem\u00e1ticos:<\/p>\n<ul>\n<li>\u00c1lgebra<\/li>\n<li>An\u00e1lisis<\/li>\n<li>Optimizaci\u00f3n<\/li>\n<li>Geometr\u00eda<\/li>\n<li>Did\u00e1ctica de las Matem\u00e1ticas<\/li>\n<li>Matem\u00e1ticas Discretas<\/li>\n<li>Ciencia de Datos<\/li>\n<li>Estad\u00edstica<\/li>\n<li>Modelamiento Matem\u00e1tico<\/li>\n<\/ul>\n<p>La exposici\u00f3n de los p\u00f3steres ser\u00e1 el d\u00eda <strong>viernes 12 de mayo de 2023<\/strong>, y tendr\u00e1 lugar en las instalaciones de la Facultad de Ciencias F\u00edsicas y Matem\u00e1ticas de la Universidad de Chile.<\/p>\n<p>Para postular a la participaci\u00f3n en modalidad de p\u00f3ster, es necesario<strong> enviar un resumen del contenido del p\u00f3ster<\/strong> en alguno de los siguientes formatos:<br \/>\n<strong>Latex:<\/strong> <a href=\"https:\/\/drive.google.com\/file\/d\/1706oR7qBBtpxUbfSj0Oei8yuDPGC4_cE\/view?usp=sharing\">Formato resumen p\u00f3ster 1<\/a><br \/>\n<strong>Word:<\/strong> <a href=\"https:\/\/docs.google.com\/document\/d\/1MF78A15nqjCGewvOJlO_xf3nDHLxU0mL68uYLTwWf_Y\/edit?usp=sharing\">Formato resumen p\u00f3ster 2<\/a><\/p>\n<p>Proceso de Selecci\u00f3n:<\/p>\n<ul>\n<li><strong>Acuso de recibo: <\/strong>Una vez que la estudiante envi\u00e9 el resumen de su p\u00f3ster, recibir\u00e1 un correo por parte del comit\u00e9 organizador del evento en el que se acusa el recibido del resumen.<\/li>\n<li><strong>Revisi\u00f3n y Selecci\u00f3n:<\/strong> Cada resumen ser\u00e1 remitido para su evaluaci\u00f3n a las acad\u00e9micas del Comit\u00e9 Cient\u00edfico del Congreso, las cuales evaluar\u00e1n los trabajos basados en criterios que sean vinculantes al nivel de formaci\u00f3n de la postulante.<\/li>\n<li><strong>Aceptaci\u00f3n:<\/strong> El Comit\u00e9 Organizador notificar\u00e1 por correo electr\u00f3nico y a trav\u00e9s de la p\u00e1gina web\u00a0los resultados de los p\u00f3steres seleccionados.<\/li>\n<\/ul>\n<p>El comit\u00e9 organizador del congreso se encargar\u00e1 de imprimir un total de 10 p\u00f3steres. Para acceder al beneficio de impresi\u00f3n de p\u00f3ster posterior a la aceptaci\u00f3n del mismo, requerimos que las estudiantes tengan en cuenta los siguientes criterios acerca del formato de su p\u00f3ster:<\/p>\n<ul>\n<li>El p\u00f3ster debe tener las siguientes dimensiones: formato A0, de 84 cm de ancho y 118 cm de alto.<\/li>\n<li>Se debe incluir el logo del congreso. Este logo se enviar\u00e1 en el correo de notificaci\u00f3n de aceptaci\u00f3n del resumen.<\/li>\n<li>Las im\u00e1genes incluidas deben tener una resoluci\u00f3n mayor o igual a 300 ppp.<\/li>\n<li>El p\u00f3ster se debe enviar en formato PDF y archivo editable.<\/li>\n<li><strong>Fecha cierre de recepci\u00f3n de p\u00f3ster para impresi\u00f3n<\/strong>: martes 2 de mayo 2023.<\/li>\n<\/ul>\n<p>&nbsp;<\/p>\n","protected":false},"excerpt":{"rendered":"<p>&nbsp; Participaci\u00f3n modalidad Asistentes Convocatoria La convocatoria para la asistencia al Congreso Mujeres Matem\u00e1ticas WoMaths est\u00e1 dirigida al estudiantado, acad\u00e9micos y acad\u00e9micas de \u00e1reas afines a las matem\u00e1ticas. En especial se extiende la invitaci\u00f3n al estudiantado de postgrado y de \u00faltimos a\u00f1os de pregrado de los programas de licenciatura en matem\u00e1ticas, pedagog\u00eda en matem\u00e1ticas, estad\u00edstica, &hellip; <a href=\"https:\/\/eventos.cmm.uchile.cl\/womaths2023\/inscripcion\/\" class=\"more-link\">Seguir leyendo <span class=\"screen-reader-text\">Inscripci\u00f3n<\/span> <span class=\"meta-nav\">&rarr;<\/span><\/a><\/p>\n","protected":false},"author":2,"featured_media":0,"parent":0,"menu_order":4,"comment_status":"closed","ping_status":"closed","template":"","meta":{"inline_featured_image":false,"footnotes":""},"class_list":["post-684","page","type-page","status-publish","hentry"],"_links":{"self":[{"href":"https:\/\/eventos.cmm.uchile.cl\/womaths2023\/wp-json\/wp\/v2\/pages\/684","targetHints":{"allow":["GET"]}}],"collection":[{"href":"https:\/\/eventos.cmm.uchile.cl\/womaths2023\/wp-json\/wp\/v2\/pages"}],"about":[{"href":"https:\/\/eventos.cmm.uchile.cl\/womaths2023\/wp-json\/wp\/v2\/types\/page"}],"author":[{"embeddable":true,"href":"https:\/\/eventos.cmm.uchile.cl\/womaths2023\/wp-json\/wp\/v2\/users\/2"}],"replies":[{"embeddable":true,"href":"https:\/\/eventos.cmm.uchile.cl\/womaths2023\/wp-json\/wp\/v2\/comments?post=684"}],"version-history":[{"count":36,"href":"https:\/\/eventos.cmm.uchile.cl\/womaths2023\/wp-json\/wp\/v2\/pages\/684\/revisions"}],"predecessor-version":[{"id":1190,"href":"https:\/\/eventos.cmm.uchile.cl\/womaths2023\/wp-json\/wp\/v2\/pages\/684\/revisions\/1190"}],"wp:attachment":[{"href":"https:\/\/eventos.cmm.uchile.cl\/womaths2023\/wp-json\/wp\/v2\/media?parent=684"}],"curies":[{"name":"wp","href":"https:\/\/api.w.org\/{rel}","templated":true}]}}