{"id":12,"date":"2014-11-14T17:43:43","date_gmt":"2014-11-14T17:43:43","guid":{"rendered":"http:\/\/eventos.cmm.uchile.cl\/xivescuelapostgrado\/?page_id=12"},"modified":"2014-11-14T14:16:31","modified_gmt":"2014-11-14T18:16:31","slug":"ubicacion","status":"publish","type":"page","link":"https:\/\/eventos.cmm.uchile.cl\/xivescuelapostgrado\/ubicacion\/","title":{"rendered":"Ubicaci\u00f3n"},"content":{"rendered":"<h3>C\u00f3mo llegar al curso<\/h3>\n<p>Aqu\u00ed encontrar\u00e1n c\u00f3mo llegar a la <a title=\"Rese\u00f1a hist\u00f3rica FCFM\" href=\"http:\/\/ingenieria.uchile.cl\/su_historia\">Facultad de Ciencias F\u00edsicas y Matem\u00e1ticas<\/a> de la Universidad de Chile (que incluye el edificio de la m\u00e1s antigua Escuela de Ingenier\u00eda del pa\u00eds, fundada en 1853), del cual el <a title=\"CMM - Centro de Modelamiento Matem\u00e1tico\" href=\"http:\/\/www.cmm.uchile.cl\/\">CMM \u2013 Centro de Modelamiento Matem\u00e1tico<\/a> y el\u00a0<a title=\"Departamento de Ingenier\u00eda Matem\u00e1tica\" href=\"http:\/\/www.dim.uchile.cl\/\">Departamento de Ingenier\u00eda Matem\u00e1tica<\/a> son parte.<\/p>\n<p>Para llegar, pueden hacerlo mediante metro (Metro de Santiago: <a title=\"Plano de red Metro\" href=\"http:\/\/eventos.cmm.uchile.cl\/escuelaprimavera2013\/wp-content\/uploads\/sites\/2\/2013\/09\/2012-plano-metro-red.pdf\">plano del Metro<\/a>). Se recomienda tomar la L\u00ednea 1 hasta la estaci\u00f3n \u201cLos H\u00e9roes\u201d y combinar con la L\u00ednea 2 hasta la estaci\u00f3n \u201cToesca\u201d. Desde la estaci\u00f3n \u201cToesca\u201d a la Facultad es un trayecto de cerca de 10 minutos caminando (<a href=\"http:\/\/eventos.cmm.uchile.cl\/escuelaprimavera2013\/wp-content\/uploads\/sites\/2\/2013\/09\/uchile_cmm-dim_mapa_ubicacion01.pdf\">ver mapa descargable<\/a>).<\/p>\n<p>La direcci\u00f3n del Departamento de Ingenier\u00eda Matem\u00e1tica y el CMM es Avenida Beauchef 851, edificio norte, 5\u00ba piso (DIM) y 7\u00ba piso (CMM).<\/p>\n<p>Para cualquier consulta, pueden contactar a:<\/p>\n<p>Silvia Mariano, Secretaria de la Escuela<br \/>\nE-mail: escuela@dim.uchile.cl, Telefono: 56 &#8211; 22 978 4440<\/p>\n<p><a name=\"mapa\"><\/a><br \/>\n\n<!-- iframe plugin v.6.0 wordpress.org\/plugins\/iframe\/ -->\n<iframe loading=\"lazy\" src=\"https:\/\/mapsengine.google.com\/map\/u\/0\/embed?mid=zA4P8gjYU9Ww.kifNb90j55pE\" height=\"425\" width=\"100%\" frameborder=\"0\" marginwidth=\"0\" marginheight=\"0\" scrolling=\"no\" class=\"iframe-class\"><\/iframe>\n\n<small>Ver el <a style=\"text-align: left\" href=\"https:\/\/www.google.com\/maps\/d\/edit?mid=zA4P8gjYU9Ww.kifNb90j55pE\">CMM<\/a> en un mapa m\u00e1s amplio<\/small><\/p>\n","protected":false},"excerpt":{"rendered":"<p>C\u00f3mo llegar al curso Aqu\u00ed encontrar\u00e1n c\u00f3mo llegar a la Facultad de Ciencias F\u00edsicas y Matem\u00e1ticas de la Universidad de Chile (que incluye el edificio de la m\u00e1s antigua Escuela de Ingenier\u00eda del pa\u00eds, fundada en 1853), del cual el CMM \u2013 Centro de Modelamiento Matem\u00e1tico y el\u00a0Departamento de Ingenier\u00eda Matem\u00e1tica son parte. Para llegar, &hellip; <a href=\"https:\/\/eventos.cmm.uchile.cl\/xivescuelapostgrado\/ubicacion\/\" class=\"more-link\">Seguir leyendo <span class=\"screen-reader-text\">Ubicaci\u00f3n<\/span> <span class=\"meta-nav\">&rarr;<\/span><\/a><\/p>\n","protected":false},"author":14,"featured_media":0,"parent":0,"menu_order":0,"comment_status":"closed","ping_status":"closed","template":"","meta":{"inline_featured_image":false,"footnotes":""},"class_list":["post-12","page","type-page","status-publish","hentry"],"_links":{"self":[{"href":"https:\/\/eventos.cmm.uchile.cl\/xivescuelapostgrado\/wp-json\/wp\/v2\/pages\/12","targetHints":{"allow":["GET"]}}],"collection":[{"href":"https:\/\/eventos.cmm.uchile.cl\/xivescuelapostgrado\/wp-json\/wp\/v2\/pages"}],"about":[{"href":"https:\/\/eventos.cmm.uchile.cl\/xivescuelapostgrado\/wp-json\/wp\/v2\/types\/page"}],"author":[{"embeddable":true,"href":"https:\/\/eventos.cmm.uchile.cl\/xivescuelapostgrado\/wp-json\/wp\/v2\/users\/14"}],"replies":[{"embeddable":true,"href":"https:\/\/eventos.cmm.uchile.cl\/xivescuelapostgrado\/wp-json\/wp\/v2\/comments?post=12"}],"version-history":[{"count":2,"href":"https:\/\/eventos.cmm.uchile.cl\/xivescuelapostgrado\/wp-json\/wp\/v2\/pages\/12\/revisions"}],"predecessor-version":[{"id":13,"href":"https:\/\/eventos.cmm.uchile.cl\/xivescuelapostgrado\/wp-json\/wp\/v2\/pages\/12\/revisions\/13"}],"wp:attachment":[{"href":"https:\/\/eventos.cmm.uchile.cl\/xivescuelapostgrado\/wp-json\/wp\/v2\/media?parent=12"}],"curies":[{"name":"wp","href":"https:\/\/api.w.org\/{rel}","templated":true}]}}