{"id":4,"date":"2014-11-14T17:42:07","date_gmt":"2014-11-14T17:42:07","guid":{"rendered":"http:\/\/eventos.cmm.uchile.cl\/xivescuelapostgrado\/?page_id=4"},"modified":"2014-11-21T16:01:33","modified_gmt":"2014-11-21T20:01:33","slug":"xiv-escuela-de-postgrado","status":"publish","type":"page","link":"https:\/\/eventos.cmm.uchile.cl\/xivescuelapostgrado\/","title":{"rendered":"XIV Escuela de Postgrado"},"content":{"rendered":"<p><span style=\"color: #303030\"><a href=\"http:\/\/eventos.cmm.uchile.cl\/xivescuelapostgrado\/wp-content\/uploads\/sites\/18\/2014\/11\/xiv_escuela_postgrado_poster03.jpg\"><img loading=\"lazy\" decoding=\"async\" class=\"alignright size-full wp-image-38\" src=\"http:\/\/eventos.cmm.uchile.cl\/xivescuelapostgrado\/wp-content\/uploads\/sites\/18\/2014\/11\/xiv_escuela_postgrado_poster03th.jpg\" alt=\"xiv_escuela_postgrado_poster03th\" width=\"288\" height=\"445\" srcset=\"https:\/\/eventos.cmm.uchile.cl\/xivescuelapostgrado\/wp-content\/uploads\/sites\/18\/2014\/11\/xiv_escuela_postgrado_poster03th.jpg 288w, https:\/\/eventos.cmm.uchile.cl\/xivescuelapostgrado\/wp-content\/uploads\/sites\/18\/2014\/11\/xiv_escuela_postgrado_poster03th-194x300.jpg 194w\" sizes=\"auto, (max-width: 288px) 100vw, 288px\" \/><\/a>El\u00a0<\/span><a style=\"color: #bc360a\" title=\"Departamento de Ingenier\u00eda Matem\u00e1tica\" href=\"http:\/\/www.dim.uchile.cl\/\">Departamento de Ingenier\u00eda Matem\u00e1tica (DIM)<\/a><span style=\"color: #303030\">\u00a0y el\u00a0<\/span><a style=\"color: #bc360a\" title=\"Centro de Modelamiento Matem\u00e1tico\" href=\"http:\/\/www.cmm.uchile.cl\/\">Centro de Modelamiento Matem\u00e1tico (CMM)<\/a><span style=\"color: #303030\">\u00a0de la\u00a0<\/span><a style=\"color: #bc360a\" title=\"Facultad de Ciencias F\u00edsicas y Matem\u00e1ticas\" href=\"http:\/\/ingenieria.uchile.cl\/\">Facultad de Ciencias F\u00edsicas y Matem\u00e1ticas<\/a><span style=\"color: #303030\">,\u00a0<\/span><a style=\"color: #bc360a\" title=\"Universidad de Chile\" href=\"http:\/\/www.uchile.cl\/\">Universidad de Chile<\/a><span style=\"color: #303030\">, organizan su XIV\u00a0Escuela de Postgrado.<\/span><\/p>\n<p>Esta escuela est\u00e1 orientada a estudiantes de los \u00faltimos cursos de licenciatura y mag\u00edster de universidades latinoamericanas. Su objetivo es crear un espacio de discusi\u00f3n y aprendizaje de las diferentes disciplinas de la matem\u00e1tica relacionadas con nuestro quehacer. Simult\u00e1neamente, la escuela pretende dar a conocer los Programas de Mag\u00edster en Matem\u00e1ticas Aplicadas y de Doctorado en Modelaci\u00f3n Matem\u00e1tica impartido en nuestro departamento.<\/p>\n<p>La escuela consistir\u00e1 de cursos cortos y charlas de diferentes acad\u00e9micos del Departamento de Ingenier\u00eda Matem\u00e1tica en los siguientes temas:<\/p>\n<p>Matem\u00e1ticas Discretas<br \/>\nMec\u00e1nica Matem\u00e1tica y Problemas Inversos<br \/>\nAn\u00e1lisis No-lineal<br \/>\nOptimizaci\u00f3n y Equilibrio<br \/>\nInformaci\u00f3n, Aleatoriedad y Modelos Estoc\u00e1sticos<\/p>\n<p>Los postulantes deben enviar un curr\u00edculum vitae completo, dos\u00a0cartas de recomendaci\u00f3n (<a title=\"descargar documento\" href=\"http:\/\/eventos.cmm.uchile.cl\/escuelaprimavera2014\/wp-content\/uploads\/sites\/16\/2014\/11\/carta_rec_escuelapostgrado.docx\">descargar documento<\/a>), una carta de motivaci\u00f3n o intereses, un certificado de notas, y fotocopia de pasaporte o de c\u00e9dula de Identidad a :<\/p>\n<p><strong>Silvia Mariano<\/strong><br \/>\n<strong>Secretar\u00eda XIV Escuela de Postgrado<\/strong><br \/>\nDepartamento de Ingenier\u00eda Matem\u00e1tica, Universidad de Chile<br \/>\nescuela@dim.uchile.cl<\/p>\n<p>La fecha l\u00edmite de recepci\u00f3n de postulaciones es el d\u00eda\u00a015<strong>\u00a0de diciembre de 2014<\/strong>.<\/p>\n","protected":false},"excerpt":{"rendered":"<p>El\u00a0Departamento de Ingenier\u00eda Matem\u00e1tica (DIM)\u00a0y el\u00a0Centro de Modelamiento Matem\u00e1tico (CMM)\u00a0de la\u00a0Facultad de Ciencias F\u00edsicas y Matem\u00e1ticas,\u00a0Universidad de Chile, organizan su XIV\u00a0Escuela de Postgrado. Esta escuela est\u00e1 orientada a estudiantes de los \u00faltimos cursos de licenciatura y mag\u00edster de universidades latinoamericanas. Su objetivo es crear un espacio de discusi\u00f3n y aprendizaje de las diferentes disciplinas de &hellip; <a href=\"https:\/\/eventos.cmm.uchile.cl\/xivescuelapostgrado\/\" class=\"more-link\">Seguir leyendo <span class=\"screen-reader-text\">XIV Escuela de Postgrado<\/span> <span class=\"meta-nav\">&rarr;<\/span><\/a><\/p>\n","protected":false},"author":14,"featured_media":0,"parent":0,"menu_order":0,"comment_status":"closed","ping_status":"closed","template":"","meta":{"inline_featured_image":false,"footnotes":""},"class_list":["post-4","page","type-page","status-publish","hentry"],"_links":{"self":[{"href":"https:\/\/eventos.cmm.uchile.cl\/xivescuelapostgrado\/wp-json\/wp\/v2\/pages\/4","targetHints":{"allow":["GET"]}}],"collection":[{"href":"https:\/\/eventos.cmm.uchile.cl\/xivescuelapostgrado\/wp-json\/wp\/v2\/pages"}],"about":[{"href":"https:\/\/eventos.cmm.uchile.cl\/xivescuelapostgrado\/wp-json\/wp\/v2\/types\/page"}],"author":[{"embeddable":true,"href":"https:\/\/eventos.cmm.uchile.cl\/xivescuelapostgrado\/wp-json\/wp\/v2\/users\/14"}],"replies":[{"embeddable":true,"href":"https:\/\/eventos.cmm.uchile.cl\/xivescuelapostgrado\/wp-json\/wp\/v2\/comments?post=4"}],"version-history":[{"count":5,"href":"https:\/\/eventos.cmm.uchile.cl\/xivescuelapostgrado\/wp-json\/wp\/v2\/pages\/4\/revisions"}],"predecessor-version":[{"id":39,"href":"https:\/\/eventos.cmm.uchile.cl\/xivescuelapostgrado\/wp-json\/wp\/v2\/pages\/4\/revisions\/39"}],"wp:attachment":[{"href":"https:\/\/eventos.cmm.uchile.cl\/xivescuelapostgrado\/wp-json\/wp\/v2\/media?parent=4"}],"curies":[{"name":"wp","href":"https:\/\/api.w.org\/{rel}","templated":true}]}}