{"id":6,"date":"2014-11-14T17:42:35","date_gmt":"2014-11-14T17:42:35","guid":{"rendered":"http:\/\/eventos.cmm.uchile.cl\/xivescuelapostgrado\/?page_id=6"},"modified":"2015-01-15T16:41:57","modified_gmt":"2015-01-15T20:41:57","slug":"programa","status":"publish","type":"page","link":"https:\/\/eventos.cmm.uchile.cl\/xivescuelapostgrado\/programa\/","title":{"rendered":"Programa"},"content":{"rendered":"<p><b class=\"\">SEMANA 1<\/b><\/p>\n<div class=\"\"><b class=\"\">Lunes 12<\/b><\/div>\n<div class=\"\"><\/div>\n<div class=\"\">9:00 &#8211; 10:30 \u00a0Desayuno<\/div>\n<div class=\"\">10:30-12:00 \u00a0Anal. Funcional<\/div>\n<div class=\"\">14:30-16:00 Teor. Erg\u00f3dica<\/div>\n<div class=\"\"><\/div>\n<div class=\"\"><b class=\"\">Martes 13<\/b><\/div>\n<div class=\"\"><\/div>\n<div class=\"\">10:00-11:30 \u00a0Anal. Funcional<\/div>\n<div class=\"\">11:45-13:15 Teor. Erg\u00f3dica<\/div>\n<div class=\"\">14:30-16:00 \u00a0Charla C.Conca<\/div>\n<div class=\"\"><\/div>\n<div class=\"\"><b class=\"\">Mi\u00e9rcoles\u00a014<\/b><\/div>\n<div class=\"\"><\/div>\n<div class=\"\">11:00-12:00 Charla C. Bertoglio<\/div>\n<div class=\"\">14:30-16:00 Anal. Funcional (Auxiliar)<\/div>\n<div class=\"\"><\/div>\n<div class=\"\"><b class=\"\">Jueves 15<\/b><\/div>\n<div class=\"\"><\/div>\n<div class=\"\">\n<div class=\"\">10:00-11:30 \u00a0Anal. Funcional<\/div>\n<div class=\"\">14:30-16:00 Teor. Erg\u00f3dica<\/div>\n<div class=\"\"><\/div>\n<div class=\"\"><b class=\"\">Viernes 16<\/b><\/div>\n<div class=\"\"><\/div>\n<div class=\"\">15:00-16:00 Proc. Im\u00e1genes<\/div>\n<div class=\"\">16:00 &#8211; 17:00 Charla H\u00e9ctor Ram\u00edrez<\/div>\n<\/div>\n<div class=\"\"><\/div>\n<div class=\"\"><\/div>\n<div class=\"\"><\/div>\n<div class=\"\">\n<div class=\"\"><b class=\"\">SEMANA 2<\/b><\/div>\n<div class=\"\"><\/div>\n<div class=\"\"><b class=\"\">Lunes 19<\/b><\/div>\n<div class=\"\"><\/div>\n<div class=\"\">10:00-11:30 \u00a0Anal. Funcional<\/div>\n<div class=\"\">11:45-13:00 Charla Programa de Doctorado<\/div>\n<div class=\"\">14:30-16:00 Charla C. Mu\u00f1oz<\/div>\n<div class=\"\"><\/div>\n<div class=\"\"><b class=\"\">Martes 20<\/b><\/div>\n<div class=\"\"><\/div>\n<div class=\"\">10:00-11:30 \u00a0Anal. Funcional<\/div>\n<div class=\"\">14:30-16:00 \u00a0proc. Im\u00e1genes<\/div>\n<div class=\"\"><\/div>\n<div class=\"\"><b class=\"\">Mi\u00e9rcoles 21<\/b><\/div>\n<div class=\"\"><\/div>\n<div class=\"\">10:00-11:30 Proc. Im\u00e1genes<\/div>\n<div class=\"\">14:30-16:00 Anal. Funcional (Auxiliar)<\/div>\n<div class=\"\"><\/div>\n<div class=\"\"><b class=\"\">Jueves 22<\/b><\/div>\n<div class=\"\"><\/div>\n<div class=\"\">\n<div class=\"\">10:00-13:00 \u00a0Examen Anal. Funcional<\/div>\n<div class=\"\">14:30-16:00 Entrevistas<\/div>\n<div class=\"\"><\/div>\n<div class=\"\"><b class=\"\">Viernes 23<\/b><\/div>\n<div class=\"\"><\/div>\n<div class=\"\">10:00-13:00 \u00a0Entrevistas<\/div>\n<div class=\"\"><\/div>\n<div class=\"\"><\/div>\n<div class=\"\">\n<p>&nbsp;<\/p>\n<h3>Curso\u00a0principal (6 sesiones):<\/h3>\n<p><strong>Introducci\u00f3n al An\u00e1lisis Funcional<\/strong><br \/>\n<a href=\"http:\/\/www.cmm.uchile.cl\/?cmm_people=michal-kowalczyk\">Michal Kowalczyk<\/a><\/p>\n<h3>Mini-cursos (3 sesiones):<\/h3>\n<p><strong>Una Breve Introducci\u00f3n a la\u00a0Teor\u00eda Erg\u00f3dica<\/strong><br \/>\n<a href=\"http:\/\/www.cmm.uchile.cl\/?cmm_people=michael-schraudner\">Michael Schraudner<\/a><\/p>\n<p><strong>Introducci\u00f3n al Procesamiento de Im\u00e1genes<\/strong><br \/>\n<a href=\"http:\/\/www.cmm.uchile.cl\/?cmm_people=jaime-ortega\">Jaime Ortega<\/a><\/p>\n<div class=\"\"><\/div>\n<\/div>\n<\/div>\n<\/div>\n","protected":false},"excerpt":{"rendered":"<p>SEMANA 1 Lunes 12 9:00 &#8211; 10:30 \u00a0Desayuno 10:30-12:00 \u00a0Anal. Funcional 14:30-16:00 Teor. Erg\u00f3dica Martes 13 10:00-11:30 \u00a0Anal. Funcional 11:45-13:15 Teor. Erg\u00f3dica 14:30-16:00 \u00a0Charla C.Conca Mi\u00e9rcoles\u00a014 11:00-12:00 Charla C. Bertoglio 14:30-16:00 Anal. Funcional (Auxiliar) Jueves 15 10:00-11:30 \u00a0Anal. Funcional 14:30-16:00 Teor. Erg\u00f3dica Viernes 16 15:00-16:00 Proc. Im\u00e1genes 16:00 &#8211; 17:00 Charla H\u00e9ctor Ram\u00edrez SEMANA 2 &hellip; <a href=\"https:\/\/eventos.cmm.uchile.cl\/xivescuelapostgrado\/programa\/\" class=\"more-link\">Seguir leyendo <span class=\"screen-reader-text\">Programa<\/span> <span class=\"meta-nav\">&rarr;<\/span><\/a><\/p>\n","protected":false},"author":14,"featured_media":0,"parent":0,"menu_order":0,"comment_status":"closed","ping_status":"closed","template":"","meta":{"inline_featured_image":false,"footnotes":""},"class_list":["post-6","page","type-page","status-publish","hentry"],"_links":{"self":[{"href":"https:\/\/eventos.cmm.uchile.cl\/xivescuelapostgrado\/wp-json\/wp\/v2\/pages\/6","targetHints":{"allow":["GET"]}}],"collection":[{"href":"https:\/\/eventos.cmm.uchile.cl\/xivescuelapostgrado\/wp-json\/wp\/v2\/pages"}],"about":[{"href":"https:\/\/eventos.cmm.uchile.cl\/xivescuelapostgrado\/wp-json\/wp\/v2\/types\/page"}],"author":[{"embeddable":true,"href":"https:\/\/eventos.cmm.uchile.cl\/xivescuelapostgrado\/wp-json\/wp\/v2\/users\/14"}],"replies":[{"embeddable":true,"href":"https:\/\/eventos.cmm.uchile.cl\/xivescuelapostgrado\/wp-json\/wp\/v2\/comments?post=6"}],"version-history":[{"count":8,"href":"https:\/\/eventos.cmm.uchile.cl\/xivescuelapostgrado\/wp-json\/wp\/v2\/pages\/6\/revisions"}],"predecessor-version":[{"id":51,"href":"https:\/\/eventos.cmm.uchile.cl\/xivescuelapostgrado\/wp-json\/wp\/v2\/pages\/6\/revisions\/51"}],"wp:attachment":[{"href":"https:\/\/eventos.cmm.uchile.cl\/xivescuelapostgrado\/wp-json\/wp\/v2\/media?parent=6"}],"curies":[{"name":"wp","href":"https:\/\/api.w.org\/{rel}","templated":true}]}}