{"id":8,"date":"2014-11-14T17:42:55","date_gmt":"2014-11-14T17:42:55","guid":{"rendered":"http:\/\/eventos.cmm.uchile.cl\/xivescuelapostgrado\/?page_id=8"},"modified":"2014-11-14T14:21:24","modified_gmt":"2014-11-14T18:21:24","slug":"becas","status":"publish","type":"page","link":"https:\/\/eventos.cmm.uchile.cl\/xivescuelapostgrado\/becas\/","title":{"rendered":"Becas"},"content":{"rendered":"<p>La escuela\u00a0cuenta con un n\u00famero limitado de becas para gastos de traslado y estad\u00eda. Se ruega indicar al momento de la postulaci\u00f3n si se requiere alg\u00fan tipo de financiamiento y si \u00e9ste es parcial o total.<\/p>\n<p>Los resultados ser\u00e1n publicados en esta p\u00e1gina.<\/p>\n","protected":false},"excerpt":{"rendered":"<p>La escuela\u00a0cuenta con un n\u00famero limitado de becas para gastos de traslado y estad\u00eda. Se ruega indicar al momento de la postulaci\u00f3n si se requiere alg\u00fan tipo de financiamiento y si \u00e9ste es parcial o total. Los resultados ser\u00e1n publicados en esta p\u00e1gina.<\/p>\n","protected":false},"author":14,"featured_media":0,"parent":0,"menu_order":0,"comment_status":"closed","ping_status":"closed","template":"","meta":{"inline_featured_image":false,"footnotes":""},"class_list":["post-8","page","type-page","status-publish","hentry"],"_links":{"self":[{"href":"https:\/\/eventos.cmm.uchile.cl\/xivescuelapostgrado\/wp-json\/wp\/v2\/pages\/8","targetHints":{"allow":["GET"]}}],"collection":[{"href":"https:\/\/eventos.cmm.uchile.cl\/xivescuelapostgrado\/wp-json\/wp\/v2\/pages"}],"about":[{"href":"https:\/\/eventos.cmm.uchile.cl\/xivescuelapostgrado\/wp-json\/wp\/v2\/types\/page"}],"author":[{"embeddable":true,"href":"https:\/\/eventos.cmm.uchile.cl\/xivescuelapostgrado\/wp-json\/wp\/v2\/users\/14"}],"replies":[{"embeddable":true,"href":"https:\/\/eventos.cmm.uchile.cl\/xivescuelapostgrado\/wp-json\/wp\/v2\/comments?post=8"}],"version-history":[{"count":2,"href":"https:\/\/eventos.cmm.uchile.cl\/xivescuelapostgrado\/wp-json\/wp\/v2\/pages\/8\/revisions"}],"predecessor-version":[{"id":9,"href":"https:\/\/eventos.cmm.uchile.cl\/xivescuelapostgrado\/wp-json\/wp\/v2\/pages\/8\/revisions\/9"}],"wp:attachment":[{"href":"https:\/\/eventos.cmm.uchile.cl\/xivescuelapostgrado\/wp-json\/wp\/v2\/media?parent=8"}],"curies":[{"name":"wp","href":"https:\/\/api.w.org\/{rel}","templated":true}]}}