{"id":25,"date":"2020-06-15T15:21:47","date_gmt":"2020-06-15T15:21:47","guid":{"rendered":"http:\/\/eventos.cmm.uchile.cl\/2wcovid19\/?page_id=25"},"modified":"2020-06-16T12:25:38","modified_gmt":"2020-06-16T16:25:38","slug":"programa","status":"publish","type":"page","link":"https:\/\/eventos.cmm.uchile.cl\/2wcovid19\/programa\/","title":{"rendered":"Programa"},"content":{"rendered":"<p class=\"p1\"><span class=\"s1\"><a href=\"http:\/\/eventos.cmm.uchile.cl\/2wcovid19\/wp-content\/uploads\/sites\/95\/2020\/06\/PROGRAMA_2doWebinar_Modelos_COVID_Chile.pdf\" class=\"su-button su-button-style-default\" style=\"color:#FFFFFF;background-color:#C1272D;border-color:#9b2024;border-radius:5px\" target=\"_self\"><span style=\"color:#FFFFFF;padding:6px 16px;font-size:13px;line-height:20px;border-color:#d4686c;border-radius:5px;text-shadow:none\"><i class=\"sui sui-file-pdf-o\" style=\"font-size:13px;color:#FFFFFF\"><\/i> Descargar el programa completo<\/span><\/a><\/span><\/p>\n<h2 class=\"p1\"><span class=\"s1\">Bloque 1: Jueves 18 de junio 2020 (9:00 &#8211; 11:00) <\/span><\/h2>\n<p class=\"p1\"><span class=\"s2\"><b>Modera: <\/b>Pedro Gajardo, Universidad T\u00e9cnica Federico Santa Mar\u00eda<\/span><\/p>\n<table class=\"t1\" cellspacing=\"0\" cellpadding=\"0\">\n<tbody>\n<tr>\n<td class=\"td1\" valign=\"top\">\n<p class=\"p3\"><span class=\"s2\"><b>Horario<\/b><\/span><\/p>\n<\/td>\n<td class=\"td2\" valign=\"top\">\n<p class=\"p3\"><span class=\"s2\"><b>Apertura<\/b><\/span><\/p>\n<\/td>\n<\/tr>\n<tr>\n<td class=\"td3\" valign=\"top\">\n<p class=\"p4\"><span class=\"s2\"><b>9:00 &#8211; 9:30<\/b><\/span><\/p>\n<\/td>\n<td class=\"td4\" valign=\"top\">\n<p class=\"p4\"><span class=\"s2\"><b>Pablo Marquet<\/b> (P. Universidad Cat\u00f3lica): Coordinador Mesa Interdisciplina Mesa Social COVID-19<\/span><\/p>\n<p class=\"p4\"><span class=\"s2\"><b>Alejandro Jofr\u00e9<\/b>: Prorrector Universidad de Chile<\/span><\/p>\n<p class=\"p4\"><span class=\"s2\"><b>Pedro Bouchon<\/b>: Vicerrector de Investigaci\u00f3n P. Universidad Cat\u00f3lica<\/span><\/p>\n<\/td>\n<\/tr>\n<\/tbody>\n<\/table>\n<p>&nbsp;<\/p>\n<table class=\"t1\" style=\"height: 427px;\" width=\"593\" cellspacing=\"0\" cellpadding=\"0\">\n<tbody>\n<tr>\n<td class=\"td5\" valign=\"top\">\n<p class=\"p3\"><span class=\"s2\"><b>Horario<\/b><\/span><\/p>\n<\/td>\n<td class=\"td6\" valign=\"top\">\n<p class=\"p3\"><span class=\"s2\"><b>Presentadores<\/b><\/span><\/p>\n<\/td>\n<td class=\"td7\" valign=\"top\">\n<p class=\"p3\"><span class=\"s2\"><b>T\u00edtulo de la presentaci\u00f3n<\/b><\/span><\/p>\n<\/td>\n<\/tr>\n<tr>\n<td class=\"td8\" valign=\"top\">\n<p class=\"p4\"><span class=\"s2\"><b>9:30 &#8211; 10:00<\/b><\/span><\/p>\n<\/td>\n<td class=\"td9\" valign=\"top\">\n<p class=\"p4\"><span class=\"s2\"><b>Mauricio Lima<\/b><br \/>\n<\/span><span class=\"s2\">P. Universidad Cat\u00f3lica<\/span><\/p>\n<\/td>\n<td class=\"td10\" valign=\"top\">\n<p class=\"p6\"><a href=\"http:\/\/eventos.cmm.uchile.cl\/2wcovid19\/resumenes\/#lima\"><span class=\"s2\">Din\u00e1mica de la transmisi\u00f3n de COVID-19 en Chile y la respuesta a las medidas de mitigaci\u00f3n<\/span><\/a><\/p>\n<\/td>\n<\/tr>\n<tr>\n<td class=\"td11\" valign=\"top\">\n<p class=\"p4\"><span class=\"s2\"><b>10:00 &#8211; 10:30<\/b><\/span><\/p>\n<\/td>\n<td class=\"td12\" valign=\"top\">\n<p class=\"p4\"><span class=\"s2\"><b>Tom\u00e1s P\u00e9rez-Acle<br \/>\n<\/b>Fundaci\u00f3n Ciencia &amp; Vida<\/span><\/p>\n<\/td>\n<td class=\"td13\" valign=\"top\">\n<p class=\"p6\"><a href=\"http:\/\/eventos.cmm.uchile.cl\/2wcovid19\/resumenes\/#perez-acle\"><span class=\"s2\">Proyecci\u00f3n del impacto de la pandemia de COVID-19 en Chile a trav\u00e9s de un modelo SEIRHUDB<\/span><\/a><\/p>\n<\/td>\n<\/tr>\n<tr>\n<td class=\"td11\" valign=\"top\">\n<p class=\"p4\"><span class=\"s2\"><b>10:30 &#8211; 11:00<\/b><\/span><\/p>\n<\/td>\n<td class=\"td12\" valign=\"top\">\n<p class=\"p4\"><span class=\"s2\"><b>Fernando C\u00f3rdova-Lepe<br \/>\n<\/b>Universidad Cat\u00f3lica del Maule<br \/>\n<\/span><\/p>\n<\/td>\n<td class=\"td13\" valign=\"top\">\n<p class=\"p6\"><a href=\"http:\/\/eventos.cmm.uchile.cl\/2wcovid19\/resumenes\/#cordova\">Sobre indicadores, aplanamiento e indentificabilidad<\/a><\/p>\n<\/td>\n<\/tr>\n<\/tbody>\n<\/table>\n<h2 class=\"p1\"><span class=\"s1\">Bloque 2: Jueves 18 de junio 2020 (11:00 &#8211; 13:00) <\/span><\/h2>\n<p class=\"p1\"><span class=\"s2\"><b>Modera: <\/b>Mauricio Lima, Pontificia Universidad Cat\u00f3lica de Chile<\/span><\/p>\n<table class=\"t1\" cellspacing=\"0\" cellpadding=\"0\">\n<tbody>\n<tr>\n<td class=\"td14\" valign=\"top\">\n<p class=\"p3\"><span class=\"s2\"><b>Horario<\/b><\/span><\/p>\n<\/td>\n<td class=\"td15\" valign=\"top\">\n<p class=\"p3\"><span class=\"s2\"><b>Presentadores<\/b><\/span><\/p>\n<\/td>\n<td class=\"td16\" valign=\"top\">\n<p class=\"p3\"><span class=\"s2\"><b>T\u00edtulo de la presentaci\u00f3n<\/b><\/span><\/p>\n<\/td>\n<\/tr>\n<tr>\n<td class=\"td17\" valign=\"top\">\n<p class=\"p4\"><span class=\"s2\"><b>11:00 &#8211; 11:30<\/b><\/span><\/p>\n<\/td>\n<td class=\"td18\" valign=\"top\">\n<p class=\"p4\"><span class=\"s2\"><b>Andr\u00e9s Navas<br \/>\n<\/b>Universidad de Santiago<\/span><\/p>\n<\/td>\n<td class=\"td19\" valign=\"top\">\n<p class=\"p6\"><a href=\"http:\/\/eventos.cmm.uchile.cl\/2wcovid19\/resumenes\/#navas\"><span class=\"s2\">Modelos con din\u00e1mica de casos no reportados: propiedades estructurales generales<\/span><\/a><\/p>\n<\/td>\n<\/tr>\n<tr>\n<td class=\"td17\" valign=\"top\">\n<p class=\"p4\"><span class=\"s2\"><b>11:30 &#8211; 12:00<\/b><\/span><\/p>\n<\/td>\n<td class=\"td18\" valign=\"top\">\n<p class=\"p4\"><span class=\"s2\"><b>Juan Carlos Maureira<br \/>\n<\/b>Universidad de Chile<\/span><\/p>\n<\/td>\n<td class=\"td19\" valign=\"top\">\n<p class=\"p6\"><a href=\"http:\/\/eventos.cmm.uchile.cl\/2wcovid19\/resumenes\/#maureira\"><span class=\"s2\">Modelo epidemiol\u00f3gico basado en Agentes<\/span><\/a><\/p>\n<\/td>\n<\/tr>\n<tr>\n<td class=\"td20\" valign=\"top\">\n<p class=\"p4\"><span class=\"s2\"><b>12:00 &#8211; 12:30<\/b><\/span><\/p>\n<\/td>\n<td class=\"td21\" valign=\"top\">\n<p class=\"p4\"><span class=\"s2\"><b>Marcelo Olivares<br \/>\n<\/b>Universidad de Chile<\/span><\/p>\n<\/td>\n<td class=\"td22\" valign=\"top\">\n<p class=\"p6\"><a href=\"http:\/\/eventos.cmm.uchile.cl\/2wcovid19\/resumenes\/#olivares\"><span class=\"s2\">A microsimulation model to evaluate mitigation strategies in the Covid-19 pandemic<\/span><\/a><\/p>\n<\/td>\n<\/tr>\n<tr>\n<td class=\"td20\" valign=\"top\">\n<p class=\"p4\"><span class=\"s2\"><b>12:30 &#8211; 13:00<\/b><\/span><\/p>\n<\/td>\n<td class=\"td21\" valign=\"top\">\n<p class=\"p4\"><span class=\"s2\"><b>Gonzalo Mena<br \/>\n<\/b>Harvard University<br \/>\n<\/span><\/p>\n<\/td>\n<td class=\"td22\" valign=\"top\">\n<p class=\"p6\"><a href=\"http:\/\/eventos.cmm.uchile.cl\/2wcovid19\/resumenes\/#mena\"><span class=\"s2\">\u00bfSe puede estimar cu\u00e1ntos casos realmente activos hay?<\/span><\/a><\/p>\n<\/td>\n<\/tr>\n<\/tbody>\n<\/table>\n<h2 class=\"p1\"><span class=\"s1\">Bloque 3: Viernes 19 de junio 2020 (9:00 &#8211; 10:30) <\/span><\/h2>\n<p class=\"p1\"><span class=\"s2\"><b>Modera: <\/b>Eduardo Undurraga, Pontificia Universidad Cat\u00f3lica de Chile<\/span><\/p>\n<table class=\"t1\" cellspacing=\"0\" cellpadding=\"0\">\n<tbody>\n<tr>\n<td class=\"td23\" valign=\"top\">\n<p class=\"p3\"><span class=\"s2\"><b>Horario<\/b><\/span><\/p>\n<\/td>\n<td class=\"td24\" valign=\"top\">\n<p class=\"p3\"><span class=\"s2\"><b>Presentadores<\/b><\/span><\/p>\n<\/td>\n<td class=\"td25\" valign=\"top\">\n<p class=\"p3\"><span class=\"s2\"><b>T\u00edtulo de la presentaci\u00f3n<\/b><\/span><\/p>\n<\/td>\n<\/tr>\n<tr>\n<td class=\"td26\" valign=\"top\">\n<p class=\"p4\"><span class=\"s2\"><b>9:00 &#8211; 9:30<\/b><\/span><\/p>\n<\/td>\n<td class=\"td27\" valign=\"top\">\n<p class=\"p4\"><span class=\"s2\"><b>Julio Benavides<br \/>\n<\/b><\/span><span class=\"s2\">Universidad Andr\u00e9s Bello<\/span><\/p>\n<\/td>\n<td class=\"td28\" valign=\"top\">\n<p class=\"p6\"><a href=\"http:\/\/eventos.cmm.uchile.cl\/2wcovid19\/resumenes\/#benavides\"><span class=\"s2\">Efecto de las medidas de cuarentena en la epidemia de COVID en la Regi\u00f3n Metropolitana<\/span><\/a><\/p>\n<\/td>\n<\/tr>\n<tr>\n<td class=\"td29\" valign=\"top\">\n<p class=\"p4\"><span class=\"s2\"><b>9:30 &#8211; 10:00<\/b><\/span><\/p>\n<\/td>\n<td class=\"td30\" valign=\"top\">\n<p class=\"p4\"><span class=\"s2\"><b>Guillermo Cabrera<br \/>\n<\/b><\/span><span class=\"s2\">Universidad de Concepci\u00f3n<\/span><\/p>\n<\/td>\n<td class=\"td31\" valign=\"top\">\n<p class=\"p6\"><a href=\"http:\/\/eventos.cmm.uchile.cl\/2wcovid19\/resumenes\/#cabrera\"><span class=\"s2\">SEIR considerando escenarios y muestreo como apoyo a autoridades regionales: Biob\u00edo y \u00d1uble<\/span><\/a><\/p>\n<\/td>\n<\/tr>\n<tr>\n<td class=\"td26\" valign=\"top\">\n<p class=\"p4\"><span class=\"s2\"><b>10:00 &#8211; 10:30<\/b><\/span><\/p>\n<\/td>\n<td class=\"td27\" valign=\"top\">\n<p class=\"p4\"><span class=\"s2\"><b>H\u00e9ctor Ram\u00edrez<br \/>\n<\/b><\/span><span class=\"s2\">Universidad de Chile<\/span><\/p>\n<\/td>\n<td class=\"td28\" valign=\"top\">\n<p class=\"p6\"><a href=\"http:\/\/eventos.cmm.uchile.cl\/2wcovid19\/resumenes\/#ramirez\"><span class=\"s2\">Modelamiento y an\u00e1lisis de estrategias de mitigaci\u00f3n para el brote COVID-19 en Chile<\/span><\/a><\/p>\n<\/td>\n<\/tr>\n<\/tbody>\n<\/table>\n<h2 class=\"p1\"><span class=\"s1\">Bloque 4: Viernes 19 de junio 2020 (11:00 &#8211; 13:00) <\/span><\/h2>\n<p class=\"p1\"><span class=\"s2\"><b>Modera: <\/b>Fernando Mardones, Pontificia Universidad Cat\u00f3lica de Chile<\/span><\/p>\n<table class=\"t1\" cellspacing=\"0\" cellpadding=\"0\">\n<tbody>\n<tr>\n<td class=\"td32\" valign=\"top\">\n<p class=\"p3\"><span class=\"s2\"><b>Horario<\/b><\/span><\/p>\n<\/td>\n<td class=\"td33\" valign=\"top\">\n<p class=\"p3\"><span class=\"s2\"><b>Presentadores<\/b><\/span><\/p>\n<\/td>\n<td class=\"td34\" valign=\"top\">\n<p class=\"p3\"><span class=\"s2\"><b>T\u00edtulo de la presentaci\u00f3n<\/b><\/span><\/p>\n<\/td>\n<\/tr>\n<tr>\n<td class=\"td35\" valign=\"top\">\n<p class=\"p4\"><span class=\"s2\"><b>11:00 &#8211; 11:30<\/b><\/span><\/p>\n<\/td>\n<td class=\"td36\" valign=\"top\">\n<p class=\"p4\"><span class=\"s2\"><b>Gerard Olivar-Tost<br \/>\n<\/b><\/span><span class=\"s2\">Universidad de Ays\u00e9n<\/span><\/p>\n<\/td>\n<td class=\"td37\" valign=\"top\">\n<p class=\"p6\"><a href=\"http:\/\/eventos.cmm.uchile.cl\/2wcovid19\/resumenes\/#olivar-tost\"><span class=\"s2\">Primeros resultados sobre cierres parciales de espacios en Coyhaique frente a la pandemia<\/span><\/a><\/p>\n<\/td>\n<\/tr>\n<tr>\n<td class=\"td35\" valign=\"top\">\n<p class=\"p4\"><span class=\"s2\"><b>11:30 &#8211; 12:00<\/b><\/span><\/p>\n<\/td>\n<td class=\"td36\" valign=\"top\">\n<p class=\"p4\"><span class=\"s2\"><b>Gregorio Moreno<br \/>\n<\/b><\/span><span class=\"s2\">P. Universidad Cat\u00f3lica<\/span><\/p>\n<\/td>\n<td class=\"td37\" valign=\"top\">\n<p class=\"p6\"><a href=\"http:\/\/eventos.cmm.uchile.cl\/2wcovid19\/resumenes\/#moreno\"><span class=\"s2\">Covid-19: una mirada desde los modelos sencillos<\/span><\/a><\/p>\n<\/td>\n<\/tr>\n<tr>\n<td class=\"td38\" valign=\"top\">\n<p class=\"p4\"><span class=\"s2\"><b>12:00 &#8211; 12:30<\/b><\/span><\/p>\n<\/td>\n<td class=\"td39\" valign=\"top\">\n<p class=\"p4\"><span class=\"s2\"><b>Marcel Goic<br \/>\n<\/b><\/span><span class=\"s2\">Universidad de Chile<\/span><\/p>\n<\/td>\n<td class=\"td40\" valign=\"top\">\n<p class=\"p6\"><a href=\"http:\/\/eventos.cmm.uchile.cl\/2wcovid19\/resumenes\/#goic\"><span class=\"s2\">El Rol de la Movilidad en la propagaci\u00f3n de contagios del COVID-19 en la Regi\u00f3n Metropolitana<\/span><\/a><\/p>\n<\/td>\n<\/tr>\n<tr>\n<td class=\"td38\" valign=\"top\">\n<p class=\"p4\"><span class=\"s2\"><b>12:30 &#8211; 13:00<\/b><\/span><\/p>\n<\/td>\n<td class=\"td39\" valign=\"top\">\n<p class=\"p4\"><span class=\"s2\"><b>Mauricio Canals<br \/>\n<\/b><\/span><span class=\"s2\">Universidad de Chile<\/span><\/p>\n<\/td>\n<td class=\"td40\" valign=\"top\">\n<p class=\"p6\"><a href=\"http:\/\/eventos.cmm.uchile.cl\/2wcovid19\/resumenes\/#canals\"><span class=\"s2\">Modelo SEIR estoc\u00e1stico b\u00e1sico para COVID-19 en Chile<\/span><\/a><\/p>\n<\/td>\n<\/tr>\n<\/tbody>\n<\/table>\n<p class=\"p1\"><span class=\"s1\"><a href=\"http:\/\/eventos.cmm.uchile.cl\/2wcovid19\/wp-content\/uploads\/sites\/95\/2020\/06\/PROGRAMA_2doWebinar_Modelos_COVID_Chile.pdf\" class=\"su-button su-button-style-default\" style=\"color:#FFFFFF;background-color:#C1272D;border-color:#9b2024;border-radius:5px\" target=\"_self\"><span style=\"color:#FFFFFF;padding:6px 16px;font-size:13px;line-height:20px;border-color:#d4686c;border-radius:5px;text-shadow:none\"><i class=\"sui sui-file-pdf-o\" style=\"font-size:13px;color:#FFFFFF\"><\/i> Descargar el programa completo<\/span><\/a><\/span><\/p>\n","protected":false},"excerpt":{"rendered":"<p>Bloque 1: Jueves 18 de junio 2020 (9:00 &#8211; 11:00) Modera: Pedro Gajardo, Universidad T\u00e9cnica Federico Santa Mar\u00eda Horario Apertura 9:00 &#8211; 9:30 Pablo Marquet (P. Universidad Cat\u00f3lica): Coordinador Mesa Interdisciplina Mesa Social COVID-19 Alejandro Jofr\u00e9: Prorrector Universidad de Chile Pedro Bouchon: Vicerrector de Investigaci\u00f3n P. Universidad Cat\u00f3lica &nbsp; Horario Presentadores T\u00edtulo de la presentaci\u00f3n &hellip; <a href=\"https:\/\/eventos.cmm.uchile.cl\/2wcovid19\/programa\/\" class=\"more-link\">Seguir leyendo <span class=\"screen-reader-text\">Programa<\/span> <span class=\"meta-nav\">&rarr;<\/span><\/a><\/p>\n","protected":false},"author":2,"featured_media":0,"parent":0,"menu_order":1,"comment_status":"closed","ping_status":"closed","template":"","meta":{"inline_featured_image":false,"footnotes":""},"class_list":["post-25","page","type-page","status-publish","hentry"],"_links":{"self":[{"href":"https:\/\/eventos.cmm.uchile.cl\/2wcovid19\/wp-json\/wp\/v2\/pages\/25","targetHints":{"allow":["GET"]}}],"collection":[{"href":"https:\/\/eventos.cmm.uchile.cl\/2wcovid19\/wp-json\/wp\/v2\/pages"}],"about":[{"href":"https:\/\/eventos.cmm.uchile.cl\/2wcovid19\/wp-json\/wp\/v2\/types\/page"}],"author":[{"embeddable":true,"href":"https:\/\/eventos.cmm.uchile.cl\/2wcovid19\/wp-json\/wp\/v2\/users\/2"}],"replies":[{"embeddable":true,"href":"https:\/\/eventos.cmm.uchile.cl\/2wcovid19\/wp-json\/wp\/v2\/comments?post=25"}],"version-history":[{"count":20,"href":"https:\/\/eventos.cmm.uchile.cl\/2wcovid19\/wp-json\/wp\/v2\/pages\/25\/revisions"}],"predecessor-version":[{"id":95,"href":"https:\/\/eventos.cmm.uchile.cl\/2wcovid19\/wp-json\/wp\/v2\/pages\/25\/revisions\/95"}],"wp:attachment":[{"href":"https:\/\/eventos.cmm.uchile.cl\/2wcovid19\/wp-json\/wp\/v2\/media?parent=25"}],"curies":[{"name":"wp","href":"https:\/\/api.w.org\/{rel}","templated":true}]}}