{"id":97,"date":"2020-06-23T16:33:51","date_gmt":"2020-06-23T20:33:51","guid":{"rendered":"http:\/\/eventos.cmm.uchile.cl\/2wcovid19\/?page_id=97"},"modified":"2020-06-23T16:37:32","modified_gmt":"2020-06-23T20:37:32","slug":"grabaciones","status":"publish","type":"page","link":"https:\/\/eventos.cmm.uchile.cl\/2wcovid19\/grabaciones\/","title":{"rendered":"Grabaciones"},"content":{"rendered":"<h4><span class=\"s1\"><a href=\"http:\/\/eventos.cmm.uchile.cl\/2wcovid19\/wp-content\/uploads\/sites\/95\/2020\/06\/PROGRAMA_2doWebinar_Modelos_COVID_Chile.pdf\" class=\"su-button su-button-style-default\" style=\"color:#FFFFFF;background-color:#C1272D;border-color:#9b2024;border-radius:5px\" target=\"_self\"><span style=\"color:#FFFFFF;padding:6px 16px;font-size:13px;line-height:20px;border-color:#d4686c;border-radius:5px;text-shadow:none\"><i class=\"sui sui-file-pdf-o\" style=\"font-size:13px;color:#FFFFFF\"><\/i> Descargar el programa completo<\/span><\/a><\/span><\/h4>\n<h4><strong>D\u00eda 1: Jueves 18 de junio 2020 (bloques 1 y 2)<\/strong><\/h4>\n<p><iframe loading=\"lazy\" src=\"https:\/\/www.youtube.com\/embed\/eRy1FchlyVI\" width=\"560\" height=\"315\" frameborder=\"0\" allowfullscreen=\"allowfullscreen\"><\/iframe><\/p>\n<h6><a href=\"https:\/\/youtu.be\/eRy1FchlyVI\">Ver en Youtube con acceso directo a cada presentaci\u00f3n.<\/a><\/h6>\n<h4><\/h4>\n<h4><strong>D\u00eda 2: Viernes 19 de junio 2020 (bloques 3 y 4)<\/strong><\/h4>\n<p><iframe loading=\"lazy\" src=\"https:\/\/www.youtube.com\/embed\/8mhI59xOYHQ\" width=\"560\" height=\"315\" frameborder=\"0\" allowfullscreen=\"allowfullscreen\"><\/iframe><\/p>\n<h6><a href=\"https:\/\/youtu.be\/8mhI59xOYHQ\">Ver en Youtube con acceso directo a cada presentaci\u00f3n.<\/a><\/h6>\n","protected":false},"excerpt":{"rendered":"<p>D\u00eda 1: Jueves 18 de junio 2020 (bloques 1 y 2) Ver en Youtube con acceso directo a cada presentaci\u00f3n. D\u00eda 2: Viernes 19 de junio 2020 (bloques 3 y 4) Ver en Youtube con acceso directo a cada presentaci\u00f3n.<\/p>\n","protected":false},"author":74,"featured_media":0,"parent":0,"menu_order":4,"comment_status":"closed","ping_status":"closed","template":"","meta":{"inline_featured_image":false,"footnotes":""},"class_list":["post-97","page","type-page","status-publish","hentry"],"_links":{"self":[{"href":"https:\/\/eventos.cmm.uchile.cl\/2wcovid19\/wp-json\/wp\/v2\/pages\/97","targetHints":{"allow":["GET"]}}],"collection":[{"href":"https:\/\/eventos.cmm.uchile.cl\/2wcovid19\/wp-json\/wp\/v2\/pages"}],"about":[{"href":"https:\/\/eventos.cmm.uchile.cl\/2wcovid19\/wp-json\/wp\/v2\/types\/page"}],"author":[{"embeddable":true,"href":"https:\/\/eventos.cmm.uchile.cl\/2wcovid19\/wp-json\/wp\/v2\/users\/74"}],"replies":[{"embeddable":true,"href":"https:\/\/eventos.cmm.uchile.cl\/2wcovid19\/wp-json\/wp\/v2\/comments?post=97"}],"version-history":[{"count":11,"href":"https:\/\/eventos.cmm.uchile.cl\/2wcovid19\/wp-json\/wp\/v2\/pages\/97\/revisions"}],"predecessor-version":[{"id":108,"href":"https:\/\/eventos.cmm.uchile.cl\/2wcovid19\/wp-json\/wp\/v2\/pages\/97\/revisions\/108"}],"wp:attachment":[{"href":"https:\/\/eventos.cmm.uchile.cl\/2wcovid19\/wp-json\/wp\/v2\/media?parent=97"}],"curies":[{"name":"wp","href":"https:\/\/api.w.org\/{rel}","templated":true}]}}