{"id":15,"date":"2022-11-08T10:45:32","date_gmt":"2022-11-08T13:45:32","guid":{"rendered":"https:\/\/eventos.cmm.uchile.cl\/allaire2022\/?page_id=15"},"modified":"2025-09-15T13:56:05","modified_gmt":"2025-09-15T16:56:05","slug":"inicio","status":"publish","type":"page","link":"https:\/\/eventos.cmm.uchile.cl\/3simposioedpytn\/","title":{"rendered":"Simposio"},"content":{"rendered":"<p>La Universidad de Chile, en conjunto con la Universidad Austral de Chile y la Universidad de O&#8217;Higgins, en el marco del proyecto ANID Exploraci\u00f3n \u00abThe PDE approach in two number theoretical monster problems\u00bb, organizan el <strong>Tercer Simposio de Ecuaciones Diferenciales Parciales (EDP) y Teor\u00eda de N\u00fameros (TN)<\/strong>.<\/p>\n<p>El objetivo del simposio es reunir a acad\u00e9micos, investigadores y estudiantes, que se relacionan con t\u00f3picos que pueden estar en la frontera de EDP y TN, brindando una plataforma para el intercambio de ideas y el fomento de colaboraciones en investigaci\u00f3n.<\/p>\n<p>El simposio se llevar\u00e1 a cabo del 13 al 16 de octubre de 2025 en el Centro de Modelamiento Matem\u00e1tico, Facultad de Ciencias F\u00edsicas y Matem\u00e1ticas de la Universidad de Chile, ubicado en Beauchef 851 \u2013 Santiago, Edificio Norte \u2013 piso 7.<\/p>\n<div class=\"su-button-center\"><a href=\"https:\/\/eventos.cmm.uchile.cl\/3simposioedpytn\/registro\" class=\"su-button su-button-style-flat\" style=\"color:#FFFFFF;background-color:#27234F;border-color:#201c40;border-radius:9px\" target=\"_self\"><span style=\"color:#FFFFFF;padding:8px 24px;font-size:18px;line-height:27px;border-color:#686584;border-radius:9px;text-shadow:none\"><i class=\"sui sui-wpforms\" style=\"font-size:18px;color:#FFFFFF\"><\/i> Registrarme<\/span><\/a><\/div>\n<p>&nbsp;<\/p>\n<h3>Comit\u00e9 cient\u00edfico<\/h3>\n<ul>\n<li>Amalia Pizarro-Madariaga \u2013 Universidad de Valpara\u00edso<\/li>\n<li>Marco Bianchi \u2013 Universidad de San Sebasti\u00e1n<\/li>\n<li>Felipe Gon\u00e7alves \u2013 IMPA \/ University of Texas at Austin<\/li>\n<li>Felipe Poblete \u2013 Universidad Austral de Chile<\/li>\n<\/ul>\n<h3>Comit\u00e9 organizador<\/h3>\n<ul>\n<li>Claudio Mu\u00f1oz \u2013 Universidad de Chile<\/li>\n<li>Jessica Trespalacios \u2013 Universidad Austral de Chile<\/li>\n<li>Juan Carlos Pozo \u2013 Universidad de O&#8217;Higgins<\/li>\n<li>Mar\u00eda Eugenia Mart\u00ednez \u2013 Universidad de Chile<\/li>\n<li>Ricardo Freire \u2013 Universidad de Chile<\/li>\n<\/ul>\n<p>&nbsp;<\/p>\n<p><img loading=\"lazy\" decoding=\"async\" class=\"aligncenter size-full wp-image-205\" src=\"https:\/\/eventos.cmm.uchile.cl\/3simposioedpytn\/wp-content\/uploads\/sites\/218\/2025\/07\/3simposioedpytn_organizadores_02.png\" alt=\"\" width=\"1080\" height=\"134\" srcset=\"https:\/\/eventos.cmm.uchile.cl\/3simposioedpytn\/wp-content\/uploads\/sites\/218\/2025\/07\/3simposioedpytn_organizadores_02.png 1080w, https:\/\/eventos.cmm.uchile.cl\/3simposioedpytn\/wp-content\/uploads\/sites\/218\/2025\/07\/3simposioedpytn_organizadores_02-300x37.png 300w, https:\/\/eventos.cmm.uchile.cl\/3simposioedpytn\/wp-content\/uploads\/sites\/218\/2025\/07\/3simposioedpytn_organizadores_02-1024x127.png 1024w, https:\/\/eventos.cmm.uchile.cl\/3simposioedpytn\/wp-content\/uploads\/sites\/218\/2025\/07\/3simposioedpytn_organizadores_02-768x95.png 768w\" sizes=\"auto, (max-width: 1080px) 100vw, 1080px\" \/><\/p>\n","protected":false},"excerpt":{"rendered":"<p>La Universidad de Chile, en conjunto con la Universidad Austral de Chile y la Universidad de O&#8217;Higgins, en el marco del proyecto ANID Exploraci\u00f3n \u00abThe PDE approach in two number theoretical monster problems\u00bb, organizan el Tercer Simposio de Ecuaciones Diferenciales Parciales (EDP) y Teor\u00eda de N\u00fameros (TN). El objetivo del simposio es reunir a acad\u00e9micos, &hellip; <a href=\"https:\/\/eventos.cmm.uchile.cl\/3simposioedpytn\/\" class=\"more-link\">Seguir leyendo <span class=\"screen-reader-text\">Simposio<\/span> <span class=\"meta-nav\">&rarr;<\/span><\/a><\/p>\n","protected":false},"author":2,"featured_media":0,"parent":0,"menu_order":0,"comment_status":"closed","ping_status":"closed","template":"","meta":{"inline_featured_image":false,"footnotes":""},"class_list":["post-15","page","type-page","status-publish","hentry"],"_links":{"self":[{"href":"https:\/\/eventos.cmm.uchile.cl\/3simposioedpytn\/wp-json\/wp\/v2\/pages\/15","targetHints":{"allow":["GET"]}}],"collection":[{"href":"https:\/\/eventos.cmm.uchile.cl\/3simposioedpytn\/wp-json\/wp\/v2\/pages"}],"about":[{"href":"https:\/\/eventos.cmm.uchile.cl\/3simposioedpytn\/wp-json\/wp\/v2\/types\/page"}],"author":[{"embeddable":true,"href":"https:\/\/eventos.cmm.uchile.cl\/3simposioedpytn\/wp-json\/wp\/v2\/users\/2"}],"replies":[{"embeddable":true,"href":"https:\/\/eventos.cmm.uchile.cl\/3simposioedpytn\/wp-json\/wp\/v2\/comments?post=15"}],"version-history":[{"count":38,"href":"https:\/\/eventos.cmm.uchile.cl\/3simposioedpytn\/wp-json\/wp\/v2\/pages\/15\/revisions"}],"predecessor-version":[{"id":310,"href":"https:\/\/eventos.cmm.uchile.cl\/3simposioedpytn\/wp-json\/wp\/v2\/pages\/15\/revisions\/310"}],"wp:attachment":[{"href":"https:\/\/eventos.cmm.uchile.cl\/3simposioedpytn\/wp-json\/wp\/v2\/media?parent=15"}],"curies":[{"name":"wp","href":"https:\/\/api.w.org\/{rel}","templated":true}]}}