{"id":18,"date":"2022-11-08T11:28:27","date_gmt":"2022-11-08T14:28:27","guid":{"rendered":"https:\/\/eventos.cmm.uchile.cl\/allaire2022\/?page_id=18"},"modified":"2025-06-24T15:37:42","modified_gmt":"2025-06-24T19:37:42","slug":"acerca","status":"publish","type":"page","link":"https:\/\/eventos.cmm.uchile.cl\/3simposioedpytn\/acerca\/","title":{"rendered":"Acerca de los Simposios"},"content":{"rendered":"<p>La serie de <strong>Simposios sobre Ecuaciones Diferenciales Parciales (EDP) y Teor\u00eda de N\u00fameros (TN)<\/strong> nace en 2023 como un espacio interdisciplinar que busca fomentar el di\u00e1logo y la colaboraci\u00f3n entre investigadores en estas dos \u00e1reas fundamentales de la matem\u00e1tica. Organizados inicialmente por la Universidad Austral de Chile y la Universidad de Chile, con el apoyo del proyecto ANID Exploraci\u00f3n <em>\u201cThe PDE approach in two number theoretical monster problems\u201d<\/em>, estos encuentros se han consolidado como una plataforma para explorar nuevas conexiones y promover redes de investigaci\u00f3n en la regi\u00f3n.<\/p>\n<p>Cada edici\u00f3n ha reunido a acad\u00e9micos, investigadoras e investigadores j\u00f3venes, as\u00ed como estudiantes, en torno a charlas, cursillos y actividades cient\u00edficas que abordan problem\u00e1ticas en la frontera entre las EDP y la TN, tales como las conexiones entre EDPs y los enigmas no resueltos de la funci\u00f3n zeta de Riemann y la conjetura de Collatz.<\/p>\n<p>La tercera edici\u00f3n se realiza en el Centro de Modelamiento Matem\u00e1tico de la Universidad de Chile, entre el 13 y el 16 de octubre de 2025, y cuenta por primera vez con la Universidad de O\u2019Higgins como instituci\u00f3n coorganizadora.<\/p>\n<p>Para m\u00e1s informaci\u00f3n sobre las versiones anteriores:<\/p>\n<ul>\n<li><a href=\"https:\/\/sites.google.com\/view\/1ersimposio-edp-tn\/\" target=\"_blank\" rel=\"noopener\">1er Simposio (Valdivia, julio 2023)<\/a><\/li>\n<li><a href=\"https:\/\/sites.google.com\/view\/2simposioedpytn\/\" target=\"_blank\" rel=\"noopener\">2\u00b0 Simposio (Valdivia, octubre 2024)<\/a><\/li>\n<\/ul>\n<p><a href=\"https:\/\/eventos.cmm.uchile.cl\/3simposioedpytn\/registro\/\">Reg\u00edstrese<\/a> para participar en el 3er Simposio.<\/p>\n<div class=\"su-divider su-divider-style-default\" style=\"margin:20px 0;border-width:2px;border-color:#27234F\"><a href=\"#\" style=\"color:#999999\">Volver arriba ^<\/a><\/div>\n<div id=\"gtx-trans\" style=\"position: absolute;left: 266px;top: 725.391px\">\n<div class=\"gtx-trans-icon\"><\/div>\n<div><\/div>\n<\/div>\n","protected":false},"excerpt":{"rendered":"<p>La serie de Simposios sobre Ecuaciones Diferenciales Parciales (EDP) y Teor\u00eda de N\u00fameros (TN) nace en 2023 como un espacio interdisciplinar que busca fomentar el di\u00e1logo y la colaboraci\u00f3n entre investigadores en estas dos \u00e1reas fundamentales de la matem\u00e1tica. Organizados inicialmente por la Universidad Austral de Chile y la Universidad de Chile, con el apoyo &hellip; <a href=\"https:\/\/eventos.cmm.uchile.cl\/3simposioedpytn\/acerca\/\" class=\"more-link\">Seguir leyendo <span class=\"screen-reader-text\">Acerca de los Simposios<\/span> <span class=\"meta-nav\">&rarr;<\/span><\/a><\/p>\n","protected":false},"author":2,"featured_media":0,"parent":0,"menu_order":1,"comment_status":"closed","ping_status":"closed","template":"","meta":{"inline_featured_image":false,"footnotes":""},"class_list":["post-18","page","type-page","status-publish","hentry"],"_links":{"self":[{"href":"https:\/\/eventos.cmm.uchile.cl\/3simposioedpytn\/wp-json\/wp\/v2\/pages\/18","targetHints":{"allow":["GET"]}}],"collection":[{"href":"https:\/\/eventos.cmm.uchile.cl\/3simposioedpytn\/wp-json\/wp\/v2\/pages"}],"about":[{"href":"https:\/\/eventos.cmm.uchile.cl\/3simposioedpytn\/wp-json\/wp\/v2\/types\/page"}],"author":[{"embeddable":true,"href":"https:\/\/eventos.cmm.uchile.cl\/3simposioedpytn\/wp-json\/wp\/v2\/users\/2"}],"replies":[{"embeddable":true,"href":"https:\/\/eventos.cmm.uchile.cl\/3simposioedpytn\/wp-json\/wp\/v2\/comments?post=18"}],"version-history":[{"count":21,"href":"https:\/\/eventos.cmm.uchile.cl\/3simposioedpytn\/wp-json\/wp\/v2\/pages\/18\/revisions"}],"predecessor-version":[{"id":201,"href":"https:\/\/eventos.cmm.uchile.cl\/3simposioedpytn\/wp-json\/wp\/v2\/pages\/18\/revisions\/201"}],"wp:attachment":[{"href":"https:\/\/eventos.cmm.uchile.cl\/3simposioedpytn\/wp-json\/wp\/v2\/media?parent=18"}],"curies":[{"name":"wp","href":"https:\/\/api.w.org\/{rel}","templated":true}]}}