{"id":25,"date":"2020-06-15T15:21:47","date_gmt":"2020-06-15T15:21:47","guid":{"rendered":"http:\/\/eventos.cmm.uchile.cl\/2wcovid19\/?page_id=25"},"modified":"2020-09-13T18:32:37","modified_gmt":"2020-09-13T21:32:37","slug":"programa","status":"publish","type":"page","link":"https:\/\/eventos.cmm.uchile.cl\/3wcovid19\/programa\/","title":{"rendered":"Programa"},"content":{"rendered":"<div class=\"su-button-center\"><a href=\"https:\/\/eventos.cmm.uchile.cl\/3wcovid19\/wp-content\/uploads\/sites\/101\/2020\/09\/PROGRAMA_3erWebinar_Modelos_COVID_Chile-3.pdf\" class=\"su-button su-button-style-default\" style=\"color:#FFFFFF;background-color:#C1272D;border-color:#9b2024;border-radius:5px\" target=\"_self\"><span style=\"color:#FFFFFF;padding:6px 16px;font-size:13px;line-height:20px;border-color:#d4686c;border-radius:5px;text-shadow:none\"><i class=\"sui sui-file-pdf-o\" style=\"font-size:13px;color:#FFFFFF\"><\/i> Descargar el programa completo<\/span><\/a><\/div>\n<div class=\"su-divider su-divider-style-default\" style=\"margin:15px 0;border-width:3px;border-color:#d4686c\"><\/div>\n<h2>Apertura: Lunes 14 de septiembre 2020 (09:00 &#8211; 09:30)<\/h2>\n<p><strong>Modera: <\/strong>Pedro Gajardo, Universidad T\u00e9cnica Federico Santa Mar\u00eda<\/p>\n<table cellspacing=\"0\" cellpadding=\"0\">\n<tbody>\n<tr>\n<td valign=\"top\"><strong>Horario<\/strong><\/td>\n<td valign=\"top\"><strong>Apertura<\/strong><\/td>\n<\/tr>\n<tr>\n<td valign=\"top\"><strong>9:00 &#8211; 9:30<\/strong><\/td>\n<td valign=\"top\"><strong>Pablo Marquet<\/strong> (P. Universidad Cat\u00f3lica): Coordinador Mesa Interdisciplina Mesa Social COVID-19<\/p>\n<p><strong>Ximena Aguilera<\/strong>: Directora Centro de Epidemiolog\u00eda y Pol\u00edticas de Salud, Universidad del Desarrollo, Integrante Consejo Asesor COVID-19<\/p>\n<p><strong>Rafael Araos<\/strong>: Jefe Departamento de Epidemiolog\u00eda, Ministerio de Salud<\/td>\n<\/tr>\n<\/tbody>\n<\/table>\n<div class=\"su-divider su-divider-style-default\" style=\"margin:15px 0;border-width:3px;border-color:#d4686c\"><\/div>\n<h2>Bloque 1: Lunes 14 de septiembre 2020 (09:30 &#8211; 11:30)<\/h2>\n<p><strong>Modera: <\/strong>Eduardo Undurraga, Pontificia Universidad Cat\u00f3lica de Chile<\/p>\n<table cellspacing=\"0\" cellpadding=\"0\">\n<tbody>\n<tr>\n<td valign=\"top\"><strong>Horario<\/strong><\/td>\n<td valign=\"top\"><strong>Presentadores<\/strong><\/td>\n<td valign=\"top\"><strong>T\u00edtulo de la presentaci\u00f3n<\/strong><\/td>\n<\/tr>\n<tr>\n<td valign=\"top\"><strong>9:30 &#8211; 10:00<\/strong><\/td>\n<td valign=\"top\"><strong>H\u00e9ctor Ram\u00edrez<\/strong><\/p>\n<p>Universidad de Chile<\/td>\n<td valign=\"top\"><a href=\"\/3wcovid19\/resumenes\/#ramirez\">Policy assessment of non-pharmaceutical interventions triggered by events based on epidemiological indicators<\/a><\/td>\n<\/tr>\n<tr>\n<td valign=\"top\"><strong>10:00 &#8211; 10:30<\/strong><\/td>\n<td valign=\"top\"><strong>Jos\u00e9 Zubizarreta<\/strong><\/p>\n<p>Harvard University<\/td>\n<td valign=\"top\"><a href=\"\/3wcovid19\/resumenes\/#zubizarreta\">Effectiveness of Localized Lockdowns in the SARS-CoV-2 Pandemic<\/a><\/td>\n<\/tr>\n<tr>\n<td valign=\"top\"><strong>10:30 &#8211; 11:00<\/strong><\/td>\n<td valign=\"top\"><strong>Fernando C\u00f3rdova<\/strong><\/p>\n<p>Universidad Cat\u00f3lica del Maule<\/td>\n<td valign=\"top\"><a href=\"\/3wcovid19\/resumenes\/#cordova\">Sobre el comportamiento lineal de cola de la campana y de la curva acumulada. \u00bfQu\u00e9 tan buena noticia?<\/a><\/td>\n<\/tr>\n<tr>\n<td valign=\"top\"><strong>11:00 &#8211; 11:30<\/strong><\/td>\n<td valign=\"top\"><strong>Tom\u00e1s Veloz<br \/>\n<\/strong>Fundaci\u00f3n Ciencia y Vida<\/td>\n<td valign=\"top\"><a href=\"\/3wcovid19\/resumenes\/#veloz\">Un modelo de metapoblaciones para emergencia de brotes, y din\u00e1micas multimodales para explicar el comportamiento de largo plazo<\/a><\/td>\n<\/tr>\n<\/tbody>\n<\/table>\n<div class=\"su-divider su-divider-style-default\" style=\"margin:15px 0;border-width:3px;border-color:#d4686c\"><a href=\"#\" style=\"color:#555\">Ir arriba<\/a><\/div>\n<h2>Bloque 2: Lunes 14 de septiembre 2020 (11:30 &#8211; 13:00)<\/h2>\n<p><strong>Modera: <\/strong>Mauricio Lima, Pontificia Universidad Cat\u00f3lica de Chile<\/p>\n<table cellspacing=\"0\" cellpadding=\"0\">\n<tbody>\n<tr>\n<td valign=\"top\"><strong>Horario<\/strong><\/td>\n<td valign=\"top\"><strong>Presentadores<\/strong><\/td>\n<td valign=\"top\"><strong>T\u00edtulo de la presentaci\u00f3n<\/strong><\/td>\n<\/tr>\n<tr>\n<td valign=\"top\"><strong>11:30 &#8211; 12:00<\/strong><\/td>\n<td valign=\"top\"><strong>Magdalena Bennett<\/strong><\/p>\n<p>The University of Texas at Austin<\/td>\n<td valign=\"top\"><a href=\"\/3wcovid19\/resumenes\/#bennett\">All Things Equal? Heterogeneity in Policy Effectiveness against COVID-19 Spread in Chile<\/a><\/td>\n<\/tr>\n<tr>\n<td valign=\"top\"><strong>12:00 &#8211; 12:30<\/strong><\/td>\n<td valign=\"top\"><strong>Juan Carlos Maureira <\/strong>Universidad de Chile<\/td>\n<td valign=\"top\"><a href=\"#maureira\">Estrategias de CTI Digitales: : Evaluaci\u00f3n de riesgo de contagio a partir de una red de contactos a m\u00faltiples niveles<\/a><\/td>\n<\/tr>\n<tr>\n<td valign=\"top\"><strong>12:30 &#8211; 13:00<\/strong><\/td>\n<td valign=\"top\"><strong>Marcelo Olivares<\/strong><\/p>\n<p>Universidad de Chile<\/td>\n<td valign=\"top\"><a href=\"\/3wcovid19\/resumenes\/#olivares\">A microsimulation model to evaluate mitigation strategies in the Covid pandemic<\/a><\/td>\n<\/tr>\n<\/tbody>\n<\/table>\n<div class=\"su-divider su-divider-style-default\" style=\"margin:15px 0;border-width:3px;border-color:#d4686c\"><a href=\"#\" style=\"color:#555\">Ir arriba<\/a><\/div>\n<h2>Bloque 3: Lunes 14 de septiembre 2020 (13:00 &#8211; 15:30)<\/h2>\n<p><strong>Modera: <\/strong>Fernando Mardones, Pontificia Universidad Cat\u00f3lica de Chile<\/p>\n<table class=\"t1\" cellspacing=\"0\" cellpadding=\"0\">\n<tbody>\n<tr>\n<td class=\"td1\" valign=\"top\">\n<p class=\"p2\"><b>Horario<\/b><\/p>\n<\/td>\n<td class=\"td2\" valign=\"top\">\n<p class=\"p2\"><b>Presentadores<\/b><\/p>\n<\/td>\n<td class=\"td3\" valign=\"top\">\n<p class=\"p2\"><b>T\u00edtulo de la presentaci\u00f3n<\/b><\/p>\n<\/td>\n<\/tr>\n<tr>\n<td class=\"td4\" valign=\"top\">\n<p class=\"p3\"><b>13:00 &#8211; 13:30<\/b><\/p>\n<\/td>\n<td class=\"td5\" valign=\"top\">\n<p class=\"p3\"><b>Mauricio Canals<\/b><\/p>\n<p class=\"p3\">Universidad de Chile<\/p>\n<\/td>\n<td class=\"td6\" valign=\"top\">\n<p class=\"p3\"><a href=\"\/3wcovid19\/resumenes\/#canals\">Buscando un indicador integrado de riesgo regional para COVID-19 en Chile<\/a><\/p>\n<\/td>\n<\/tr>\n<tr>\n<td class=\"td7\" valign=\"top\">\n<p class=\"p3\"><b>13:30 &#8211; 14:00<\/b><\/p>\n<\/td>\n<td class=\"td8\" valign=\"top\">\n<p class=\"p3\"><b>Camilo Mej\u00edas Neira<\/b><\/p>\n<p class=\"p3\">CEO Hibring Ingenier\u00eda<\/p>\n<\/td>\n<td class=\"td9\" valign=\"top\">\n<p class=\"p3\"><a href=\"\/3wcovid19\/resumenes\/#mejias\">Caso de estudio: Crecimiento super-exponencial de fallecidos y contagiados en Chile y una perspectiva espacio-temporal de dispersi\u00f3n del virus<\/a><\/p>\n<\/td>\n<\/tr>\n<tr>\n<td class=\"td10\" valign=\"top\">\n<p class=\"p3\"><b>14:00 &#8211; 14:30<\/b><\/p>\n<\/td>\n<td class=\"td11\" valign=\"top\">\n<p class=\"p3\"><b>Felipe Elorrieta<\/b><\/p>\n<p class=\"p3\">Universidad de Santiago de Chile<\/p>\n<\/td>\n<td class=\"td12\" valign=\"top\">\n<p class=\"p3\"><a href=\"\/3wcovid19\/resumenes\/#elorrieta\">GEMVEP: Dashboard e Informes Anal\u00edticos para el estudio y seguimiento del COVID-19<\/a><\/p>\n<\/td>\n<\/tr>\n<tr>\n<td class=\"td4\" valign=\"top\">\n<p class=\"p3\"><b>14:30 &#8211; 15:00<\/b><\/p>\n<\/td>\n<td class=\"td5\" valign=\"top\">\n<p class=\"p3\"><b>Gabriel Weintraub<\/b><\/p>\n<p class=\"p3\">Stanford University<\/p>\n<\/td>\n<td class=\"td6\" valign=\"top\">\n<p class=\"p3\"><a href=\"\/3wcovid19\/resumenes\/#weintraub\">The Social Divide of Lockdowns in Santiago During the Covid-19 Pandemic<\/a><\/p>\n<\/td>\n<\/tr>\n<tr>\n<td class=\"td7\" valign=\"top\">\n<p class=\"p3\"><b>15:00 &#8211; 15:30<\/b><\/p>\n<\/td>\n<td class=\"td8\" valign=\"top\">\n<p class=\"p3\"><b>Pamela P. Martinez<\/b><\/p>\n<p class=\"p3\">Harvard University<\/p>\n<\/td>\n<td class=\"td9\" valign=\"top\">\n<p class=\"p3\"><a href=\"\/3wcovid19\/resumenes\/#pmartinez\">Measuring the impact of mobility and socioeconomic factors in the transmission of COVID-19 in the Metropolitan Region, Chile<\/a><\/p>\n<\/td>\n<\/tr>\n<\/tbody>\n<\/table>\n<div class=\"su-divider su-divider-style-default\" style=\"margin:15px 0;border-width:3px;border-color:#d4686c\"><a href=\"#\" style=\"color:#555\">Ir arriba<\/a><\/div>\n<p>&nbsp;<\/p>\n<div class=\"su-button-center\"><a href=\"https:\/\/eventos.cmm.uchile.cl\/3wcovid19\/wp-content\/uploads\/sites\/101\/2020\/09\/PROGRAMA_3erWebinar_Modelos_COVID_Chile-3.pdf\" class=\"su-button su-button-style-default\" style=\"color:#FFFFFF;background-color:#C1272D;border-color:#9b2024;border-radius:5px\" target=\"_self\"><span style=\"color:#FFFFFF;padding:6px 16px;font-size:13px;line-height:20px;border-color:#d4686c;border-radius:5px;text-shadow:none\"><i class=\"sui sui-file-pdf-o\" style=\"font-size:13px;color:#FFFFFF\"><\/i> Descargar el programa completo<\/span><\/a><\/div>\n<p>&nbsp;<\/p>\n","protected":false},"excerpt":{"rendered":"<p>Apertura: Lunes 14 de septiembre 2020 (09:00 &#8211; 09:30) Modera: Pedro Gajardo, Universidad T\u00e9cnica Federico Santa Mar\u00eda Horario Apertura 9:00 &#8211; 9:30 Pablo Marquet (P. Universidad Cat\u00f3lica): Coordinador Mesa Interdisciplina Mesa Social COVID-19 Ximena Aguilera: Directora Centro de Epidemiolog\u00eda y Pol\u00edticas de Salud, Universidad del Desarrollo, Integrante Consejo Asesor COVID-19 Rafael Araos: Jefe Departamento de &hellip; <a href=\"https:\/\/eventos.cmm.uchile.cl\/3wcovid19\/programa\/\" class=\"more-link\">Seguir leyendo <span class=\"screen-reader-text\">Programa<\/span> <span class=\"meta-nav\">&rarr;<\/span><\/a><\/p>\n","protected":false},"author":2,"featured_media":0,"parent":0,"menu_order":1,"comment_status":"closed","ping_status":"closed","template":"","meta":{"inline_featured_image":false,"footnotes":""},"class_list":["post-25","page","type-page","status-publish","hentry"],"_links":{"self":[{"href":"https:\/\/eventos.cmm.uchile.cl\/3wcovid19\/wp-json\/wp\/v2\/pages\/25","targetHints":{"allow":["GET"]}}],"collection":[{"href":"https:\/\/eventos.cmm.uchile.cl\/3wcovid19\/wp-json\/wp\/v2\/pages"}],"about":[{"href":"https:\/\/eventos.cmm.uchile.cl\/3wcovid19\/wp-json\/wp\/v2\/types\/page"}],"author":[{"embeddable":true,"href":"https:\/\/eventos.cmm.uchile.cl\/3wcovid19\/wp-json\/wp\/v2\/users\/2"}],"replies":[{"embeddable":true,"href":"https:\/\/eventos.cmm.uchile.cl\/3wcovid19\/wp-json\/wp\/v2\/comments?post=25"}],"version-history":[{"count":41,"href":"https:\/\/eventos.cmm.uchile.cl\/3wcovid19\/wp-json\/wp\/v2\/pages\/25\/revisions"}],"predecessor-version":[{"id":185,"href":"https:\/\/eventos.cmm.uchile.cl\/3wcovid19\/wp-json\/wp\/v2\/pages\/25\/revisions\/185"}],"wp:attachment":[{"href":"https:\/\/eventos.cmm.uchile.cl\/3wcovid19\/wp-json\/wp\/v2\/media?parent=25"}],"curies":[{"name":"wp","href":"https:\/\/api.w.org\/{rel}","templated":true}]}}