{"id":30,"date":"2020-06-15T15:33:57","date_gmt":"2020-06-15T15:33:57","guid":{"rendered":"http:\/\/eventos.cmm.uchile.cl\/2wcovid19\/?page_id=30"},"modified":"2020-09-09T21:21:10","modified_gmt":"2020-09-10T00:21:10","slug":"organizadores","status":"publish","type":"page","link":"https:\/\/eventos.cmm.uchile.cl\/3wcovid19\/organizadores\/","title":{"rendered":"Organizadores"},"content":{"rendered":"<p><strong>L\u00ednea Modelos Predictivos &#8211; Mesa de trabajo interdisciplinar &#8211; Mesa Social COVID-19<\/strong><\/p>\n<ul>\n<li><a href=\"http:\/\/pgajardo.mat.utfsm.cl\/\">Pedro Gajardo<\/a>, Universidad T\u00e9cnica Federico Santa Mar\u00eda<\/li>\n<li><a href=\"https:\/\/biologia.uc.cl\/lima-mauricio\/\">Mauricio Lima<\/a>, Pontificia Universidad Cat\u00f3lica de Chile<\/li>\n<li><a href=\"https:\/\/cl.linkedin.com\/in\/fomardones\">Fernando Mardones<\/a>, Pontificia Universidad Cat\u00f3lica de Chile<\/li>\n<li><a href=\"https:\/\/biologia.uc.cl\/marquet-pablo\/\">Pablo Marquet<\/a>, Pontificia Universidad Cat\u00f3lica de Chile<\/li>\n<li><a href=\"http:\/\/gobierno.uc.cl\/es\/escuela2\/profesores\/51-undurraga-eduardo\">Eduardo Undurraga<\/a>, Pontificia Universidad Cat\u00f3lica de Chile<\/li>\n<\/ul>\n<p>&nbsp;<\/p>\n","protected":false},"excerpt":{"rendered":"<p>L\u00ednea Modelos Predictivos &#8211; Mesa de trabajo interdisciplinar &#8211; Mesa Social COVID-19 Pedro Gajardo, Universidad T\u00e9cnica Federico Santa Mar\u00eda Mauricio Lima, Pontificia Universidad Cat\u00f3lica de Chile Fernando Mardones, Pontificia Universidad Cat\u00f3lica de Chile Pablo Marquet, Pontificia Universidad Cat\u00f3lica de Chile Eduardo Undurraga, Pontificia Universidad Cat\u00f3lica de Chile &nbsp;<\/p>\n","protected":false},"author":74,"featured_media":0,"parent":0,"menu_order":4,"comment_status":"closed","ping_status":"closed","template":"","meta":{"inline_featured_image":false,"footnotes":""},"class_list":["post-30","page","type-page","status-publish","hentry"],"_links":{"self":[{"href":"https:\/\/eventos.cmm.uchile.cl\/3wcovid19\/wp-json\/wp\/v2\/pages\/30","targetHints":{"allow":["GET"]}}],"collection":[{"href":"https:\/\/eventos.cmm.uchile.cl\/3wcovid19\/wp-json\/wp\/v2\/pages"}],"about":[{"href":"https:\/\/eventos.cmm.uchile.cl\/3wcovid19\/wp-json\/wp\/v2\/types\/page"}],"author":[{"embeddable":true,"href":"https:\/\/eventos.cmm.uchile.cl\/3wcovid19\/wp-json\/wp\/v2\/users\/74"}],"replies":[{"embeddable":true,"href":"https:\/\/eventos.cmm.uchile.cl\/3wcovid19\/wp-json\/wp\/v2\/comments?post=30"}],"version-history":[{"count":6,"href":"https:\/\/eventos.cmm.uchile.cl\/3wcovid19\/wp-json\/wp\/v2\/pages\/30\/revisions"}],"predecessor-version":[{"id":181,"href":"https:\/\/eventos.cmm.uchile.cl\/3wcovid19\/wp-json\/wp\/v2\/pages\/30\/revisions\/181"}],"wp:attachment":[{"href":"https:\/\/eventos.cmm.uchile.cl\/3wcovid19\/wp-json\/wp\/v2\/media?parent=30"}],"curies":[{"name":"wp","href":"https:\/\/api.w.org\/{rel}","templated":true}]}}