{"id":12,"date":"2019-11-18T14:28:02","date_gmt":"2019-11-18T14:28:02","guid":{"rendered":"http:\/\/eventos.cmm.uchile.cl\/adminhpc1\/?page_id=12"},"modified":"2019-11-21T14:09:31","modified_gmt":"2019-11-21T14:09:31","slug":"programa","status":"publish","type":"page","link":"https:\/\/eventos.cmm.uchile.cl\/adminhpc1\/programa\/","title":{"rendered":"Programa"},"content":{"rendered":"<ul>\n<li>Introducci\u00f3n a un cl\u00faster HPC\n<ul>\n<li>\u00bfEn qu\u00e9 consiste un cl\u00faster HPC?<\/li>\n<li>Esquema de un cl\u00faster<\/li>\n<\/ul>\n<\/li>\n<li>Conceptos\n<ul>\n<li>Hardware, software y networking<\/li>\n<li>Condiciones m\u00ednimas de operaci\u00f3n<\/li>\n<\/ul>\n<\/li>\n<li>Software\n<ul>\n<li>\u00bfQu\u00e9 es un gestor de recursos?<\/li>\n<li>Gestor de recursos SLURM<\/li>\n<li>Gesti\u00f3n del software cient\u00edfico<\/li>\n<li>Compiladores y compilaciones<\/li>\n<li>Automatizaci\u00f3n de la compilaci\u00f3n<\/li>\n<li>Gesti\u00f3n de nodos de c\u00f3mputo<\/li>\n<li>Herramientas de visualizaci\u00f3n y monitoreo<\/li>\n<\/ul>\n<\/li>\n<li>Espacio para discusi\u00f3n abierta, dudas y preguntas<\/li>\n<\/ul>\n<p><img loading=\"lazy\" decoding=\"async\" class=\"alignnone size-full wp-image-33\" src=\"http:\/\/eventos.cmm.uchile.cl\/adminhpc1\/wp-content\/uploads\/sites\/84\/2019\/11\/nlhpc_web_01.png\" alt=\"\" width=\"300\" height=\"150\" \/><img loading=\"lazy\" decoding=\"async\" class=\"alignnone size-full wp-image-34\" src=\"http:\/\/eventos.cmm.uchile.cl\/adminhpc1\/wp-content\/uploads\/sites\/84\/2019\/11\/scalac_computo_web_01.png\" alt=\"\" width=\"300\" height=\"150\" \/><\/p>\n","protected":false},"excerpt":{"rendered":"<p>Introducci\u00f3n a un cl\u00faster HPC \u00bfEn qu\u00e9 consiste un cl\u00faster HPC? Esquema de un cl\u00faster Conceptos Hardware, software y networking Condiciones m\u00ednimas de operaci\u00f3n Software \u00bfQu\u00e9 es un gestor de recursos? Gestor de recursos SLURM Gesti\u00f3n del software cient\u00edfico Compiladores y compilaciones Automatizaci\u00f3n de la compilaci\u00f3n Gesti\u00f3n de nodos de c\u00f3mputo Herramientas de visualizaci\u00f3n y &hellip; <a href=\"https:\/\/eventos.cmm.uchile.cl\/adminhpc1\/programa\/\" class=\"more-link\">Contin\u00fae leyendo <span class=\"screen-reader-text\">Programa<\/span> <span class=\"meta-nav\">&rarr;<\/span><\/a><\/p>\n","protected":false},"author":2,"featured_media":0,"parent":0,"menu_order":1,"comment_status":"closed","ping_status":"closed","template":"","meta":{"inline_featured_image":false,"footnotes":""},"class_list":["post-12","page","type-page","status-publish","hentry"],"_links":{"self":[{"href":"https:\/\/eventos.cmm.uchile.cl\/adminhpc1\/wp-json\/wp\/v2\/pages\/12","targetHints":{"allow":["GET"]}}],"collection":[{"href":"https:\/\/eventos.cmm.uchile.cl\/adminhpc1\/wp-json\/wp\/v2\/pages"}],"about":[{"href":"https:\/\/eventos.cmm.uchile.cl\/adminhpc1\/wp-json\/wp\/v2\/types\/page"}],"author":[{"embeddable":true,"href":"https:\/\/eventos.cmm.uchile.cl\/adminhpc1\/wp-json\/wp\/v2\/users\/2"}],"replies":[{"embeddable":true,"href":"https:\/\/eventos.cmm.uchile.cl\/adminhpc1\/wp-json\/wp\/v2\/comments?post=12"}],"version-history":[{"count":5,"href":"https:\/\/eventos.cmm.uchile.cl\/adminhpc1\/wp-json\/wp\/v2\/pages\/12\/revisions"}],"predecessor-version":[{"id":38,"href":"https:\/\/eventos.cmm.uchile.cl\/adminhpc1\/wp-json\/wp\/v2\/pages\/12\/revisions\/38"}],"wp:attachment":[{"href":"https:\/\/eventos.cmm.uchile.cl\/adminhpc1\/wp-json\/wp\/v2\/media?parent=12"}],"curies":[{"name":"wp","href":"https:\/\/api.w.org\/{rel}","templated":true}]}}