{"id":9,"date":"2019-11-18T14:25:08","date_gmt":"2019-11-18T14:25:08","guid":{"rendered":"http:\/\/eventos.cmm.uchile.cl\/adminhpc1\/?page_id=9"},"modified":"2019-11-21T14:33:05","modified_gmt":"2019-11-21T14:33:05","slug":"workshop","status":"publish","type":"page","link":"https:\/\/eventos.cmm.uchile.cl\/adminhpc1\/","title":{"rendered":"Workshop"},"content":{"rendered":"<p>El <a href=\"http:\/\/www.nlhpc.cl\/\" target=\"_blank\" rel=\"noopener noreferrer\">Laboratorio Nacional de Computaci\u00f3n de Alto Rendimiento (NLHPC)<\/a> te invita a participar en el Primer Workshop introductorio de administradores HPC, a realizarse el d\u00eda 10 de diciembre de 2019.<\/p>\n<p>El Workshop ser\u00e1 dictado por nuestros ingenieros expertos, y es necesario inscribirse para recibir la direcci\u00f3n e instrucciones de ingreso.<\/p>\n<p>Requisitos: Es necesario contar con conocimientos medios\/altos en administraci\u00f3n de Linux.<\/p>\n<p style=\"text-align: center;\">[button url=&#8221;http:\/\/eventos.cmm.uchile.cl\/adminhpc1\/programa&#8221; style=&#8221;flat&#8221; background=&#8221;#25418F&#8221; color=&#8221;#FFFFFF&#8221; size=&#8221;5&#8243; wide=&#8221;no&#8221; center=&#8221;no&#8221; radius=&#8221;auto&#8221; icon=&#8221;icon: chevron-right&#8221; icon_color=&#8221;#FFFFFF&#8221; text_shadow=&#8221;none&#8221;]Programa[\/button] \u00a0 [button url=&#8221;http:\/\/eventos.cmm.uchile.cl\/adminhpc1\/registro&#8221; style=&#8221;flat&#8221; background=&#8221;#25418F&#8221; size=&#8221;5&#8243; center=&#8221;no&#8221; icon=&#8221;icon: chevron-right&#8221;]Registro[\/button]\n<p>&nbsp;<\/p>\n<p><img loading=\"lazy\" decoding=\"async\" class=\"alignnone size-full wp-image-33\" src=\"http:\/\/eventos.cmm.uchile.cl\/adminhpc1\/wp-content\/uploads\/sites\/84\/2019\/11\/nlhpc_web_01.png\" alt=\"\" width=\"300\" height=\"150\" \/><img loading=\"lazy\" decoding=\"async\" class=\"alignnone size-full wp-image-34\" src=\"http:\/\/eventos.cmm.uchile.cl\/adminhpc1\/wp-content\/uploads\/sites\/84\/2019\/11\/scalac_computo_web_01.png\" alt=\"\" width=\"300\" height=\"150\" \/><\/p>\n","protected":false},"excerpt":{"rendered":"<p>El Laboratorio Nacional de Computaci\u00f3n de Alto Rendimiento (NLHPC) te invita a participar en el Primer Workshop introductorio de administradores HPC, a realizarse el d\u00eda 10 de diciembre de 2019. El Workshop ser\u00e1 dictado por nuestros ingenieros expertos, y es necesario inscribirse para recibir la direcci\u00f3n e instrucciones de ingreso. Requisitos: Es necesario contar con &hellip; <a href=\"https:\/\/eventos.cmm.uchile.cl\/adminhpc1\/\" class=\"more-link\">Contin\u00fae leyendo <span class=\"screen-reader-text\">Workshop<\/span> <span class=\"meta-nav\">&rarr;<\/span><\/a><\/p>\n","protected":false},"author":2,"featured_media":0,"parent":0,"menu_order":0,"comment_status":"closed","ping_status":"closed","template":"","meta":{"inline_featured_image":false,"footnotes":""},"class_list":["post-9","page","type-page","status-publish","hentry"],"_links":{"self":[{"href":"https:\/\/eventos.cmm.uchile.cl\/adminhpc1\/wp-json\/wp\/v2\/pages\/9","targetHints":{"allow":["GET"]}}],"collection":[{"href":"https:\/\/eventos.cmm.uchile.cl\/adminhpc1\/wp-json\/wp\/v2\/pages"}],"about":[{"href":"https:\/\/eventos.cmm.uchile.cl\/adminhpc1\/wp-json\/wp\/v2\/types\/page"}],"author":[{"embeddable":true,"href":"https:\/\/eventos.cmm.uchile.cl\/adminhpc1\/wp-json\/wp\/v2\/users\/2"}],"replies":[{"embeddable":true,"href":"https:\/\/eventos.cmm.uchile.cl\/adminhpc1\/wp-json\/wp\/v2\/comments?post=9"}],"version-history":[{"count":6,"href":"https:\/\/eventos.cmm.uchile.cl\/adminhpc1\/wp-json\/wp\/v2\/pages\/9\/revisions"}],"predecessor-version":[{"id":39,"href":"https:\/\/eventos.cmm.uchile.cl\/adminhpc1\/wp-json\/wp\/v2\/pages\/9\/revisions\/39"}],"wp:attachment":[{"href":"https:\/\/eventos.cmm.uchile.cl\/adminhpc1\/wp-json\/wp\/v2\/media?parent=9"}],"curies":[{"name":"wp","href":"https:\/\/api.w.org\/{rel}","templated":true}]}}