{"id":10,"date":"2023-11-09T22:54:43","date_gmt":"2023-11-09T21:54:43","guid":{"rendered":"https:\/\/eventos.cmm.uchile.cl\/alvinroth\/?page_id=10"},"modified":"2023-11-29T22:39:34","modified_gmt":"2023-11-29T21:39:34","slug":"charla","status":"publish","type":"page","link":"https:\/\/eventos.cmm.uchile.cl\/alvinroth\/","title":{"rendered":"Charla"},"content":{"rendered":"<p class=\"md-end-block md-p md-focus\"><span class=\"md-plain md-expand\">El Instituto Milenio para la Investigaci\u00f3n de Imperfecciones de Mercado y Pol\u00edticas P\u00fablicas (MIPP), el Centro de Modelamiento Matem\u00e1tico (CMM), el Proyecto Anillo ACT210005: <em>Information and Computation in Market Design<\/em> del Departamento de Ingenier\u00eda Industrial (DII) de la Universidad de Chile invitan a la charla <\/span><span class=\"md-pair-s \"><strong><span class=\"md-plain\">Qui\u00e9n obtiene qu\u00e9 y por qu\u00e9: La nueva econom\u00eda del dise\u00f1o de mercados<\/span><\/strong><\/span><span class=\"md-plain\">, que ser\u00e1 dictada por <\/span><span class=\"md-pair-s\"><strong><span class=\"md-plain\"><a href=\"https:\/\/eventos.cmm.uchile.cl\/alvinroth\/acerca\/\">Alvin Roth<\/a>, Premio Nobel de Econom\u00eda 2012<\/span><\/strong><\/span><span class=\"md-plain\">.<\/span><\/p>\n<p class=\"md-end-block md-p md-focus\"><span class=\"md-plain\">El evento se realizar\u00e1 el <\/span><span class=\"md-pair-s \"><strong><span class=\"md-plain\">mi\u00e9rcoles 20 de diciembre de 2023<\/span><\/strong><\/span><span class=\"md-plain md-expand\"> a las 12:00 hrs. en el Sal\u00f3n de Honor de la Casa Central de la Universidad de Chile, ubicada en Av. Alameda Libertador Bernardo O&#8217;Higgins 1058, Santiago. La charla en ingl\u00e9s contar\u00e1 con traducci\u00f3n simult\u00e1nea al espa\u00f1ol. <a href=\"https:\/\/eventos.cmm.uchile.cl\/alvinroth\/registro\/\">Reserve su cupo<\/a>.<\/span><\/p>\n<p><img loading=\"lazy\" decoding=\"async\" class=\"alignnone wp-image-24\" src=\"https:\/\/eventos.cmm.uchile.cl\/alvinroth\/wp-content\/uploads\/sites\/179\/2023\/11\/alvinroth_instagram_post_portrait.jpg\" alt=\"\" width=\"604\" height=\"755\" srcset=\"https:\/\/eventos.cmm.uchile.cl\/alvinroth\/wp-content\/uploads\/sites\/179\/2023\/11\/alvinroth_instagram_post_portrait.jpg 1080w, https:\/\/eventos.cmm.uchile.cl\/alvinroth\/wp-content\/uploads\/sites\/179\/2023\/11\/alvinroth_instagram_post_portrait-240x300.jpg 240w, https:\/\/eventos.cmm.uchile.cl\/alvinroth\/wp-content\/uploads\/sites\/179\/2023\/11\/alvinroth_instagram_post_portrait-819x1024.jpg 819w, https:\/\/eventos.cmm.uchile.cl\/alvinroth\/wp-content\/uploads\/sites\/179\/2023\/11\/alvinroth_instagram_post_portrait-768x960.jpg 768w\" sizes=\"auto, (max-width: 604px) 100vw, 604px\" \/><\/p>\n<div class=\"su-button-center\"><a href=\"https:\/\/eventos.cmm.uchile.cl\/alvinroth\/registro\" class=\"su-button su-button-style-flat\" style=\"color:#FFFFFF;background-color:#CC272C;border-color:#a42024;border-radius:9px\" target=\"_self\"><span style=\"color:#FFFFFF;padding:8px 24px;font-size:18px;line-height:27px;border-color:#dc686c;border-radius:9px;text-shadow:none\"><i class=\"sui sui-wpforms\" style=\"font-size:18px;color:#FFFFFF\"><\/i> Registrarme<\/span><\/a><\/div>\n<div class=\"su-divider su-divider-style-default\" style=\"margin:15px 0;border-width:3px;border-color:#F7941D\"><a href=\"#\" style=\"color:#999999\">\u2303 Volver arriba<\/a><\/div>\n<p>&nbsp;<\/p>\n<p><img loading=\"lazy\" decoding=\"async\" class=\"alignnone size-full wp-image-34\" src=\"https:\/\/eventos.cmm.uchile.cl\/alvinroth\/wp-content\/uploads\/sites\/179\/2023\/11\/sponsors_02.png\" alt=\"\" width=\"604\" height=\"65\" srcset=\"https:\/\/eventos.cmm.uchile.cl\/alvinroth\/wp-content\/uploads\/sites\/179\/2023\/11\/sponsors_02.png 604w, https:\/\/eventos.cmm.uchile.cl\/alvinroth\/wp-content\/uploads\/sites\/179\/2023\/11\/sponsors_02-300x32.png 300w\" sizes=\"auto, (max-width: 604px) 100vw, 604px\" \/><\/p>\n","protected":false},"excerpt":{"rendered":"<p>El Instituto Milenio para la Investigaci\u00f3n de Imperfecciones de Mercado y Pol\u00edticas P\u00fablicas (MIPP), el Centro de Modelamiento Matem\u00e1tico (CMM), el Proyecto Anillo ACT210005: Information and Computation in Market Design del Departamento de Ingenier\u00eda Industrial (DII) de la Universidad de Chile invitan a la charla Qui\u00e9n obtiene qu\u00e9 y por qu\u00e9: La nueva econom\u00eda del &hellip; <a href=\"https:\/\/eventos.cmm.uchile.cl\/alvinroth\/\" class=\"more-link\">Contin\u00fae leyendo <span class=\"screen-reader-text\">Charla<\/span> <span class=\"meta-nav\">&rarr;<\/span><\/a><\/p>\n","protected":false},"author":2,"featured_media":0,"parent":0,"menu_order":0,"comment_status":"closed","ping_status":"closed","template":"","meta":{"inline_featured_image":false,"footnotes":""},"class_list":["post-10","page","type-page","status-publish","hentry"],"_links":{"self":[{"href":"https:\/\/eventos.cmm.uchile.cl\/alvinroth\/wp-json\/wp\/v2\/pages\/10","targetHints":{"allow":["GET"]}}],"collection":[{"href":"https:\/\/eventos.cmm.uchile.cl\/alvinroth\/wp-json\/wp\/v2\/pages"}],"about":[{"href":"https:\/\/eventos.cmm.uchile.cl\/alvinroth\/wp-json\/wp\/v2\/types\/page"}],"author":[{"embeddable":true,"href":"https:\/\/eventos.cmm.uchile.cl\/alvinroth\/wp-json\/wp\/v2\/users\/2"}],"replies":[{"embeddable":true,"href":"https:\/\/eventos.cmm.uchile.cl\/alvinroth\/wp-json\/wp\/v2\/comments?post=10"}],"version-history":[{"count":10,"href":"https:\/\/eventos.cmm.uchile.cl\/alvinroth\/wp-json\/wp\/v2\/pages\/10\/revisions"}],"predecessor-version":[{"id":40,"href":"https:\/\/eventos.cmm.uchile.cl\/alvinroth\/wp-json\/wp\/v2\/pages\/10\/revisions\/40"}],"wp:attachment":[{"href":"https:\/\/eventos.cmm.uchile.cl\/alvinroth\/wp-json\/wp\/v2\/media?parent=10"}],"curies":[{"name":"wp","href":"https:\/\/api.w.org\/{rel}","templated":true}]}}