{"id":15,"date":"2023-11-09T23:53:41","date_gmt":"2023-11-09T22:53:41","guid":{"rendered":"https:\/\/eventos.cmm.uchile.cl\/alvinroth\/?page_id=15"},"modified":"2023-12-13T21:45:16","modified_gmt":"2023-12-13T20:45:16","slug":"registro","status":"publish","type":"page","link":"https:\/\/eventos.cmm.uchile.cl\/alvinroth\/registro\/","title":{"rendered":"Registro"},"content":{"rendered":"<p>La charla <em>Qui\u00e9n obtiene qu\u00e9 y por qu\u00e9: La nueva econom\u00eda del dise\u00f1o de mercados<\/em> ser\u00e1 dictada por <a href=\"https:\/\/eventos.cmm.uchile.cl\/alvinroth\/acerca\/\">Alvin Roth<\/a>, Premio Nobel de Econom\u00eda 2012,\u00a0el mi\u00e9rcoles 20 de diciembre de 2023 a las 12:00 hrs. en el Sal\u00f3n de Honor de la Casa Central de la Universidad de Chile (Av. Alameda Libertador Bernardo O\u2019Higgins 1058, Santiago).<\/p>\n<p>El registro para asistir presencialmente est\u00e1 CERRADO debido al gran inter\u00e9s. Reg\u00edstrese para asistir remotemente v\u00eda streaming (aseg\u00farese de ingresar correctamente su correo para recibir el link):<\/p>\n\n<div class=\"wpcf7 no-js\" id=\"wpcf7-f45-o1\" lang=\"es-CL\" dir=\"ltr\" data-wpcf7-id=\"45\">\n<div class=\"screen-reader-response\"><p role=\"status\" aria-live=\"polite\" aria-atomic=\"true\"><\/p> <ul><\/ul><\/div>\n<form action=\"\/alvinroth\/wp-json\/wp\/v2\/pages\/15#wpcf7-f45-o1\" method=\"post\" class=\"wpcf7-form init\" aria-label=\"Formulario de contacto\" novalidate=\"novalidate\" data-status=\"init\">\n<fieldset class=\"hidden-fields-container\"><input type=\"hidden\" name=\"_wpcf7\" value=\"45\" \/><input type=\"hidden\" name=\"_wpcf7_version\" value=\"6.1.5\" \/><input type=\"hidden\" name=\"_wpcf7_locale\" value=\"es_CL\" \/><input type=\"hidden\" name=\"_wpcf7_unit_tag\" value=\"wpcf7-f45-o1\" \/><input type=\"hidden\" name=\"_wpcf7_container_post\" value=\"0\" \/><input type=\"hidden\" name=\"_wpcf7_posted_data_hash\" value=\"\" \/><input type=\"hidden\" name=\"_wpcf7cf_hidden_group_fields\" value=\"[]\" \/><input type=\"hidden\" name=\"_wpcf7cf_hidden_groups\" value=\"[]\" \/><input type=\"hidden\" name=\"_wpcf7cf_visible_groups\" value=\"[]\" \/><input type=\"hidden\" name=\"_wpcf7cf_repeaters\" value=\"[]\" \/><input type=\"hidden\" name=\"_wpcf7cf_steps\" value=\"{}\" \/><input type=\"hidden\" name=\"_wpcf7cf_options\" value=\"{&quot;form_id&quot;:45,&quot;conditions&quot;:[],&quot;settings&quot;:{&quot;animation&quot;:&quot;yes&quot;,&quot;animation_intime&quot;:200,&quot;animation_outtime&quot;:200,&quot;conditions_ui&quot;:&quot;normal&quot;,&quot;notice_dismissed&quot;:false}}\" \/>\n<\/fieldset>\n<p>Nombre (requerido)\n<\/p>\n<p><span class=\"wpcf7-form-control-wrap\" data-name=\"su-nombre\"><input size=\"40\" maxlength=\"400\" class=\"wpcf7-form-control wpcf7-text wpcf7-validates-as-required\" autocomplete=\"given-name\" aria-required=\"true\" aria-invalid=\"false\" value=\"\" type=\"text\" name=\"su-nombre\" \/><\/span>\n<\/p>\n<p>Apellido (requerido)\n<\/p>\n<p><span class=\"wpcf7-form-control-wrap\" data-name=\"su-apellido\"><input size=\"40\" maxlength=\"400\" class=\"wpcf7-form-control wpcf7-text wpcf7-validates-as-required\" autocomplete=\"family-name\" aria-required=\"true\" aria-invalid=\"false\" value=\"\" type=\"text\" name=\"su-apellido\" \/><\/span>\n<\/p>\n<p>Cargo\n<\/p>\n<p><span class=\"wpcf7-form-control-wrap\" data-name=\"su-cargo\"><input size=\"40\" maxlength=\"400\" class=\"wpcf7-form-control wpcf7-text\" aria-invalid=\"false\" value=\"\" type=\"text\" name=\"su-cargo\" \/><\/span>\n<\/p>\n<p>Instituci\u00f3n (requerido)\n<\/p>\n<p><span class=\"wpcf7-form-control-wrap\" data-name=\"su-institucion\"><input size=\"40\" maxlength=\"400\" class=\"wpcf7-form-control wpcf7-text\" aria-invalid=\"false\" value=\"\" type=\"text\" name=\"su-institucion\" \/><\/span>\n<\/p>\n<p>e-mail (requerido)\n<\/p>\n<p><span class=\"wpcf7-form-control-wrap\" data-name=\"su-email\"><input size=\"40\" maxlength=\"400\" class=\"wpcf7-form-control wpcf7-email wpcf7-validates-as-required wpcf7-text wpcf7-validates-as-email\" autocomplete=\"email\" aria-required=\"true\" aria-invalid=\"false\" value=\"\" type=\"email\" name=\"su-email\" \/><\/span>\n<\/p>\n<p><input class=\"wpcf7-form-control wpcf7-submit has-spinner\" type=\"submit\" value=\"Enviar\" \/>\n<\/p><div class=\"wpcf7-response-output\" aria-hidden=\"true\"><\/div>\n<\/form>\n<\/div>\n\n<p>&nbsp;<\/p>\n<div class=\"su-divider su-divider-style-default\" style=\"margin:15px 0;border-width:3px;border-color:#F7941D\"><a href=\"#\" style=\"color:#999999\">\u2303 Volver arriba<\/a><\/div>\n<p>&nbsp;<\/p>\n<p><img loading=\"lazy\" decoding=\"async\" class=\"alignnone size-full wp-image-34\" src=\"https:\/\/eventos.cmm.uchile.cl\/alvinroth\/wp-content\/uploads\/sites\/179\/2023\/11\/sponsors_02.png\" alt=\"\" width=\"604\" height=\"65\" srcset=\"https:\/\/eventos.cmm.uchile.cl\/alvinroth\/wp-content\/uploads\/sites\/179\/2023\/11\/sponsors_02.png 604w, https:\/\/eventos.cmm.uchile.cl\/alvinroth\/wp-content\/uploads\/sites\/179\/2023\/11\/sponsors_02-300x32.png 300w\" sizes=\"auto, (max-width: 604px) 100vw, 604px\" \/><\/p>\n","protected":false},"excerpt":{"rendered":"<p>La charla Qui\u00e9n obtiene qu\u00e9 y por qu\u00e9: La nueva econom\u00eda del dise\u00f1o de mercados ser\u00e1 dictada por Alvin Roth, Premio Nobel de Econom\u00eda 2012,\u00a0el mi\u00e9rcoles 20 de diciembre de 2023 a las 12:00 hrs. en el Sal\u00f3n de Honor de la Casa Central de la Universidad de Chile (Av. Alameda Libertador Bernardo O\u2019Higgins 1058, &hellip; <a href=\"https:\/\/eventos.cmm.uchile.cl\/alvinroth\/registro\/\" class=\"more-link\">Contin\u00fae leyendo <span class=\"screen-reader-text\">Registro<\/span> <span class=\"meta-nav\">&rarr;<\/span><\/a><\/p>\n","protected":false},"author":2,"featured_media":0,"parent":0,"menu_order":3,"comment_status":"closed","ping_status":"closed","template":"","meta":{"inline_featured_image":false,"footnotes":""},"class_list":["post-15","page","type-page","status-publish","hentry"],"_links":{"self":[{"href":"https:\/\/eventos.cmm.uchile.cl\/alvinroth\/wp-json\/wp\/v2\/pages\/15","targetHints":{"allow":["GET"]}}],"collection":[{"href":"https:\/\/eventos.cmm.uchile.cl\/alvinroth\/wp-json\/wp\/v2\/pages"}],"about":[{"href":"https:\/\/eventos.cmm.uchile.cl\/alvinroth\/wp-json\/wp\/v2\/types\/page"}],"author":[{"embeddable":true,"href":"https:\/\/eventos.cmm.uchile.cl\/alvinroth\/wp-json\/wp\/v2\/users\/2"}],"replies":[{"embeddable":true,"href":"https:\/\/eventos.cmm.uchile.cl\/alvinroth\/wp-json\/wp\/v2\/comments?post=15"}],"version-history":[{"count":10,"href":"https:\/\/eventos.cmm.uchile.cl\/alvinroth\/wp-json\/wp\/v2\/pages\/15\/revisions"}],"predecessor-version":[{"id":48,"href":"https:\/\/eventos.cmm.uchile.cl\/alvinroth\/wp-json\/wp\/v2\/pages\/15\/revisions\/48"}],"wp:attachment":[{"href":"https:\/\/eventos.cmm.uchile.cl\/alvinroth\/wp-json\/wp\/v2\/media?parent=15"}],"curies":[{"name":"wp","href":"https:\/\/api.w.org\/{rel}","templated":true}]}}