{"id":17,"date":"2023-11-09T23:54:49","date_gmt":"2023-11-09T22:54:49","guid":{"rendered":"https:\/\/eventos.cmm.uchile.cl\/alvinroth\/?page_id=17"},"modified":"2023-11-16T20:16:52","modified_gmt":"2023-11-16T19:16:52","slug":"acerca","status":"publish","type":"page","link":"https:\/\/eventos.cmm.uchile.cl\/alvinroth\/acerca\/","title":{"rendered":"Alvin Roth"},"content":{"rendered":"<p><img loading=\"lazy\" decoding=\"async\" class=\"alignleft size-full wp-image-19 speaker_pic\" src=\"https:\/\/eventos.cmm.uchile.cl\/alvinroth\/wp-content\/uploads\/sites\/179\/2023\/11\/alvin_roth_01.jpg\" alt=\"Alvin Roth\" width=\"240\" height=\"240\" srcset=\"https:\/\/eventos.cmm.uchile.cl\/alvinroth\/wp-content\/uploads\/sites\/179\/2023\/11\/alvin_roth_01.jpg 240w, https:\/\/eventos.cmm.uchile.cl\/alvinroth\/wp-content\/uploads\/sites\/179\/2023\/11\/alvin_roth_01-150x150.jpg 150w\" sizes=\"auto, (max-width: 240px) 100vw, 240px\" \/>Alvin Eliot Roth (nacido el 18 de diciembre de 1951) es un acad\u00e9mico estadounidense. Es catedr\u00e1tico de Econom\u00eda Craig y Susan McCaw en la Universidad de Stanford y catedr\u00e1tico em\u00e9rito Gund de Econom\u00eda y Administraci\u00f3n de Empresas en la Universidad de Harvard. Fue presidente de la American Economic Association en 2017.<\/p>\n<p>Roth ha realizado importantes contribuciones a los campos de la teor\u00eda de juegos, el dise\u00f1o de mercados y la econom\u00eda experimental, y es conocido por su \u00e9nfasis en la aplicaci\u00f3n de la teor\u00eda econ\u00f3mica a soluciones para problemas del &#8220;mundo real&#8221;.<\/p>\n<p>En 2012, gan\u00f3 el Premio de Econom\u00eda Conmemorativo de Alfred Nobel (m\u00e1s conocido como &#8220;Premio Nobel de Econom\u00eda&#8221;), junto con Lloyd Shapley, &#8220;por la teor\u00eda de las asignaciones estables y la pr\u00e1ctica del dise\u00f1o de mercados&#8221;.<\/p>\n<p>&nbsp;<\/p>\n<div class=\"su-divider su-divider-style-default\" style=\"margin:15px 0;border-width:3px;border-color:#F7941D\"><a href=\"#\" style=\"color:#999999\">\u2303 Volver arriba<\/a><\/div>\n<p>&nbsp;<\/p>\n<p><img loading=\"lazy\" decoding=\"async\" class=\"alignnone size-full wp-image-34\" src=\"https:\/\/eventos.cmm.uchile.cl\/alvinroth\/wp-content\/uploads\/sites\/179\/2023\/11\/sponsors_02.png\" alt=\"\" width=\"604\" height=\"65\" srcset=\"https:\/\/eventos.cmm.uchile.cl\/alvinroth\/wp-content\/uploads\/sites\/179\/2023\/11\/sponsors_02.png 604w, https:\/\/eventos.cmm.uchile.cl\/alvinroth\/wp-content\/uploads\/sites\/179\/2023\/11\/sponsors_02-300x32.png 300w\" sizes=\"auto, (max-width: 604px) 100vw, 604px\" \/><\/p>\n","protected":false},"excerpt":{"rendered":"<p>Alvin Eliot Roth (nacido el 18 de diciembre de 1951) es un acad\u00e9mico estadounidense. Es catedr\u00e1tico de Econom\u00eda Craig y Susan McCaw en la Universidad de Stanford y catedr\u00e1tico em\u00e9rito Gund de Econom\u00eda y Administraci\u00f3n de Empresas en la Universidad de Harvard. Fue presidente de la American Economic Association en 2017. Roth ha realizado importantes &hellip; <a href=\"https:\/\/eventos.cmm.uchile.cl\/alvinroth\/acerca\/\" class=\"more-link\">Contin\u00fae leyendo <span class=\"screen-reader-text\">Alvin Roth<\/span> <span class=\"meta-nav\">&rarr;<\/span><\/a><\/p>\n","protected":false},"author":2,"featured_media":0,"parent":0,"menu_order":1,"comment_status":"closed","ping_status":"closed","template":"","meta":{"inline_featured_image":false,"footnotes":""},"class_list":["post-17","page","type-page","status-publish","hentry"],"_links":{"self":[{"href":"https:\/\/eventos.cmm.uchile.cl\/alvinroth\/wp-json\/wp\/v2\/pages\/17","targetHints":{"allow":["GET"]}}],"collection":[{"href":"https:\/\/eventos.cmm.uchile.cl\/alvinroth\/wp-json\/wp\/v2\/pages"}],"about":[{"href":"https:\/\/eventos.cmm.uchile.cl\/alvinroth\/wp-json\/wp\/v2\/types\/page"}],"author":[{"embeddable":true,"href":"https:\/\/eventos.cmm.uchile.cl\/alvinroth\/wp-json\/wp\/v2\/users\/2"}],"replies":[{"embeddable":true,"href":"https:\/\/eventos.cmm.uchile.cl\/alvinroth\/wp-json\/wp\/v2\/comments?post=17"}],"version-history":[{"count":6,"href":"https:\/\/eventos.cmm.uchile.cl\/alvinroth\/wp-json\/wp\/v2\/pages\/17\/revisions"}],"predecessor-version":[{"id":36,"href":"https:\/\/eventos.cmm.uchile.cl\/alvinroth\/wp-json\/wp\/v2\/pages\/17\/revisions\/36"}],"wp:attachment":[{"href":"https:\/\/eventos.cmm.uchile.cl\/alvinroth\/wp-json\/wp\/v2\/media?parent=17"}],"curies":[{"name":"wp","href":"https:\/\/api.w.org\/{rel}","templated":true}]}}