{"id":102,"date":"2019-06-19T12:27:56","date_gmt":"2019-06-19T16:27:56","guid":{"rendered":"http:\/\/eventos.cmm.uchile.cl\/argo2022\/?page_id=102"},"modified":"2022-08-29T14:33:59","modified_gmt":"2022-08-29T18:33:59","slug":"speakers","status":"publish","type":"page","link":"https:\/\/eventos.cmm.uchile.cl\/argo2022\/speakers\/","title":{"rendered":"Speakers"},"content":{"rendered":"<ul>\n<li style=\"list-style-type: none;\">\n<ul>\n<li><strong>Antoine B\u00e9reau<\/strong>, CMAP, \u00c9cole Polytechnique, France.<\/li>\n<li><strong><a href=\"http:\/\/www.lama.univ-savoie.fr\/pagesmembres\/bihan\/\">Fr\u00e9d\u00e9ric Bihan<\/a><\/strong>, Universit\u00e9 Savoie Mont Blanc, France.<\/li>\n<li><a href=\"https:\/\/mate.dm.uba.ar\/~alidick\/\" target=\"_blank\" rel=\"noopener\"><strong>Alicia Dickenstein<\/strong><\/a>, Universidad de Buenos Aires, Argentina.<\/li>\n<li><strong>St\u00e9phane Gaubert<\/strong>, INRIA and CMAP, \u00c9cole polytechnique, CNRS, France.<\/li>\n<li><strong><a href=\"http:\/\/chermosilla.mat.utfsm.cl\/\">Cristopher Hermosilla<\/a><\/strong>, Universidad T\u00e9cnica Federico Santa Mar\u00eda, Chile.<\/li>\n<li><a href=\"https:\/\/mate.dm.uba.ar\/~jeronimo\/\" target=\"_blank\" rel=\"noopener\"><strong>Gabriela Jeronimo<\/strong><\/a>, Universidad de Buenos Aires, Argentina.<\/li>\n<li><a href=\"https:\/\/cms.dm.uba.ar\/Members\/slaplagn\/index_html\" target=\"_blank\" rel=\"noopener\"><strong>Santiago Laplagne<\/strong><\/a>, Universidad de Buenos Aires, Argentina.<\/li>\n<li><strong>Gregorio Malajovich<\/strong> Universidade Federal do Rio de Janeiro, Brazil.<\/li>\n<li><strong>Pedro P\u00e9rez-Aros,<\/strong> Universidad de O&#8217;Higgins, Chile.<\/li>\n<li><strong><a href=\"https:\/\/mate.dm.uba.ar\/~perrucci\/\" target=\"_blank\" rel=\"noopener\">Daniel Perrucci<\/a><\/strong>, Universidad de Buenos Aires, Argentina.<\/li>\n<li><strong>Emilio Vilches<\/strong>, Universidad de O&#8217;Higgins, Chile<\/li>\n<\/ul>\n<\/li>\n<\/ul>\n<div class=\"su-divider su-divider-style-default\" style=\"margin:15px 0;border-width:3px;border-color:#2C2C84\"><a href=\"#\" style=\"color:#999999\">Go to top<\/a><\/div>\n<h3>Registered Participants:<\/h3>\n<ul>\n<li style=\"list-style-type: none;\">\n<ul>\n<li><strong>V\u00edctor Castillo<\/strong>, Pontificia Universidad Cat\u00f3lica de Chile.<\/li>\n<li><strong>Sergio L\u00f3pez<\/strong>, Universidad de Chile.<\/li>\n<li><strong>Joaqu\u00edn Silva,<\/strong> Universidad de Chile.<\/li>\n<li><strong>V\u00edctor Verdugo<\/strong>, Universidad de O&#8217;Higgins.<\/li>\n<li><strong>Isabel Veliz<\/strong>.<\/li>\n<li><strong>Sergio Troncoso,<\/strong> Universidad T\u00e9cnica Federico Santa Mar\u00eda.<\/li>\n<li><strong>Pedro Montero<\/strong>, Universidad T\u00e9cnica Federico Santa Mar\u00eda.<\/li>\n<li><strong>Julio Deride<\/strong>, Universidad T\u00e9cnica Federico Santa Mar\u00eda.<\/li>\n<li><strong>Walter Jaramillo<\/strong>, Universidad de Chile.<\/li>\n<li><strong>Nicoll Ariza<\/strong>, Instituto Pedag\u00f3gico de Caracas.<\/li>\n<li><strong>Diana Narv\u00e1ez<\/strong>, Universidad de Chile.<\/li>\n<li><strong>Claudia Soto<\/strong>, Univerisdad de Chile.<\/li>\n<li><strong>Manuel Torres<\/strong>, Universidad de Chile.<\/li>\n<\/ul>\n<\/li>\n<\/ul>\n<div class=\"su-divider su-divider-style-default\" style=\"margin:15px 0;border-width:3px;border-color:#2C2C84\"><a href=\"#\" style=\"color:#999999\">Go to top<\/a><\/div>\n","protected":false},"excerpt":{"rendered":"<p>Antoine B\u00e9reau, CMAP, \u00c9cole Polytechnique, France. Fr\u00e9d\u00e9ric Bihan, Universit\u00e9 Savoie Mont Blanc, France. Alicia Dickenstein, Universidad de Buenos Aires, Argentina. St\u00e9phane Gaubert, INRIA and CMAP, \u00c9cole polytechnique, CNRS, France. Cristopher Hermosilla, Universidad T\u00e9cnica Federico Santa Mar\u00eda, Chile. Gabriela Jeronimo, Universidad de Buenos Aires, Argentina. Santiago Laplagne, Universidad de Buenos Aires, Argentina. Gregorio Malajovich Universidade Federal &hellip; <a href=\"https:\/\/eventos.cmm.uchile.cl\/argo2022\/speakers\/\" class=\"more-link\">Continue reading <span class=\"screen-reader-text\">Speakers<\/span> <span class=\"meta-nav\">&rarr;<\/span><\/a><\/p>\n","protected":false},"author":3,"featured_media":0,"parent":0,"menu_order":2,"comment_status":"closed","ping_status":"closed","template":"","meta":{"inline_featured_image":false,"footnotes":""},"class_list":["post-102","page","type-page","status-publish","hentry"],"_links":{"self":[{"href":"https:\/\/eventos.cmm.uchile.cl\/argo2022\/wp-json\/wp\/v2\/pages\/102","targetHints":{"allow":["GET"]}}],"collection":[{"href":"https:\/\/eventos.cmm.uchile.cl\/argo2022\/wp-json\/wp\/v2\/pages"}],"about":[{"href":"https:\/\/eventos.cmm.uchile.cl\/argo2022\/wp-json\/wp\/v2\/types\/page"}],"author":[{"embeddable":true,"href":"https:\/\/eventos.cmm.uchile.cl\/argo2022\/wp-json\/wp\/v2\/users\/3"}],"replies":[{"embeddable":true,"href":"https:\/\/eventos.cmm.uchile.cl\/argo2022\/wp-json\/wp\/v2\/comments?post=102"}],"version-history":[{"count":179,"href":"https:\/\/eventos.cmm.uchile.cl\/argo2022\/wp-json\/wp\/v2\/pages\/102\/revisions"}],"predecessor-version":[{"id":843,"href":"https:\/\/eventos.cmm.uchile.cl\/argo2022\/wp-json\/wp\/v2\/pages\/102\/revisions\/843"}],"wp:attachment":[{"href":"https:\/\/eventos.cmm.uchile.cl\/argo2022\/wp-json\/wp\/v2\/media?parent=102"}],"curies":[{"name":"wp","href":"https:\/\/api.w.org\/{rel}","templated":true}]}}