{"id":12,"date":"2014-06-11T15:49:18","date_gmt":"2014-06-11T19:49:18","guid":{"rendered":"http:\/\/eventos.cmm.uchile.cl\/astro2014\/?page_id=12"},"modified":"2014-08-22T16:26:19","modified_gmt":"2014-08-22T20:26:19","slug":"venue","status":"publish","type":"page","link":"https:\/\/eventos.cmm.uchile.cl\/astro2014\/venue\/","title":{"rendered":"Venue"},"content":{"rendered":"<p>Vi\u00f1a del Mar, Regi\u00f3n de Valpara\u00edso (5th Region), CHILE<br \/>\n90 minutes drive from\/to Santiago International Airport (SCL)<\/p>\n<h3>Conference Hotel<\/h3>\n<p>Hotel San Mart\u00edn<br \/>\nAvenida San Martin 667<br \/>\nVi\u00f1a del Mar, CHILE<br \/>\n<a href=\"http:\/\/www.hotelsanmartin.cl\/\" target=\"_blank\">www.hotelsanmartin.cl<\/a><br \/>\nTel (Hotel): +56 32 268 9191<br \/>\nemail: \u201cAstroinformatics 2014 Group Rate\u201d &lt;<a href=\"mailto:reservas@hotelsanmartin.cl?subject=Astroinformatics 2014 Group Rate\">reservas@hotelsanmartin.cl<\/a>&gt;<\/p>\n<p><strong>By plane:<\/strong> From Santiago Airport, 110 Km away, the trip lasts about 1\u00bd hour if you take Highway 68.<br \/>\n<strong>By bus:<\/strong> From Vi\u00f1a del Mar Terminal, only 10 minutes by car to San Martin Hotel.<br \/>\n<strong>By car:<\/strong> From Santiago, follow Highway 68 and choose Agua Santa diversion. From Valparaiso, take Espa\u00f1a Avenue.<\/p>\n<p><strong>From Santiago Airport to Vi\u00f1a del Mar:<\/strong><br \/>\n<strong>a) Private Taxi Service<\/strong><br \/>\nTaxioficial Aeropuerto de Stgo (Santiago Airport Official Taxi)<br \/>\nTel: +562 2601 9880\u00a0\u00a0 Email: &lt;reservas@taxioficial.cl&gt;<br \/>\nCost per ride (up to 3 people): CLP 89.000 (approx USD 160)<br \/>\n<strong>b) Public Transportation<\/strong><br \/>\nFirst take local bus from Aeropuerto to Terminal Pajaritos<br \/>\nCost per person: CLP 1500\u00a0 (approx USD 3)<br \/>\nConnect at Terminal Pajaritos with Bus to Vi\u00f1a Del Mar<br \/>\nCost per person:\u00a0 CLP\u00a0 5.500 (approx USD 10)<\/p>\n\n<!-- iframe plugin v.6.0 wordpress.org\/plugins\/iframe\/ -->\n<iframe loading=\"lazy\" src=\"https:\/\/mapsengine.google.com\/map\/u\/0\/embed?mid=zA4P8gjYU9Ww.kRMOwRVUcoNw\" height=\"360\" width=\"583\" frameborder=\"0\" marginwidth=\"0\" marginheight=\"0\" scrolling=\"no\" class=\"iframe-class\"><\/iframe>\n\n<p><a href=\"http:\/\/eventos.cmm.uchile.cl\/astro2014\/wp-content\/uploads\/sites\/13\/2014\/06\/hsm_map.pdf\">Download a map<\/a><\/p>\n<h3 id=\"reservations\">Special Group Rate Reservations<\/h3>\n<p>After submitting your application and receiving confirmation of your registration and if you want to stay at the conference hotel, please download, fill and send the following Hotel Reservation Form to\u00a0<a href=\"mailto:reservas@hotelsanmartin.cl?subject=Astroinformatics 2014 Group Rate\">reservas@hotelsanmartin.cl<\/a> with copy to marcia.avila@mvglobal.cl\u00a0 and astro2014@dim.uchile.cl. In order to guarantee the special &#8220;Astroinformatics 2014 Group Rate&#8221;, please make the reservation before August 1, 2014.<\/p>\n<p><a href=\"http:\/\/eventos.cmm.uchile.cl\/astro2014\/wp-content\/uploads\/sites\/13\/2014\/06\/Reservation-Form-Astroinformatics-2014.pdf\">Reservation Form \u201cASTROINFORMATICS 2014 CONFERENCE\u201d (english)<\/a><\/p>\n<p><a href=\"http:\/\/eventos.cmm.uchile.cl\/astro2014\/wp-content\/uploads\/sites\/13\/2014\/06\/Ficha-Solicitud-de-Reservas-Astroinformatics-2014.pdf\">Formulario de Reserva \u201cCONFERENCIA ASTROINFORMATICS 2014\u201d (espa\u00f1ol)<\/a><\/p>\n","protected":false},"excerpt":{"rendered":"<p>Vi\u00f1a del Mar, Regi\u00f3n de Valpara\u00edso (5th Region), CHILE 90 minutes drive from\/to Santiago International Airport (SCL) Conference Hotel Hotel San Mart\u00edn Avenida San Martin 667 Vi\u00f1a del Mar, CHILE www.hotelsanmartin.cl Tel (Hotel): +56 32 268 9191 email: \u201cAstroinformatics 2014 Group Rate\u201d &lt;reservas@hotelsanmartin.cl&gt; By plane: From Santiago Airport, 110 Km away, the trip lasts about &hellip; <a href=\"https:\/\/eventos.cmm.uchile.cl\/astro2014\/venue\/\" class=\"more-link\">Continue reading <span class=\"screen-reader-text\">Venue<\/span> <span class=\"meta-nav\">&rarr;<\/span><\/a><\/p>\n","protected":false},"author":2,"featured_media":0,"parent":0,"menu_order":3,"comment_status":"closed","ping_status":"closed","template":"","meta":{"inline_featured_image":false,"footnotes":""},"class_list":["post-12","page","type-page","status-publish","hentry"],"_links":{"self":[{"href":"https:\/\/eventos.cmm.uchile.cl\/astro2014\/wp-json\/wp\/v2\/pages\/12","targetHints":{"allow":["GET"]}}],"collection":[{"href":"https:\/\/eventos.cmm.uchile.cl\/astro2014\/wp-json\/wp\/v2\/pages"}],"about":[{"href":"https:\/\/eventos.cmm.uchile.cl\/astro2014\/wp-json\/wp\/v2\/types\/page"}],"author":[{"embeddable":true,"href":"https:\/\/eventos.cmm.uchile.cl\/astro2014\/wp-json\/wp\/v2\/users\/2"}],"replies":[{"embeddable":true,"href":"https:\/\/eventos.cmm.uchile.cl\/astro2014\/wp-json\/wp\/v2\/comments?post=12"}],"version-history":[{"count":12,"href":"https:\/\/eventos.cmm.uchile.cl\/astro2014\/wp-json\/wp\/v2\/pages\/12\/revisions"}],"predecessor-version":[{"id":106,"href":"https:\/\/eventos.cmm.uchile.cl\/astro2014\/wp-json\/wp\/v2\/pages\/12\/revisions\/106"}],"wp:attachment":[{"href":"https:\/\/eventos.cmm.uchile.cl\/astro2014\/wp-json\/wp\/v2\/media?parent=12"}],"curies":[{"name":"wp","href":"https:\/\/api.w.org\/{rel}","templated":true}]}}