{"id":11,"date":"2023-04-26T16:47:15","date_gmt":"2023-04-26T16:47:15","guid":{"rendered":"https:\/\/eventos.cmm.uchile.cl\/atacama2023\/?page_id=11"},"modified":"2023-05-04T19:28:48","modified_gmt":"2023-05-04T19:28:48","slug":"jornada","status":"publish","type":"page","link":"https:\/\/eventos.cmm.uchile.cl\/atacama2023\/","title":{"rendered":"Jornada"},"content":{"rendered":"<p><strong>Miguel Vargas Correa<\/strong>, Gobernador de la Regi\u00f3n de Atacama, junto a <strong>Forl\u00edn Aguilera Olivares<\/strong>, Rector de la Universidad de Atacama, y <strong>H\u00e9ctor Ram\u00edrez Cabrera<\/strong>, director del Centro de Modelamiento Matem\u00e1tico de la Universidad de Chile, tienen el agrado de invitarle a la <strong>Jornada Tecnol\u00f3gica de Atacama 2023: Nuevas oportunidades de colaboraci\u00f3n para la transformaci\u00f3n digital en educaci\u00f3n, salud y metalurgia<\/strong>.<\/p>\n<p>La actividad se realizar\u00e1 el <strong>mi\u00e9rcoles 17 de mayo de 2023 de 09:00 a 13:00 hrs.<\/strong> en el Sal\u00f3n de Juicio Oral de la Universidad de Atacama, ubicada en Avda. Copayapu 485, Copiap\u00f3.<\/p>\n<p style=\"text-align: center;\"><a href=\"https:\/\/eventos.cmm.uchile.cl\/atacama2023\/registro\/\" class=\"su-button su-button-style-flat\" style=\"color:#FFFFFF;background-color:#786156;border-color:#604e45;border-radius:9px\" target=\"_self\" title=\"Reserve su cupo\"><span style=\"color:#FFFFFF;padding:8px 24px;font-size:18px;line-height:27px;border-color:#a19189;border-radius:9px;text-shadow:none\"><i class=\"sui sui-wpforms\" style=\"font-size:18px;color:#FFFFFF\"><\/i> Registrarme<\/span><\/a>\n<p>&nbsp;<\/p>\n<p>&nbsp;<\/p>\n<p><img loading=\"lazy\" decoding=\"async\" class=\"size-full wp-image-40 aligncenter\" src=\"https:\/\/eventos.cmm.uchile.cl\/atacama2023\/wp-content\/uploads\/sites\/166\/2023\/05\/atacama2023_sponsors_01.png\" alt=\"organizadores\" width=\"604\" height=\"100\" srcset=\"https:\/\/eventos.cmm.uchile.cl\/atacama2023\/wp-content\/uploads\/sites\/166\/2023\/05\/atacama2023_sponsors_01.png 604w, https:\/\/eventos.cmm.uchile.cl\/atacama2023\/wp-content\/uploads\/sites\/166\/2023\/05\/atacama2023_sponsors_01-300x50.png 300w\" sizes=\"auto, (max-width: 604px) 100vw, 604px\" \/><\/p>\n<p>&nbsp;<\/p>\n<hr \/>\n<p>El\u00a0<strong>Centro de Modelamiento Matem\u00e1tico (CMM)<\/strong>\u00a0es un centro cient\u00edfico de referencia nacional para la investigaci\u00f3n y las aplicaciones de las matem\u00e1ticas. Su objetivo es crear nuevas matem\u00e1ticas y utilizarlas para resolver problemas procedentes de otras ciencias, la industria y las pol\u00edticas p\u00fablicas.<\/p>\n<p><small>Cr\u00e9dito foto cabecera: <a href=\"https:\/\/unsplash.com\/@gozilla999?utm_source=unsplash&amp;utm_medium=referral&amp;utm_content=creditCopyText\" target=\"_blank\" rel=\"noopener\">Sandro Meier<\/a> en Unsplash<\/small><\/p>\n","protected":false},"excerpt":{"rendered":"<p>Miguel Vargas Correa, Gobernador de la Regi\u00f3n de Atacama, junto a Forl\u00edn Aguilera Olivares, Rector de la Universidad de Atacama, y H\u00e9ctor Ram\u00edrez Cabrera, director del Centro de Modelamiento Matem\u00e1tico de la Universidad de Chile, tienen el agrado de invitarle a la Jornada Tecnol\u00f3gica de Atacama 2023: Nuevas oportunidades de colaboraci\u00f3n para la transformaci\u00f3n digital &hellip; <a href=\"https:\/\/eventos.cmm.uchile.cl\/atacama2023\/\" class=\"more-link\">Contin\u00fae leyendo <span class=\"screen-reader-text\">Jornada<\/span> <span class=\"meta-nav\">&rarr;<\/span><\/a><\/p>\n","protected":false},"author":2,"featured_media":0,"parent":0,"menu_order":0,"comment_status":"closed","ping_status":"closed","template":"","meta":{"inline_featured_image":false,"footnotes":""},"class_list":["post-11","page","type-page","status-publish","hentry"],"_links":{"self":[{"href":"https:\/\/eventos.cmm.uchile.cl\/atacama2023\/wp-json\/wp\/v2\/pages\/11","targetHints":{"allow":["GET"]}}],"collection":[{"href":"https:\/\/eventos.cmm.uchile.cl\/atacama2023\/wp-json\/wp\/v2\/pages"}],"about":[{"href":"https:\/\/eventos.cmm.uchile.cl\/atacama2023\/wp-json\/wp\/v2\/types\/page"}],"author":[{"embeddable":true,"href":"https:\/\/eventos.cmm.uchile.cl\/atacama2023\/wp-json\/wp\/v2\/users\/2"}],"replies":[{"embeddable":true,"href":"https:\/\/eventos.cmm.uchile.cl\/atacama2023\/wp-json\/wp\/v2\/comments?post=11"}],"version-history":[{"count":11,"href":"https:\/\/eventos.cmm.uchile.cl\/atacama2023\/wp-json\/wp\/v2\/pages\/11\/revisions"}],"predecessor-version":[{"id":38,"href":"https:\/\/eventos.cmm.uchile.cl\/atacama2023\/wp-json\/wp\/v2\/pages\/11\/revisions\/38"}],"wp:attachment":[{"href":"https:\/\/eventos.cmm.uchile.cl\/atacama2023\/wp-json\/wp\/v2\/media?parent=11"}],"curies":[{"name":"wp","href":"https:\/\/api.w.org\/{rel}","templated":true}]}}