{"id":13,"date":"2023-04-26T16:48:19","date_gmt":"2023-04-26T16:48:19","guid":{"rendered":"https:\/\/eventos.cmm.uchile.cl\/atacama2023\/?page_id=13"},"modified":"2023-05-22T22:29:04","modified_gmt":"2023-05-22T22:29:04","slug":"programa","status":"publish","type":"page","link":"https:\/\/eventos.cmm.uchile.cl\/atacama2023\/programa\/","title":{"rendered":"Programa"},"content":{"rendered":"<p>Mi\u00e9rcoles 17 de mayo 2023, 09:00-13:00 hrs.<\/p>\n<p>Sal\u00f3n de Juicio Oral, Universidad de Atacama (UDA)<\/p>\n<p>Co-Chairs:<\/p>\n<ul>\n<li><strong>Elizabeth Zepeda<br \/>\n<\/strong>Decana, Facultad de Humanidades y Educaci\u00f3n, Universidad de Atacama<\/li>\n<li><strong>Eduardo Vera<\/strong><br \/>\nCoordinador de Vinculaci\u00f3n Externa, Centro de Modelamiento Matem\u00e1tico (CMM), Universidad de Chile<\/li>\n<\/ul>\n<table width=\"480\">\n<tbody>\n<tr>\n<td width=\"87\">08:30-09:00<\/td>\n<td width=\"393\">Saludos Protocolares (Rector\u00eda)<\/td>\n<\/tr>\n<tr>\n<td>09:00-09:30<\/td>\n<td>Palabras de Bienvenida y Reflexiones Iniciales:<br \/>\n<strong>Forl\u00edn Aguilera<\/strong>, Rector de la Universidad de Atacama<br \/>\n<strong>Miguel Vargas<\/strong>, Gobernador de la Regi\u00f3n de Atacama<br \/>\n<strong>H\u00e9ctor Ram\u00edrez<\/strong>, Director CMM-UChile<\/td>\n<\/tr>\n<tr>\n<td>09:30-10:30<\/td>\n<td><em>Centro de Modelamiento Matem\u00e1tico (CMM)<\/em><br \/>\n<strong>Salom\u00e9 Mart\u00ednez<\/strong>, Directora de Transferencia e Innovaci\u00f3n, CMM-UChile<br \/>\n<a href=\"https:\/\/static.cmm.uchile.cl\/descargas\/2023\/atacama2023\/Presentacion_CMM_202305_07.pdf\" target=\"_blank\" rel=\"noopener\">Descargar (PDF)<\/a><\/td>\n<\/tr>\n<tr>\n<td>10:30-11:00<\/td>\n<td>Caf\u00e9<\/td>\n<\/tr>\n<tr>\n<td>11:00-11:30<\/td>\n<td><em>El rol de la Universidad de Atacama en el desarrollo cient\u00edfico de la regi\u00f3n<\/em><br \/>\n<strong>Mar\u00eda Jos\u00e9 Gallardo<\/strong>, Vicerrectora de Investigaci\u00f3n y Postgrado UDA<\/td>\n<\/tr>\n<tr>\n<td>11:30-12:30<\/td>\n<td>Conversatorio \u2014 Oportunidades de colaboraci\u00f3n acad\u00e9mica<br \/>\npara la transformaci\u00f3n digital en educaci\u00f3n, salud, metalurgia<br \/>\nModera: <strong>Eduardo Vera<\/strong>, Coordinador de Vinculaci\u00f3n Externa, CMM-UChile<\/td>\n<\/tr>\n<tr>\n<td>12:30-13:00<\/td>\n<td>Reflexiones finales y Palabras de Cierre.<\/td>\n<\/tr>\n<\/tbody>\n<\/table>\n","protected":false},"excerpt":{"rendered":"<p>Mi\u00e9rcoles 17 de mayo 2023, 09:00-13:00 hrs. Sal\u00f3n de Juicio Oral, Universidad de Atacama (UDA) Co-Chairs: Elizabeth Zepeda Decana, Facultad de Humanidades y Educaci\u00f3n, Universidad de Atacama Eduardo Vera Coordinador de Vinculaci\u00f3n Externa, Centro de Modelamiento Matem\u00e1tico (CMM), Universidad de Chile 08:30-09:00 Saludos Protocolares (Rector\u00eda) 09:00-09:30 Palabras de Bienvenida y Reflexiones Iniciales: Forl\u00edn Aguilera, Rector &hellip; <a href=\"https:\/\/eventos.cmm.uchile.cl\/atacama2023\/programa\/\" class=\"more-link\">Contin\u00fae leyendo <span class=\"screen-reader-text\">Programa<\/span> <span class=\"meta-nav\">&rarr;<\/span><\/a><\/p>\n","protected":false},"author":2,"featured_media":0,"parent":0,"menu_order":1,"comment_status":"closed","ping_status":"closed","template":"","meta":{"inline_featured_image":false,"footnotes":""},"class_list":["post-13","page","type-page","status-publish","hentry"],"_links":{"self":[{"href":"https:\/\/eventos.cmm.uchile.cl\/atacama2023\/wp-json\/wp\/v2\/pages\/13","targetHints":{"allow":["GET"]}}],"collection":[{"href":"https:\/\/eventos.cmm.uchile.cl\/atacama2023\/wp-json\/wp\/v2\/pages"}],"about":[{"href":"https:\/\/eventos.cmm.uchile.cl\/atacama2023\/wp-json\/wp\/v2\/types\/page"}],"author":[{"embeddable":true,"href":"https:\/\/eventos.cmm.uchile.cl\/atacama2023\/wp-json\/wp\/v2\/users\/2"}],"replies":[{"embeddable":true,"href":"https:\/\/eventos.cmm.uchile.cl\/atacama2023\/wp-json\/wp\/v2\/comments?post=13"}],"version-history":[{"count":12,"href":"https:\/\/eventos.cmm.uchile.cl\/atacama2023\/wp-json\/wp\/v2\/pages\/13\/revisions"}],"predecessor-version":[{"id":58,"href":"https:\/\/eventos.cmm.uchile.cl\/atacama2023\/wp-json\/wp\/v2\/pages\/13\/revisions\/58"}],"wp:attachment":[{"href":"https:\/\/eventos.cmm.uchile.cl\/atacama2023\/wp-json\/wp\/v2\/media?parent=13"}],"curies":[{"name":"wp","href":"https:\/\/api.w.org\/{rel}","templated":true}]}}