{"id":15,"date":"2023-04-26T16:48:34","date_gmt":"2023-04-26T16:48:34","guid":{"rendered":"https:\/\/eventos.cmm.uchile.cl\/atacama2023\/?page_id=15"},"modified":"2023-05-04T19:17:40","modified_gmt":"2023-05-04T19:17:40","slug":"lugar","status":"publish","type":"page","link":"https:\/\/eventos.cmm.uchile.cl\/atacama2023\/lugar\/","title":{"rendered":"Lugar"},"content":{"rendered":"<p>El encuentro se llevar\u00e1 a cabo en el Sal\u00f3n de Juicio Oral de la Universidad de Atacama, ubicada en Avda. Copayapu 485, Copiap\u00f3.<\/p>\n<p><img loading=\"lazy\" decoding=\"async\" class=\"size-full wp-image-45 aligncenter\" src=\"https:\/\/eventos.cmm.uchile.cl\/atacama2023\/wp-content\/uploads\/sites\/166\/2023\/05\/uda_venue_01.jpg\" alt=\"Universidad de Atacama\" width=\"604\" height=\"200\" srcset=\"https:\/\/eventos.cmm.uchile.cl\/atacama2023\/wp-content\/uploads\/sites\/166\/2023\/05\/uda_venue_01.jpg 604w, https:\/\/eventos.cmm.uchile.cl\/atacama2023\/wp-content\/uploads\/sites\/166\/2023\/05\/uda_venue_01-300x99.jpg 300w\" sizes=\"auto, (max-width: 604px) 100vw, 604px\" \/><\/p>\n<p>Sal\u00f3n de Juicio Oral<br \/>\n<strong>Universidad de Atacama<\/strong><br \/>\nAvda. Copayapu 485, Copiap\u00f3<\/p>\n<p><iframe loading=\"lazy\" style=\"border: 0;\" src=\"https:\/\/www.google.com\/maps\/embed?pb=!1m18!1m12!1m3!1d3543.5734082211857!2d-70.35367433291164!3d-27.357802197913045!2m3!1f0!2f0!3f0!3m2!1i1024!2i768!4f13.1!3m3!1m2!1s0x96980378517524b1%3A0x7feb673a66517b99!2sFacultad%20de%20Ciencias%20Jur%C3%ADdicas%20y%20Sociales%2C%20Universidad%20de%20Atacama%2C%20%C3%81rea%20Sur!5e0!3m2!1ses!2scl!4v1683212637805!5m2!1ses!2scl\" width=\"604\" height=\"450\" allowfullscreen=\"allowfullscreen\"><span data-mce-type=\"bookmark\" style=\"display: inline-block; width: 0px; overflow: hidden; line-height: 0;\" class=\"mce_SELRES_start\">\ufeff<\/span><\/iframe><\/p>\n","protected":false},"excerpt":{"rendered":"<p>El encuentro se llevar\u00e1 a cabo en el Sal\u00f3n de Juicio Oral de la Universidad de Atacama, ubicada en Avda. Copayapu 485, Copiap\u00f3. Sal\u00f3n de Juicio Oral Universidad de Atacama Avda. Copayapu 485, Copiap\u00f3 \ufeff<\/p>\n","protected":false},"author":2,"featured_media":0,"parent":0,"menu_order":2,"comment_status":"closed","ping_status":"closed","template":"","meta":{"inline_featured_image":false,"footnotes":""},"class_list":["post-15","page","type-page","status-publish","hentry"],"_links":{"self":[{"href":"https:\/\/eventos.cmm.uchile.cl\/atacama2023\/wp-json\/wp\/v2\/pages\/15","targetHints":{"allow":["GET"]}}],"collection":[{"href":"https:\/\/eventos.cmm.uchile.cl\/atacama2023\/wp-json\/wp\/v2\/pages"}],"about":[{"href":"https:\/\/eventos.cmm.uchile.cl\/atacama2023\/wp-json\/wp\/v2\/types\/page"}],"author":[{"embeddable":true,"href":"https:\/\/eventos.cmm.uchile.cl\/atacama2023\/wp-json\/wp\/v2\/users\/2"}],"replies":[{"embeddable":true,"href":"https:\/\/eventos.cmm.uchile.cl\/atacama2023\/wp-json\/wp\/v2\/comments?post=15"}],"version-history":[{"count":6,"href":"https:\/\/eventos.cmm.uchile.cl\/atacama2023\/wp-json\/wp\/v2\/pages\/15\/revisions"}],"predecessor-version":[{"id":47,"href":"https:\/\/eventos.cmm.uchile.cl\/atacama2023\/wp-json\/wp\/v2\/pages\/15\/revisions\/47"}],"wp:attachment":[{"href":"https:\/\/eventos.cmm.uchile.cl\/atacama2023\/wp-json\/wp\/v2\/media?parent=15"}],"curies":[{"name":"wp","href":"https:\/\/api.w.org\/{rel}","templated":true}]}}