{"id":15,"date":"2022-11-08T10:45:32","date_gmt":"2022-11-08T13:45:32","guid":{"rendered":"https:\/\/eventos.cmm.uchile.cl\/allaire2022\/?page_id=15"},"modified":"2023-12-02T04:19:52","modified_gmt":"2023-12-02T07:19:52","slug":"inicio","status":"publish","type":"page","link":"https:\/\/eventos.cmm.uchile.cl\/bertoglio2023\/","title":{"rendered":"Inicio"},"content":{"rendered":"<p>Este curso es una serie de clases impartidas por el profesor Crist\u00f3bal Bertoglio, U. de Groninga, Pa\u00edses Bajos. El curso se centrar\u00e1 en conceptos b\u00e1sicos de elementos finitos en s\u00f3lidos, fluidos, e interacci\u00f3n fluido estructura.<\/p>\n<p>El curso se impartir\u00e1 en la <strong>sala B02 y B04 (Beauchef 851, Santiago)<\/strong> entre el <strong>11 y el 22 de diciembre de 2023, a partir de las 17:30<\/strong>. Abierto a estudiantes de ingenier\u00eda y matem\u00e1ticas de universidades chilenas.<\/p>\n<p><a href=\"https:\/\/eventos.cmm.uchile.cl\/bertoglio2023\/?page_id=18\">M\u00e1s informaci\u00f3n<\/a> sobre el curso y el profesor Bertoglio.<\/p>\n<div class=\"su-button-center\"><a href=\"https:\/\/eventos.cmm.uchile.cl\/bertoglio2023\/?page_id=38\" class=\"su-button su-button-style-flat\" style=\"color:#FFFFFF;background-color:#27234F;border-color:#201c40;border-radius:9px\" target=\"_self\"><span style=\"color:#FFFFFF;padding:8px 24px;font-size:18px;line-height:27px;border-color:#686584;border-radius:9px;text-shadow:none\"><i class=\"sui sui-wpforms\" style=\"font-size:18px;color:#FFFFFF\"><\/i> Inscr\u00edbete para asistir<\/span><\/a><\/div>\n<h3>Comit\u00e9 organizador<\/h3>\n<ul>\n<li style=\"list-style-type: none;\">\n<ul>\n<li>Natacha Astromujoff<\/li>\n<li>Axel Osses<\/li>\n<\/ul>\n<\/li>\n<\/ul>\n<div id=\"gtx-trans\" style=\"position: absolute; left: 310px; top: 201px;\">\n<div class=\"gtx-trans-icon\"><\/div>\n<\/div>\n","protected":false},"excerpt":{"rendered":"<p>Este curso es una serie de clases impartidas por el profesor Crist\u00f3bal Bertoglio, U. de Groninga, Pa\u00edses Bajos. El curso se centrar\u00e1 en conceptos b\u00e1sicos de elementos finitos en s\u00f3lidos, fluidos, e interacci\u00f3n fluido estructura. El curso se impartir\u00e1 en la sala B02 y B04 (Beauchef 851, Santiago) entre el 11 y el 22 de &hellip; <a href=\"https:\/\/eventos.cmm.uchile.cl\/bertoglio2023\/\" class=\"more-link\">Seguir leyendo <span class=\"screen-reader-text\">Inicio<\/span> <span class=\"meta-nav\">&rarr;<\/span><\/a><\/p>\n","protected":false},"author":2,"featured_media":0,"parent":0,"menu_order":0,"comment_status":"closed","ping_status":"closed","template":"","meta":{"inline_featured_image":false,"footnotes":""},"class_list":["post-15","page","type-page","status-publish","hentry"],"_links":{"self":[{"href":"https:\/\/eventos.cmm.uchile.cl\/bertoglio2023\/wp-json\/wp\/v2\/pages\/15","targetHints":{"allow":["GET"]}}],"collection":[{"href":"https:\/\/eventos.cmm.uchile.cl\/bertoglio2023\/wp-json\/wp\/v2\/pages"}],"about":[{"href":"https:\/\/eventos.cmm.uchile.cl\/bertoglio2023\/wp-json\/wp\/v2\/types\/page"}],"author":[{"embeddable":true,"href":"https:\/\/eventos.cmm.uchile.cl\/bertoglio2023\/wp-json\/wp\/v2\/users\/2"}],"replies":[{"embeddable":true,"href":"https:\/\/eventos.cmm.uchile.cl\/bertoglio2023\/wp-json\/wp\/v2\/comments?post=15"}],"version-history":[{"count":25,"href":"https:\/\/eventos.cmm.uchile.cl\/bertoglio2023\/wp-json\/wp\/v2\/pages\/15\/revisions"}],"predecessor-version":[{"id":154,"href":"https:\/\/eventos.cmm.uchile.cl\/bertoglio2023\/wp-json\/wp\/v2\/pages\/15\/revisions\/154"}],"wp:attachment":[{"href":"https:\/\/eventos.cmm.uchile.cl\/bertoglio2023\/wp-json\/wp\/v2\/media?parent=15"}],"curies":[{"name":"wp","href":"https:\/\/api.w.org\/{rel}","templated":true}]}}