{"id":8,"date":"2016-06-02T16:04:50","date_gmt":"2016-06-02T16:04:50","guid":{"rendered":"http:\/\/eventos.cmm.uchile.cl\/bioprocesos2016\/?page_id=8"},"modified":"2016-08-17T11:29:47","modified_gmt":"2016-08-17T14:29:47","slug":"speakers","status":"publish","type":"page","link":"https:\/\/eventos.cmm.uchile.cl\/bioprocesos2016\/speakers\/","title":{"rendered":"Speakers"},"content":{"rendered":"<h3><img loading=\"lazy\" decoding=\"async\" class=\"alignleft size-full wp-image-122\" src=\"http:\/\/eventos.cmm.uchile.cl\/bioprocesos2016\/wp-content\/uploads\/sites\/35\/2016\/06\/Raimund_Buerger_01.jpg\" alt=\"Raimund_Buerger_01\" width=\"200\" height=\"200\" srcset=\"https:\/\/eventos.cmm.uchile.cl\/bioprocesos2016\/wp-content\/uploads\/sites\/35\/2016\/06\/Raimund_Buerger_01.jpg 200w, https:\/\/eventos.cmm.uchile.cl\/bioprocesos2016\/wp-content\/uploads\/sites\/35\/2016\/06\/Raimund_Buerger_01-150x150.jpg 150w\" sizes=\"auto, (max-width: 200px) 100vw, 200px\" \/>Raimund B\u00fcrger<\/h3>\n<p>Universidad de Concepci\u00f3n, Chile<br \/>\nHe received his doctoral degree in mathematics at Universit\u00e4t Stuttgart, Germany,\u00a0 in 1996. He had held various research and assistant positions with that university before he joined the Numerical Analysis group at the Department of Mathematical Engineering at Universidad de Concepci\u00f3n (UdeC), Chile, as a Full Professor in 2005. His main area of research is the mathematical and numerical analysis of degenerate parabolic equations, systems of conservation laws, and related problems with applications to mineral processing, wastewater treatment, traffic modeling, mathematical biology and others. He recently contributed to the formulation and numerical solution of models of reactive settling that incorporate bulk flows, hindered settling, compression, and biological reactions. These phenomena arise\u00a0 in\u00a0 the activated sludge and related processes. His main\u00a0 collaborators on that topic are Stefan Diehl (Lund University, Sweden), Ingmar Nopens (Ghent University, Belgium), and Elena Torfs and Peter A. Vanrolleghem (both Universit\u00e9 Laval, Qu\u00e9bec, Canada).<\/p>\n<p>Raimund B\u00fcrger is also\u00a0 sub-director of the Research Center of Mathematical Engineering (Centro de Investigaci\u00f3n en Ingenier\u00eda Matem\u00e1tica, CI\u00b2MA) at UdeC, and Associate Researcher of CMM\u00a0 and of the Center of Water Resources for Agriculture and Mining (Centro de Recursos H\u00eddricos para la Agricultura y la Miner\u00eda, CRHIAM) at UdeC. He has co-authored one book and more than 120 articles in refereed journals, and has supervised 18 doctoral students and postdoctoral researchers.<\/p>\n<h3><img loading=\"lazy\" decoding=\"async\" class=\"alignleft size-full wp-image-70\" src=\"http:\/\/eventos.cmm.uchile.cl\/bioprocesos2016\/wp-content\/uploads\/sites\/35\/2016\/06\/Denis_Dochain_01.jpg\" alt=\"Denis Dochain\" width=\"200\" height=\"200\" srcset=\"https:\/\/eventos.cmm.uchile.cl\/bioprocesos2016\/wp-content\/uploads\/sites\/35\/2016\/06\/Denis_Dochain_01.jpg 200w, https:\/\/eventos.cmm.uchile.cl\/bioprocesos2016\/wp-content\/uploads\/sites\/35\/2016\/06\/Denis_Dochain_01-150x150.jpg 150w\" sizes=\"auto, (max-width: 200px) 100vw, 200px\" \/>Denis Dochain<\/h3>\n<p>Universit\u00e9 Catholique de Louvain, Belgium<br \/>\nHe received his degree in Electrical engineering in 1982 from the Universit\u00e9 Catholique de Louvain, Belgium. He completed his Ph.D. thesis and a \u00ab\u00a0th\u00e8se d\u2019agr\u00e9gation de l\u2019enseignement sup\u00e9rieur\u00a0\u00bb in 1986 and 1994, respectively, also at\u00a0 the Universit\u00e9 Catholique de Louvain, Belgium. He has been CNRS associate researcher at the LAAS (Toulouse, France) in 1989, and Professor at the Ecole Polytechnique de Montr\u00e9al, Canada in 1987-88 and 1990-92. He has been with the FNRS (Fonds National de la Recherche Scientifique, National Fund for Scientific Research), Belgium since 1990. Since September 1999, he is Professor at the ICTEAM (Institute), Universit\u00e9 Catholique de Louvain, Belgium, and Honorary Research Director of the FNRS. He has been invited professor at Queen\u2019s University, Kingston, Canada between 2002 and 2004. He is full professor at the UCL since 2005. He is the Editor-in-Chief of the Journal of Process Control and associate editor of the IEEE Transactions of Automatic Control and of Automatica. He is active in IFAC since 1999 (Council member, Technical Board member member, TC and CC chair, chair and presently member of the IFAC Publication Committee). He received the IFAC outstanding service award in 2008 and is an IFAC fellow since 2010.His main research interests are in the field of nonlinear systems, thermodynamics based control, parameter and state estimation, adaptive extremum seeking control and distributed parameter systems, with application to microbial ecology, environmental, biological and chemical systems, pulp and paper processes, polymerisation reactors, and electric systems. He is the (co-)author of 4 books, more than 125 papers in refereed journals and 230 international conference papers.<\/p>\n<h3><img loading=\"lazy\" decoding=\"async\" class=\"alignleft size-full wp-image-71\" src=\"http:\/\/eventos.cmm.uchile.cl\/bioprocesos2016\/wp-content\/uploads\/sites\/35\/2016\/06\/Andres_Donoso_01.jpg\" alt=\"Andres Donoso\" width=\"200\" height=\"200\" srcset=\"https:\/\/eventos.cmm.uchile.cl\/bioprocesos2016\/wp-content\/uploads\/sites\/35\/2016\/06\/Andres_Donoso_01.jpg 200w, https:\/\/eventos.cmm.uchile.cl\/bioprocesos2016\/wp-content\/uploads\/sites\/35\/2016\/06\/Andres_Donoso_01-150x150.jpg 150w\" sizes=\"auto, (max-width: 200px) 100vw, 200px\" \/>Andres Donoso-Bravo<\/h3>\n<p>Inria Chile &#8211; Pontificia Universidad Cat\u00f3lica de Valpara\u00edso<br \/>\nHe possesses a Biochemical Engineer diploma (2004) and a Doctor degree in engineering Sciences (2008) both given by the Pontificia Universidad Cat\u00f3lica de Valpara\u00edso (PUCV), Chile. After his PhD these, in 2009 Andr\u00e9s moved to Spain (Valladolid) to do a one year postdoc project, under the frame of the NOVEDAR_ CONSOLIDER project, in data modeling from anaerobic reactors as well as experimental and pilot work with pretreatment technologies for sewage sludge biomethanation improvement. In April of 2010, Andr\u00e9s starts his second postdoc as a Researcher in the Service d&#8217;Automatique, Faculte Polytechnique, Universit\u00e9 de Mons, Belgium. During April 2010 \u2013 2011 his work was funded by Belspo (Belgian Science Policy) as a Postdoc fellow on the subject of modeling and identification in anaerobic digestion systems. During April 2011 \u2013 201 worked as a researcher of the WAGRALIM project NUTRIVERT funded by the Walloon Region on the subject: Mathematical Modeling of the anaerobic digestion in aquaculture systems . In June 2012, Andr\u00e9s gets back to Chile with a postdoctoral contract with the PUCV and INRIA Chile. Between January \u2013 April 2013 as well as March April 2014 he does an Research internship funded by Conicyt at the Department of Chemical and Materials Engineering, University of Alberta. Canada. Andres work in Advanced mathematical modeling of the catalytic oxidation of ammonia and other chemical process using Computational Fluid Dynamic (CFD). At the end of 2013, he got a 3year Conicyt Funded research project in evaluating pretreatment technologies on the anaerobic digestion of agricultural waste. Currently, his main tasks are pilot plant design, implementation and operation and mathematical modeling. Andres has 35 ISI papers and H index of 10 and has participated numerous international congresses and has given more than 17 scientific lectures all over the globe.<\/p>\n<h3><img loading=\"lazy\" decoding=\"async\" class=\"alignleft size-full wp-image-72\" src=\"http:\/\/eventos.cmm.uchile.cl\/bioprocesos2016\/wp-content\/uploads\/sites\/35\/2016\/06\/Jerome_Harmand_02.jpg\" alt=\"Jerome Harmand\" width=\"200\" height=\"200\" \/>J\u00e9r\u00f4me Harmand<\/h3>\n<p>Inra Narbonne, France<br \/>\nHe is a senior researcher in automatic control at LBE-INRA. His domaine of expertise is the modelling and control of microbial ecosystems and bioprocesses.\u00a0 He is the actual coordinator of the Euro-Mediterranean research network TREASURE (<a href=\"http:\/\/www6.inra.fr\/treasure\">http:\/\/www6.inra.fr\/treasure<\/a>) and the head of the SAMI (\u201cSyst\u00e8me, Analyse, Mod\u00e9lisation et Informatique\u201d) team at the LBE. He has co-supervised 11 PhD students and is currently co-supervising 5 others; he is and has been involved in many National and International projects. He has 3 patents and has authored or co-authored about 150 references with approximately 70 journal papers.<\/p>\n<p>Further information:\u00a0<a href=\"https:\/\/sites.google.com\/site\/pagewebharmandjerome\/\">https:\/\/sites.google.com\/site\/pagewebharmandjerome\/<\/a><\/p>\n<h3><\/h3>\n<h3><img loading=\"lazy\" decoding=\"async\" class=\"size-full wp-image-141 alignleft\" src=\"http:\/\/eventos.cmm.uchile.cl\/bioprocesos2016\/wp-content\/uploads\/sites\/35\/2016\/06\/Maria_Elena_Lienqueo_01.jpg\" alt=\"Mar\u00eda Elena Lienqueo\" width=\"200\" height=\"200\" srcset=\"https:\/\/eventos.cmm.uchile.cl\/bioprocesos2016\/wp-content\/uploads\/sites\/35\/2016\/06\/Maria_Elena_Lienqueo_01.jpg 200w, https:\/\/eventos.cmm.uchile.cl\/bioprocesos2016\/wp-content\/uploads\/sites\/35\/2016\/06\/Maria_Elena_Lienqueo_01-150x150.jpg 150w\" sizes=\"auto, (max-width: 200px) 100vw, 200px\" \/>Mar\u00eda Elena Lienqueo<\/h3>\n<p>Universidad de Chile<br \/>\nShe has obtained her Ph.D. on Chemical Engineering (Biotechnology), University of Reading and University of Chile in 1999. Her area of expertise is the development of isolation and purification methods for proteins, bio-products purification, production of high-value chemical from lignocellulosic and macroalgae biomass. She is Associate Professor in the Department of Chemical Engineering and Biotechnology at the University of Chile \u00a0and principal researcher \u00a0in the Centre for Biotechnology and Engineering (CeBiB). She has published about 35 publications in recognized journals in biotechnology areas. She \u00a0has led, either as director or as main research, about twelve projects in the last 10 years.<\/p>\n<p>Further information: <a href=\"http:\/\/diqbt.uchile.cl\/maria-elena-lienqueo\/\">http:\/\/diqbt.uchile.cl\/maria-elena-lienqueo\/<\/a><\/p>\n<h3><\/h3>\n<h3><img loading=\"lazy\" decoding=\"async\" class=\"alignleft size-full wp-image-185\" src=\"http:\/\/eventos.cmm.uchile.cl\/bioprocesos2016\/wp-content\/uploads\/sites\/35\/2016\/06\/Daniel_Navia_02.jpg\" alt=\"Daniel Navia\" width=\"200\" height=\"200\" srcset=\"https:\/\/eventos.cmm.uchile.cl\/bioprocesos2016\/wp-content\/uploads\/sites\/35\/2016\/06\/Daniel_Navia_02.jpg 200w, https:\/\/eventos.cmm.uchile.cl\/bioprocesos2016\/wp-content\/uploads\/sites\/35\/2016\/06\/Daniel_Navia_02-150x150.jpg 150w\" sizes=\"auto, (max-width: 200px) 100vw, 200px\" \/>Daniel Navia L\u00f3pez<\/h3>\n<p>Universidad T\u00e9cnica Federico Santa Mar\u00eda, Santiago, Chile<br \/>\nHe has obtained his Ph.D. on Process System Engineering in Universidad de Valladolid, Spain, in 2013. His areas of expertise are process control and real time optimization. He is faculty of the Chemical and Environmental Engineering Department (DIQA), Universidad T\u00e9cnica Federico Santa Mar\u00eda (UTFSM). Actually, he is collaborating with the Mathematical Department of UTFSM, studying decomposition algorithms for the optimization of large-scale processes. Recently, he has published a reformulation of the modifier adaptation methodology as a nested optimization problem, with the idea of finding the necessary conditions of optimality of uncertain processes.<\/p>\n<p>&nbsp;<\/p>\n<h3><img loading=\"lazy\" decoding=\"async\" class=\"alignleft size-full wp-image-73\" src=\"http:\/\/eventos.cmm.uchile.cl\/bioprocesos2016\/wp-content\/uploads\/sites\/35\/2016\/06\/Alain_Rapaport_01.jpg\" alt=\"Alain Rapaport\" width=\"200\" height=\"200\" srcset=\"https:\/\/eventos.cmm.uchile.cl\/bioprocesos2016\/wp-content\/uploads\/sites\/35\/2016\/06\/Alain_Rapaport_01.jpg 200w, https:\/\/eventos.cmm.uchile.cl\/bioprocesos2016\/wp-content\/uploads\/sites\/35\/2016\/06\/Alain_Rapaport_01-150x150.jpg 150w\" sizes=\"auto, (max-width: 200px) 100vw, 200px\" \/>Alain Rapaport<\/h3>\n<p>Inra Montpellier, France<br \/>\nHe received his PhD from Ecole des Mines de Paris (France) in 1994, and after a two-years postdoctoral position at Imperial College, London (U.K.), he get a position as a full researcher at INRA (Institut National de la Recherche Agronomique), Montpellier (France).In 2003. He received the &#8220;Habilitation \u00e0 diriger des recherches&#8221; in mathematics from University Montpellier and has been promoted as &#8220;research director&#8221; in 2005.From 2009 to 2014, he has been the head of the MISTEA (Mathematics, Informatics and STatistics for Environmental and Agronomics sciences) lab, Montpellier, and the team leader of MODEMIC (Modelling and Optimization of the Dynamics of Ecosystems with MICro-organisms) group from 2011 to 2015.He research interests concern dynamical systems, differential equations, control and observation of dynamical systems, optimization and optimal control with applications in modelling, design and supervision of microbial ecosystems and the management of renewable natural resources. He is the author of 67 articles in international per-reviewed journals and has supervised 19 PhD and postdocs.From 2010 to 2015, he has been the french investigator of the franco-chilean DYMECOS (DYnamical\u00a0 Microbial and Environmental eCOSystems) research group.<\/p>\n<p>Further details are available on the web page <a href=\"https:\/\/sites.google.com\/site\/alainrapaport\">https:\/\/sites.google.com\/site\/alainrapaport<\/a><\/p>\n<h3><img loading=\"lazy\" decoding=\"async\" class=\"alignleft size-full wp-image-74\" src=\"http:\/\/eventos.cmm.uchile.cl\/bioprocesos2016\/wp-content\/uploads\/sites\/35\/2016\/06\/Antoine_Rousseau_01.jpg\" alt=\"Antoine Rousseau\" width=\"200\" height=\"200\" srcset=\"https:\/\/eventos.cmm.uchile.cl\/bioprocesos2016\/wp-content\/uploads\/sites\/35\/2016\/06\/Antoine_Rousseau_01.jpg 200w, https:\/\/eventos.cmm.uchile.cl\/bioprocesos2016\/wp-content\/uploads\/sites\/35\/2016\/06\/Antoine_Rousseau_01-150x150.jpg 150w\" sizes=\"auto, (max-width: 200px) 100vw, 200px\" \/>Antoine Rousseau<\/h3>\n<p>Inria France<br \/>\nHe has obtained his Ph.D. on Applied Mathematics in Universit\u00e9 Paris Sud Orsay, France, in 2005. His area of expertise is mathematical modeling and numerical analysis in environmental sciences, with an special\u00a0emphasis to applications in geophysical fluid dynamics. He is the scientific head of the Inria team LEMON in Montpellier (France), after he started his career in Inria Grenoble. He has published about 30 publications in recognized journals in mathematics and other related areas; he is associate editor and reviewer of\u00a0several research journals on PDEs and applications. He has been part of several research project in France, and also in Chile where he spent 8 months in 2016 in the framework of Inria Chile and the international center for marine energies, MERIC.<\/p>\n<h3><img loading=\"lazy\" decoding=\"async\" class=\"alignleft size-full wp-image-76\" src=\"http:\/\/eventos.cmm.uchile.cl\/bioprocesos2016\/wp-content\/uploads\/sites\/35\/2016\/06\/Matthieu_Sebbah_01.jpg\" alt=\"Matthieu Sebbah\" width=\"200\" height=\"200\" srcset=\"https:\/\/eventos.cmm.uchile.cl\/bioprocesos2016\/wp-content\/uploads\/sites\/35\/2016\/06\/Matthieu_Sebbah_01.jpg 200w, https:\/\/eventos.cmm.uchile.cl\/bioprocesos2016\/wp-content\/uploads\/sites\/35\/2016\/06\/Matthieu_Sebbah_01-150x150.jpg 150w\" sizes=\"auto, (max-width: 200px) 100vw, 200px\" \/>Matthieu Sebbah<\/h3>\n<p>Universidad T\u00e9cnica Federico Santa Mar\u00eda<br \/>\nHe received his Ph.D. on Applied Mathematics in Universit\u00e9 Montpellier II, France, in 2012 from which he started a first postdoctoral position granted by the French Institute INRIA. As this position included a Chilean partnership, Matthieu moved to the Universidad T\u00e9cnica Federico Santa Mar\u00eda of Valpara\u00edso in january 2016 where he is still in activity at the moment. After this first postdoctoral position, he worked briefly as a research engineer in the BIONATURE Team of the Chilean fundation INRIA Chile. In November 2014, he started a second poctdoctoral position granted by the Chilean comision CONICYT which is his actual position. His area of expertise is optimal control applied to bioprocesses and environmental sciences.<\/p>\n","protected":false},"excerpt":{"rendered":"<p>Raimund B\u00fcrger Universidad de Concepci\u00f3n, Chile He received his doctoral degree in mathematics at Universit\u00e4t Stuttgart, Germany,\u00a0 in 1996. He had held various research and assistant positions with that university before he joined the Numerical Analysis group at the Department of Mathematical Engineering at Universidad de Concepci\u00f3n (UdeC), Chile, as a Full Professor in 2005. &hellip; <a href=\"https:\/\/eventos.cmm.uchile.cl\/bioprocesos2016\/speakers\/\" class=\"more-link\">Continue reading <span class=\"screen-reader-text\">Speakers<\/span> <span class=\"meta-nav\">&rarr;<\/span><\/a><\/p>\n","protected":false},"author":2,"featured_media":0,"parent":0,"menu_order":1,"comment_status":"closed","ping_status":"closed","template":"","meta":{"inline_featured_image":false,"footnotes":""},"class_list":["post-8","page","type-page","status-publish","hentry"],"_links":{"self":[{"href":"https:\/\/eventos.cmm.uchile.cl\/bioprocesos2016\/wp-json\/wp\/v2\/pages\/8","targetHints":{"allow":["GET"]}}],"collection":[{"href":"https:\/\/eventos.cmm.uchile.cl\/bioprocesos2016\/wp-json\/wp\/v2\/pages"}],"about":[{"href":"https:\/\/eventos.cmm.uchile.cl\/bioprocesos2016\/wp-json\/wp\/v2\/types\/page"}],"author":[{"embeddable":true,"href":"https:\/\/eventos.cmm.uchile.cl\/bioprocesos2016\/wp-json\/wp\/v2\/users\/2"}],"replies":[{"embeddable":true,"href":"https:\/\/eventos.cmm.uchile.cl\/bioprocesos2016\/wp-json\/wp\/v2\/comments?post=8"}],"version-history":[{"count":41,"href":"https:\/\/eventos.cmm.uchile.cl\/bioprocesos2016\/wp-json\/wp\/v2\/pages\/8\/revisions"}],"predecessor-version":[{"id":199,"href":"https:\/\/eventos.cmm.uchile.cl\/bioprocesos2016\/wp-json\/wp\/v2\/pages\/8\/revisions\/199"}],"wp:attachment":[{"href":"https:\/\/eventos.cmm.uchile.cl\/bioprocesos2016\/wp-json\/wp\/v2\/media?parent=8"}],"curies":[{"name":"wp","href":"https:\/\/api.w.org\/{rel}","templated":true}]}}