{"id":240,"date":"2019-11-26T12:39:40","date_gmt":"2019-11-26T15:39:40","guid":{"rendered":"http:\/\/eventos.cmm.uchile.cl\/ceds2026\/?page_id=240"},"modified":"2026-05-12T10:38:19","modified_gmt":"2026-05-12T14:38:19","slug":"international-conference__trashed","status":"publish","type":"page","link":"https:\/\/eventos.cmm.uchile.cl\/ceds2026\/en\/","title":{"rendered":"Home"},"content":{"rendered":"[et_pb_section fb_built=&#8221;1&#8243; _builder_version=&#8221;4.27.0&#8243; _module_preset=&#8221;default&#8221; background_image=&#8221;https:\/\/eventos.cmm.uchile.cl\/ceds2026\/wp-content\/uploads\/sites\/229\/2026\/03\/homeceds2026.jpg&#8221; custom_padding=&#8221;81px||108px|||&#8221; global_colors_info=&#8221;{}&#8221;][et_pb_row _builder_version=&#8221;4.27.0&#8243; _module_preset=&#8221;default&#8221; global_colors_info=&#8221;{}&#8221;][et_pb_column type=&#8221;4_4&#8243; _builder_version=&#8221;4.27.0&#8243; _module_preset=&#8221;default&#8221; global_colors_info=&#8221;{}&#8221;][et_pb_text _builder_version=&#8221;4.27.0&#8243; _module_preset=&#8221;default&#8221; text_font=&#8221;Open Sans||||||||&#8221; text_text_color=&#8221;#FFFFFF&#8221; text_line_height=&#8221;40px&#8221; background_color=&#8221;rgba(15,14,14,0.9)&#8221; custom_margin=&#8221;||||false|false&#8221; custom_padding=&#8221;60px|70px|60px|70px|false|false&#8221; inline_fonts=&#8221;Open Sans&#8221; global_colors_info=&#8221;{}&#8221;]\n<p style=\"text-align:center;font-family:'Open Sans', sans-serif;font-weight:700;font-size:48px;line-height:72px\">\n<strong>Conferencia Internacional Espacio y Desarrollo Sostenible<\/strong>\n<\/p>\n<p style=\"text-align:center;font-family:'Open Sans', sans-serif;font-weight:400;font-size:26px;line-height:45px\">\n<strong>Santiago de Chile, 27, 28 y 29 de octubre de 2026<\/strong>\n<\/p>\n<p style=\"text-align:center;font-family:'Open Sans', sans-serif;font-weight:400;font-size:26px;line-height:45px\">\nCEDS 2026 es una instancia \u00fanica que convoca al sector p\u00fablico, academia e industria a analizar y discutir, desde una mirada multisectorial, los desaf\u00edos y oportunidades de la actividad espacial, motor de desarrollo sostenible.\n<\/p>\n[\/et_pb_text][et_pb_button button_url=&#8221;https:\/\/eventos.cmm.uchile.cl\/ceds2026\/inscripcion\/&#8221; button_text=&#8221;Inscr\u00edbete ac\u00e1&#8221; button_alignment=&#8221;center&#8221; _builder_version=&#8221;4.27.0&#8243; _module_preset=&#8221;default&#8221; custom_button=&#8221;on&#8221; button_text_size=&#8221;26px&#8221; button_bg_color=&#8221;#6b31af&#8221; button_border_width=&#8221;0px&#8221; button_font=&#8221;Open Sans|600|||||||&#8221; global_colors_info=&#8221;{}&#8221;][\/et_pb_button][\/et_pb_column][\/et_pb_row][\/et_pb_section][et_pb_section fb_built=&#8221;1&#8243; _builder_version=&#8221;4.27.0&#8243; _module_preset=&#8221;default&#8221; global_colors_info=&#8221;{}&#8221;][et_pb_row _builder_version=&#8221;4.27.0&#8243; _module_preset=&#8221;default&#8221; global_colors_info=&#8221;{}&#8221;][et_pb_column type=&#8221;4_4&#8243; _builder_version=&#8221;4.27.0&#8243; _module_preset=&#8221;default&#8221; global_colors_info=&#8221;{}&#8221;][et_pb_text _builder_version=&#8221;4.27.0&#8243; _module_preset=&#8221;default&#8221; background_color=&#8221;#5a1f9f&#8221; width=&#8221;581px&#8221; max_width=&#8221;441px&#8221; module_alignment=&#8221;center&#8221; custom_margin=&#8221;||||false&#8221; custom_padding=&#8221;40px|30px|40px|30px|true|true&#8221; border_radii=&#8221;on|19px|19px|19px|19px&#8221; global_colors_info=&#8221;{}&#8221;]\n<h2 style=\"color:#FFFFFF;font-family:'Open Sans', sans-serif;font-weight:800;font-size:48px;line-height:1;text-align:center;margin:0 0 24px 0\">\nConvocatoria<\/h2>\n<div style=\"width:88%;height:1px;margin:0 auto 28px auto\"><\/div>\n<p style=\"color:#FFFFFF;font-family:'Open Sans', sans-serif;font-weight:600;font-size:20px;line-height:30px;text-align:center;margin:0 0 28px 0\">\nInvitamos a la comunidad acad\u00e9mica y profesional del sector espacial a presentar sus propuestas y aportar al desarrollo de estrategias para el avance de la actividad espacial a nivel global.<\/p>\n<p style=\"color:#FFFFFF;font-family:'Open Sans', sans-serif;font-weight:700;font-size:24px;line-height:36px;text-align:center;margin:0 0 28px 0\">\n\u00bfQuieres presentar tu trabajo en CEDS 2026?<\/p>\n<div style=\"text-align:center;\">\n<p><a href=\"https:\/\/eventos.cmm.uchile.cl\/ceds2026\/convocatoria\/\" style=\"\ndisplay:inline-flex;\nalign-items:center;\n\n\njustify-content:center;\nbackground:#FFFFFF;\ncolor:#6B31AF;\nfont-family:'Open Sans', sans-serif;\nfont-weight:700;\nfont-size:24px;\nline-height:24px;\ntext-decoration:none;\npadding:6px 22px 20px 22px;\nborder-radius:999px;\nwhite-space:nowrap;\n\"><br \/>\n<span style=\"display:inline-block; transform:translateY(-2px);\"><br \/>\nQuiero saber m\u00e1s<br \/>\n<\/span><br \/>\n<\/a>[\/et_pb_text][\/et_pb_column][\/et_pb_row][\/et_pb_section]\n","protected":false},"excerpt":{"rendered":"<p>Conferencia Internacional Espacio y Desarrollo Sostenible Santiago de Chile, 27, 28 y 29 de octubre de 2026 CEDS 2026 es una instancia \u00fanica que convoca al sector p\u00fablico, academia e industria a analizar y discutir, desde una mirada multisectorial, los desaf\u00edos y oportunidades de la actividad espacial, motor de desarrollo sostenible. Convocatoria Invitamos a la [&hellip;]<\/p>\n","protected":false},"author":2,"featured_media":0,"parent":0,"menu_order":0,"comment_status":"closed","ping_status":"closed","template":"","meta":{"_et_pb_use_builder":"on","_et_pb_old_content":"","_et_gb_content_width":"","inline_featured_image":false,"footnotes":""},"class_list":["post-240","page","type-page","status-publish","hentry"],"_links":{"self":[{"href":"https:\/\/eventos.cmm.uchile.cl\/ceds2026\/en\/wp-json\/wp\/v2\/pages\/240","targetHints":{"allow":["GET"]}}],"collection":[{"href":"https:\/\/eventos.cmm.uchile.cl\/ceds2026\/en\/wp-json\/wp\/v2\/pages"}],"about":[{"href":"https:\/\/eventos.cmm.uchile.cl\/ceds2026\/en\/wp-json\/wp\/v2\/types\/page"}],"author":[{"embeddable":true,"href":"https:\/\/eventos.cmm.uchile.cl\/ceds2026\/en\/wp-json\/wp\/v2\/users\/2"}],"replies":[{"embeddable":true,"href":"https:\/\/eventos.cmm.uchile.cl\/ceds2026\/en\/wp-json\/wp\/v2\/comments?post=240"}],"version-history":[{"count":103,"href":"https:\/\/eventos.cmm.uchile.cl\/ceds2026\/en\/wp-json\/wp\/v2\/pages\/240\/revisions"}],"predecessor-version":[{"id":3254,"href":"https:\/\/eventos.cmm.uchile.cl\/ceds2026\/en\/wp-json\/wp\/v2\/pages\/240\/revisions\/3254"}],"wp:attachment":[{"href":"https:\/\/eventos.cmm.uchile.cl\/ceds2026\/en\/wp-json\/wp\/v2\/media?parent=240"}],"curies":[{"name":"wp","href":"https:\/\/api.w.org\/{rel}","templated":true}]}}