{"id":2574,"date":"2026-03-04T15:42:03","date_gmt":"2026-03-04T18:42:03","guid":{"rendered":"https:\/\/eventos.cmm.uchile.cl\/ceds2026\/?page_id=2574"},"modified":"2026-04-28T14:46:36","modified_gmt":"2026-04-28T18:46:36","slug":"acerca-de","status":"publish","type":"page","link":"https:\/\/eventos.cmm.uchile.cl\/ceds2026\/en\/acerca-de\/","title":{"rendered":"CEDS 2026"},"content":{"rendered":"[et_pb_section fb_built=&#8221;1&#8243; _builder_version=&#8221;4.27.0&#8243; _module_preset=&#8221;default&#8221; background_color=&#8221;#3c1f5e&#8221; global_colors_info=&#8221;{}&#8221;][et_pb_row column_structure=&#8221;1_2,1_2&#8243; _builder_version=&#8221;4.27.0&#8243; _module_preset=&#8221;default&#8221; max_width=&#8221;1400px&#8221; hover_enabled=&#8221;0&#8243; global_colors_info=&#8221;{}&#8221; sticky_enabled=&#8221;0&#8243;][et_pb_column type=&#8221;1_2&#8243; _builder_version=&#8221;4.27.0&#8243; _module_preset=&#8221;default&#8221; global_colors_info=&#8221;{}&#8221;][et_pb_text _builder_version=&#8221;4.27.0&#8243; _module_preset=&#8221;default&#8221; text_font=&#8221;Open Sans|300|||||||&#8221; text_text_color=&#8221;#FFFFFF&#8221; text_font_size=&#8221;16px&#8221; header_font=&#8221;|800|||||||&#8221; header_text_color=&#8221;#FFFFFF&#8221; header_font_size=&#8221;48px&#8221; hover_enabled=&#8221;0&#8243; global_colors_info=&#8221;{}&#8221; custom_padding=&#8221;||0px|||&#8221; sticky_enabled=&#8221;0&#8243;]\n<h1>\u00bfQu\u00e9 es CEDS?<\/h1>\n<p><span style=\"font-weight: 400\">En los \u00faltimos a\u00f1os ha crecido fuertemente la comunidad nacional e internacional en los temas ligados al Espacio, adem\u00e1s de desarrollar un <\/span><b>inter\u00e9s transversal<\/b><span style=\"font-weight: 400\"> a tem\u00e1ticas atingentes a la <\/span><b>sociedad.<\/b><\/p>\n<p><span style=\"font-weight: 400\">Dicho inter\u00e9s se diversifica en tem\u00e1ticas como: los m\u00faltiples y variados <\/span><b>usos que tiene la tecnolog\u00eda espacial<\/b><span style=\"font-weight: 400\">, las oportunidades de desarrollo de una creciente industria (New Space) en torno a nuevos y crecientes desaf\u00edos (tales como la basura espacial, el mantenimiento de cielos limpios, etc.), nuevos requerimientos y actores, y la necesaria <\/span><b>regulaci\u00f3n<\/b><span style=\"font-weight: 400\">, tanto a nivel local como internacional, que asegura un <\/span><b>uso sostenible y pac\u00edfico<\/b><span style=\"font-weight: 400\">.<\/span><\/p>\n<p><span style=\"font-weight: 400\">CEDS se presenta como un espacio de conocimiento e intercambio de ideas en torno a los desaf\u00edos y oportunidades que se enfrentan en la actualidad, y la b\u00fasqueda de alternativas de acci\u00f3n en el avance de los usos pac\u00edficos del Espacio.<\/span><\/p>\n<h1>CEDS 2026<\/h1>\n<p><span style=\"font-weight: 400\">Este a\u00f1o hemos convocado a un amplio colectivo de actores y reconocidos expertos internacionales en los diversos \u00e1mbitos del espacio; desde la industria, quien aporta tecnolog\u00eda y servicios la academia, enfocado en su rol para el desarrollo cient\u00edfico-tecnol\u00f3gico, hasta actores del \u00e1mbito p\u00fablico, responsables de proveer un marco de acci\u00f3n que asegure la sustentabilidad de estas acciones.<\/span><\/p>\n<p><span style=\"font-weight: 400\">Asimismo, invitamos a investigadores y acad\u00e9micos que est\u00e9n llevando a cabo experiencias en estos \u00e1mbitos a dar a conocer sus trabajos y su visi\u00f3n en esta Conferencia, con el objeto de aportar en la b\u00fasqueda de estrategias y acciones para el avance de la actividad espacial y su aporte al desarrollo sostenible de la sociedad.<\/span><\/p>\n[\/et_pb_text][\/et_pb_column][et_pb_column type=&#8221;1_2&#8243; _builder_version=&#8221;4.27.0&#8243; _module_preset=&#8221;default&#8221; global_colors_info=&#8221;{}&#8221;][et_pb_image src=&#8221;https:\/\/eventos.cmm.uchile.cl\/ceds2026\/wp-content\/uploads\/sites\/229\/2026\/03\/queesceds.jpg&#8221; title_text=&#8221;qu\u00e9esceds&#8221; _builder_version=&#8221;4.27.0&#8243; _module_preset=&#8221;default&#8221; global_colors_info=&#8221;{}&#8221;][\/et_pb_image][\/et_pb_column][\/et_pb_row][\/et_pb_section][et_pb_section fb_built=&#8221;1&#8243; _builder_version=&#8221;4.27.0&#8243; _module_preset=&#8221;default&#8221; custom_padding=&#8221;||54px|||&#8221; global_colors_info=&#8221;{}&#8221;][et_pb_row _builder_version=&#8221;4.27.0&#8243; _module_preset=&#8221;default&#8221; global_colors_info=&#8221;{}&#8221;][et_pb_column type=&#8221;4_4&#8243; _builder_version=&#8221;4.27.0&#8243; _module_preset=&#8221;default&#8221; global_colors_info=&#8221;{}&#8221;][et_pb_text _builder_version=&#8221;4.27.0&#8243; _module_preset=&#8221;default&#8221; text_font=&#8221;Open Sans|600|||||||&#8221; text_text_color=&#8221;#3c1f5e&#8221; header_font=&#8221;Open Sans||||||||&#8221; hover_enabled=&#8221;0&#8243; global_colors_info=&#8221;{}&#8221; sticky_enabled=&#8221;0&#8243;]\n<h1><span style=\"font-size: x-large\"><strong>Ejes tem\u00e1ticos<\/strong><\/span><\/h1>\n<p><span style=\"font-weight: 400\"><\/span><\/p>\n<p><span style=\"font-weight: 400\">CEDS 2026 es un espacio donde se analizar\u00e1 y discutir\u00e1 acerca de:<\/span><\/p>\n[\/et_pb_text][\/et_pb_column][\/et_pb_row][et_pb_row _builder_version=&#8221;4.27.0&#8243; _module_preset=&#8221;default&#8221; global_colors_info=&#8221;{}&#8221;][et_pb_column type=&#8221;4_4&#8243; _builder_version=&#8221;4.27.0&#8243; _module_preset=&#8221;default&#8221; global_colors_info=&#8221;{}&#8221;][et_pb_accordion open_toggle_text_color=&#8221;#af3189&#8243; open_toggle_background_color=&#8221;#FFFFFF&#8221; closed_toggle_text_color=&#8221;#3c1f53&#8243; closed_toggle_background_color=&#8221;#FFFFFF&#8221; toggle_icon=&#8221;&#xf067;||fa||900&#8243; icon_color=&#8221;#af3189&#8243; _builder_version=&#8221;4.27.0&#8243; _module_preset=&#8221;default&#8221; toggle_text_color=&#8221;#af3189&#8243; toggle_level=&#8221;h2&#8243; toggle_font=&#8221;Open Sans|600|||||||&#8221; closed_toggle_font=&#8221;Open Sans||||||||&#8221; background_color=&#8221;RGBA(255,255,255,0)&#8221; hover_enabled=&#8221;0&#8243; border_width_all=&#8221;0px&#8221; global_colors_info=&#8221;{}&#8221; sticky_enabled=&#8221;0&#8243;][et_pb_accordion_item title=&#8221;Su t\u00edtulo va aqu\u00ed&#8221; open=&#8221;on&#8221; _builder_version=&#8221;4.27.0&#8243; _module_preset=&#8221;default&#8221; custom_css_main_element=&#8221;display:none;&#8221; global_colors_info=&#8221;{}&#8221;][\/et_pb_accordion_item][et_pb_accordion_item title=&#8221;1. Oportunidades y desaf\u00edos en el desarrollo espacial&#8221; _builder_version=&#8221;4.27.0&#8243; _module_preset=&#8221;default&#8221; body_font=&#8221;Open Sans||||||||&#8221; body_font_size=&#8221;16px&#8221; hover_enabled=&#8221;0&#8243; border_width_bottom=&#8221;4px&#8221; border_color_bottom=&#8221;#6b31af&#8221; global_colors_info=&#8221;{}&#8221; open=&#8221;off&#8221; sticky_enabled=&#8221;0&#8243;]\n<p>B\u00fasqueda y promoci\u00f3n de estrategias sustentables para la actividad espacial, como las definidas en el documento <em>Espacio 2030 y los ODS<\/em> de la Naciones Unidas y la <em>Agenda \u201cEspacio 2030\u201d<\/em> para el desarrollo sostenible. Esta discusi\u00f3n deber\u00eda abarcar, entre otros, los siguientes puntos:<\/p>\n<ul>\n<li><em>Ventajas estrat\u00e9gicas para el desarrollo de la actividad espacial y la tecnolog\u00eda planetaria.<\/em> Para facilitar la descripci\u00f3n prospectiva de los nuevos escenarios que emergen a nivel global y los retos cient\u00edficos que de ellos emanan.<\/li>\n<li><em>Rol de la industria, la academia y el gobierno.<\/em> Los roles de cada uno, en una pol\u00edtica de desarrollo espacial que fortalezca el desarrollo de los pa\u00edses.<\/li>\n<li><em>Estrategias y pol\u00edticas.<\/em> Estrategias y pol\u00edticas espaciales que enfaticen el desarrollo sostenible y favorezcan un alto grado de inclusi\u00f3n social y desarrollo socio-econ\u00f3mico.<\/li>\n<\/ul>\n[\/et_pb_accordion_item][et_pb_accordion_item title=&#8221;2. Promoci\u00f3n del desarrollo de la ciencia y tecnolog\u00eda espacial&#8221; _builder_version=&#8221;4.27.0&#8243; _module_preset=&#8221;default&#8221; hover_enabled=&#8221;0&#8243; border_width_bottom=&#8221;4px&#8221; border_color_bottom=&#8221;#6b31af&#8221; global_colors_info=&#8221;{}&#8221; open=&#8221;off&#8221; sticky_enabled=&#8221;0&#8243;]\n<p>En la sociedad del conocimiento la generaci\u00f3n de valor y la posici\u00f3n de las naciones en el contexto internacional son definidos por su nivel de desarrollo e inversi\u00f3n en ciencia y tecnolog\u00eda. Lo mismo y con mayor raz\u00f3n ocurre en los temas del Espacio. Por tanto, se debieran abordar t\u00f3picos tales como.<\/p>\n<ul>\n<li><em>Desarrollo de ciencias afines:<\/em> La F\u00edsica, la Ciencia de los Datos, la Inform\u00e1tica, las Matem\u00e1ticas Aplicadas, la Biolog\u00eda del Espacio, entre otras.<\/li>\n<li><em>Desarrollo Tecnol\u00f3gico en \u00e1reas clave,<\/em> las Telecomunicaciones, el Control Autom\u00e1tico, la Geom\u00e1tica, la Rob\u00f3tica, etc.,<\/li>\n<li><em>Formaci\u00f3n de capital humano:<\/em> Enfatizando el desarrollo de esquemas de Colaboraci\u00f3n con la Industria para la b\u00fasqueda de nuevos planes de formaci\u00f3n son altamente deseables en esta l\u00ednea.<\/li>\n<\/ul>\n[\/et_pb_accordion_item][et_pb_accordion_item title=&#8221;3. Promover la innovaci\u00f3n y el desarrollo industrial en materia espacial&#8221; _builder_version=&#8221;4.27.0&#8243; _module_preset=&#8221;default&#8221; hover_enabled=&#8221;0&#8243; border_width_bottom=&#8221;4px&#8221; border_color_bottom=&#8221;#6b31af&#8221; global_colors_info=&#8221;{}&#8221; open=&#8221;off&#8221; sticky_enabled=&#8221;0&#8243;]\n<p>Participar en el desarrollo econ\u00f3mico que genera la industria espacial no es s\u00f3lo una oportunidad disponible en los pa\u00edses desarrollados, en esta actividad en crecimiento exponencial existen numerosas oportunidades para participar de los beneficios econ\u00f3micos generando industrias que se involucren activamente en nuevos productos y servicios que, a partir del desarrollo y la innovaci\u00f3n, construyan bienestar para todos. Entre otros, se analizar\u00e1n las oportunidades que se se\u00f1alan en los siguientes campos:<\/p>\n<ul>\n<li>Geoprocesamiento, industria clave para el aprovechamiento de los datos provistos por los sat\u00e9lites, drones, aviones y otros instrumentos de observaci\u00f3n de la Tierra.<\/li>\n<li><em>Nanosat\u00e9lites,<\/em> la macrotendencia a usar enjambres de nanosat\u00e9lites para suplir una parte de las funciones cumplidas hasta ahora por los sat\u00e9lites de mayor tama\u00f1o.<\/li>\n<li><em>Sensores e instrumentaci\u00f3n,<\/em> desarrollo de sensores para la industria espacial y sus bases terrestres.<\/li>\n<li><em>Rob\u00f3tica,<\/em> para aportar al desarrollo de instrumentos y procesos en el espacio y en otros planetas<\/li>\n<li><em>Ciencia de Datos,<\/em> donde se analizan la informaci\u00f3n y generaci\u00f3n de conocimiento derivado del procesamiento de las masas de datos que est\u00e1n proveyendo los instrumentos espaciales y los numerosos sensores<\/li>\n<li><em>Inteligencia Artificial,<\/em> para desarrollar la capacidad de gestionar sistemas complejos sin intervenci\u00f3n humana, claves en el desarrollo de misiones en el espacio exterior.<\/li>\n<li><em>Nuevo Espacio,<\/em> con la irrupci\u00f3n del sector privado en todos los \u00e1mbitos del quehacer espacial.<\/li>\n<\/ul>\n[\/et_pb_accordion_item][et_pb_accordion_item title=&#8221;4. El espacio en los grandes desaf\u00edos globales&#8221; _builder_version=&#8221;4.27.0&#8243; _module_preset=&#8221;default&#8221; hover_enabled=&#8221;0&#8243; border_width_bottom=&#8221;4px&#8221; border_color_bottom=&#8221;#6b31af&#8221; global_colors_info=&#8221;{}&#8221; open=&#8221;off&#8221; sticky_enabled=&#8221;0&#8243;]\n<p>Teniendo en cuenta que el espacio nos pertenece a todos y nos enfrentamos a grandes desaf\u00edos globales, en este segmento se busca recibir aportes y lineamientos sobre c\u00f3mo poder construir marcos jur\u00eddicos, legales y de colaboraci\u00f3n que garanticen su uso equitativo y sostenible, la generaci\u00f3n de negocios, el aprovechamiento de las tecnolog\u00edas y gesti\u00f3n de recursos, entre otros. Para ello se sugieren algunos:<\/p>\n<ul>\n<li><em>Participaci\u00f3n en acuerdos internacionales<\/em>: Distinguiendo entre los que son de aplicaci\u00f3n universal y otros que reflejan compromisos \u00a0no vinculantes, adem\u00e1s de analizar y dimensionar el rol del sector privado.<\/li>\n<li><em>Regulaci\u00f3n Internacional y su legislaci\u00f3n nacional:<\/em> An\u00e1lisis de los Tratados Espaciales, sus potenciales modificaciones y\/o desarrollo progresivo con vistas a los nuevos desaf\u00edos, retos y crisis de la globalizaci\u00f3n. Desaf\u00edos \u00e9ticos. Su implementaci\u00f3n nacional. Enfoques en perspectiva de \u00a0la Agenda \u201c<em>Espacio 2030<\/em>\u201d, etc.<\/li>\n<li><em>Cooperaci\u00f3n internacional, bilateral y multilateral: <\/em>como elemento que reduzca las asimetr\u00edas en materia de capacidades y tecnolog\u00edas espaciales y permita la sinergia.<\/li>\n<li><em>Tem\u00e1ticas emergentes:<\/em> tales como un Espacio Limpio y Silencioso, la propiedad de los activos que se encuentran m\u00e1s all\u00e1 de nuestro planeta, actividades relacionadas con los recursos espaciales, participaci\u00f3n global de los beneficios etc.<\/li>\n<\/ul>\n[\/et_pb_accordion_item][\/et_pb_accordion][\/et_pb_column][\/et_pb_row][et_pb_row _builder_version=&#8221;4.27.0&#8243; _module_preset=&#8221;default&#8221; global_colors_info=&#8221;{}&#8221;][et_pb_column type=&#8221;4_4&#8243; _builder_version=&#8221;4.27.0&#8243; _module_preset=&#8221;default&#8221; global_colors_info=&#8221;{}&#8221;][et_pb_text _builder_version=&#8221;4.27.0&#8243; _module_preset=&#8221;default&#8221; hover_enabled=&#8221;0&#8243; global_colors_info=&#8221;{}&#8221; sticky_enabled=&#8221;0&#8243;]\n<h2>Estructura<\/h2>\n<p>La Conferencia se extender\u00e1 durante 3 d\u00edas e incluye las siguientes actividades:<\/p>\n<ul>\n<li>Sesiones Plenarias: 4 sesiones con reconocidos expertos internacionales cada una sobre las materias ejes de la Conferencia.<\/li>\n<li>Sesiones paralelas: 8 sesiones para la presentaci\u00f3n de trabajos y ponencias seleccionadas de los participantes sobre la base del \u201cCall for Papers\u201d, que profundizar\u00e1n los temas propuestos para la Conferencia. Su selecci\u00f3n es realizada por el Comit\u00e9 Internacional.<\/li>\n<li>Sesiones para generar intercambios de propuestas y conclusiones<\/li>\n<li>1 Rueda de Negocios.<\/li>\n<\/ul>\n[\/et_pb_text][\/et_pb_column][\/et_pb_row][\/et_pb_section]\n","protected":false},"excerpt":{"rendered":"<p>\u00bfQu\u00e9 es CEDS? En los \u00faltimos a\u00f1os ha crecido fuertemente la comunidad nacional e internacional en los temas ligados al Espacio, adem\u00e1s de desarrollar un inter\u00e9s transversal a tem\u00e1ticas atingentes a la sociedad. Dicho inter\u00e9s se diversifica en tem\u00e1ticas como: los m\u00faltiples y variados usos que tiene la tecnolog\u00eda espacial, las oportunidades de desarrollo de [&hellip;]<\/p>\n","protected":false},"author":105,"featured_media":0,"parent":0,"menu_order":0,"comment_status":"closed","ping_status":"closed","template":"","meta":{"_et_pb_use_builder":"on","_et_pb_old_content":"","_et_gb_content_width":"","inline_featured_image":false,"footnotes":""},"class_list":["post-2574","page","type-page","status-publish","hentry"],"_links":{"self":[{"href":"https:\/\/eventos.cmm.uchile.cl\/ceds2026\/en\/wp-json\/wp\/v2\/pages\/2574","targetHints":{"allow":["GET"]}}],"collection":[{"href":"https:\/\/eventos.cmm.uchile.cl\/ceds2026\/en\/wp-json\/wp\/v2\/pages"}],"about":[{"href":"https:\/\/eventos.cmm.uchile.cl\/ceds2026\/en\/wp-json\/wp\/v2\/types\/page"}],"author":[{"embeddable":true,"href":"https:\/\/eventos.cmm.uchile.cl\/ceds2026\/en\/wp-json\/wp\/v2\/users\/105"}],"replies":[{"embeddable":true,"href":"https:\/\/eventos.cmm.uchile.cl\/ceds2026\/en\/wp-json\/wp\/v2\/comments?post=2574"}],"version-history":[{"count":20,"href":"https:\/\/eventos.cmm.uchile.cl\/ceds2026\/en\/wp-json\/wp\/v2\/pages\/2574\/revisions"}],"predecessor-version":[{"id":3144,"href":"https:\/\/eventos.cmm.uchile.cl\/ceds2026\/en\/wp-json\/wp\/v2\/pages\/2574\/revisions\/3144"}],"wp:attachment":[{"href":"https:\/\/eventos.cmm.uchile.cl\/ceds2026\/en\/wp-json\/wp\/v2\/media?parent=2574"}],"curies":[{"name":"wp","href":"https:\/\/api.w.org\/{rel}","templated":true}]}}