{"id":2719,"date":"2026-03-09T15:47:05","date_gmt":"2026-03-09T18:47:05","guid":{"rendered":"https:\/\/eventos.cmm.uchile.cl\/ceds2026\/?page_id=2719"},"modified":"2026-04-16T08:35:51","modified_gmt":"2026-04-16T12:35:51","slug":"nuestra-historia","status":"publish","type":"page","link":"https:\/\/eventos.cmm.uchile.cl\/ceds2026\/en\/nuestra-historia\/","title":{"rendered":"Our history"},"content":{"rendered":"[et_pb_section fb_built=&#8221;1&#8243; _builder_version=&#8221;4.27.0&#8243; _module_preset=&#8221;default&#8221; global_colors_info=&#8221;{}&#8221;][et_pb_row _builder_version=&#8221;4.27.0&#8243; _module_preset=&#8221;default&#8221; global_colors_info=&#8221;{}&#8221;][et_pb_column type=&#8221;4_4&#8243; _builder_version=&#8221;4.27.0&#8243; _module_preset=&#8221;default&#8221; global_colors_info=&#8221;{}&#8221;][et_pb_heading title=&#8221;Nuestra historia&#8221; _builder_version=&#8221;4.27.0&#8243; _module_preset=&#8221;default&#8221; title_font=&#8221;Open Sans|800|||||||&#8221; title_text_color=&#8221;#3c1f5e&#8221; title_font_size=&#8221;60px&#8221; global_colors_info=&#8221;{}&#8221;][\/et_pb_heading][\/et_pb_column][\/et_pb_row][et_pb_row _builder_version=&#8221;4.27.0&#8243; _module_preset=&#8221;default&#8221; global_colors_info=&#8221;{}&#8221;][et_pb_column type=&#8221;4_4&#8243; _builder_version=&#8221;4.27.0&#8243; _module_preset=&#8221;default&#8221; global_colors_info=&#8221;{}&#8221;][et_pb_text _builder_version=&#8221;4.27.0&#8243; _module_preset=&#8221;default&#8221; inline_fonts=&#8221;Open Sans&#8221; global_colors_info=&#8221;{}&#8221;]\n<p>&nbsp;<\/p>\n<p><span style=\"color: #3c1f5e; font-family: Open Sans; font-size: xx-large;\"><strong>Chile en el desarrollo de la actividad espacial<\/strong><\/span><\/p>\n<p>Chile est\u00e1 llamado a jugar un rol de primera l\u00ednea. Su posicionamiento en el desarrollo de la actividad espacial, en especial de la Astronom\u00eda, concentrando un alto porcentaje de los observatorios a escala mundial; Poseer un entorno ideal de prueba de ambientes y veh\u00edculos como es el Desierto de Atacama; la actividad en torno a nanosat\u00e9lites, la alianza con el programa Copernicus de la Uni\u00f3n Europea que permite la disponibilidad de datos abiertos, son s\u00f3lo una muestra de la creciente actividad que est\u00e1 ocurriendo en el pa\u00eds, lo que nos demanda avanzar en la b\u00fasqueda de estrategias y lineamientos que contribuyan al desarrollo de los temas ligados al espacio.<\/p>\n<p>&nbsp;<\/p>\n<p><span style=\"color: #3c1f5e; font-size: xx-large;\"><strong>Rol de la Universidad de Chile<\/strong><\/span><\/p>\n<p>La Universidad de Chile, ha estado estrechamente vinculada a estos temas, desde que firmara el acuerdo en 1958 para apoyar los programas de la NASA y crear el Centro de Estudios Espaciales, o en 2017 cuando, a trav\u00e9s del Programa SUCHAI de nano-sat\u00e9lites lanzara el primer nano-sat\u00e9lite chileno, base de la actual constelaci\u00f3n de nano-sat\u00e9lites de Chile y, actualmente llevando cabo el proyecto <a href=\"https:\/\/www.copernicuslac-chile.eu\/\">Centro Regional Copernicus para Am\u00e9rica Latina y el Caribe: CopernicusLAC Chile<\/a>, en el marco del acuerdo firmado con la Uni\u00f3n Europea, el que est\u00e1 desplegando una poderosa infraestructura para el almacenamiento y procesamiento de datos, entregando servicios a la regi\u00f3n que beneficiar\u00e1n la toma de decisiones en diversos \u00e1mbitos que afectan hoy a la sociedad. Por estas y otras razones, junto a instituciones nacionales e internacionales, tanto p\u00fablicas como privadas, han decidido organizar la <strong>Conferencia Internacional Espacio y Desarrollo Sostenible (CEDS 2026).<\/strong><\/p>\n<p><strong><\/strong><\/p>\n<p><strong><\/strong><\/p>\n<p><strong><\/strong><\/p>\n<p><span style=\"color: #3c1f5e; font-size: xx-large;\"><strong>CEDS 2024<\/strong><\/span><\/p>\n<p>Durante la Conferencia Internacional Espacio y Desarrollo Sostenible (CEDS 2024) se desarrollaron tres jornadas de actividades que combinaron instancias acad\u00e9micas, t\u00e9cnicas y de networking.<\/p>\n<p>El evento comenz\u00f3 con la inscripci\u00f3n de participantes y un taller sobre la Alianza Digital entre la Uni\u00f3n Europea, Am\u00e9rica Latina y el Caribe, seguido de la ceremonia inaugural. Ese mismo d\u00eda se realiz\u00f3 una sesi\u00f3n plenaria sobre pol\u00edticas espaciales nacionales y regionales, adem\u00e1s de paneles enfocados en la necesidad de una pol\u00edtica espacial nacional y en el incentivo a la innovaci\u00f3n.<\/p>\n<p>En la segunda jornada, el foco estuvo en la industria y la tecnolog\u00eda espacial. Se llevaron a cabo sesiones plenarias sobre la industria espacial y sobre ciencia y tecnolog\u00eda del espacio, junto con diversas sesiones paralelas que abordaron temas como la observaci\u00f3n de la Tierra, la tecnolog\u00eda del segmento espacial, la inteligencia artificial aplicada y los nanosat\u00e9lites. La jornada tambi\u00e9n incluy\u00f3 espacios de interacci\u00f3n, como almuerzos de trabajo y un c\u00f3ctel de networking.<\/p>\n<p>Finalmente, la tercera jornada se centr\u00f3 en el impacto global del sector, con sesiones sobre la sostenibilidad del espacio y el espacio como activo de la humanidad. El evento concluy\u00f3 con una ceremonia de cierre.<\/p>\n<p><strong><\/strong><\/p>\n[\/et_pb_text][\/et_pb_column][\/et_pb_row][\/et_pb_section]\n","protected":false},"excerpt":{"rendered":"<p>&nbsp; Chile en el desarrollo de la actividad espacial Chile est\u00e1 llamado a jugar un rol de primera l\u00ednea. Su posicionamiento en el desarrollo de la actividad espacial, en especial de la Astronom\u00eda, concentrando un alto porcentaje de los observatorios a escala mundial; Poseer un entorno ideal de prueba de ambientes y veh\u00edculos como es [&hellip;]<\/p>\n","protected":false},"author":105,"featured_media":0,"parent":0,"menu_order":0,"comment_status":"closed","ping_status":"closed","template":"","meta":{"_et_pb_use_builder":"on","_et_pb_old_content":"","_et_gb_content_width":"","inline_featured_image":false,"footnotes":""},"class_list":["post-2719","page","type-page","status-publish","hentry"],"_links":{"self":[{"href":"https:\/\/eventos.cmm.uchile.cl\/ceds2026\/en\/wp-json\/wp\/v2\/pages\/2719","targetHints":{"allow":["GET"]}}],"collection":[{"href":"https:\/\/eventos.cmm.uchile.cl\/ceds2026\/en\/wp-json\/wp\/v2\/pages"}],"about":[{"href":"https:\/\/eventos.cmm.uchile.cl\/ceds2026\/en\/wp-json\/wp\/v2\/types\/page"}],"author":[{"embeddable":true,"href":"https:\/\/eventos.cmm.uchile.cl\/ceds2026\/en\/wp-json\/wp\/v2\/users\/105"}],"replies":[{"embeddable":true,"href":"https:\/\/eventos.cmm.uchile.cl\/ceds2026\/en\/wp-json\/wp\/v2\/comments?post=2719"}],"version-history":[{"count":10,"href":"https:\/\/eventos.cmm.uchile.cl\/ceds2026\/en\/wp-json\/wp\/v2\/pages\/2719\/revisions"}],"predecessor-version":[{"id":3061,"href":"https:\/\/eventos.cmm.uchile.cl\/ceds2026\/en\/wp-json\/wp\/v2\/pages\/2719\/revisions\/3061"}],"wp:attachment":[{"href":"https:\/\/eventos.cmm.uchile.cl\/ceds2026\/en\/wp-json\/wp\/v2\/media?parent=2719"}],"curies":[{"name":"wp","href":"https:\/\/api.w.org\/{rel}","templated":true}]}}