{"id":2740,"date":"2026-03-09T16:08:23","date_gmt":"2026-03-09T19:08:23","guid":{"rendered":"https:\/\/eventos.cmm.uchile.cl\/ceds2026\/?page_id=2740"},"modified":"2026-04-16T09:04:49","modified_gmt":"2026-04-16T13:04:49","slug":"recomendaciones","status":"publish","type":"page","link":"https:\/\/eventos.cmm.uchile.cl\/ceds2026\/en\/recomendaciones\/","title":{"rendered":"Recommendations"},"content":{"rendered":"[et_pb_section fb_built=&#8221;1&#8243; _builder_version=&#8221;4.27.0&#8243; _module_preset=&#8221;default&#8221; background_image=&#8221;https:\/\/eventos.cmm.uchile.cl\/ceds2026\/wp-content\/uploads\/sites\/229\/2026\/03\/recomendaciones02.jpg&#8221; min_height=&#8221;494.3px&#8221; global_colors_info=&#8221;{}&#8221;][\/et_pb_section][et_pb_section fb_built=&#8221;1&#8243; _builder_version=&#8221;4.27.0&#8243; _module_preset=&#8221;default&#8221; min_height=&#8221;211px&#8221; custom_padding=&#8221;||0px|||&#8221; global_colors_info=&#8221;{}&#8221;][et_pb_row _builder_version=&#8221;4.27.0&#8243; _module_preset=&#8221;default&#8221; global_colors_info=&#8221;{}&#8221;][et_pb_column type=&#8221;4_4&#8243; _builder_version=&#8221;4.27.0&#8243; _module_preset=&#8221;default&#8221; global_colors_info=&#8221;{}&#8221;][et_pb_heading title=&#8221;Recomendaciones para asistentes&#8221; _builder_version=&#8221;4.27.0&#8243; _module_preset=&#8221;default&#8221; title_font=&#8221;|700|||||||&#8221; title_text_color=&#8221;#3c1f5e&#8221; title_font_size=&#8221;60px&#8221; title_line_height=&#8221;90px&#8221; custom_padding=&#8221;||0px|||&#8221; global_colors_info=&#8221;{}&#8221;][\/et_pb_heading][\/et_pb_column][\/et_pb_row][\/et_pb_section][et_pb_section fb_built=&#8221;1&#8243; _builder_version=&#8221;4.27.0&#8243; _module_preset=&#8221;default&#8221; global_colors_info=&#8221;{}&#8221;][et_pb_row _builder_version=&#8221;4.27.0&#8243; _module_preset=&#8221;default&#8221; global_colors_info=&#8221;{}&#8221;][et_pb_column type=&#8221;4_4&#8243; _builder_version=&#8221;4.27.0&#8243; _module_preset=&#8221;default&#8221; global_colors_info=&#8221;{}&#8221;][et_pb_accordion open_toggle_text_color=&#8221;#af3189&#8243; open_toggle_background_color=&#8221;#FFFFFF&#8221; closed_toggle_text_color=&#8221;#3c1f53&#8243; closed_toggle_background_color=&#8221;#FFFFFF&#8221; toggle_icon=&#8221;&#xf067;||fa||900&#8243; icon_color=&#8221;#af3189&#8243; _builder_version=&#8221;4.27.0&#8243; _module_preset=&#8221;default&#8221; toggle_text_color=&#8221;#af3189&#8243; toggle_level=&#8221;h2&#8243; toggle_font=&#8221;Open Sans|600|||||||&#8221; closed_toggle_font=&#8221;Open Sans||||||||&#8221; background_color=&#8221;RGBA(255,255,255,0)&#8221; hover_enabled=&#8221;0&#8243; border_width_all=&#8221;0px&#8221; global_colors_info=&#8221;{}&#8221; sticky_enabled=&#8221;0&#8243;][et_pb_accordion_item title=&#8221;Su t\u00edtulo va aqu\u00ed&#8221; open=&#8221;off&#8221; _builder_version=&#8221;4.27.0&#8243; _module_preset=&#8221;default&#8221; custom_css_main_element=&#8221;display:none;&#8221; global_colors_info=&#8221;{}&#8221;][\/et_pb_accordion_item][et_pb_accordion_item title=&#8221;Requerimientos para ingresar a Chile&#8221; _builder_version=&#8221;4.27.0&#8243; _module_preset=&#8221;default&#8221; body_font=&#8221;Open Sans||||||||&#8221; body_font_size=&#8221;16px&#8221; border_width_bottom=&#8221;4px&#8221; border_color_bottom=&#8221;#6b31af&#8221; global_colors_info=&#8221;{}&#8221; open=&#8221;off&#8221;]\n<p>Los <strong>documentos m\u00ednimos<\/strong> para ingresar a Chile son:<\/p>\n<p>&#8211;\u00a0\u00a0 <strong>Pasaporte vigente<\/strong> (debe tener una validez m\u00ednima de 6 meses desde la fecha de entrada y dos p\u00e1ginas en blanco).<\/p>\n<p>&#8211;\u00a0\u00a0 <strong>Fondos suficientes<\/strong> para cubrir el viaje.<\/p>\n<p>&#8211;\u00a0\u00a0 <strong>Ticket o billete de vuelo de ida y vuelta<\/strong>.<\/p>\n<p>&#8211;\u00a0\u00a0 <strong> Visado (si procede).<\/strong><\/p>\n<p>\u00a0Dependiendo de su nacionalidad, <strong>es posible que necesite un visado para viajar a Chile<\/strong>. Ser\u00e1 <strong>responsabilidad de los participantes del taller realizar los tr\u00e1mites necesarios. <\/strong><\/p>\n<p>\u00a0Para conocer el listado de pa\u00edses cuyos ciudadanos est\u00e1n sometidos a esta exigencia, se sugiere visitar el sitio web de Servicios Consulares del Ministerio de Relaciones Exteriores siguiendo <a href=\"https:\/\/www.consulado.gob.cl\/autorizacion-previa-o-visa\">este enlace.<\/a><\/p>\n<p>\u00a0Recomendamos tambi\u00e9n evaluar la adquisici\u00f3n de un seguro m\u00e9dico y\/o accidentes.<\/p>\n[\/et_pb_accordion_item][et_pb_accordion_item title=&#8221;Transporte&#8221; _builder_version=&#8221;4.27.0&#8243; _module_preset=&#8221;default&#8221; border_width_bottom=&#8221;4px&#8221; border_color_bottom=&#8221;#6b31af&#8221; global_colors_info=&#8221;{}&#8221; open=&#8221;off&#8221;]\n<p>Si utiliza el transporte p\u00fablico, le recomendamos hacer uso del Metro de Santiago.\u00a0 Puede encontrar el mapa del metro <a href=\"https:\/\/www.metro.cl\/el-viaje\/plano-de-red\">clic aqu\u00ed<\/a>.<\/p>\n<p>Para hacer uso del Metro o bus, se necesita <strong>adquirir una tarjeta BIP<\/strong>, que <strong>se vende en todas las estaciones de Metro<\/strong> y tiene un <strong>costo de CLP$1.550 (USD$ 1,65 aprox.)<\/strong>. Esta tarjeta <strong>debe ser cargada con dinero para ser utilizada<\/strong>. El <strong>valor del pasaje<\/strong> de Metro va desde <strong>CLP$710 a $870<\/strong> (USD$0,8 a 0,9 aprox.), <strong>seg\u00fan el tramo horario del d\u00eda<\/strong>. Para conocer toda la informaci\u00f3n de horarios y tarifas <a href=\"https:\/\/www.metro.cl\/el-viaje\/horarios-y-tarifas\">pinche aqu\u00ed.<\/a><\/p>\n<p>Para llegar a la Facultad de Ciencias F\u00edsicas y Matem\u00e1ticas a trav\u00e9s de Metro, las <strong>estaciones m\u00e1s cercanas<\/strong> son:<\/p>\n<p>&#8211;\u00a0\u00a0 <strong>Toesca<\/strong> (L\u00ednea 2, a 12 minutos de distancia a pie).<\/p>\n<p>&#8211;\u00a0\u00a0 <strong>Parque O\u2019Higgins<\/strong> (L\u00ednea 2, a 13 minutos de distancia a pie).<\/p>\n<p>&#8211;\u00a0\u00a0 <strong>Los H\u00e9roes<\/strong> (L\u00ednea 1, a 20 minutos de distancia a pie).<\/p>\n<p>De lunes a viernes, de <strong>6 a 9 de la ma\u00f1ana y de 18 a 21 horas, la l\u00ednea 2 del metro cuenta con Ruta Expresa<\/strong>, lo que significa que <strong>los trenes paran solo en algunas estaciones<\/strong>, seg\u00fan el <strong>color de su ruta (rojo o verde)<\/strong>, por lo que es necesario que se fije qu\u00e9 ruta es el tren que tomar\u00e1. En este caso, la estaci\u00f3n <strong>Parque O\u2019Higgins pertenece a la ruta roja <\/strong>y la estaci\u00f3n <strong>Toesca a la ruta Verde<\/strong>.\u00a0 En tanto, la estaci\u00f3n <strong>Los H\u00e9roes es com\u00fan<\/strong>, es decir, que los trenes con luz roja como luz verde paran en dicha estaci\u00f3n.<\/p>\n<p>&nbsp;<\/p>\n<p><strong>Servicio de transporte particular<\/strong><\/p>\n<p>\u00a0En Santiago tambi\u00e9n es posible trasladarse en Uber y Cabify, y se recomienda esta v\u00eda de transporte privado por sobre el uso de taxis, los que algunas veces pueden cobrar un valor superior a personas extranjeras.<\/p>\n<p><strong>\u00a0<\/strong><\/p>\n<p><strong>Transporte seguro desde y hacia el aeropuerto<\/strong><\/p>\n<p>\u00a0Al llegar al aeropuerto, le recomendamos contratar un transporte oficial antes de traspasar la zona de aduanas, la salida de pasajeros o, incluso, antes de aterrizar en Santiago de Chile. Este transporte puede ser un transfer o taxi oficial.<\/p>\n<p>\u00a0Puede encontrar mayor informaci\u00f3n en el sitio web del aeropuerto Arturo Merino Ben\u00edtez (SCL) en <a href=\"https:\/\/www.nuevopudahuel.cl\/transporte-oficial\">este enlace<\/a>.<\/p>\n<p>\u00a0De la misma forma, para llegar a su vuelo de regreso, h\u00e1galo en un transporte oficial.<\/p>\n<p>&nbsp;<\/p>\n[\/et_pb_accordion_item][et_pb_accordion_item title=&#8221;Alojamientos sugeridos&#8221; _builder_version=&#8221;4.27.0&#8243; _module_preset=&#8221;default&#8221; border_width_bottom=&#8221;4px&#8221; border_color_bottom=&#8221;#6b31af&#8221; global_colors_info=&#8221;{}&#8221; open=&#8221;off&#8221;]\n<p>Para su estad\u00eda, recomendamos los siguientes hoteles en las comunas de Providencia y Santiago, ubicados cerca de estaciones de metro y de otras opciones de transporte.<\/p>\n<p>&nbsp;<\/p>\n<p>Si bien estas zonas son consideradas seguras, le pedimos mantener las precauciones habituales que corresponden en toda ciudad capital. En los alrededores encontrar\u00e1, adem\u00e1s, una gran variedad de lugares para comer, abastecerse, hacer compras y disfrutar de actividades recreativas.<\/p>\n<p>&nbsp;<\/p>\n<p>Como alternativa, tambi\u00e9n es seguro alojarse en Airbnb en Chile. Esta plataforma suele ofrecer opciones m\u00e1s econ\u00f3micas y, en algunos casos, alojamientos ubicados a\u00fan m\u00e1s cerca del lugar del evento. Se recomienda, eso s\u00ed, tomar las precauciones correspondientes, como revisar los comentarios de otros hu\u00e9spedes y verificar la reputaci\u00f3n del anfitri\u00f3n antes de reservar.<\/p>\n<p>&nbsp;<\/p>\n<p>Providencia:<\/p>\n<p>\u00a0&#8211;\u00a0\u00a0 Hotel Mr. Hotel: Avenida Pedro de Valdivia 164, Providencia<\/p>\n<p><a href=\"https:\/\/www.mrhoteles.cl\/hoteles\/mrhotel\/\">https:\/\/www.mrhoteles.cl\/hoteles\/mrhotel\/<\/a><\/p>\n<p>&nbsp;<\/p>\n<p>&#8211;\u00a0\u00a0 Hotel Novotel Providencia: Avenida Holanda 222, Providencia<\/p>\n<p><a href=\"https:\/\/all.accor.com\/hotel\/A092\/index.en.shtml\">https:\/\/all.accor.com\/hotel\/A092\/index.en.shtml<\/a><\/p>\n<p>&nbsp;<\/p>\n<p>&#8211;\u00a0\u00a0 Hotel Solace: Monse\u00f1or Nuncio S\u00f3tero Sanz de Villalba 115, Providencia<\/p>\n<p><a href=\"https:\/\/solacehotel.cl\/santiago\/\">https:\/\/solacehotel.cl\/santiago\/<\/a><\/p>\n<p>&nbsp;<\/p>\n<p>Santiago Centro<\/p>\n<p>&#8211;\u00a0\u00a0 Hotel Cumbres Lastarria: Jos\u00e9 Victorino Lastarria 299, Santiago<\/p>\n<p><a href=\"https:\/\/www.cumbreslastarria.com\/\">https:\/\/www.cumbreslastarria.com\/<\/a><\/p>\n<p>&nbsp;<\/p>\n<p>&#8211;\u00a0\u00a0 Hotel Boutique Casa Conde (cercano a la ubicaci\u00f3n del evento) Concha y Toro 13, Santiago<\/p>\n<p><a href=\"https:\/\/www.booking.com\/Share-E4ZAkhD\">https:\/\/www.booking.com\/Share-E4ZAkhD<\/a><\/p>\n[\/et_pb_accordion_item][et_pb_accordion_item title=&#8221;Electricidad&#8221; _builder_version=&#8221;4.27.0&#8243; _module_preset=&#8221;default&#8221; border_width_bottom=&#8221;4px&#8221; border_color_bottom=&#8221;#6b31af&#8221; global_colors_info=&#8221;{}&#8221; open=&#8221;off&#8221;]\n<p>En Chile el voltaje est\u00e1ndar es de 220V y el tipo de enchufe o las tomas de corriente que se utilizan son las C y L (con patas redondeadas).<\/p>\n<p>En el caso de que decida comprar alg\u00fan adaptador, recomendamos aquellos que cuenten con la <strong>certificaci\u00f3n de la Superintendencia de Electricidad y Combustibles (SEC)<\/strong>, el cual garantiza que el producto cuenta con las normativas vigentes en Chile y no revisten riesgos para su seguridad. Puede distinguirlo por el sello que se presenta a continuaci\u00f3n.<\/p>\n<p>Si quiere conocer m\u00e1s informaci\u00f3n sobre la certificaci\u00f3n <a href=\"https:\/\/www.sec.cl\/sello-sec\/?view_full_site=true\">pinche aqu\u00ed<\/a>, y para otros datos de las normas el\u00e9ctricas <a href=\"https:\/\/www.blog.midiarioenchile.com\/2017\/11\/12\/la-electricidad-en-chile-enchufes-220v-adaptadores-mi-diario-en-chile\/\">seleccione aqu\u00ed.<\/a><\/p>\n[\/et_pb_accordion_item][et_pb_accordion_item title=&#8221;Clima y vestuario&#8221; _builder_version=&#8221;4.27.0&#8243; _module_preset=&#8221;default&#8221; hover_enabled=&#8221;0&#8243; border_width_bottom=&#8221;4px&#8221; border_color_bottom=&#8221;#6b31af&#8221; global_colors_info=&#8221;{}&#8221; open=&#8221;on&#8221; sticky_enabled=&#8221;0&#8243;]\n<p>Santiago se distingue por su clima mediterr\u00e1neo y, durante el mes de octubre, las temperaturas m\u00e1ximas oscilan entre 22\u00b0C y 29\u00b0C en promedio.<\/p>\n<p>Recomendamos consultar el pron\u00f3stico del tiempo en <a href=\"https:\/\/www.accuweather.com\/es\/cl\/santiago\/60449\/november-weather\/60449\">AccuWeather<\/a> antes de su viaje, traer una chaqueta y ropa adecuada, adem\u00e1s de usar protector solar en todo momento.<\/p>\n<p>&nbsp;<\/p>\n[\/et_pb_accordion_item][et_pb_accordion_item title=&#8221;Dinero y cajeros autom\u00e1ticos&#8221; _builder_version=&#8221;4.27.0&#8243; _module_preset=&#8221;default&#8221; border_width_bottom=&#8221;4px&#8221; border_color_bottom=&#8221;#6b31af&#8221; global_colors_info=&#8221;{}&#8221; open=&#8221;off&#8221;]\n<p>La moneda oficial de Chile es el peso chileno. Al momento de escribir esta gu\u00eda, el cambio frente al d\u00f3lar es de 1 U$D = 943,40 CLP.<\/p>\n<p>Los bancos en Chile operan entre las 9 de la ma\u00f1ana y las 14 horas, mientras que los cajeros autom\u00e1ticos funcionan las 24 horas del d\u00eda.<\/p>\n<p>En cuanto a las casas de cambio, se recomienda utilizar \u00fanicamente aquellas ubicadas en el aeropuerto, centros comerciales o locales formales dentro de la ciudad. No existen casas de cambio que operen al interior de edificios residenciales u oficinas; por ello, es aconsejable rechazar cualquier oferta que implique ingresar a un edificio, ya que generalmente se trata de estafas.<\/p>\n<p>A modo de sugerencia, existen casas de cambio en estos puntos de la ciudad:<\/p>\n<ul>\n<li>Santiago Centro: <a href=\"https:\/\/maps.app.goo.gl\/dJYgX16BghuzyBoR8\">calle Agustinas<\/a> entre Bandera y Paseo Ahumada.<\/li>\n<li>Providencia: <a href=\"https:\/\/maps.app.goo.gl\/rfp5ULbAKDdzkKKG7\">Avenida Providencia<\/a> esquina Avenida Pedro de Valdivia.<\/li>\n<\/ul>\n[\/et_pb_accordion_item][et_pb_accordion_item title=&#8221;Seguridad en la ciudad&#8221; _builder_version=&#8221;4.27.0&#8243; _module_preset=&#8221;default&#8221; border_width_bottom=&#8221;4px&#8221; border_color_bottom=&#8221;#6b31af&#8221; global_colors_info=&#8221;{}&#8221; open=&#8221;off&#8221;]\n<p>Santiago es una ciudad vibrante y acogedora que ofrece una rica experiencia cultural y diversas oportunidades de entretenimiento. No obstante, es importante tomar ciertas precauciones.<\/p>\n<ul>\n<li><strong>Cuidado de sus pertenencias: <\/strong>mantenga sus pertenencias personales, como tel\u00e9fonos m\u00f3viles, carteras y bolsos, siempre donde pueda verlos. Sea cuidadoso de no dejar objetos de valor a la vista.<\/li>\n<li><strong>Precauciones en el transporte p\u00fablico:<\/strong> aunque el transporte p\u00fablico en Santiago es eficiente, tenga en cuenta que las estaciones y buses pueden estar muy concurridos en ciertos horarios. Es recomendable evitar mostrar objetos de valor y estar atento a sus pertenencias en todo momento.<\/li>\n<li><strong>Seguridad en la v\u00eda p\u00fablica:<\/strong> en \u00e1reas desconocidas o menos concurridas, es mejor no caminar solo por la noche. Inf\u00f3rmese sobre las \u00e1reas de la ciudad que puedan ser menos seguras con personas locales o personal del hotel. Utilice servicios de transporte de confianza como taxis registrados, transporte privado o el sistema p\u00fablico de transporte.<\/li>\n<li><strong>Cuidado con la informaci\u00f3n personal:<\/strong> evite compartir informaci\u00f3n personal o detalles de sus planes de viaje con desconocidos. Mantenga una actitud discreta y evite discutir temas sensibles en p\u00fablico.<\/li>\n<\/ul>\n[\/et_pb_accordion_item][et_pb_accordion_item title=&#8221;Disfrute de la ciudad durante su estad\u00eda&#8221; _builder_version=&#8221;4.27.0&#8243; _module_preset=&#8221;default&#8221; border_width_bottom=&#8221;4px&#8221; border_color_bottom=&#8221;#6b31af&#8221; global_colors_info=&#8221;{}&#8221; open=&#8221;off&#8221;]\n<p>Disfrute de la gastronom\u00eda local: Santiago ofrece una amplia gama de opciones gastron\u00f3micas. No se pierda la oportunidad de probar la comida chilena tradicional, como empanadas, pastel de choclo, pescados y mariscos frescos. En la ciudad, adem\u00e1s, hay una amplia variedad de comida de otros pa\u00edses, como tambi\u00e9n opciones vegetarianas y veganas.<\/p>\n<ul>\n<li><strong>Propinas:<\/strong> en cualquier bar o restaurante la propina sugerida al pedir la cuenta es de un 10% del total de la cuenta.<\/li>\n<li><strong>Explore los atractivos tur\u00edsticos:<\/strong> Le recomendamos explorar los lugares emblem\u00e1ticos de la ciudad como el Cerro San Crist\u00f3bal, el Barrio Bellavista, Barrio Lastarria, Sky Costanera y los museos Nacional de Bellas Artes, Museo de Arte Contempor\u00e1neo y el Museo de la Memoria y los Derechos Humanos.<\/li>\n<li><strong>Conexi\u00f3n y Comunicaci\u00f3n:<\/strong> aseg\u00farese de tener una forma confiable de comunicarse durante su estad\u00eda. La mayor\u00eda de los lugares tur\u00edsticos y hoteles ofrecen acceso a Wi-Fi, y es \u00fatil tener un plan de datos o una tarjeta SIM local o internacional para emergencias.<\/li>\n<\/ul>\n<p>&nbsp;<\/p>\n[\/et_pb_accordion_item][\/et_pb_accordion][\/et_pb_column][\/et_pb_row][\/et_pb_section]\n","protected":false},"excerpt":{"rendered":"<p>Los documentos m\u00ednimos para ingresar a Chile son: &#8211;\u00a0\u00a0 Pasaporte vigente (debe tener una validez m\u00ednima de 6 meses desde la fecha de entrada y dos p\u00e1ginas en blanco). &#8211;\u00a0\u00a0 Fondos suficientes para cubrir el viaje. &#8211;\u00a0\u00a0 Ticket o billete de vuelo de ida y vuelta. &#8211;\u00a0\u00a0 Visado (si procede). \u00a0Dependiendo de su nacionalidad, es [&hellip;]<\/p>\n","protected":false},"author":105,"featured_media":0,"parent":0,"menu_order":0,"comment_status":"closed","ping_status":"closed","template":"","meta":{"_et_pb_use_builder":"on","_et_pb_old_content":"","_et_gb_content_width":"","inline_featured_image":false,"footnotes":""},"class_list":["post-2740","page","type-page","status-publish","hentry"],"_links":{"self":[{"href":"https:\/\/eventos.cmm.uchile.cl\/ceds2026\/en\/wp-json\/wp\/v2\/pages\/2740","targetHints":{"allow":["GET"]}}],"collection":[{"href":"https:\/\/eventos.cmm.uchile.cl\/ceds2026\/en\/wp-json\/wp\/v2\/pages"}],"about":[{"href":"https:\/\/eventos.cmm.uchile.cl\/ceds2026\/en\/wp-json\/wp\/v2\/types\/page"}],"author":[{"embeddable":true,"href":"https:\/\/eventos.cmm.uchile.cl\/ceds2026\/en\/wp-json\/wp\/v2\/users\/105"}],"replies":[{"embeddable":true,"href":"https:\/\/eventos.cmm.uchile.cl\/ceds2026\/en\/wp-json\/wp\/v2\/comments?post=2740"}],"version-history":[{"count":16,"href":"https:\/\/eventos.cmm.uchile.cl\/ceds2026\/en\/wp-json\/wp\/v2\/pages\/2740\/revisions"}],"predecessor-version":[{"id":3066,"href":"https:\/\/eventos.cmm.uchile.cl\/ceds2026\/en\/wp-json\/wp\/v2\/pages\/2740\/revisions\/3066"}],"wp:attachment":[{"href":"https:\/\/eventos.cmm.uchile.cl\/ceds2026\/en\/wp-json\/wp\/v2\/media?parent=2740"}],"curies":[{"name":"wp","href":"https:\/\/api.w.org\/{rel}","templated":true}]}}