{"id":2753,"date":"2026-03-09T16:25:37","date_gmt":"2026-03-09T19:25:37","guid":{"rendered":"https:\/\/eventos.cmm.uchile.cl\/ceds2026\/?page_id=2753"},"modified":"2026-03-30T10:47:57","modified_gmt":"2026-03-30T13:47:57","slug":"sede","status":"publish","type":"page","link":"https:\/\/eventos.cmm.uchile.cl\/ceds2026\/en\/sede\/","title":{"rendered":"Venue"},"content":{"rendered":"[et_pb_section fb_built=&#8221;1&#8243; _builder_version=&#8221;4.27.0&#8243; _module_preset=&#8221;default&#8221; global_colors_info=&#8221;{}&#8221;][et_pb_row _builder_version=&#8221;4.27.0&#8243; _module_preset=&#8221;default&#8221; global_colors_info=&#8221;{}&#8221;][et_pb_column type=&#8221;4_4&#8243; _builder_version=&#8221;4.27.0&#8243; _module_preset=&#8221;default&#8221; global_colors_info=&#8221;{}&#8221;][et_pb_heading title=&#8221;Sede&#8221; _builder_version=&#8221;4.27.0&#8243; _module_preset=&#8221;default&#8221; title_font=&#8221;|700|||||||&#8221; title_text_color=&#8221;#3c1f5e&#8221; title_font_size=&#8221;60px&#8221; title_line_height=&#8221;90px&#8221; global_colors_info=&#8221;{}&#8221;][\/et_pb_heading][\/et_pb_column][\/et_pb_row][et_pb_row _builder_version=&#8221;4.27.0&#8243; _module_preset=&#8221;default&#8221; custom_padding=&#8221;0px|||||&#8221; global_colors_info=&#8221;{}&#8221;][et_pb_column type=&#8221;4_4&#8243; _builder_version=&#8221;4.27.0&#8243; _module_preset=&#8221;default&#8221; global_colors_info=&#8221;{}&#8221;][et_pb_text _builder_version=&#8221;4.27.0&#8243; _module_preset=&#8221;default&#8221; global_colors_info=&#8221;{}&#8221;]\n<p>&nbsp;<\/p>\n<p><span style=\"color: #3c1f5e;font-family: Open Sans;font-size: xx-large\"><strong>Santiago de Chile<\/strong><\/span><\/p>\n<p>Rodeada de un entorno natural privilegiado, la Regi\u00f3n Metropolitana cautiva con su mezcla \u00fanica de monta\u00f1a, ciudad y aventura. Centros de esqu\u00ed de nivel internacional, extensos parques urbanos y sorprendentes reservas naturales crean el escenario perfecto para quienes buscan experiencias intensas y memorables.<\/p>\n<p>Vibrante, diversa y en constante movimiento, Santiago combina lo mejor de una gran capital con una identidad profundamente chilena. Museos contempor\u00e1neos, teatros, cines y barrios llenos de vida conviven con vi\u00f1edos emblem\u00e1ticos, tradiciones artesanales y m\u00faltiples opciones para el deporte y la aventura al aire libre.<\/p>\n<p>Con una infraestructura moderna y una conectividad que articula el pa\u00eds, Santiago es el principal motor urbano de Chile, concentrando innovaci\u00f3n, desarrollo y una amplia oferta de servicios que la posicionan como un punto clave para vivir, visitar y hacer negocios.<\/p>\n<p>Escenario de eventos que celebran la cultura chilena y sede de importantes festivales, la ciudad se expresa a trav\u00e9s de sus sabores, sonidos y colores. Santiago no solo se recorre: se vive, consolid\u00e1ndose como un destino imprescindible dentro de Chile.[\/et_pb_text][\/et_pb_column][\/et_pb_row][et_pb_row _builder_version=&#8221;4.27.0&#8243; _module_preset=&#8221;default&#8221; global_colors_info=&#8221;{}&#8221;][et_pb_column type=&#8221;4_4&#8243; _builder_version=&#8221;4.27.0&#8243; _module_preset=&#8221;default&#8221; global_colors_info=&#8221;{}&#8221;][et_pb_image src=&#8221;https:\/\/eventos.cmm.uchile.cl\/ceds2026\/wp-content\/uploads\/sites\/229\/2026\/03\/0e72edc5-ec1c-4331-a444-e01ad861b6b3_v1-scaled.jpg&#8221; title_text=&#8221;0e72edc5-ec1c-4331-a444-e01ad861b6b3_v1&#8243; _builder_version=&#8221;4.27.0&#8243; _module_preset=&#8221;default&#8221; global_colors_info=&#8221;{}&#8221;][\/et_pb_image][\/et_pb_column][\/et_pb_row][et_pb_row _builder_version=&#8221;4.27.0&#8243; _module_preset=&#8221;default&#8221; global_colors_info=&#8221;{}&#8221;][et_pb_column type=&#8221;4_4&#8243; _builder_version=&#8221;4.27.0&#8243; _module_preset=&#8221;default&#8221; global_colors_info=&#8221;{}&#8221;][et_pb_text _builder_version=&#8221;4.27.0&#8243; _module_preset=&#8221;default&#8221; global_colors_info=&#8221;{}&#8221;]\n<p>&nbsp;<\/p>\n<p><span style=\"color: #3c1f5e;font-family: Open Sans;font-size: xx-large\"><strong>Facultad de Ciencias F\u00edsicas y Matem\u00e1ticas de la Universidad de Chile<\/strong><\/span><\/p>\n<p>La Universidad de Chile es una instituci\u00f3n de educaci\u00f3n superior de car\u00e1cter nacional y p\u00fablica, que asume con compromiso y vocaci\u00f3n de excelencia la formaci\u00f3n de personas y la contribuci\u00f3n al desarrollo espiritual y material de la Naci\u00f3n, construyendo liderazgo en el desarrollo innovador de las ciencias y las tecnolog\u00edas, las humanidades y las artes, a trav\u00e9s de sus funciones de docencia, creaci\u00f3n y extensi\u00f3n, con especial \u00e9nfasis en la investigaci\u00f3n y el postgrado.<\/p>\n<p>En este contexto, la Facultad de Ciencias F\u00edsicas y Matem\u00e1ticas (FCFM) se orienta a la ense\u00f1anza superior y al desarrollo de las ciencias b\u00e1sicas, ingenier\u00eda, aplicaciones tecnol\u00f3gicas e innovaci\u00f3n. Su misi\u00f3n es desarrollar y comunicar investigaci\u00f3n e innovaci\u00f3n tecnol\u00f3gica de frontera en ingenier\u00eda y ciencias, formar integralmente profesionales altamente calificados\/as y cient\u00edficos\/as de excelencia, con un fuerte compromiso con el pa\u00eds, manteniendo un v\u00ednculo permanente con la sociedad.[\/et_pb_text][et_pb_image src=&#8221;https:\/\/eventos.cmm.uchile.cl\/ceds2026\/wp-content\/uploads\/sites\/229\/2026\/03\/jcr_content.jpg&#8221; title_text=&#8221;jcr_content&#8221; align=&#8221;center&#8221; _builder_version=&#8221;4.27.0&#8243; _module_preset=&#8221;default&#8221; global_colors_info=&#8221;{}&#8221;][\/et_pb_image][\/et_pb_column][\/et_pb_row][et_pb_row _builder_version=&#8221;4.27.0&#8243; _module_preset=&#8221;default&#8221; global_colors_info=&#8221;{}&#8221;][et_pb_column type=&#8221;4_4&#8243; _builder_version=&#8221;4.27.0&#8243; _module_preset=&#8221;default&#8221; global_colors_info=&#8221;{}&#8221;][et_pb_text _builder_version=&#8221;4.27.0&#8243; _module_preset=&#8221;default&#8221; global_colors_info=&#8221;{}&#8221;]\n<p>&nbsp;<\/p>\n<p><span style=\"color: #3c1f5e;font-family: Open Sans;font-size: xx-large\"><strong>Beauchef 851<\/strong><\/span><\/p>\n<p>Beauchef 851 es un complejo de edificios que es parte de la FCFM. Fue inaugurado en 2014 y posee siete pisos sobre superficie y seis en subterr\u00e1neo. Cuenta con salas de clases, laboratorios, oficinas, espacios deportivos y de recreaci\u00f3n, piscina y estacionamientos. [\/et_pb_text][et_pb_image src=&#8221;https:\/\/eventos.cmm.uchile.cl\/ceds2026\/wp-content\/uploads\/sites\/229\/2026\/03\/imageservlet.jpeg&#8221; title_text=&#8221;imageservlet&#8221; align=&#8221;center&#8221; _builder_version=&#8221;4.27.0&#8243; _module_preset=&#8221;default&#8221; global_colors_info=&#8221;{}&#8221;][\/et_pb_image][et_pb_text _builder_version=&#8221;4.27.0&#8243; _module_preset=&#8221;default&#8221; global_colors_info=&#8221;{}&#8221;]\n<p>Uno de los edificios m\u00e1s ic\u00f3nicos de Beauchef es el Auditorio d&#8217;Etigny, nombrado en honor ex Decano Enrique D&#8217;Etigny Lyon, quien lider\u00f3 la Facultad de Ciencias F\u00edsicas y Matem\u00e1ticas entre 1963 y 1971, y construy\u00f3 una importante trayectoria de aportes al desarrollo de la instituci\u00f3n acad\u00e9mica, de la ciencia en el pa\u00eds y de la justicia social.<\/p>\n<p>Este auditorio ser\u00e1 el punto principal de encuentro para todas y todos los asistentes a la Conferencia Internacional Espacio y Desarrollo Sostenible (CEDS 2026).[\/et_pb_text][\/et_pb_column][\/et_pb_row][et_pb_row _builder_version=&#8221;4.27.0&#8243; _module_preset=&#8221;default&#8221; global_colors_info=&#8221;{}&#8221;][et_pb_column type=&#8221;4_4&#8243; _builder_version=&#8221;4.27.0&#8243; _module_preset=&#8221;default&#8221; global_colors_info=&#8221;{}&#8221;][et_pb_image src=&#8221;https:\/\/eventos.cmm.uchile.cl\/ceds2026\/wp-content\/uploads\/sites\/229\/2026\/03\/jcr_content1.jpg&#8221; title_text=&#8221;jcr_content1&#8243; _builder_version=&#8221;4.27.0&#8243; _module_preset=&#8221;default&#8221; global_colors_info=&#8221;{}&#8221;][\/et_pb_image][\/et_pb_column][\/et_pb_row][\/et_pb_section][et_pb_section fb_built=&#8221;1&#8243; _builder_version=&#8221;4.27.0&#8243; _module_preset=&#8221;default&#8221; global_colors_info=&#8221;{}&#8221;][et_pb_row _builder_version=&#8221;4.27.0&#8243; _module_preset=&#8221;default&#8221; global_colors_info=&#8221;{}&#8221;][et_pb_column type=&#8221;4_4&#8243; _builder_version=&#8221;4.27.0&#8243; _module_preset=&#8221;default&#8221; global_colors_info=&#8221;{}&#8221;][et_pb_text _builder_version=&#8221;4.27.0&#8243; _module_preset=&#8221;default&#8221; global_colors_info=&#8221;{}&#8221;]\n<p>&nbsp;<\/p>\n<p><span style=\"color: #3c1f5e;font-family: Open Sans;font-size: xx-large\"><strong>Ubicaci\u00f3n<\/strong><\/span><\/p>\n[\/et_pb_text][\/et_pb_column][\/et_pb_row][et_pb_row _builder_version=&#8221;4.27.0&#8243; _module_preset=&#8221;default&#8221; global_colors_info=&#8221;{}&#8221;][et_pb_column type=&#8221;4_4&#8243; _builder_version=&#8221;4.27.0&#8243; _module_preset=&#8221;default&#8221; global_colors_info=&#8221;{}&#8221;][et_pb_code _builder_version=&#8221;4.27.0&#8243; _module_preset=&#8221;default&#8221; global_colors_info=&#8221;{}&#8221;][\/et_pb_code][\/et_pb_column][\/et_pb_row][\/et_pb_section]\n","protected":false},"excerpt":{"rendered":"<p>&nbsp; Santiago de Chile Rodeada de un entorno natural privilegiado, la Regi\u00f3n Metropolitana cautiva con su mezcla \u00fanica de monta\u00f1a, ciudad y aventura. Centros de esqu\u00ed de nivel internacional, extensos parques urbanos y sorprendentes reservas naturales crean el escenario perfecto para quienes buscan experiencias intensas y memorables. Vibrante, diversa y en constante movimiento, Santiago combina [&hellip;]<\/p>\n","protected":false},"author":105,"featured_media":0,"parent":0,"menu_order":0,"comment_status":"closed","ping_status":"closed","template":"","meta":{"_et_pb_use_builder":"on","_et_pb_old_content":"","_et_gb_content_width":"","inline_featured_image":false,"footnotes":""},"class_list":["post-2753","page","type-page","status-publish","hentry"],"_links":{"self":[{"href":"https:\/\/eventos.cmm.uchile.cl\/ceds2026\/en\/wp-json\/wp\/v2\/pages\/2753","targetHints":{"allow":["GET"]}}],"collection":[{"href":"https:\/\/eventos.cmm.uchile.cl\/ceds2026\/en\/wp-json\/wp\/v2\/pages"}],"about":[{"href":"https:\/\/eventos.cmm.uchile.cl\/ceds2026\/en\/wp-json\/wp\/v2\/types\/page"}],"author":[{"embeddable":true,"href":"https:\/\/eventos.cmm.uchile.cl\/ceds2026\/en\/wp-json\/wp\/v2\/users\/105"}],"replies":[{"embeddable":true,"href":"https:\/\/eventos.cmm.uchile.cl\/ceds2026\/en\/wp-json\/wp\/v2\/comments?post=2753"}],"version-history":[{"count":9,"href":"https:\/\/eventos.cmm.uchile.cl\/ceds2026\/en\/wp-json\/wp\/v2\/pages\/2753\/revisions"}],"predecessor-version":[{"id":2933,"href":"https:\/\/eventos.cmm.uchile.cl\/ceds2026\/en\/wp-json\/wp\/v2\/pages\/2753\/revisions\/2933"}],"wp:attachment":[{"href":"https:\/\/eventos.cmm.uchile.cl\/ceds2026\/en\/wp-json\/wp\/v2\/media?parent=2753"}],"curies":[{"name":"wp","href":"https:\/\/api.w.org\/{rel}","templated":true}]}}