{"id":3159,"date":"2026-04-29T08:03:08","date_gmt":"2026-04-29T12:03:08","guid":{"rendered":"https:\/\/eventos.cmm.uchile.cl\/ceds2026\/?page_id=3159"},"modified":"2026-04-29T08:47:13","modified_gmt":"2026-04-29T12:47:13","slug":"marco-antonio-chamon","status":"publish","type":"page","link":"https:\/\/eventos.cmm.uchile.cl\/ceds2026\/en\/marco-antonio-chamon\/","title":{"rendered":"Marco Antonio Chamon"},"content":{"rendered":"[et_pb_section fb_built=&#8221;1&#8243; _builder_version=&#8221;4.27.0&#8243; _module_preset=&#8221;default&#8221; global_colors_info=&#8221;{}&#8221;][et_pb_row column_structure=&#8221;1_3,2_3&#8243; _builder_version=&#8221;4.27.0&#8243; _module_preset=&#8221;default&#8221; global_colors_info=&#8221;{}&#8221;][et_pb_column type=&#8221;1_3&#8243; _builder_version=&#8221;4.27.0&#8243; _module_preset=&#8221;default&#8221; global_colors_info=&#8221;{}&#8221;][et_pb_image src=&#8221;https:\/\/eventos.cmm.uchile.cl\/ceds2026\/wp-content\/uploads\/sites\/229\/2026\/04\/RPF-Entrevista-Marco-chamon-2023-12-sitec-800.jpg&#8221; title_text=&#8221;RPF-Entrevista-Marco-chamon-2023-12-sitec-800&#8243; _builder_version=&#8221;4.27.0&#8243; _module_preset=&#8221;default&#8221; width=&#8221;220px&#8221; max_height=&#8221;220px&#8221; border_radii=&#8221;on|50%|50%|50%|50%&#8221; global_colors_info=&#8221;{}&#8221;][\/et_pb_image][\/et_pb_column][et_pb_column type=&#8221;2_3&#8243; _builder_version=&#8221;4.27.0&#8243; _module_preset=&#8221;default&#8221; global_colors_info=&#8221;{}&#8221;][et_pb_heading title=&#8221;Marco Antonio Chamon&#8221; _builder_version=&#8221;4.27.0&#8243; _module_preset=&#8221;default&#8221; title_font=&#8221;Open Sans|700|||||||&#8221; title_text_align=&#8221;left&#8221; title_text_color=&#8221;#3c1f5e&#8221; title_font_size=&#8221;40px&#8221; title_line_height=&#8221;27px&#8221; global_colors_info=&#8221;{}&#8221;][\/et_pb_heading][et_pb_text _builder_version=&#8221;4.27.0&#8243; _module_preset=&#8221;default&#8221; text_font=&#8221;Open Sans||||||||&#8221; text_text_color=&#8221;#333333&#8243; text_font_size=&#8221;24px&#8221; text_line_height=&#8221;10.4px&#8221; global_colors_info=&#8221;{}&#8221;]\n<p>Presidente de la Agencia Espacial Brasile\u00f1a<\/p>\n[\/et_pb_text][et_pb_text _builder_version=&#8221;4.27.0&#8243; _module_preset=&#8221;default&#8221; text_font=&#8221;Open Sans||||||||&#8221; text_text_color=&#8221;#000000&#8243; text_font_size=&#8221;16px&#8221; text_line_height=&#8221;24px&#8221; global_colors_info=&#8221;{}&#8221;]\n<p>Licenciado en Ingenier\u00eda El\u00e9ctrica por la Universidad Estatal de Campinas &#8211; Unicamp (1984), m\u00e1ster en Ingenier\u00eda y Tecnolog\u00eda Espacial por el Instituto Nacional de Investigaciones Espaciales &#8211; INPE (1989) y doctor en Electr\u00f3nica por la \u00c9cole Nationale Sup\u00e9rieure de l&#8217;A\u00e9ronautique et de l&#8217;Espace &#8211; SUPAERO (1996).<\/p>\n<p>Con una amplia experiencia en el \u00e1mbito espacial, ha ocupado puestos de responsabilidad a lo largo de su carrera. Fue coordinador del programa de sat\u00e9lites cient\u00edficos del Instituto Nacional de Investigaciones Espaciales (INPE), coordinador de Gesti\u00f3n Tecnol\u00f3gica, coordinador adjunto de Ingenier\u00eda y Tecnolog\u00eda Espacial y coordinador de Planificaci\u00f3n, Presupuesto y Evaluaci\u00f3n del Instituto. Tambi\u00e9n desempe\u00f1\u00f3 el cargo de director de la misi\u00f3n espacial SABIA-Mar, dedicada a estudios oceanogr\u00e1ficos.<\/p>\n<p>Como presidente de la Agencia Espacial Brasile\u00f1a (AEB), Marco Antonio Chamon est\u00e1 comprometido con liderar y fortalecer la misi\u00f3n de la AEB en el desarrollo y la promoci\u00f3n de las actividades espaciales en el pa\u00eds. Su experiencia t\u00e9cnica y su visi\u00f3n estrat\u00e9gica son fundamentales para impulsar la industria aeroespacial brasile\u00f1a, fomentar la investigaci\u00f3n cient\u00edfica y establecer alianzas nacionales e internacionales que impulsen el sector.<\/p>\n<p>(Fuente: <a href=\"https:\/\/www.gov.br\/aeb\/pt-br\/composicao\/orgaos-de-deliberacao-superior\/presidencia\" target=\"_blank\" rel=\"noopener\">Gobierno de Brasil<\/a>).<\/p>\n[\/et_pb_text][et_pb_text _builder_version=&#8221;4.27.0&#8243; _module_preset=&#8221;default&#8221; text_font=&#8221;Open Sans|700|||||||&#8221; text_text_color=&#8221;#3c1f5e&#8221; text_font_size=&#8221;24px&#8221; text_line_height=&#8221;27px&#8221; hover_enabled=&#8221;0&#8243; global_colors_info=&#8221;{}&#8221; sticky_enabled=&#8221;0&#8243;]\n<p>\u00c1reas de especialidad<\/p>\n[\/et_pb_text][et_pb_text _builder_version=&#8221;4.27.0&#8243; _module_preset=&#8221;default&#8221; text_font=&#8221;Open Sans|700|||||||&#8221; text_text_color=&#8221;#3c1f5e&#8221; text_font_size=&#8221;24px&#8221; text_line_height=&#8221;27px&#8221; hover_enabled=&#8221;0&#8243; custom_css_free_form=&#8221;selector .tag {||  display: inline-block;||  background-color: #D9D9D9;||  color: #333333;||  padding: 6px 12px;||  border-radius: 10px;||  margin: 5px;||  ||  font-family: &#8216;Open Sans&#8217;, sans-serif;||  font-weight: 700;||  font-size: 24px;||  line-height: 27px;||}&#8221; global_colors_info=&#8221;{}&#8221; sticky_enabled=&#8221;0&#8243;]\n<p><span class=\"tag\">Tecnolog\u00eda espacial <\/span>[\/et_pb_text][et_pb_text disabled_on=&#8221;on|on|on&#8221; _builder_version=&#8221;4.27.0&#8243; _module_preset=&#8221;default&#8221; text_font=&#8221;Open Sans|700|||||||&#8221; text_text_color=&#8221;#3c1f5e&#8221; text_font_size=&#8221;24px&#8221; text_line_height=&#8221;27px&#8221; disabled=&#8221;on&#8221; global_colors_info=&#8221;{}&#8221;]\n<p>Redes sociales<\/p>\n[\/et_pb_text][et_pb_social_media_follow icon_color=&#8221;#FFFFFF&#8221; use_icon_font_size=&#8221;on&#8221; icon_font_size=&#8221;25px&#8221; disabled_on=&#8221;on|on|on&#8221; _builder_version=&#8221;4.27.0&#8243; _module_preset=&#8221;default&#8221; background_color=&#8221;RGBA(255,255,255,0)&#8221; min_height=&#8221;102px&#8221; disabled=&#8221;on&#8221; locked=&#8221;off&#8221; global_colors_info=&#8221;{}&#8221;][et_pb_social_media_follow_network social_network=&#8221;linkedin&#8221; url=&#8221;https:\/\/www.linkedin.com\/in\/simonetta-cheli-7669879b\/&#8221; _builder_version=&#8221;4.27.0&#8243; _module_preset=&#8221;default&#8221; background_color=&#8221;#af3189&#8243; background_enable_color=&#8221;on&#8221; border_radii=&#8221;on|50%|50%|50%|50%&#8221; global_colors_info=&#8221;{}&#8221; follow_button=&#8221;off&#8221; url_new_window=&#8221;on&#8221;]linkedin[\/et_pb_social_media_follow_network][\/et_pb_social_media_follow][et_pb_text _builder_version=&#8221;4.27.0&#8243; _module_preset=&#8221;default&#8221; background_color=&#8221;rgba(107,49,175,0.2)&#8221; min_height=&#8221;125px&#8221; custom_padding=&#8221;20px|25px|20px|25px|false|false&#8221; border_radii=&#8221;on|12px|12px|12px|12px&#8221; global_colors_info=&#8221;{}&#8221;]\n<h3 style=\"color: #3c1f5e;font-family: 'Open Sans', sans-serif;font-weight: bold;font-size: 24px;line-height: 27px;margin: 0 0 18px 0\">Nombre de la presentaci\u00f3n<\/h3>\n<p style=\"color: #333333;font-family: 'Open Sans', sans-serif;font-weight: 400;font-size: 16px;line-height: 22px;margin: 0 0 16px 0\">Pronto m\u00e1s informaci\u00f3n<\/p>\n[\/et_pb_text][et_pb_text _builder_version=&#8221;4.27.0&#8243; _module_preset=&#8221;default&#8221; text_font=&#8221;Open Sans||||on||||&#8221; text_text_color=&#8221;#af3189&#8243; text_font_size=&#8221;15px&#8221; text_line_height=&#8221;24px&#8221; global_colors_info=&#8221;{}&#8221;]\n<p style=\"text-align: right\">Ver todo el programa<\/p>\n[\/et_pb_text][\/et_pb_column][\/et_pb_row][\/et_pb_section]\n","protected":false},"excerpt":{"rendered":"<p>Presidente de la Agencia Espacial Brasile\u00f1aLicenciado en Ingenier\u00eda El\u00e9ctrica por la Universidad Estatal de Campinas &#8211; Unicamp (1984), m\u00e1ster en Ingenier\u00eda y Tecnolog\u00eda Espacial por el Instituto Nacional de Investigaciones Espaciales &#8211; INPE (1989) y doctor en Electr\u00f3nica por la \u00c9cole Nationale Sup\u00e9rieure de l&#8217;A\u00e9ronautique et de l&#8217;Espace &#8211; SUPAERO (1996). Con una amplia experiencia [&hellip;]<\/p>\n","protected":false},"author":133,"featured_media":0,"parent":0,"menu_order":0,"comment_status":"closed","ping_status":"closed","template":"","meta":{"_et_pb_use_builder":"on","_et_pb_old_content":"","_et_gb_content_width":"","inline_featured_image":false,"footnotes":""},"class_list":["post-3159","page","type-page","status-publish","hentry"],"_links":{"self":[{"href":"https:\/\/eventos.cmm.uchile.cl\/ceds2026\/en\/wp-json\/wp\/v2\/pages\/3159","targetHints":{"allow":["GET"]}}],"collection":[{"href":"https:\/\/eventos.cmm.uchile.cl\/ceds2026\/en\/wp-json\/wp\/v2\/pages"}],"about":[{"href":"https:\/\/eventos.cmm.uchile.cl\/ceds2026\/en\/wp-json\/wp\/v2\/types\/page"}],"author":[{"embeddable":true,"href":"https:\/\/eventos.cmm.uchile.cl\/ceds2026\/en\/wp-json\/wp\/v2\/users\/133"}],"replies":[{"embeddable":true,"href":"https:\/\/eventos.cmm.uchile.cl\/ceds2026\/en\/wp-json\/wp\/v2\/comments?post=3159"}],"version-history":[{"count":6,"href":"https:\/\/eventos.cmm.uchile.cl\/ceds2026\/en\/wp-json\/wp\/v2\/pages\/3159\/revisions"}],"predecessor-version":[{"id":3216,"href":"https:\/\/eventos.cmm.uchile.cl\/ceds2026\/en\/wp-json\/wp\/v2\/pages\/3159\/revisions\/3216"}],"wp:attachment":[{"href":"https:\/\/eventos.cmm.uchile.cl\/ceds2026\/en\/wp-json\/wp\/v2\/media?parent=3159"}],"curies":[{"name":"wp","href":"https:\/\/api.w.org\/{rel}","templated":true}]}}