{"id":3173,"date":"2026-04-29T08:08:53","date_gmt":"2026-04-29T12:08:53","guid":{"rendered":"https:\/\/eventos.cmm.uchile.cl\/ceds2026\/?page_id=3173"},"modified":"2026-04-29T08:31:14","modified_gmt":"2026-04-29T12:31:14","slug":"aarti-holla-maini","status":"publish","type":"page","link":"https:\/\/eventos.cmm.uchile.cl\/ceds2026\/en\/aarti-holla-maini\/","title":{"rendered":"Aarti Holla-Maini"},"content":{"rendered":"[et_pb_section fb_built=&#8221;1&#8243; _builder_version=&#8221;4.27.0&#8243; _module_preset=&#8221;default&#8221; global_colors_info=&#8221;{}&#8221;][et_pb_row column_structure=&#8221;1_3,2_3&#8243; _builder_version=&#8221;4.27.0&#8243; _module_preset=&#8221;default&#8221; global_colors_info=&#8221;{}&#8221;][et_pb_column type=&#8221;1_3&#8243; _builder_version=&#8221;4.27.0&#8243; _module_preset=&#8221;default&#8221; global_colors_info=&#8221;{}&#8221;][et_pb_image src=&#8221;https:\/\/eventos.cmm.uchile.cl\/ceds2026\/wp-content\/uploads\/sites\/229\/2026\/04\/D2-Aarti-Holla-Maini.jpg&#8221; title_text=&#8221;D2 Aarti Holla Maini&#8221; _builder_version=&#8221;4.27.0&#8243; _module_preset=&#8221;default&#8221; width=&#8221;220px&#8221; max_height=&#8221;220px&#8221; border_radii=&#8221;on|50%|50%|50%|50%&#8221; global_colors_info=&#8221;{}&#8221;][\/et_pb_image][\/et_pb_column][et_pb_column type=&#8221;2_3&#8243; _builder_version=&#8221;4.27.0&#8243; _module_preset=&#8221;default&#8221; global_colors_info=&#8221;{}&#8221;][et_pb_heading title=&#8221;Aarti Holla-Maini&#8221; admin_label=&#8221;Heading&#8221; _builder_version=&#8221;4.27.0&#8243; _module_preset=&#8221;default&#8221; title_font=&#8221;Open Sans|700|||||||&#8221; title_text_align=&#8221;left&#8221; title_text_color=&#8221;#3c1f5e&#8221; title_font_size=&#8221;40px&#8221; title_line_height=&#8221;27px&#8221; global_colors_info=&#8221;{}&#8221;][\/et_pb_heading][et_pb_text _builder_version=&#8221;4.27.0&#8243; _module_preset=&#8221;default&#8221; text_font=&#8221;Open Sans||||||||&#8221; text_text_color=&#8221;#333333&#8243; text_font_size=&#8221;24px&#8221; text_line_height=&#8221;10.4px&#8221; global_colors_info=&#8221;{}&#8221;]\n<p>Directora de la Oficina de las Naciones Unidas<\/p>\n<p>para Asuntos del Espacio Exterior (UNOOSA)<\/p>\n[\/et_pb_text][et_pb_text _builder_version=&#8221;4.27.0&#8243; _module_preset=&#8221;default&#8221; text_font=&#8221;Open Sans||||||||&#8221; text_text_color=&#8221;#000000&#8243; text_font_size=&#8221;16px&#8221; text_line_height=&#8221;24px&#8221; global_colors_info=&#8221;{}&#8221;]\n<p>La Directora de la UNOOSA, Sra. Aarti Holla-Maini, es responsable de la gesti\u00f3n y administraci\u00f3n de la Oficina, brinda orientaci\u00f3n estrat\u00e9gica a su labor y garantiza su implementaci\u00f3n de conformidad con los mandatos de la Asamblea General, el Comit\u00e9 sobre la Utilizaci\u00f3n del Espacio Ultraterrestre con Fines Pac\u00edficos (COPUOS) y las pol\u00edticas establecidas de las Naciones Unidas. Asimismo, desarrolla el programa de trabajo de la Oficina y vela por su eficiencia, transparencia y rendici\u00f3n de cuentas.<\/p>\n<p>La Sra. Holla-Maini funge como asesora principal del Secretario General y lo representa en reuniones y conferencias sobre asuntos relacionados con la exploraci\u00f3n y utilizaci\u00f3n pac\u00edfica del espacio ultraterrestre. Asimismo, cumple con las obligaciones del Secretario General en virtud de los tratados y principios de las Naciones Unidas sobre el espacio ultraterrestre.<\/p>\n<p>Junto con el equipo de la Oficina del Director, la Sra. Holla-Maini supervisa y coordina la direcci\u00f3n estrat\u00e9gica y las prioridades operativas de la Oficina, incluyendo la preparaci\u00f3n, el seguimiento y la implementaci\u00f3n del plan de trabajo, el presupuesto y el marco estrat\u00e9gico de la Oficina.<\/p>\n<p>(Fuente: <a href=\"https:\/\/www.unoosa.org\/oosa\/de\/aboutus\/director.html\">UNOOSA<\/a>).<\/p>\n[\/et_pb_text][et_pb_text _builder_version=&#8221;4.27.0&#8243; _module_preset=&#8221;default&#8221; text_font=&#8221;Open Sans|700|||||||&#8221; text_text_color=&#8221;#3c1f5e&#8221; text_font_size=&#8221;24px&#8221; text_line_height=&#8221;27px&#8221; global_colors_info=&#8221;{}&#8221;]\n<p>\u00c1reas de especialidad<\/p>\n[\/et_pb_text][et_pb_text _builder_version=&#8221;4.27.0&#8243; _module_preset=&#8221;default&#8221; text_font=&#8221;Open Sans|700|||||||&#8221; text_text_color=&#8221;#3c1f5e&#8221; text_font_size=&#8221;24px&#8221; text_line_height=&#8221;27px&#8221; hover_enabled=&#8221;0&#8243; custom_css_free_form=&#8221;selector .tag {||  display: inline-block;||  background-color: #D9D9D9;||  color: #333333;||  padding: 6px 12px;||  border-radius: 10px;||  margin: 5px;||  ||  font-family: &#8216;Open Sans&#8217;, sans-serif;||  font-weight: 700;||  font-size: 24px;||  line-height: 27px;||}&#8221; global_colors_info=&#8221;{}&#8221; sticky_enabled=&#8221;0&#8243;]<span class=\"tag\">Pol\u00edtica espacial <\/span><span class=\"tag\">Derecho espacial<\/span> <span class=\"tag\">Sostenibilidad orbital<\/span>[\/et_pb_text][et_pb_text _builder_version=&#8221;4.27.0&#8243; _module_preset=&#8221;default&#8221; text_font=&#8221;Open Sans|700|||||||&#8221; text_text_color=&#8221;#3c1f5e&#8221; text_font_size=&#8221;24px&#8221; text_line_height=&#8221;27px&#8221; hover_enabled=&#8221;0&#8243; global_colors_info=&#8221;{}&#8221; sticky_enabled=&#8221;0&#8243;]\n<p>Redes sociales<\/p>\n[\/et_pb_text][et_pb_social_media_follow icon_color=&#8221;#FFFFFF&#8221; use_icon_font_size=&#8221;on&#8221; icon_font_size=&#8221;25px&#8221; _builder_version=&#8221;4.27.0&#8243; _module_preset=&#8221;default&#8221; background_color=&#8221;RGBA(255,255,255,0)&#8221; min_height=&#8221;102px&#8221; global_colors_info=&#8221;{}&#8221;][et_pb_social_media_follow_network social_network=&#8221;linkedin&#8221; url=&#8221;https:\/\/www.linkedin.com\/in\/aarti-holla-maini-a6093a9\/&#8221; _builder_version=&#8221;4.27.0&#8243; _module_preset=&#8221;default&#8221; background_color=&#8221;#af3189&#8243; background_enable_color=&#8221;on&#8221; border_radii=&#8221;on|50%|50%|50%|50%&#8221; global_colors_info=&#8221;{}&#8221; follow_button=&#8221;off&#8221; url_new_window=&#8221;on&#8221;]linkedin[\/et_pb_social_media_follow_network][\/et_pb_social_media_follow][et_pb_text _builder_version=&#8221;4.27.0&#8243; _module_preset=&#8221;default&#8221; background_color=&#8221;rgba(107,49,175,0.2)&#8221; min_height=&#8221;125px&#8221; custom_padding=&#8221;20px|25px|20px|25px|false|false&#8221; border_radii=&#8221;on|12px|12px|12px|12px&#8221; global_colors_info=&#8221;{}&#8221;]\n<h3 style=\"color: #3c1f5e;font-family: 'Open Sans', sans-serif;font-weight: bold;font-size: 24px;line-height: 27px;margin: 0 0 18px 0\">Nombre de la presentaci\u00f3n<\/h3>\n<p style=\"color: #333333;font-family: 'Open Sans', sans-serif;font-weight: 400;font-size: 16px;line-height: 22px;margin: 0 0 16px 0\">Pronto m\u00e1s informaci\u00f3n<\/p>\n[\/et_pb_text][et_pb_text admin_label=&#8221;Text&#8221; _builder_version=&#8221;4.27.0&#8243; _module_preset=&#8221;default&#8221; text_font=&#8221;Open Sans||||on||||&#8221; text_text_color=&#8221;#af3189&#8243; text_font_size=&#8221;15px&#8221; text_line_height=&#8221;24px&#8221; global_colors_info=&#8221;{}&#8221;]\n<p style=\"text-align: right\">Ver todo el programa<\/p>\n[\/et_pb_text][\/et_pb_column][\/et_pb_row][\/et_pb_section]\n","protected":false},"excerpt":{"rendered":"<p>Directora de la Oficina de las Naciones Unidas para Asuntos del Espacio Exterior (UNOOSA)La Directora de la UNOOSA, Sra. Aarti Holla-Maini, es responsable de la gesti\u00f3n y administraci\u00f3n de la Oficina, brinda orientaci\u00f3n estrat\u00e9gica a su labor y garantiza su implementaci\u00f3n de conformidad con los mandatos de la Asamblea General, el Comit\u00e9 sobre la Utilizaci\u00f3n [&hellip;]<\/p>\n","protected":false},"author":133,"featured_media":0,"parent":0,"menu_order":0,"comment_status":"closed","ping_status":"closed","template":"","meta":{"_et_pb_use_builder":"on","_et_pb_old_content":"","_et_gb_content_width":"","inline_featured_image":false,"footnotes":""},"class_list":["post-3173","page","type-page","status-publish","hentry"],"_links":{"self":[{"href":"https:\/\/eventos.cmm.uchile.cl\/ceds2026\/en\/wp-json\/wp\/v2\/pages\/3173","targetHints":{"allow":["GET"]}}],"collection":[{"href":"https:\/\/eventos.cmm.uchile.cl\/ceds2026\/en\/wp-json\/wp\/v2\/pages"}],"about":[{"href":"https:\/\/eventos.cmm.uchile.cl\/ceds2026\/en\/wp-json\/wp\/v2\/types\/page"}],"author":[{"embeddable":true,"href":"https:\/\/eventos.cmm.uchile.cl\/ceds2026\/en\/wp-json\/wp\/v2\/users\/133"}],"replies":[{"embeddable":true,"href":"https:\/\/eventos.cmm.uchile.cl\/ceds2026\/en\/wp-json\/wp\/v2\/comments?post=3173"}],"version-history":[{"count":9,"href":"https:\/\/eventos.cmm.uchile.cl\/ceds2026\/en\/wp-json\/wp\/v2\/pages\/3173\/revisions"}],"predecessor-version":[{"id":3213,"href":"https:\/\/eventos.cmm.uchile.cl\/ceds2026\/en\/wp-json\/wp\/v2\/pages\/3173\/revisions\/3213"}],"wp:attachment":[{"href":"https:\/\/eventos.cmm.uchile.cl\/ceds2026\/en\/wp-json\/wp\/v2\/media?parent=3173"}],"curies":[{"name":"wp","href":"https:\/\/api.w.org\/{rel}","templated":true}]}}