{"id":7,"date":"2013-11-19T16:16:51","date_gmt":"2013-11-19T19:16:51","guid":{"rendered":"http:\/\/eventos.cmm.uchile.cl\/chile-finlandia2013\/?page_id=7"},"modified":"2013-11-22T16:26:19","modified_gmt":"2013-11-22T19:26:19","slug":"ubicacion","status":"publish","type":"page","link":"https:\/\/eventos.cmm.uchile.cl\/chile-finlandia2013\/ubicacion\/","title":{"rendered":"Ubicaci\u00f3n"},"content":{"rendered":"<p>El Seminario y los Talleres se realizar\u00e1n en la Escuela de Ingenier\u00eda y Ciencias de la Universidad de Chile.<\/p>\n<p>Escuela de Ingenier\u00eda y Ciencias<br \/>\nFacultad de Ciencias F\u00edsicas y Matem\u00e1ticas \u2013 Universidad de Chile<br \/>\n<a href=\"https:\/\/mapsengine.google.com\/map\/edit?mid=zA4P8gjYU9Ww.k6l1IPQV57WU\">Beauchef 850<\/a><br \/>\nSantiago, Chile<\/p>\n<p><img loading=\"lazy\" decoding=\"async\" class=\"aligncenter size-full wp-image-21\" alt=\"escuela_ingenieria_venue01\" src=\"http:\/\/eventos.cmm.uchile.cl\/chile-finlandia2013\/wp-content\/uploads\/sites\/8\/2013\/11\/escuela_ingenieria_venue01.jpg\" width=\"604\" height=\"200\" srcset=\"https:\/\/eventos.cmm.uchile.cl\/chile-finlandia2013\/wp-content\/uploads\/sites\/8\/2013\/11\/escuela_ingenieria_venue01.jpg 604w, https:\/\/eventos.cmm.uchile.cl\/chile-finlandia2013\/wp-content\/uploads\/sites\/8\/2013\/11\/escuela_ingenieria_venue01-300x99.jpg 300w\" sizes=\"auto, (max-width: 604px) 100vw, 604px\" \/><\/p>\n<p><a name=\"mapa\"><\/a><br \/>\n\n<!-- iframe plugin v.6.0 wordpress.org\/plugins\/iframe\/ -->\n<iframe loading=\"lazy\" src=\"https:\/\/mapsengine.google.com\/map\/u\/0\/embed?mid=zA4P8gjYU9Ww.k6l1IPQV57WU\" height=\"425\" width=\"583\" frameborder=\"0\" marginwidth=\"0\" marginheight=\"0\" scrolling=\"no\" class=\"iframe-class\"><\/iframe>\n\n<small>Ver el <a style=\"text-align: left\" href=\"https:\/\/mapsengine.google.com\/map\/u\/0\/embed?mid=zA4P8gjYU9Ww.k6l1IPQV57WU\">CMM y la Escuela de Ingenier\u00eda y Ciencias<\/a> en un mapa m\u00e1s amplio<br \/>\n<\/small><\/p>\n<p>La Escuela de Ingenier\u00eda y Ciencias forma parte de la <a title=\"FCFM\" href=\"http:\/\/ingenieria.uchile.cl\/\">Facultad de Ciencias F\u00edsicas y Matem\u00e1ticas (FCFM)<\/a> de la Universidad de Chile.<\/p>\n<figure id=\"attachment_53\" aria-describedby=\"caption-attachment-53\" style=\"width: 604px\" class=\"wp-caption aligncenter\"><img loading=\"lazy\" decoding=\"async\" class=\"size-full wp-image-53\" alt=\"salon_gorbea_venue01\" src=\"http:\/\/eventos.cmm.uchile.cl\/chile-finlandia2013\/wp-content\/uploads\/sites\/8\/2013\/11\/salon_gorbea_venue01.jpg\" width=\"604\" height=\"200\" srcset=\"https:\/\/eventos.cmm.uchile.cl\/chile-finlandia2013\/wp-content\/uploads\/sites\/8\/2013\/11\/salon_gorbea_venue01.jpg 604w, https:\/\/eventos.cmm.uchile.cl\/chile-finlandia2013\/wp-content\/uploads\/sites\/8\/2013\/11\/salon_gorbea_venue01-300x99.jpg 300w\" sizes=\"auto, (max-width: 604px) 100vw, 604px\" \/><figcaption id=\"caption-attachment-53\" class=\"wp-caption-text\">Sal\u00f3n Gorbea<\/figcaption><\/figure>\n<figure id=\"attachment_56\" aria-describedby=\"caption-attachment-56\" style=\"width: 604px\" class=\"wp-caption aligncenter\"><img loading=\"lazy\" decoding=\"async\" class=\"size-full wp-image-56\" alt=\"Hall Sur\" src=\"http:\/\/eventos.cmm.uchile.cl\/chile-finlandia2013\/wp-content\/uploads\/sites\/8\/2013\/11\/hall_sur_venue01.jpg\" width=\"604\" height=\"200\" srcset=\"https:\/\/eventos.cmm.uchile.cl\/chile-finlandia2013\/wp-content\/uploads\/sites\/8\/2013\/11\/hall_sur_venue01.jpg 604w, https:\/\/eventos.cmm.uchile.cl\/chile-finlandia2013\/wp-content\/uploads\/sites\/8\/2013\/11\/hall_sur_venue01-300x99.jpg 300w\" sizes=\"auto, (max-width: 604px) 100vw, 604px\" \/><figcaption id=\"caption-attachment-56\" class=\"wp-caption-text\">Hall Sur<\/figcaption><\/figure>\n<p>Las estaciones m\u00e1s cercanas de Metro son estaci\u00f3n \u00abToesca\u00bb y \u00abParque O&#8217;Higgins\u00bb, ambas en L\u00ednea 2 ( descargue el <a title=\"Plano de red Metro\" href=\"http:\/\/www.dim.uchile.cl\/~cmmsocial\/eventos\/downloads\/2012-plano-metro-red.pdf\">plano del Metro de Santiago<\/a>). Desde la estaci\u00f3n \u00abToesca\u00bb a la Facultad es un trayecto de cerca de 10 minutos caminando (<a href=\"http:\/\/www.dim.uchile.cl\/~cmmsocial\/eventos\/downloads\/uchile_cmm-dim_map.pdf\">ver mapa descargable<\/a>).<\/p>\n<p style=\"text-align: center\"><a href=\"http:\/\/eventos.cmm.uchile.cl\/chile-finlandia2013\/wp-content\/uploads\/sites\/8\/2013\/11\/uchile_cmm-dim_map.pdf\"><img loading=\"lazy\" decoding=\"async\" class=\"aligncenter size-full wp-image-41\" alt=\"Mapa\" src=\"http:\/\/eventos.cmm.uchile.cl\/chile-finlandia2013\/wp-content\/uploads\/sites\/8\/2013\/11\/uchile_cmm-dim_map.png\" width=\"600\" height=\"600\" \/><\/a><a title=\"descargar mapa\" href=\"http:\/\/eventos.cmm.uchile.cl\/chile-finlandia2013\/wp-content\/uploads\/sites\/8\/2013\/11\/uchile_cmm-dim_map.pdf\">descargar mapa ubicaci\u00f3n CMM<\/a><\/p>\n","protected":false},"excerpt":{"rendered":"<p>El Seminario y los Talleres se realizar\u00e1n en la Escuela de Ingenier\u00eda y Ciencias de la Universidad de Chile. Escuela de Ingenier\u00eda y Ciencias Facultad de Ciencias F\u00edsicas y Matem\u00e1ticas \u2013 Universidad de Chile Beauchef 850 Santiago, Chile Ver el CMM y la Escuela de Ingenier\u00eda y Ciencias en un mapa m\u00e1s amplio La Escuela &hellip; <a href=\"https:\/\/eventos.cmm.uchile.cl\/chile-finlandia2013\/ubicacion\/\" class=\"more-link\">Seguir leyendo <span class=\"screen-reader-text\">Ubicaci\u00f3n<\/span> <span class=\"meta-nav\">&rarr;<\/span><\/a><\/p>\n","protected":false},"author":2,"featured_media":0,"parent":0,"menu_order":7,"comment_status":"closed","ping_status":"closed","template":"","meta":{"inline_featured_image":false,"footnotes":""},"class_list":["post-7","page","type-page","status-publish","hentry"],"_links":{"self":[{"href":"https:\/\/eventos.cmm.uchile.cl\/chile-finlandia2013\/wp-json\/wp\/v2\/pages\/7","targetHints":{"allow":["GET"]}}],"collection":[{"href":"https:\/\/eventos.cmm.uchile.cl\/chile-finlandia2013\/wp-json\/wp\/v2\/pages"}],"about":[{"href":"https:\/\/eventos.cmm.uchile.cl\/chile-finlandia2013\/wp-json\/wp\/v2\/types\/page"}],"author":[{"embeddable":true,"href":"https:\/\/eventos.cmm.uchile.cl\/chile-finlandia2013\/wp-json\/wp\/v2\/users\/2"}],"replies":[{"embeddable":true,"href":"https:\/\/eventos.cmm.uchile.cl\/chile-finlandia2013\/wp-json\/wp\/v2\/comments?post=7"}],"version-history":[{"count":10,"href":"https:\/\/eventos.cmm.uchile.cl\/chile-finlandia2013\/wp-json\/wp\/v2\/pages\/7\/revisions"}],"predecessor-version":[{"id":58,"href":"https:\/\/eventos.cmm.uchile.cl\/chile-finlandia2013\/wp-json\/wp\/v2\/pages\/7\/revisions\/58"}],"wp:attachment":[{"href":"https:\/\/eventos.cmm.uchile.cl\/chile-finlandia2013\/wp-json\/wp\/v2\/media?parent=7"}],"curies":[{"name":"wp","href":"https:\/\/api.w.org\/{rel}","templated":true}]}}