{"id":69,"date":"2021-09-09T20:04:19","date_gmt":"2021-09-09T20:04:19","guid":{"rendered":"https:\/\/eventos.cmm.uchile.cl\/chilefranceforum2021\/?page_id=69"},"modified":"2021-10-13T14:14:24","modified_gmt":"2021-10-13T17:14:24","slug":"wrap-up","status":"publish","type":"page","link":"https:\/\/eventos.cmm.uchile.cl\/chilefranceforum2021\/program\/wrap-up\/","title":{"rendered":"Forum Plenary Session"},"content":{"rendered":"<div class=\"su-button-center\"><a href=\"https:\/\/www.youtube.com\/watch?v=psIsn4xG-18\" class=\"su-button su-button-style-flat\" style=\"color:#FFFFFF;background-color:#2D89EF;border-color:#246ec0;border-radius:7px\" target=\"_blank\" rel=\"noopener noreferrer\"><span style=\"color:#FFFFFF;padding:7px 20px;font-size:16px;line-height:24px;border-color:#6cadf4;border-radius:7px;text-shadow:none\"><i class=\"sui sui-youtube-play\" style=\"font-size:16px;color:#FFFFFF\"><\/i> Video recording on YouTube<\/span><\/a><\/div>\n<p>&nbsp;<\/p>\n<p>UPDATE: You can watch the Plenary Session on YouTube<\/p>\n<p><iframe loading=\"lazy\" title=\"3rd Chile-France Academic Forum: Plenary Session\" width=\"604\" height=\"340\" src=\"https:\/\/www.youtube.com\/embed\/psIsn4xG-18?feature=oembed\" frameborder=\"0\" allow=\"accelerometer; autoplay; clipboard-write; encrypted-media; gyroscope; picture-in-picture; web-share\" referrerpolicy=\"strict-origin-when-cross-origin\" allowfullscreen><\/iframe><\/p>\n<p>&nbsp;<\/p>\n<h2>Program: September 30th<\/h2>\n<p>(hours are given in Chilean time, in parenthesis the French time)<\/p>\n<p>9:30-12:00 (14:30-17:00) <strong>Forum Plenary Session : conclusions and discussion<\/strong> (moderated by Pedro Bouchon and Eduardo Vera)<\/p>\n<ul>\n<li>9:30-10:45 (14:30-15:45) <strong>Conclusions:<\/strong> a representative of each Workshop presents the conclusions of their work (10\u2032 each);<\/li>\n<li>10:45-11:50 (15:45-16:50) <strong>Discussion:<\/strong> the moderators and the invited speakers (see list below) exchange on the strong points of the conclusions and the way forward for strengthening the cooperation.<\/li>\n<li>11:50-12:00 (16:50-17:00) <strong>Closing remarks<\/strong><\/li>\n<\/ul>\n<p>Invited speakers:<\/p>\n<ul>\n<li>Christelle Roy (Directrice Europe de la Recherche et Coop\u00e9ration Internationale, CNRS)<\/li>\n<li>Andrea Rodr\u00edguez (Vicerrectora Investigaci\u00f3n y Desarrollo, Universidad de Concepci\u00f3n)<\/li>\n<li>Ais\u00e9n Etcheverry (Directora Nacional\u00a0 ANID)<\/li>\n<\/ul>\n<p>Closing remarks:<\/p>\n<ul>\n<li>Christian Estrade (Consejero de cooperaci\u00f3n y de acci\u00f3n cultural de la Embajada de Francia en Chile)<\/li>\n<li>Juan Salazar (Embajador de Chile en Francia)<\/li>\n<\/ul>\n<div class=\"su-divider su-divider-style-default\" style=\"margin:20px 0;border-width:3px;border-color:#2D89EF\"><a href=\"#\" style=\"color:#999999\">Go to top<\/a><\/div>\n","protected":false},"excerpt":{"rendered":"<p>&nbsp; UPDATE: You can watch the Plenary Session on YouTube &nbsp; Program: September 30th (hours are given in Chilean time, in parenthesis the French time) 9:30-12:00 (14:30-17:00) Forum Plenary Session : conclusions and discussion (moderated by Pedro Bouchon and Eduardo Vera) 9:30-10:45 (14:30-15:45) Conclusions: a representative of each Workshop presents the conclusions of their work &hellip; <a href=\"https:\/\/eventos.cmm.uchile.cl\/chilefranceforum2021\/program\/wrap-up\/\" class=\"more-link\">Continue reading <span class=\"screen-reader-text\">Forum Plenary Session<\/span> <span class=\"meta-nav\">&rarr;<\/span><\/a><\/p>\n","protected":false},"author":2,"featured_media":0,"parent":10,"menu_order":7,"comment_status":"closed","ping_status":"closed","template":"","meta":{"inline_featured_image":false,"footnotes":""},"class_list":["post-69","page","type-page","status-publish","hentry"],"_links":{"self":[{"href":"https:\/\/eventos.cmm.uchile.cl\/chilefranceforum2021\/wp-json\/wp\/v2\/pages\/69","targetHints":{"allow":["GET"]}}],"collection":[{"href":"https:\/\/eventos.cmm.uchile.cl\/chilefranceforum2021\/wp-json\/wp\/v2\/pages"}],"about":[{"href":"https:\/\/eventos.cmm.uchile.cl\/chilefranceforum2021\/wp-json\/wp\/v2\/types\/page"}],"author":[{"embeddable":true,"href":"https:\/\/eventos.cmm.uchile.cl\/chilefranceforum2021\/wp-json\/wp\/v2\/users\/2"}],"replies":[{"embeddable":true,"href":"https:\/\/eventos.cmm.uchile.cl\/chilefranceforum2021\/wp-json\/wp\/v2\/comments?post=69"}],"version-history":[{"count":34,"href":"https:\/\/eventos.cmm.uchile.cl\/chilefranceforum2021\/wp-json\/wp\/v2\/pages\/69\/revisions"}],"predecessor-version":[{"id":340,"href":"https:\/\/eventos.cmm.uchile.cl\/chilefranceforum2021\/wp-json\/wp\/v2\/pages\/69\/revisions\/340"}],"up":[{"embeddable":true,"href":"https:\/\/eventos.cmm.uchile.cl\/chilefranceforum2021\/wp-json\/wp\/v2\/pages\/10"}],"wp:attachment":[{"href":"https:\/\/eventos.cmm.uchile.cl\/chilefranceforum2021\/wp-json\/wp\/v2\/media?parent=69"}],"curies":[{"name":"wp","href":"https:\/\/api.w.org\/{rel}","templated":true}]}}