{"id":80,"date":"2021-09-09T20:15:55","date_gmt":"2021-09-09T20:15:55","guid":{"rendered":"https:\/\/eventos.cmm.uchile.cl\/chilefranceforum2021\/?page_id=80"},"modified":"2021-10-13T14:15:52","modified_gmt":"2021-10-13T17:15:52","slug":"workshop-5","status":"publish","type":"page","link":"https:\/\/eventos.cmm.uchile.cl\/chilefranceforum2021\/program\/workshop-5\/","title":{"rendered":"Workshop 5: Data Driven Sciences"},"content":{"rendered":"<div class=\"su-button-center\"><a href=\"https:\/\/static.cmm.uchile.cl\/descargas\/2021\/chilefranceforum2021\/W5_Data_Driven_Sciences_summary.pdf\" class=\"su-button su-button-style-flat\" style=\"color:#FFFFFF;background-color:#2D89EF;border-color:#246ec0;border-radius:7px\" target=\"_blank\" rel=\"noopener noreferrer\"><span style=\"color:#FFFFFF;padding:7px 20px;font-size:16px;line-height:24px;border-color:#6cadf4;border-radius:7px;text-shadow:none\"><i class=\"sui sui-file-pdf-o\" style=\"font-size:16px;color:#FFFFFF\"><\/i> Final summary &amp; Conclusions (PDF)<\/span><\/a><\/div>\u00a0 <div class=\"su-button-center\"><a href=\"https:\/\/youtu.be\/WZk5-_LQ0Qg\" class=\"su-button su-button-style-flat\" style=\"color:#FFFFFF;background-color:#2D89EF;border-color:#246ec0;border-radius:7px\" target=\"_blank\" rel=\"noopener noreferrer\"><span style=\"color:#FFFFFF;padding:7px 20px;font-size:16px;line-height:24px;border-color:#6cadf4;border-radius:7px;text-shadow:none\"><i class=\"sui sui-youtube-play\" style=\"font-size:16px;color:#FFFFFF\"><\/i> Video recording on YouTube &#8211; Session 1<\/span><\/a><\/div>\u00a0 <div class=\"su-button-center\"><a href=\"https:\/\/youtu.be\/PVChBFEoFIc\" class=\"su-button su-button-style-flat\" style=\"color:#FFFFFF;background-color:#2D89EF;border-color:#246ec0;border-radius:7px\" target=\"_blank\" rel=\"noopener noreferrer\"><span style=\"color:#FFFFFF;padding:7px 20px;font-size:16px;line-height:24px;border-color:#6cadf4;border-radius:7px;text-shadow:none\"><i class=\"sui sui-youtube-play\" style=\"font-size:16px;color:#FFFFFF\"><\/i> Video recording on YouTube &#8211; Session 2<\/span><\/a><\/div>\n<p>&nbsp;<\/p>\n<p>UPDATE: You can watch Session 1 and 2 of this Workshop on YouTube<\/p>\n<p><iframe loading=\"lazy\" title=\"Workshop 5: Data Driven Sciences - Session 1\" width=\"604\" height=\"340\" src=\"https:\/\/www.youtube.com\/embed\/WZk5-_LQ0Qg?feature=oembed\" frameborder=\"0\" allow=\"accelerometer; autoplay; clipboard-write; encrypted-media; gyroscope; picture-in-picture; web-share\" referrerpolicy=\"strict-origin-when-cross-origin\" allowfullscreen><\/iframe><\/p>\n<p><iframe loading=\"lazy\" title=\"Workshop 5: Data Driven Sciences - Session 2\" width=\"604\" height=\"340\" src=\"https:\/\/www.youtube.com\/embed\/PVChBFEoFIc?feature=oembed\" frameborder=\"0\" allow=\"accelerometer; autoplay; clipboard-write; encrypted-media; gyroscope; picture-in-picture; web-share\" referrerpolicy=\"strict-origin-when-cross-origin\" allowfullscreen><\/iframe><\/p>\n<p>&nbsp;<\/p>\n<h2>Co-chairs<\/h2>\n<ul>\n<li>Guillermo Cabrera (UdeC)<\/li>\n<li>Eduardo Cerpa (PUC)<\/li>\n<li>Jean-St\u00e9phane Dhersin (U. Paris Sorbonne Paris Nord &#8211; CNRS)<\/li>\n<li>Joaqu\u00edn Fontbona (UCH)<\/li>\n<li>H\u00e9ctor Ram\u00edrez (UCH)<\/li>\n<\/ul>\n<h2>Program: September 29th<\/h2>\n<p>(hours are given in Chilean time, to get the French time you need to add 5 hours)<\/p>\n<p><strong>Abstracts:<\/strong> <a href=\"https:\/\/eventos.cmm.uchile.cl\/chilefranceforum2021\/wp-content\/uploads\/sites\/122\/2021\/09\/Titles-and-abstracts_WorkshopDataDrivenSciences-1.pdf\">Titles and abstracts &#8211; PDF<\/a><\/p>\n<div class=\"su-button-center\"><a href=\"https:\/\/eventos.cmm.uchile.cl\/chilefranceforum2021\/wp-content\/uploads\/sites\/122\/2021\/09\/Titles-and-abstracts_WorkshopDataDrivenSciences-1.pdf\" class=\"su-button su-button-style-flat\" style=\"color:#FFFFFF;background-color:#2D89EF;border-color:#246ec0;border-radius:7px\" target=\"_blank\" rel=\"noopener noreferrer\"><span style=\"color:#FFFFFF;padding:7px 20px;font-size:16px;line-height:24px;border-color:#6cadf4;border-radius:7px;text-shadow:none\"><i class=\"sui sui-file-pdf-o\" style=\"font-size:16px;color:#FFFFFF\"><\/i> Abstracts<\/span><\/a><\/div>\n<p>&nbsp;<\/p>\n<h3><b>Session 1<\/b><\/h3>\n<p>(Chair: Jean-St\u00e9phane Dhersin, CNRS)<\/p>\n<p>9:30-9:45 Vincent Calvez (CNRS- Universit\u00e9 Claude Bernard) : \u201cSelf-generated gradients in biology: A case study\u201c<\/p>\n<p>9:45-10:00 Ezequiel Treister (P. U. Cat\u00f3lica de Chile): \u201cData-Driven Science in Astrophysics in the Context of the Center for Astrophysics and Related Technologies\u201d<\/p>\n<p>10:00-10:15 Vittorio Perduca, Laboratoire MAP5 (UMR CNRS 8145), Universit\u00e9 de Paris: \u201cTarget learning in the time of Covid-19: a French case study\u201d<\/p>\n<p>10:15-10:30 Jocelyn Dunstan (U. de Chile): \u201cNatural language processing to support clinical decisions\u201d<\/p>\n<p>10:30-10:45\u00a0 Emille Ishida (CNRS at LPC Clermont-Ferrand): \u201cFink broker, an optimize recommendation system for transient follow-up\u201d<\/p>\n<p>10:45-11:00 Rodrigo Abarca Del R\u00edo (U. de Concepci\u00f3n): \u201c Environmental and geophysical analysis utilizing advanced data processing techniques in remotely sensed data: Research conducted at the Universidad de Concepci\u00f3n\u201d<\/p>\n<div class=\"su-divider su-divider-style-default\" style=\"margin:20px 0;border-width:3px;border-color:#2D89EF\"><a href=\"#\" style=\"color:#999999\">Go to top<\/a><\/div>\n<h3><b>Session 2<\/b><\/h3>\n<p>(Chair : Joaquin Fontbona, CMM &#8211; Universidad de Chile)<\/p>\n<p>11:30-11:45 Clementine Prieur (U. Grenoble-Alpes): \u201cSensitivity analysis and parameter estimation\u201d<\/p>\n<p>11:45-12:00 Carlos Sing-Long (P. U. Cat\u00f3lica de Chile): \u201cRandom artifacts and its potential effects in medical image reconstruction\u201d<\/p>\n<p>12:00-12:15 J\u00e9r\u00f4me Bolte (ANITI, Toulouse)\u00a0 &#8220;Nonsmooth automatic differentiation: the key to the learning phase of Neural Networks&#8221;<\/p>\n<p>12:15-12:30 Francisco F\u00f6rster (U. de Chile): \u201cThe Universe in a Stream: Challenges and Progress of the ALeRCE Broker\u201d<\/p>\n<p><b>12:40-13:30 Round table:<\/b><\/p>\n<ul>\n<li aria-level=\"1\">J\u00e9r\u00f4me Bolte (ANITI, Toulouse)<\/li>\n<li aria-level=\"1\">Christophe Prieur (MIAI, Grenoble)<\/li>\n<li aria-level=\"1\">Felipe Barrientos or Gaspar Galaz (Instituto de Astrof\u00edsica PUC)\u00a0 to be confirmed<\/li>\n<li aria-level=\"1\">Guillermo Cabrera (U. de Concepci\u00f3n)<\/li>\n<li aria-level=\"1\">Jocelyn Dunstan (U. de Chile)<\/li>\n<li aria-level=\"1\">Jean-St\u00e9phane Dhersin (CNRS, U. Paris Sorbonne)<\/li>\n<\/ul>\n<div class=\"su-divider su-divider-style-default\" style=\"margin:20px 0;border-width:3px;border-color:#2D89EF\"><a href=\"#\" style=\"color:#999999\">Go to top<\/a><\/div>\n","protected":false},"excerpt":{"rendered":"<p>\u00a0 \u00a0 &nbsp; UPDATE: You can watch Session 1 and 2 of this Workshop on YouTube &nbsp; Co-chairs Guillermo Cabrera (UdeC) Eduardo Cerpa (PUC) Jean-St\u00e9phane Dhersin (U. Paris Sorbonne Paris Nord &#8211; CNRS) Joaqu\u00edn Fontbona (UCH) H\u00e9ctor Ram\u00edrez (UCH) Program: September 29th (hours are given in Chilean time, to get the French time you need &hellip; <a href=\"https:\/\/eventos.cmm.uchile.cl\/chilefranceforum2021\/program\/workshop-5\/\" class=\"more-link\">Continue reading <span class=\"screen-reader-text\">Workshop 5: Data Driven Sciences<\/span> <span class=\"meta-nav\">&rarr;<\/span><\/a><\/p>\n","protected":false},"author":2,"featured_media":0,"parent":10,"menu_order":4,"comment_status":"closed","ping_status":"closed","template":"","meta":{"inline_featured_image":false,"footnotes":""},"class_list":["post-80","page","type-page","status-publish","hentry"],"_links":{"self":[{"href":"https:\/\/eventos.cmm.uchile.cl\/chilefranceforum2021\/wp-json\/wp\/v2\/pages\/80","targetHints":{"allow":["GET"]}}],"collection":[{"href":"https:\/\/eventos.cmm.uchile.cl\/chilefranceforum2021\/wp-json\/wp\/v2\/pages"}],"about":[{"href":"https:\/\/eventos.cmm.uchile.cl\/chilefranceforum2021\/wp-json\/wp\/v2\/types\/page"}],"author":[{"embeddable":true,"href":"https:\/\/eventos.cmm.uchile.cl\/chilefranceforum2021\/wp-json\/wp\/v2\/users\/2"}],"replies":[{"embeddable":true,"href":"https:\/\/eventos.cmm.uchile.cl\/chilefranceforum2021\/wp-json\/wp\/v2\/comments?post=80"}],"version-history":[{"count":36,"href":"https:\/\/eventos.cmm.uchile.cl\/chilefranceforum2021\/wp-json\/wp\/v2\/pages\/80\/revisions"}],"predecessor-version":[{"id":343,"href":"https:\/\/eventos.cmm.uchile.cl\/chilefranceforum2021\/wp-json\/wp\/v2\/pages\/80\/revisions\/343"}],"up":[{"embeddable":true,"href":"https:\/\/eventos.cmm.uchile.cl\/chilefranceforum2021\/wp-json\/wp\/v2\/pages\/10"}],"wp:attachment":[{"href":"https:\/\/eventos.cmm.uchile.cl\/chilefranceforum2021\/wp-json\/wp\/v2\/media?parent=80"}],"curies":[{"name":"wp","href":"https:\/\/api.w.org\/{rel}","templated":true}]}}