{"id":82,"date":"2021-09-09T20:16:17","date_gmt":"2021-09-09T20:16:17","guid":{"rendered":"https:\/\/eventos.cmm.uchile.cl\/chilefranceforum2021\/?page_id=82"},"modified":"2021-10-13T14:16:08","modified_gmt":"2021-10-13T17:16:08","slug":"workshop-6","status":"publish","type":"page","link":"https:\/\/eventos.cmm.uchile.cl\/chilefranceforum2021\/program\/workshop-6\/","title":{"rendered":"Workshop 6: Design, Arts and Heritage"},"content":{"rendered":"<div class=\"su-button-center\"><a href=\"https:\/\/static.cmm.uchile.cl\/descargas\/2021\/chilefranceforum2021\/W6_Design_Arts_and_Heritage_summary.pdf\" class=\"su-button su-button-style-flat\" style=\"color:#FFFFFF;background-color:#2D89EF;border-color:#246ec0;border-radius:7px\" target=\"_blank\" rel=\"noopener noreferrer\"><span style=\"color:#FFFFFF;padding:7px 20px;font-size:16px;line-height:24px;border-color:#6cadf4;border-radius:7px;text-shadow:none\"><i class=\"sui sui-file-pdf-o\" style=\"font-size:16px;color:#FFFFFF\"><\/i> Final summary &amp; Conclusions (PDF)<\/span><\/a><\/div>\u00a0 <div class=\"su-button-center\"><a href=\"https:\/\/youtu.be\/36sEcI1HNIQ\" class=\"su-button su-button-style-flat\" style=\"color:#FFFFFF;background-color:#2D89EF;border-color:#246ec0;border-radius:7px\" target=\"_blank\" rel=\"noopener noreferrer\"><span style=\"color:#FFFFFF;padding:7px 20px;font-size:16px;line-height:24px;border-color:#6cadf4;border-radius:7px;text-shadow:none\"><i class=\"sui sui-youtube-play\" style=\"font-size:16px;color:#FFFFFF\"><\/i> Video recording on YouTube<\/span><\/a><\/div>\n<p>&nbsp;<\/p>\n<p>UPDATE: You can now watch this Workshop on YouTube<\/p>\n<p><iframe loading=\"lazy\" title=\"Workshop 6: Design, Arts and Heritage\" width=\"604\" height=\"340\" src=\"https:\/\/www.youtube.com\/embed\/36sEcI1HNIQ?feature=oembed\" frameborder=\"0\" allow=\"accelerometer; autoplay; clipboard-write; encrypted-media; gyroscope; picture-in-picture; web-share\" referrerpolicy=\"strict-origin-when-cross-origin\" allowfullscreen><\/iframe><\/p>\n<h2>Co-chairs<\/h2>\n<ul>\n<li>Marcela Sep\u00falveda (PUC, msepulver@uc.cl)<\/li>\n<li>Sergio Donoso (UCH, sergiodonoso@uchilefau.cl)<\/li>\n<li>Mar\u00eda In\u00e9s Picazo Verdejo (mpicazo@udec.cl)<\/li>\n<\/ul>\n<h2>Program: September 29th<\/h2>\n<table width=\"100%\">\n<tbody>\n<tr>\n<td colspan=\"2\" width=\"80\"><strong>French Time<\/strong><\/td>\n<td colspan=\"2\" width=\"80\"><strong>Chilean Time<\/strong><\/td>\n<td colspan=\"4\" width=\"444\"><strong>Design &amp; Arts presentations<\/strong><br \/>\nModerators: Sergio Donoso, Universidad de Chile \/<br \/>\nMarcela Sep\u00falveda, Pontificia Universidad Cat\u00f3lica de Chile<\/td>\n<\/tr>\n<tr>\n<td width=\"40\"><strong>Start<\/strong><\/td>\n<td width=\"40\"><strong>End<\/strong><\/td>\n<td width=\"40\"><strong>Start<\/strong><\/td>\n<td width=\"40\"><strong>End<\/strong><\/td>\n<td width=\"105\"><strong>Author<\/strong><\/td>\n<td width=\"110\"><strong>Institution<\/strong><\/td>\n<td width=\"118\"><strong>Title<\/strong><\/td>\n<td width=\"111\"><strong>Email<\/strong><\/td>\n<\/tr>\n<tr>\n<td width=\"40\">14:30<\/td>\n<td width=\"40\">14:35<\/td>\n<td width=\"40\">09:30<\/td>\n<td width=\"40\">09:35<\/td>\n<td colspan=\"4\" width=\"444\"><strong>PALABRAS DE BIENVENIDA<\/strong><\/td>\n<\/tr>\n<tr>\n<td width=\"40\">14:35<\/td>\n<td width=\"40\">14:40<\/td>\n<td width=\"40\">09:35<\/td>\n<td width=\"40\">09:40<\/td>\n<td width=\"105\">Ra\u00fal Vergara<\/td>\n<td width=\"110\">Universidad Tecnol\u00f3gica Metropolitana<\/td>\n<td width=\"118\">Santiago taxi: un caso de transporte p\u00fablico no inclusivo en Chile<\/td>\n<td width=\"111\"><a href=\"mailto:lurverg@gmail.com\">lurverg@gmail.com<\/a><\/td>\n<\/tr>\n<tr>\n<td width=\"40\">14:40<\/td>\n<td width=\"40\">14:45<\/td>\n<td width=\"40\">09:40<\/td>\n<td width=\"40\">09:45<\/td>\n<td width=\"105\">Juan Carlos Briede<\/td>\n<td width=\"110\">Universidad T\u00e9cnica Federico Santa Mar\u00eda<\/td>\n<td width=\"118\">Co creaci\u00f3n con adultos mayores<\/td>\n<td width=\"111\"><a href=\"mailto:jcbriede@gmail.com\">jcbriede@gmail.com<\/a><\/td>\n<\/tr>\n<tr>\n<td width=\"40\">14:45<\/td>\n<td width=\"40\">14:50<\/td>\n<td width=\"40\">09:45<\/td>\n<td width=\"40\">09:50<\/td>\n<td width=\"105\">Mitzi Vielma<\/td>\n<td width=\"110\">Universidad de Chile<\/td>\n<td width=\"118\">La creatividad en Dise\u00f1o: influencia de los capitales heredados en tiempos de la posverdad<\/td>\n<td width=\"111\"><a href=\"mailto:mitzivielma@gmail.com\">mitzivielma@gmail.com<\/a><\/td>\n<\/tr>\n<tr>\n<td width=\"40\">15:00<\/td>\n<td width=\"40\">15:05<\/td>\n<td width=\"40\">10:00<\/td>\n<td width=\"40\">10:05<\/td>\n<td width=\"105\">Rodrigo Vargas<\/td>\n<td width=\"110\">Universidad de Valpara\u00edso<\/td>\n<td width=\"118\">El problema de la problematizaci\u00f3n en Dise\u00f1o<\/td>\n<td width=\"111\"><a href=\"mailto:rodrigovargascallegari@gmail.com\">rodrigovargascallegari@gmail.com<\/a><\/td>\n<\/tr>\n<tr>\n<td width=\"40\">15:05<\/td>\n<td width=\"40\">15:10<\/td>\n<td width=\"40\">10:05<\/td>\n<td width=\"40\">10:10<\/td>\n<td width=\"105\">Mart\u00edn Serey y Andrea \u00c1vila<\/td>\n<td width=\"110\">DUOC<\/td>\n<td width=\"118\">Engineering, industrial and fashion design towards an affordable post-stroke robotic rehabilitation<\/td>\n<td width=\"111\"><a href=\"mailto:an.avila@profesor.duoc.cl\">an.avila@profesor.duoc.cl<\/a><\/td>\n<\/tr>\n<tr>\n<td width=\"40\">15:10<\/td>\n<td width=\"40\">15:15<\/td>\n<td width=\"40\">10:10<\/td>\n<td width=\"40\">10:15<\/td>\n<td width=\"105\">Andrea Wechsler<br \/>\nPablo Dom\u00ednguez<br \/>\nRoberto Osses<\/td>\n<td width=\"110\">Universidad de Chile<\/td>\n<td width=\"118\">BioLabFAU. New explorations: research and development of an opensource system for 3D prototyping biobased materials<\/td>\n<td width=\"111\"><a href=\"mailto:andreawechsler@uchilefau.cl\">andreawechsler@uchilefau.cl<\/a><\/td>\n<\/tr>\n<tr>\n<td width=\"40\">15:20<\/td>\n<td width=\"40\">15:25<\/td>\n<td width=\"40\">10:20<\/td>\n<td width=\"40\">10:25<\/td>\n<td width=\"105\">Sergio Donoso<\/td>\n<td width=\"110\">Universidad de Chile<\/td>\n<td width=\"118\">Santiago U-Lab: emociones para el dise\u00f1o hed\u00f3nico de productos industriales<\/td>\n<td width=\"111\"><a href=\"mailto:sergiodonoso@uchilefau.cl\">sergiodonoso@uchilefau.cl<\/a><\/td>\n<\/tr>\n<tr>\n<td width=\"40\">15:55<\/td>\n<td width=\"40\">16:00<\/td>\n<td width=\"40\">10:55<\/td>\n<td width=\"40\">11:00<\/td>\n<td width=\"105\">Rub\u00e9n Jacob<\/td>\n<td width=\"110\">Universidad de Chile<\/td>\n<td width=\"118\">Caracterizaci\u00f3n de las maderas desde la percepci\u00f3n y la experiencia<\/td>\n<td width=\"111\"><a href=\"mailto:rubenhjd@uchilefau.cl\">rubenhjd@uchilefau.cl<\/a><\/td>\n<\/tr>\n<tr>\n<td width=\"40\">16:00<\/td>\n<td width=\"40\">16:30<\/td>\n<td width=\"40\">11:00<\/td>\n<td width=\"40\">11:30<\/td>\n<td colspan=\"4\" width=\"444\"><strong>DEBATE<\/strong><\/td>\n<\/tr>\n<tr>\n<td width=\"40\">16:30<\/td>\n<td width=\"40\">16:45<\/td>\n<td width=\"40\">11:30<\/td>\n<td width=\"40\">11:45<\/td>\n<td colspan=\"4\" width=\"444\"><strong>BREAK<\/strong><\/td>\n<\/tr>\n<tr>\n<td>16:45<\/td>\n<td>16:50<\/td>\n<td>11:45<\/td>\n<td>11:50<\/td>\n<td>Susana Paixao-Barradas<\/td>\n<td>KEDGED Design School<\/td>\n<td>Social and responsable economie by design : Common interests for futures collaborations between Chile and France<\/td>\n<td><a href=\"mailto:Susana.Paixao-Barradas@kedgebs.com\">Susana.Paixao-Barradas@kedgebs.com<\/a><\/td>\n<\/tr>\n<tr>\n<td>16:50<\/td>\n<td>16:55<\/td>\n<td>11:50<\/td>\n<td>11:55<\/td>\n<td width=\"105\">Cecilia Talopp<\/td>\n<td width=\"110\">Strate Design<\/td>\n<td>Strate School of Design \u2013 Living, Doing, Thinking Design<\/td>\n<td><a href=\"mailto:c.talopp@strate.design\">c.talopp@strate.design<\/a><\/td>\n<\/tr>\n<tr>\n<td>16:55<\/td>\n<td>17:00<\/td>\n<td>11:55<\/td>\n<td>12:00<\/td>\n<td width=\"105\">Ioana Conarescu<\/td>\n<td width=\"110\">Strate Design<\/td>\n<td>Strate School of Design \u2013 Living, Doing, Thinking Design<\/td>\n<td><a href=\"mailto:i.ocnarescu@strate.design\">i.ocnarescu@strate.design<\/a><\/td>\n<\/tr>\n<tr>\n<td>17:00<\/td>\n<td>17:05<\/td>\n<td>12:00<\/td>\n<td>12:05<\/td>\n<td width=\"105\">Lina Cardenas<\/td>\n<td width=\"110\">Pontifica Universidad Cat\u00f3lica de Chile<\/td>\n<td width=\"118\">Una mirada a trav\u00e9s del color<\/td>\n<td><a href=\"mailto:lina.cardenas@uc.cl\">lina.cardenas@uc.cl<\/a><\/td>\n<\/tr>\n<tr>\n<td>17:05<\/td>\n<td>17:10<\/td>\n<td>12:05<\/td>\n<td>12:10<\/td>\n<td width=\"105\">Juan Cristobal Karich<\/td>\n<td width=\"110\">Universidad Adolfo Iba\u00f1ez<\/td>\n<td width=\"118\">Dise\u00f1o digital y patrimonio material<\/td>\n<td><a href=\"mailto:juan.karich@uai.cl\">juan.karich@uai.cl<\/a><\/td>\n<\/tr>\n<tr>\n<td>17:10<\/td>\n<td>17:15<\/td>\n<td>12:10<\/td>\n<td>12:15<\/td>\n<td width=\"105\">Marcela Sep\u00falveda<\/td>\n<td width=\"110\">Pontifica Universidad Cat\u00f3lica de Chile<\/td>\n<td width=\"118\">Hacia el desarrollo de una ciencia de materiales interdisciplinaria para el estudio del patrimonio.<\/td>\n<td><a href=\"mailto:msepulver@uc.cl\">msepulver@uc.cl<\/a><\/td>\n<\/tr>\n<tr>\n<td>17:15<\/td>\n<td>17:20<\/td>\n<td>12:15<\/td>\n<td>12:20<\/td>\n<td width=\"105\">Umberto Bonomo<\/td>\n<td width=\"110\">Pontifica Universidad Cat\u00f3lica de Chile<\/td>\n<td width=\"118\">Our world heritage: desaf\u00edos del patrimonio mundial a escala local<\/td>\n<td><a href=\"mailto:ubonomo@uc.cl\">ubonomo@uc.cl<\/a><\/td>\n<\/tr>\n<tr>\n<td>17:20<\/td>\n<td>17:25<\/td>\n<td>12:20<\/td>\n<td>12:25<\/td>\n<td width=\"105\">Benjamin Ballester<\/td>\n<td width=\"110\">Museo Chileno de Arte Precolombino<\/td>\n<td width=\"118\">La Di\u00e1spora de Atacama. Red global de objetos precolombinos, coleccionistas y museos entre 1850 y 1950<\/td>\n<td><a href=\"mailto:bballester@museoprecolombino.cl\">bballester@museoprecolombino.cl<\/a><\/td>\n<\/tr>\n<tr>\n<td>17:25<\/td>\n<td>17:30<\/td>\n<td>12:25<\/td>\n<td>12:30<\/td>\n<td width=\"105\">Milena Grass<\/td>\n<td width=\"110\">Pontifica Universidad Cat\u00f3lica de Chile<\/td>\n<td width=\"118\">Densidad simb\u00f3lica y performatividad en el espacio p\u00fablico (Chile, 2019-2021)<\/td>\n<td><a href=\"mailto:mgrass@uc.cl\">mgrass@uc.cl<\/a><\/td>\n<\/tr>\n<tr>\n<td>17:30<\/td>\n<td>17:55<\/td>\n<td>12:30<\/td>\n<td>12:55<\/td>\n<td colspan=\"4\" width=\"444\"><strong>DEBATE<\/strong><\/td>\n<\/tr>\n<\/tbody>\n<\/table>\n<div class=\"su-divider su-divider-style-default\" style=\"margin:20px 0;border-width:3px;border-color:#2D89EF\"><a href=\"#\" style=\"color:#999999\">Go to top<\/a><\/div>\n","protected":false},"excerpt":{"rendered":"<p>\u00a0 &nbsp; UPDATE: You can now watch this Workshop on YouTube Co-chairs Marcela Sep\u00falveda (PUC, msepulver@uc.cl) Sergio Donoso (UCH, sergiodonoso@uchilefau.cl) Mar\u00eda In\u00e9s Picazo Verdejo (mpicazo@udec.cl) Program: September 29th French Time Chilean Time Design &amp; Arts presentations Moderators: Sergio Donoso, Universidad de Chile \/ Marcela Sep\u00falveda, Pontificia Universidad Cat\u00f3lica de Chile Start End Start End Author &hellip; <a href=\"https:\/\/eventos.cmm.uchile.cl\/chilefranceforum2021\/program\/workshop-6\/\" class=\"more-link\">Continue reading <span class=\"screen-reader-text\">Workshop 6: Design, Arts and Heritage<\/span> <span class=\"meta-nav\">&rarr;<\/span><\/a><\/p>\n","protected":false},"author":2,"featured_media":0,"parent":10,"menu_order":5,"comment_status":"closed","ping_status":"closed","template":"","meta":{"inline_featured_image":false,"footnotes":""},"class_list":["post-82","page","type-page","status-publish","hentry"],"_links":{"self":[{"href":"https:\/\/eventos.cmm.uchile.cl\/chilefranceforum2021\/wp-json\/wp\/v2\/pages\/82","targetHints":{"allow":["GET"]}}],"collection":[{"href":"https:\/\/eventos.cmm.uchile.cl\/chilefranceforum2021\/wp-json\/wp\/v2\/pages"}],"about":[{"href":"https:\/\/eventos.cmm.uchile.cl\/chilefranceforum2021\/wp-json\/wp\/v2\/types\/page"}],"author":[{"embeddable":true,"href":"https:\/\/eventos.cmm.uchile.cl\/chilefranceforum2021\/wp-json\/wp\/v2\/users\/2"}],"replies":[{"embeddable":true,"href":"https:\/\/eventos.cmm.uchile.cl\/chilefranceforum2021\/wp-json\/wp\/v2\/comments?post=82"}],"version-history":[{"count":23,"href":"https:\/\/eventos.cmm.uchile.cl\/chilefranceforum2021\/wp-json\/wp\/v2\/pages\/82\/revisions"}],"predecessor-version":[{"id":344,"href":"https:\/\/eventos.cmm.uchile.cl\/chilefranceforum2021\/wp-json\/wp\/v2\/pages\/82\/revisions\/344"}],"up":[{"embeddable":true,"href":"https:\/\/eventos.cmm.uchile.cl\/chilefranceforum2021\/wp-json\/wp\/v2\/pages\/10"}],"wp:attachment":[{"href":"https:\/\/eventos.cmm.uchile.cl\/chilefranceforum2021\/wp-json\/wp\/v2\/media?parent=82"}],"curies":[{"name":"wp","href":"https:\/\/api.w.org\/{rel}","templated":true}]}}