{"id":84,"date":"2021-09-09T20:16:35","date_gmt":"2021-09-09T20:16:35","guid":{"rendered":"https:\/\/eventos.cmm.uchile.cl\/chilefranceforum2021\/?page_id=84"},"modified":"2021-09-30T21:00:19","modified_gmt":"2021-10-01T00:00:19","slug":"workshop-7","status":"publish","type":"page","link":"https:\/\/eventos.cmm.uchile.cl\/chilefranceforum2021\/program\/workshop-7\/","title":{"rendered":"Workshop 7: Social Sciences and Humanities"},"content":{"rendered":"<div class=\"su-button-center\"><a href=\"https:\/\/static.cmm.uchile.cl\/descargas\/2021\/chilefranceforum2021\/W7_Social_Sc_Hum_summary.pdf\" class=\"su-button su-button-style-flat\" style=\"color:#FFFFFF;background-color:#2D89EF;border-color:#246ec0;border-radius:7px\" target=\"_blank\" rel=\"noopener noreferrer\"><span style=\"color:#FFFFFF;padding:7px 20px;font-size:16px;line-height:24px;border-color:#6cadf4;border-radius:7px;text-shadow:none\"><i class=\"sui sui-file-pdf-o\" style=\"font-size:16px;color:#FFFFFF\"><\/i> Final summary &amp; Conclusions (PDF)<\/span><\/a><\/div>\n<p>&nbsp;<\/p>\n<h2>Co-chairs<\/h2>\n<ul>\n<li>Armando Cartes (acartes@udec.cl)<\/li>\n<li>Claudia Giacoman (cgiacoma@uc.cl)<\/li>\n<li>Emmanuelle Barozet (ebarozet@uchile.cl)<\/li>\n<\/ul>\n<h2><strong>Programa\/Programme\/Program: 28\/09\/2021<\/strong><\/h2>\n<p>(Lxs expositores eligen su idioma\/Les exposants choisissent leur langue\/Exhibitors choose their language)<\/p>\n<table width=\"604\">\n<tbody>\n<tr>\n<td width=\"86\"><b>Hora\/Heure\/Hour<\/b><\/td>\n<td width=\"518\"><strong>Programa\/Programme\/Program<\/strong><\/td>\n<\/tr>\n<tr>\n<td>09:30<\/td>\n<td width=\"518\">Palabras de bienvenida y algunas palabras generales sobre el foro Chile-Francia y los principales objetivos del Taller de Ciencias Sociales y Humanidades\/Bienvenue et quelques remarques g\u00e9n\u00e9rales sur le forum Chili-France et les principaux objectifs de l&#8217;atelier sur les sciences sociales et humaines\/Welcome and some general remarks on the Chile-France forum and the main objectives of the Social Sciences and Humanities Workshop<\/td>\n<\/tr>\n<tr>\n<td>09:40<\/td>\n<td width=\"518\"><strong>Mesa 1: Centros y colaboraci\u00f3n acad\u00e9mica \/ Table ronde <\/strong><strong>1: Centres et collaboration universitaire \/ Roundtable 1: Centers and academic collaboration<\/strong><br \/>\nPresentaciones\/Pr\u00e9sentations\/Presentations:<\/p>\n<ol>\n<li>Vista panor\u00e1mica-hist\u00f3rica y reactivaci\u00f3n de la cooperaci\u00f3n cient\u00edfica franco-chilena en ciencias sociales y humanidades. Presenta Manuel Baeza (UDEC) \/ Aper\u00e7u historique et relance de la coop\u00e9ration scientifique franco-chilienne dans le domaine des sciences sociales et humaines. Pr\u00e9sent\u00e9 par Manuel Baeza (UDEC) \/ Panoramic-historical view and reactivation of French-Chilean scientific cooperation in social sciences and humanities. Presented by Manuel Baeza (UDEC)<\/li>\n<li>Red para el desarrollo del conocimiento tecnol\u00f3gico en formaci\u00f3n de profesorxs en \u00e1reas STEAM, Centro de Estudios de Pol\u00edticas y Pr\u00e1cticas en Educaci\u00f3n (CEPPE) en la Pontificia Universidad Cat\u00f3lica de Chile y el Laboratorio de Aprendizaje, Did\u00e1ctica, Evaluaci\u00f3n, Formaci\u00f3n (ADEF) en Aix-Marseille. Presenta:\u00a0 Valeria Cabello (PUC) y Sandra Meza (UCHILE) \/ R\u00e9seau pour le d\u00e9veloppement des connaissances technologiques dans la formation des enseignants STEAM, Centre d&#8217;\u00e9tude des politiques et pratiques \u00e9ducatives (CEPPE) de l&#8217;Universit\u00e9 catholique pontificale du Chili et Laboratoire d&#8217;apprentissage, didactique, \u00e9valuation, formation (ADEF) d&#8217;Aix-Marseille. Pr\u00e9sent\u00e9 par : Valeria Cabello (PUC) et Sandra Meza (UCHILE) \/ Network for the development of technological knowledge in teacher training in STEAM areas, Center for the Study of Policies and Practices in Education (CEPPE) at the Pontifical Catholic University of Chile and the Laboratory of Learning, Didactics, Evaluation, Training (ADEF) in Aix-Marseille. Presented by: Valeria Cabello (PUC) and Sandra Meza (UCHILE)<\/li>\n<li><span style=\"font-family: inherit; font-size: inherit;\">\u00a0ATACAMA-SHS (International Research Project, IRP 2020-24). Presentan Nicolas Richard (CNRS IHEAL\/CREDA UMR7227), Beno\u00eet Mille (C2RMF, PRETECH UMR 7055), Jimena Obreg\u00f3n (Universit\u00e9 Rennes2), H\u00e9ctor Morales (UCHILE), Valentina Figueroa (Universidad Cat\u00f3lica del Norte), Carlos Donoso (Universidad de Tarapac\u00e1), Luis Campos (Universidad Academia de Humanismo Cristiano) \/ ATACAMA-SHS (projet de recherche international, IRP 2020-24). Pr\u00e9sent\u00e9 par Nicolas Richard (CNRS IHEAL\/CREDA UMR7227), Beno\u00eet Mille (C2RMF, PRETECH UMR 7055), Jimena Obreg\u00f3n (Universit\u00e9 Rennes2), H\u00e9ctor Morales (UCHILE), Valentina Figueroa (Universidad Cat\u00f3lica del Norte), Carlos Donoso (Universidad de Tarapac\u00e1), Luis Campos (Universidad Academia de Humanismo Cristiano) \/ ATACAMA-SHS (International Research Project, IRP 2020-24). Speakers Nicolas Richard (CNRS IHEAL\/CREDA UMR7227), Beno\u00eet Mille (C2RMF, PRETECH UMR 7055), Jimena Obreg\u00f3n (Universit\u00e9 Rennes2), H\u00e9ctor Morales (UCHILE), Valentina Figueroa (Universidad Cat\u00f3lica del Norte), Carlos Donoso (Universidad de Tarapac\u00e1), Luis Campos (Universidad Academia de Humanismo Cristiano)<\/span><\/li>\n<\/ol>\n<\/td>\n<\/tr>\n<tr>\n<td>10:10<\/td>\n<td width=\"518\">Aportes, comentarios y preguntas en base a experiencia \/ Contributions, commentaires et questions fond\u00e9s sur l&#8217;exp\u00e9rience \/ Experience-based input, comments and questions<\/td>\n<\/tr>\n<tr>\n<td>10:50<\/td>\n<td width=\"518\">S\u00edntesis de lo presentado \/ R\u00e9sum\u00e9 des pr\u00e9sentations \/ Summary of the presentations<\/td>\n<\/tr>\n<tr>\n<td>11:10<\/td>\n<td width=\"518\">Cierre \/ Fermeture \/Closing<\/td>\n<\/tr>\n<tr>\n<td>11:10-11:30<\/td>\n<td width=\"518\">Pausa \/ Pause \/ Break<\/td>\n<\/tr>\n<tr>\n<td>11:30<\/td>\n<td width=\"518\"><strong>Mesa 2: Formaci\u00f3n de capital humano (postgrado hasta postdoctorados) \/ Table ronde 2 : Formation du capital humain (postgradu\u00e9s \u00e0 postdocs) \/ Roundtable 2: Human capital formation (postgraduate to post-doctorate)<\/strong><br \/>\nPresentaciones\/Pr\u00e9sentations\/Presentations:<\/p>\n<ol>\n<li>Gesti\u00f3n institucional de la cooperaci\u00f3n con Francia a nivel de postgrado y cotutelas. Presentan Alicia Salomone y Paula Castillo (UCHILE) \/ Gestion institutionnelle de la coop\u00e9ration avec la France au niveau du troisi\u00e8me cycle et des cotutelles. Pr\u00e9sent\u00e9 par Alicia Salomone et Paula Castillo (UCHILE) \/ Institutional management of cooperation with France at postgraduate and co-supervision level. Presented by Alicia Salomone and Paula Castillo (UCHILE)<\/li>\n<li>Apertura de C\u00e1tedras de doctorado y co-tutela de tesis doctorales. Presenta Carlos del Valle (UFRO) \/ Ouverture de chaires doctorales et co-tutelle de th\u00e8ses de doctorat. Pr\u00e9sent\u00e9 par Carlos del Valle (UFRO) \/ Opening of Doctoral Chairs and co-tutorship of doctoral theses. Presented by Carlos del Valle (UFRO)<\/li>\n<li>Experiencias como co-tutor de tesis doctoral con universidades francesas e investigaciones conjuntas ECOS. Presentan Enrique Aliste (UCHILE) y S\u00e9bastien Velut (IHEAL CREDA)* \/ Exp\u00e9riences en tant que co-tuteur de th\u00e8ses de doctorat avec des universit\u00e9s fran\u00e7aises et recherche conjointe ECOS. Pr\u00e9sent\u00e9 par Enrique Aliste (UCHILE) et S\u00e9bastien Velut (IHEAL CREDA)* \/ Experiences as doctoral thesis co-tutor with French universities and ECOS joint research. Presented by Enrique Aliste (UCHILE) and S\u00e9bastien Velut (IHEAL CREDA)*<\/li>\n<\/ol>\n<\/td>\n<\/tr>\n<tr>\n<td>12:00<\/td>\n<td width=\"518\">Aportes, comentarios y preguntas en base a experiencia \/ Contributions, commentaires et questions fond\u00e9s sur l&#8217;exp\u00e9rience \/ Experience-based input, comments and questions<\/td>\n<\/tr>\n<tr>\n<td>12:40<\/td>\n<td width=\"518\">S\u00edntesis de lo presentado \/ R\u00e9sum\u00e9 des pr\u00e9sentations \/ Summary of the presentations<\/p>\n<p>Exposici\u00f3n com\u00fan de las principales conclusiones \/ Pr\u00e9sentation commune des principales conclusions \/ Common presentation of the main conclusions<\/td>\n<\/tr>\n<tr>\n<td>12:55<\/td>\n<td width=\"518\">Palabras de cierre \/ Remarques finales \/ Closing remarks<\/td>\n<\/tr>\n<\/tbody>\n<\/table>\n<p>* Por confirmar<\/p>\n<div class=\"su-divider su-divider-style-default\" style=\"margin:20px 0;border-width:3px;border-color:#2D89EF\"><a href=\"#\" style=\"color:#999999\">Go to top<\/a><\/div>\n","protected":false},"excerpt":{"rendered":"<p>&nbsp; Co-chairs Armando Cartes (acartes@udec.cl) Claudia Giacoman (cgiacoma@uc.cl) Emmanuelle Barozet (ebarozet@uchile.cl) Programa\/Programme\/Program: 28\/09\/2021 (Lxs expositores eligen su idioma\/Les exposants choisissent leur langue\/Exhibitors choose their language) Hora\/Heure\/Hour Programa\/Programme\/Program 09:30 Palabras de bienvenida y algunas palabras generales sobre el foro Chile-Francia y los principales objetivos del Taller de Ciencias Sociales y Humanidades\/Bienvenue et quelques remarques g\u00e9n\u00e9rales sur &hellip; <a href=\"https:\/\/eventos.cmm.uchile.cl\/chilefranceforum2021\/program\/workshop-7\/\" class=\"more-link\">Continue reading <span class=\"screen-reader-text\">Workshop 7: Social Sciences and Humanities<\/span> <span class=\"meta-nav\">&rarr;<\/span><\/a><\/p>\n","protected":false},"author":2,"featured_media":0,"parent":10,"menu_order":6,"comment_status":"closed","ping_status":"closed","template":"","meta":{"inline_featured_image":false,"footnotes":""},"class_list":["post-84","page","type-page","status-publish","hentry"],"_links":{"self":[{"href":"https:\/\/eventos.cmm.uchile.cl\/chilefranceforum2021\/wp-json\/wp\/v2\/pages\/84","targetHints":{"allow":["GET"]}}],"collection":[{"href":"https:\/\/eventos.cmm.uchile.cl\/chilefranceforum2021\/wp-json\/wp\/v2\/pages"}],"about":[{"href":"https:\/\/eventos.cmm.uchile.cl\/chilefranceforum2021\/wp-json\/wp\/v2\/types\/page"}],"author":[{"embeddable":true,"href":"https:\/\/eventos.cmm.uchile.cl\/chilefranceforum2021\/wp-json\/wp\/v2\/users\/2"}],"replies":[{"embeddable":true,"href":"https:\/\/eventos.cmm.uchile.cl\/chilefranceforum2021\/wp-json\/wp\/v2\/comments?post=84"}],"version-history":[{"count":27,"href":"https:\/\/eventos.cmm.uchile.cl\/chilefranceforum2021\/wp-json\/wp\/v2\/pages\/84\/revisions"}],"predecessor-version":[{"id":333,"href":"https:\/\/eventos.cmm.uchile.cl\/chilefranceforum2021\/wp-json\/wp\/v2\/pages\/84\/revisions\/333"}],"up":[{"embeddable":true,"href":"https:\/\/eventos.cmm.uchile.cl\/chilefranceforum2021\/wp-json\/wp\/v2\/pages\/10"}],"wp:attachment":[{"href":"https:\/\/eventos.cmm.uchile.cl\/chilefranceforum2021\/wp-json\/wp\/v2\/media?parent=84"}],"curies":[{"name":"wp","href":"https:\/\/api.w.org\/{rel}","templated":true}]}}