{"id":40,"date":"2021-08-24T22:29:58","date_gmt":"2021-08-24T22:29:58","guid":{"rendered":"http:\/\/eventos.cmm.uchile.cl\/chileitalyforum2021\/?page_id=40"},"modified":"2022-08-01T15:49:43","modified_gmt":"2022-08-01T15:49:43","slug":"organization","status":"publish","type":"page","link":"https:\/\/eventos.cmm.uchile.cl\/chileitalyforum2021\/organization\/","title":{"rendered":"Organization"},"content":{"rendered":"<p>The organization of the Second Chile-Italy Academic Forum, is led by the Universities of Chile (UChile) with the support of the Chilean University Hub (PUC and UdeC) and the Alma Mater Studiorum &#8211; Universit\u00e0 di Bologna (Unibo) in collaboration with the Italian University Hub (Uniroma1, Polimi, Polito).<\/p>\n<p>The Forum will be hosted in the University of Bologna, Department of Pharmacy and Biotechnology, Via Belmeloro 6, Bologna. Conference rooms are in the University district, in the center of the City. Due to the pandemic current situation, there will be limited indoor spaces to attend the event. Thus, the conference will have an hybrid format (online and in presence).<\/p>\n<h2>Organizing Committee<\/h2>\n<h3>Chairs:<\/h3>\n<ul>\n<li>Mar\u00eda Laura Bolognesi, Universit\u00e0 di Bologna<\/li>\n<li>Eduardo Vera, Universidad de Chile<\/li>\n<\/ul>\n<h3>Members:<\/h3>\n<ul>\n<li>Romina Kniaz, Universit\u00e0 di Bologna<\/li>\n<li>Elena Consolini, Universit\u00e0 di Bologna and International Relations Strategy Support Unit (UniBo)<\/li>\n<li>F\u00e9lix Liberona, Universidad de Chile and International Affairs Office (DRI-UChile)<\/li>\n<li>Mar\u00eda Elena Boisier, Pontificia Universidad Cat\u00f3lica de Chile<\/li>\n<li>Rodrigo Cevallos, Pontificia Universidad Cat\u00f3lica de Chile<\/li>\n<li>Mar\u00eda In\u00e9s Picazo, Universidad de Concepci\u00f3n<\/li>\n<li>Ronald Mennickent, Universidad de Concepci\u00f3n<\/li>\n<\/ul>\n<h2>Institutional Counterparts<\/h2>\n<p>Seeking to generate institutional counterparts, UChile and Unibo have invited Italian and Chilean universities to be the institutional counterparts of this initiative, according to their degree of participation in previous international cooperation instances, and their active collaboration with partner institutions. It should be understood that this invitation is only of an institutional nature; therefore, it does not exclude the participation of Faculty members and researchers from other universities and institutions.<\/p>\n<h2>Collaboration<\/h2>\n<p>The organizing institutions are expected to contribute to:<\/p>\n<ol>\n<li>Disseminate and promote the realization of the Forum in their academic units;<\/li>\n<li>Provide the necessary facilities for the participation of their Faculty members;<\/li>\n<li>Consider their institutional representation during the development of the Forum through the presence of its authorities.<\/li>\n<\/ol>\n<h2>Embassies<\/h2>\n<p>Both Embassies \u2013Chilean in Italy and Italian in Chile\u2013 have continuously supported the establishment of scientific relations between our countries, facilitating the visits of numerous delegations, fostering dialogue between counterparts of both countries, and promoting the development of this Forum substantially.<\/p>\n","protected":false},"excerpt":{"rendered":"<p>The organization of the Second Chile-Italy Academic Forum, is led by the Universities of Chile (UChile) with the support of the Chilean University Hub (PUC and UdeC) and the Alma Mater Studiorum &#8211; Universit\u00e0 di Bologna (Unibo) in collaboration with the Italian University Hub (Uniroma1, Polimi, Polito). The Forum will be hosted in the University &hellip; <a href=\"https:\/\/eventos.cmm.uchile.cl\/chileitalyforum2021\/organization\/\" class=\"more-link\">Continue reading <span class=\"screen-reader-text\">Organization<\/span> <span class=\"meta-nav\">&rarr;<\/span><\/a><\/p>\n","protected":false},"author":2,"featured_media":0,"parent":0,"menu_order":2,"comment_status":"closed","ping_status":"closed","template":"","meta":{"inline_featured_image":false,"footnotes":""},"class_list":["post-40","page","type-page","status-publish","hentry"],"_links":{"self":[{"href":"https:\/\/eventos.cmm.uchile.cl\/chileitalyforum2021\/wp-json\/wp\/v2\/pages\/40","targetHints":{"allow":["GET"]}}],"collection":[{"href":"https:\/\/eventos.cmm.uchile.cl\/chileitalyforum2021\/wp-json\/wp\/v2\/pages"}],"about":[{"href":"https:\/\/eventos.cmm.uchile.cl\/chileitalyforum2021\/wp-json\/wp\/v2\/types\/page"}],"author":[{"embeddable":true,"href":"https:\/\/eventos.cmm.uchile.cl\/chileitalyforum2021\/wp-json\/wp\/v2\/users\/2"}],"replies":[{"embeddable":true,"href":"https:\/\/eventos.cmm.uchile.cl\/chileitalyforum2021\/wp-json\/wp\/v2\/comments?post=40"}],"version-history":[{"count":10,"href":"https:\/\/eventos.cmm.uchile.cl\/chileitalyforum2021\/wp-json\/wp\/v2\/pages\/40\/revisions"}],"predecessor-version":[{"id":123,"href":"https:\/\/eventos.cmm.uchile.cl\/chileitalyforum2021\/wp-json\/wp\/v2\/pages\/40\/revisions\/123"}],"wp:attachment":[{"href":"https:\/\/eventos.cmm.uchile.cl\/chileitalyforum2021\/wp-json\/wp\/v2\/media?parent=40"}],"curies":[{"name":"wp","href":"https:\/\/api.w.org\/{rel}","templated":true}]}}