{"id":5,"date":"2016-05-02T13:51:27","date_gmt":"2016-05-02T13:51:27","guid":{"rendered":"http:\/\/eventos.cmm.uchile.cl\/chilejapanforum2016\/?page_id=5"},"modified":"2016-11-08T12:23:43","modified_gmt":"2016-11-08T15:23:43","slug":"forum","status":"publish","type":"page","link":"https:\/\/eventos.cmm.uchile.cl\/chilejapanforum2016\/","title":{"rendered":"Forum"},"content":{"rendered":"<p><img loading=\"lazy\" decoding=\"async\" class=\"aligncenter size-full wp-image-128\" src=\"http:\/\/eventos.cmm.uchile.cl\/chilejapanforum2016\/wp-content\/uploads\/sites\/33\/2016\/05\/chile_japan_organizers_web_03.png\" alt=\"organizers\" width=\"604\" height=\"160\" srcset=\"https:\/\/eventos.cmm.uchile.cl\/chilejapanforum2016\/wp-content\/uploads\/sites\/33\/2016\/05\/chile_japan_organizers_web_03.png 604w, https:\/\/eventos.cmm.uchile.cl\/chilejapanforum2016\/wp-content\/uploads\/sites\/33\/2016\/05\/chile_japan_organizers_web_03-300x79.png 300w\" sizes=\"auto, (max-width: 604px) 100vw, 604px\" \/><\/p>\n<p>Inspired by the remarkable success of the UTokyo Forum 2013 held in Santiago and Sao Paulo (Nov 2013), the First Chile-Japan Academic Forum at UTokyo was held a year later in Tokyo (6-9 Oct 2014) as a follow-up activity to further encourage the strong research collaboration long taking place between Chile and Japan in different areas of knowledge. The forum was proposed as a biannual activity taking place alternatively in Japan and Chile. As a result, the Second Chile-Japan Academic Forum at Patagonia, will be held in Punta Arenas and Puerto Natales (7-11 Nov 2016) in the southern region of Magallanes.<\/p>\n<p>The forum organization is led by the main universities of Japan and Chile, <a href=\"http:\/\/www.u-tokyo.ac.jp\/en\/index.html\">University of Tokyo<\/a> (UTokyo), <a href=\"http:\/\/www.puc.cl\">Catholic University of Chile<\/a> (PUC) and <a href=\"http:\/\/www.uchile.cl\">University of Chile<\/a> (UChile) with the goal of establishing an open academic platform with participation of third-party collaborators from other universities and research centers worldwide with strong regional ties to Asia and South America. For the next forum <a href=\"http:\/\/www.usp.br\/\">University of Sao Paulo<\/a> (USP) will be a key regional participant while the <a href=\"http:\/\/www.umag.cl\/\">University of Magallanes<\/a> (UMAG) is the host partner.<\/p>\n<p>&nbsp;<\/p>\n<p><img loading=\"lazy\" decoding=\"async\" class=\"aligncenter size-full wp-image-129\" src=\"http:\/\/eventos.cmm.uchile.cl\/chilejapanforum2016\/wp-content\/uploads\/sites\/33\/2016\/05\/chile_japan_sponsors_web_03.png\" alt=\"sponsors\" width=\"604\" height=\"90\" srcset=\"https:\/\/eventos.cmm.uchile.cl\/chilejapanforum2016\/wp-content\/uploads\/sites\/33\/2016\/05\/chile_japan_sponsors_web_03.png 604w, https:\/\/eventos.cmm.uchile.cl\/chilejapanforum2016\/wp-content\/uploads\/sites\/33\/2016\/05\/chile_japan_sponsors_web_03-300x45.png 300w\" sizes=\"auto, (max-width: 604px) 100vw, 604px\" \/><\/p>\n<p style=\"font-size: small;line-height: 1.42\">This forum is partly supported by Intendencia de la Regi\u00f3n de Magallanes y de la Ant\u00e1rtica Chilena, Proyectos de Internacionalizaci\u00f3n UCH y PUC del Ministerio de Educaci\u00f3n, Re-Inventing Japan Project, including Science and Engineering Exchange Program with Latin America (<a href=\"http:\/\/www.s.u-tokyo.ac.jp\/SEELA\/\" target=\"_blank\">SEELA<\/a>) and Top Global University Project by Japan Society for the Promotion of Science (JSPS)<\/p>\n<p><img loading=\"lazy\" decoding=\"async\" class=\"aligncenter size-full wp-image-39\" src=\"http:\/\/eventos.cmm.uchile.cl\/chilejapanforum2016\/wp-content\/uploads\/sites\/33\/2016\/05\/chile_japan_forum_col_footer_02.jpg\" alt=\"chile_japan_forum_col_footer_02\" width=\"604\" height=\"230\" srcset=\"https:\/\/eventos.cmm.uchile.cl\/chilejapanforum2016\/wp-content\/uploads\/sites\/33\/2016\/05\/chile_japan_forum_col_footer_02.jpg 604w, https:\/\/eventos.cmm.uchile.cl\/chilejapanforum2016\/wp-content\/uploads\/sites\/33\/2016\/05\/chile_japan_forum_col_footer_02-300x114.jpg 300w\" sizes=\"auto, (max-width: 604px) 100vw, 604px\" \/><\/p>\n","protected":false},"excerpt":{"rendered":"<p>Inspired by the remarkable success of the UTokyo Forum 2013 held in Santiago and Sao Paulo (Nov 2013), the First Chile-Japan Academic Forum at UTokyo was held a year later in Tokyo (6-9 Oct 2014) as a follow-up activity to further encourage the strong research collaboration long taking place between Chile and Japan in different &hellip; <a href=\"https:\/\/eventos.cmm.uchile.cl\/chilejapanforum2016\/\" class=\"more-link\">Continue reading <span class=\"screen-reader-text\">Forum<\/span> <span class=\"meta-nav\">&rarr;<\/span><\/a><\/p>\n","protected":false},"author":2,"featured_media":0,"parent":0,"menu_order":0,"comment_status":"closed","ping_status":"closed","template":"","meta":{"inline_featured_image":false,"footnotes":""},"class_list":["post-5","page","type-page","status-publish","hentry"],"_links":{"self":[{"href":"https:\/\/eventos.cmm.uchile.cl\/chilejapanforum2016\/wp-json\/wp\/v2\/pages\/5","targetHints":{"allow":["GET"]}}],"collection":[{"href":"https:\/\/eventos.cmm.uchile.cl\/chilejapanforum2016\/wp-json\/wp\/v2\/pages"}],"about":[{"href":"https:\/\/eventos.cmm.uchile.cl\/chilejapanforum2016\/wp-json\/wp\/v2\/types\/page"}],"author":[{"embeddable":true,"href":"https:\/\/eventos.cmm.uchile.cl\/chilejapanforum2016\/wp-json\/wp\/v2\/users\/2"}],"replies":[{"embeddable":true,"href":"https:\/\/eventos.cmm.uchile.cl\/chilejapanforum2016\/wp-json\/wp\/v2\/comments?post=5"}],"version-history":[{"count":13,"href":"https:\/\/eventos.cmm.uchile.cl\/chilejapanforum2016\/wp-json\/wp\/v2\/pages\/5\/revisions"}],"predecessor-version":[{"id":131,"href":"https:\/\/eventos.cmm.uchile.cl\/chilejapanforum2016\/wp-json\/wp\/v2\/pages\/5\/revisions\/131"}],"wp:attachment":[{"href":"https:\/\/eventos.cmm.uchile.cl\/chilejapanforum2016\/wp-json\/wp\/v2\/media?parent=5"}],"curies":[{"name":"wp","href":"https:\/\/api.w.org\/{rel}","templated":true}]}}