{"id":182,"date":"2018-07-20T12:47:03","date_gmt":"2018-07-20T16:47:03","guid":{"rendered":"http:\/\/eventos.cmm.uchile.cl\/chilejapanforum2018\/?page_id=182"},"modified":"2018-09-26T10:39:06","modified_gmt":"2018-09-26T13:39:06","slug":"%e3%83%97%e3%83%ad%e3%82%b0%e3%83%a9%e3%83%a0","status":"publish","type":"page","link":"https:\/\/eventos.cmm.uchile.cl\/chilejapanforum2018\/ja\/%e3%83%97%e3%83%ad%e3%82%b0%e3%83%a9%e3%83%a0\/","title":{"rendered":"\u30d7\u30ed\u30b0\u30e9\u30e0"},"content":{"rendered":"<p>You can download the Forum program <a href=\"http:\/\/eventos.cmm.uchile.cl\/chilejapanforum2018\/wp-content\/uploads\/sites\/61\/2018\/09\/UTokyo_LatinForum@Nikko_20180924.pdf\" target=\"_blank\" rel=\"noopener\">here<\/a>.<br \/>\n<div class=\"su-button-center\"><a href=\"http:\/\/eventos.cmm.uchile.cl\/chilejapanforum2018\/wp-content\/uploads\/sites\/61\/2018\/09\/UTokyo_LatinForum@Nikko_20180924.pdf\" class=\"su-button su-button-style-flat\" style=\"color:#FFFFFF;background-color:#337BB8;border-color:#296394;border-radius:5px\" target=\"_blank\" rel=\"nofollow\"><span style=\"color:#FFFFFF;padding:6px 16px;font-size:13px;line-height:20px;border-color:#71a3ce;border-radius:5px;text-shadow:none\"><i class=\"sui sui-file-pdf-o\" style=\"font-size:13px;color:#FFFFFF\"><\/i> Forum Program<\/span><\/a><\/div>\n<p>&nbsp;<\/p>\n<p>There are 10 parallel workshops as follows.<br \/>\nThe workshop rooms are <a href=\"http:\/\/eventos.cmm.uchile.cl\/chilejapanforum2018\/wp-content\/uploads\/sites\/61\/2018\/09\/WS_room_0925.pdf\">here<\/a><\/p>\n<ol>\n<li>Astronomy &amp; Astronomical Instrumentation<br \/>\n<a href=\"http:\/\/eventos.cmm.uchile.cl\/chilejapanforum2018\/wp-content\/uploads\/sites\/61\/2018\/09\/WS1_Nikko_Forum_2018_Astronomy_Workshop.pdf\" class=\"su-button su-button-style-flat\" style=\"color:#FFFFFF;background-color:#337BB8;border-color:#296394;border-radius:5px\" target=\"_blank\" rel=\"nofollow\"><span style=\"color:#FFFFFF;padding:6px 16px;font-size:13px;line-height:20px;border-color:#71a3ce;border-radius:5px;text-shadow:none\"><i class=\"sui sui-file-pdf-o\" style=\"font-size:13px;color:#FFFFFF\"><\/i> Workshop Program<\/span><\/a>\u00a0<a href=\"http:\/\/www.ioa.s.u-tokyo.ac.jp\/nikko2018_ws01\/\" class=\"su-button su-button-style-flat\" style=\"color:#FFFFFF;background-color:#337BB8;border-color:#296394;border-radius:5px\" target=\"_blank\" rel=\"nofollow\"><span style=\"color:#FFFFFF;padding:6px 16px;font-size:13px;line-height:20px;border-color:#71a3ce;border-radius:5px;text-shadow:none\"><i class=\"sui sui-link\" style=\"font-size:13px;color:#FFFFFF\"><\/i> Workshop Program (online)<\/span><\/a><\/li>\n<li>Seismology, Earth Sciences &amp; Natural Disasters<br \/>\n<a href=\"http:\/\/eventos.cmm.uchile.cl\/chilejapanforum2018\/wp-content\/uploads\/sites\/61\/2018\/09\/WS02_Nikko_Program_Earthquakes_0921.pdf\" class=\"su-button su-button-style-flat\" style=\"color:#FFFFFF;background-color:#337BB8;border-color:#296394;border-radius:5px\" target=\"_blank\" rel=\"nofollow\"><span style=\"color:#FFFFFF;padding:6px 16px;font-size:13px;line-height:20px;border-color:#71a3ce;border-radius:5px;text-shadow:none\"><i class=\"sui sui-file-pdf-o\" style=\"font-size:13px;color:#FFFFFF\"><\/i> Workshop Program<\/span><\/a><\/li>\n<li>Biological Sciences &amp; BioMedical ICT Applications<br \/>\n<a href=\"http:\/\/eventos.cmm.uchile.cl\/chilejapanforum2018\/wp-content\/uploads\/sites\/61\/2018\/09\/WS03_Nikko_Program_0921.pdf\" class=\"su-button su-button-style-flat\" style=\"color:#FFFFFF;background-color:#337BB8;border-color:#296394;border-radius:5px\" target=\"_blank\" rel=\"nofollow\"><span style=\"color:#FFFFFF;padding:6px 16px;font-size:13px;line-height:20px;border-color:#71a3ce;border-radius:5px;text-shadow:none\"><i class=\"sui sui-file-pdf-o\" style=\"font-size:13px;color:#FFFFFF\"><\/i> Workshop Program<\/span><\/a>\n<ul>\n<li>Satake, Shutaro &#8211; <a href=\"http:\/\/eventos.cmm.uchile.cl\/chilejapanforum2018\/wp-content\/uploads\/sites\/61\/2018\/09\/Chile-Japan_Forum_Dr._Satake.pdf\">abstract<\/a><\/li>\n<li>Walker, Douglas Gordon &#8211;\u00a0<a href=\"http:\/\/eventos.cmm.uchile.cl\/chilejapanforum2018\/wp-content\/uploads\/sites\/61\/2018\/09\/Chile-Japan_Forum_Abstract-Walker.pdf\">abstract<\/a><\/li>\n<\/ul>\n<\/li>\n<li>Sensors, Robotics, Automation &amp; ICT in Mining, AgroSciences &amp; Natural Resources, Smart Cities (Tokyo, 16-17 Oct 2018)<br \/>\n<a href=\"http:\/\/eventos.cmm.uchile.cl\/chilejapanforum2018\/wp-content\/uploads\/sites\/61\/2018\/09\/WS04_Nikko_Program_0924b.pdf\" class=\"su-button su-button-style-flat\" style=\"color:#FFFFFF;background-color:#337BB8;border-color:#296394;border-radius:5px\" target=\"_blank\" rel=\"nofollow\"><span style=\"color:#FFFFFF;padding:6px 16px;font-size:13px;line-height:20px;border-color:#71a3ce;border-radius:5px;text-shadow:none\"><i class=\"sui sui-file-pdf-o\" style=\"font-size:13px;color:#FFFFFF\"><\/i> Workshop Program<\/span><\/a><\/li>\n<li>Sustainable Management &amp; Conservation of Oceanic and Coastal Ecosystems<br \/>\n<a href=\"http:\/\/eventos.cmm.uchile.cl\/chilejapanforum2018\/wp-content\/uploads\/sites\/61\/2018\/09\/WS05_Nikko_Program_0923.pdf\" class=\"su-button su-button-style-flat\" style=\"color:#FFFFFF;background-color:#337BB8;border-color:#296394;border-radius:5px\" target=\"_blank\" rel=\"nofollow\"><span style=\"color:#FFFFFF;padding:6px 16px;font-size:13px;line-height:20px;border-color:#71a3ce;border-radius:5px;text-shadow:none\"><i class=\"sui sui-file-pdf-o\" style=\"font-size:13px;color:#FFFFFF\"><\/i> Workshop Program<\/span><\/a><\/li>\n<li>Applied Mathematics, Modeling, Data Analytics &amp; HPC<br \/>\n<a href=\"http:\/\/eventos.cmm.uchile.cl\/chilejapanforum2018\/wp-content\/uploads\/sites\/61\/2018\/09\/WS06_Nikko_Program_0923.pdf\" class=\"su-button su-button-style-flat\" style=\"color:#FFFFFF;background-color:#337BB8;border-color:#296394;border-radius:5px\" target=\"_blank\" rel=\"nofollow\"><span style=\"color:#FFFFFF;padding:6px 16px;font-size:13px;line-height:20px;border-color:#71a3ce;border-radius:5px;text-shadow:none\"><i class=\"sui sui-file-pdf-o\" style=\"font-size:13px;color:#FFFFFF\"><\/i> Workshop Program<\/span><\/a><\/li>\n<li>Ecology, Biodiversity &amp; Sustainable Development<br \/>\n<a href=\"http:\/\/eventos.cmm.uchile.cl\/chilejapanforum2018\/wp-content\/uploads\/sites\/61\/2018\/09\/WS07_Nikko_-Program_0921.pdf\" class=\"su-button su-button-style-flat\" style=\"color:#FFFFFF;background-color:#337BB8;border-color:#296394;border-radius:5px\" target=\"_blank\" rel=\"nofollow\"><span style=\"color:#FFFFFF;padding:6px 16px;font-size:13px;line-height:20px;border-color:#71a3ce;border-radius:5px;text-shadow:none\"><i class=\"sui sui-file-pdf-o\" style=\"font-size:13px;color:#FFFFFF\"><\/i> Workshop Program<\/span><\/a><\/li>\n<li>Social Science &amp; Humanities, Asian &amp; Latin American Studies<br \/>\n<a href=\"http:\/\/eventos.cmm.uchile.cl\/chilejapanforum2018\/wp-content\/uploads\/sites\/61\/2018\/09\/WS8_Nikko_Forum_0923.pdf\" class=\"su-button su-button-style-flat\" style=\"color:#FFFFFF;background-color:#337BB8;border-color:#296394;border-radius:5px\" target=\"_blank\" rel=\"nofollow\"><span style=\"color:#FFFFFF;padding:6px 16px;font-size:13px;line-height:20px;border-color:#71a3ce;border-radius:5px;text-shadow:none\"><i class=\"sui sui-file-pdf-o\" style=\"font-size:13px;color:#FFFFFF\"><\/i> Workshop Program<\/span><\/a><\/li>\n<li>Arts, Science &amp; Innovation<br \/>\n<a href=\"http:\/\/eventos.cmm.uchile.cl\/chilejapanforum2018\/wp-content\/uploads\/sites\/61\/2018\/09\/WS9_CHILE-JAPAN_FORUM_0923_03.pdf\" class=\"su-button su-button-style-flat\" style=\"color:#FFFFFF;background-color:#337BB8;border-color:#296394;border-radius:5px\" target=\"_blank\" rel=\"nofollow\"><span style=\"color:#FFFFFF;padding:6px 16px;font-size:13px;line-height:20px;border-color:#71a3ce;border-radius:5px;text-shadow:none\"><i class=\"sui sui-file-pdf-o\" style=\"font-size:13px;color:#FFFFFF\"><\/i> Workshop Program<\/span><\/a><\/li>\n<li>Ocean energies, subsea resources, and environmental engineering<br \/>\n<a href=\"http:\/\/eventos.cmm.uchile.cl\/chilejapanforum2018\/wp-content\/uploads\/sites\/61\/2018\/09\/WS10_Nikko_Program_0923TS.pdf\" class=\"su-button su-button-style-flat\" style=\"color:#FFFFFF;background-color:#337BB8;border-color:#296394;border-radius:5px\" target=\"_blank\" rel=\"nofollow\"><span style=\"color:#FFFFFF;padding:6px 16px;font-size:13px;line-height:20px;border-color:#71a3ce;border-radius:5px;text-shadow:none\"><i class=\"sui sui-file-pdf-o\" style=\"font-size:13px;color:#FFFFFF\"><\/i> Workshop Program<\/span><\/a><\/li>\n<\/ol>\n<h1>\u30b9\u30b1\u30b8\u30e5\u30fc\u30eb<\/h1>\n<h2>Sun 23 Sep 2018<\/h2>\n<p class=\"\">Arrival to Tokyo (Narita or Haneda Airports)<\/p>\n<p class=\"\"><span class=\"\" style=\"color: #d32c3d\">To enter Japan, Chilean citizens DO NOT require visa, just a valid passport.<\/span>\u00a0In the entry form (formulario de entrada) where it says address in Japan, just write HOTEL METROPOLITAN EDMONT TOKYO<\/p>\n<p class=\"\">~ 17:00\u00a0<strong class=\"\">UTokyo Special Bus<\/strong>\u00a0will depart\u00a0<strong class=\"\">from Narita Airport<\/strong>\u00a0Terminal 1 &amp; 2 (Two monitors from UTokyo will help you in each terminal)<\/p>\n<p class=\"\">If you do not make this contact, alternatively, you can use Public Transport by taking the <b class=\"\">Limousine Bus from Narita<\/b>\u00a0Terminal 1 &amp; 2 (to Hotel Grand Palace, then 5 min walk) \u00a0 \u00a0 \u00a0 \u00a0 \u00a0 website:\u00a0<a class=\"\" href=\"https:\/\/www.limousinebus.co.jp\/en\/areas\/bus_stop\/nrt\/ikebukuro_mejiro\/dep\/33\/4\" target=\"_blank\" rel=\"noopener\">https:\/\/www.limousinebus.co.jp\/en\/areas\/bus_stop\/nrt\/ikebukuro_mejiro\/dep\/33\/4<\/a><\/p>\n<p class=\"\">Check-in at\u00a0Hotel Metropolitan Edmont Tokyo<br class=\"\" \/>website:\u00a0<a class=\"\" href=\"https:\/\/www.edmont.jp\/en\" target=\"_blank\" rel=\"noopener\">https:\/\/www.edmont.jp\/en<\/a><\/p>\n<h2>Mon 24 Sep 2018<\/h2>\n<p>12:00-14:00 Welcome reception by Ambassador of Chile Gustavo Ayares<\/p>\n<div>Hillside Banquet Pachon located at<br \/>\nDaikanyama Hillside Terrace\u00a0<a href=\"http:\/\/hillsideterrace.com\/\" target=\"_blank\" rel=\"noopener\">http:\/\/hillsideterrace.com\/<\/a><\/div>\n<div>\n<p>website:\u00a0<a href=\"http:\/\/www.pachon.co.jp\/jpn\/banquet\/access_i.html\" target=\"_blank\" rel=\"noopener\">http:\/\/www.pachon.co.jp\/jpn\/banquet\/access_i.html<\/a><\/p>\n<div>Address: 29-10 Sagurakucho, Shibuya-ku, Tokyo 150-0033.<\/div>\n<\/div>\n<div>METRO: Daikanyama Station, Tokyu Toyoko Line (3 min walk)<\/div>\n<h2>Tue 25 Sep 2018<\/h2>\n<p>07:30-10:00 Early departure by special buses from Hotel Metropolitan Edmont Tokyo to Nikko.<br \/>\n10:50-12:00 Opening ceremony at Nikk\u014d T\u014dsh\u014d-g\u016b.<br \/>\n12:00-13:00 Lunch<br \/>\n13:00-14:30 Plenary Talks<br \/>\n15:00-17:00 Tour of Nikko Toshogu (temple park)<br \/>\n18:00-20:00 Welcome Reception at the Nikko Senhime-monogatari hotel.<\/p>\n<h2>Wed 26 Sep 2018<\/h2>\n<p><strong>Day 1:<\/strong> \u00a0Workshops 1-6, 8-9 in Nikko downtown<br \/>\nWorkshop 7 at Nikko Botanical Garden<\/p>\n<div>09:30-11:00 <strong>Session 1<\/strong><\/div>\n<div>11:00-11:30 <strong>Coffee Break<\/strong> (all workshops at Nikko Senhime-monogatari hotel, except W7 at Botanical Garden)<\/div>\n<div>11:30-13:00 <strong>Session 2<\/strong><\/div>\n<div>\n<div>13:00-14:30 <strong>Lunch<br \/>\nParallel activity:<\/strong>\u00a0Documentary movie (73min), at Senhime Convention hall:<br \/>\n<em>Voices of the paper birds By Silvia Lidia Gonzalez<\/em><br \/>\nhttp:\/\/www.lasvocesdelospajarosdepapel.com\/en.html<\/div>\n<div>14:30-16:00 <strong>Session 3<\/strong><\/div>\n<\/div>\n<div>16:00-16:30 <strong>Coffee Break<\/strong> (all workshops at Nikko Senhime-monogatari hotel, except W7 at Botanical Garden)<\/div>\n<div>16:30-18:00 <strong>Session 4<\/strong><\/div>\n<div><\/div>\n<div>For specific workshop program, check above links in PROGRAM<\/div>\n<h2>Thu 27 Sep 2018<\/h2>\n<p><strong>Day 2:<\/strong> \u00a0Workshops 1-6, 8-9 in Nikko downtown<br \/>\nWorkshop 7 at Nikko Botanical Garden<\/p>\n<p>13:00-14:30 <strong>Parallel activity:<\/strong>\u00a0Documentary movie (73min), at Senhime Convention hall:<br \/>\n<em>Voices of the paper birds By Silvia Lidia Gonzalez<\/em><br \/>\nhttp:\/\/www.lasvocesdelospajarosdepapel.com\/en.html<\/p>\n<div>\n<div>For specific workshop program, check above links in PROGRAM<\/div>\n<\/div>\n<h2>Fri 28 Sep 2018<\/h2>\n<p>AM \u00a0Excursion (Senjogahara field, Kegon waterfall, etc.)<br \/>\n14:00-16:10 Closing Ceremony and Keynote Talks at the Nikko Senhime-monogatari Hotel \u00a0\u00a0 16:30-19:00 Return departure by special buses from Nikko to Hotel Metropolitan Edmont Tokyo<\/p>\n<h2>Sat 29 Sep 2018<\/h2>\n<p>PM Special Cultural Activity at Tokyo University of the Arts (Geidai)\u00a0\u00a0[TBC]\n<h2>Sun 30 Sep 2018<\/h2>\n<p>Departure from Tokyo (Narita or Haneda airports)<\/p>\n<div>\n<p>Transport by Limousine Bus to Narita (from Hotel Grand Palace, 5 min walk)\u00a0 website:\u00a0<a href=\"https:\/\/www.limousinebus.co.jp\/en\/areas\/bus_stop\/nrt\/ikebukuro_mejiro\/dep\/33\/4\" target=\"_blank\" rel=\"noopener\">https:\/\/www.limousinebus.co.jp\/en\/areas\/bus_stop\/nrt\/ikebukuro_mejiro\/dep\/33\/4<\/a><\/p>\n<\/div>\n","protected":false},"excerpt":{"rendered":"<p>You can download the Forum program here. &nbsp; There are 10 parallel workshops as follows. The workshop rooms are here Astronomy &amp; Astronomical Instrumentation \u00a0 Seismology, Earth Sciences &amp; Natural Disasters Biological Sciences &amp; BioMedical ICT Applications Satake, Shutaro &#8211; abstract Walker, Douglas Gordon &#8211;\u00a0abstract Sensors, Robotics, Automation &amp; ICT in Mining, AgroSciences &amp; Natural &hellip; <a href=\"https:\/\/eventos.cmm.uchile.cl\/chilejapanforum2018\/ja\/%e3%83%97%e3%83%ad%e3%82%b0%e3%83%a9%e3%83%a0\/\" class=\"more-link\">Continue reading <span class=\"screen-reader-text\">\u30d7\u30ed\u30b0\u30e9\u30e0<\/span> <span class=\"meta-nav\">&rarr;<\/span><\/a><\/p>\n","protected":false},"author":2,"featured_media":0,"parent":0,"menu_order":1,"comment_status":"closed","ping_status":"closed","template":"","meta":{"inline_featured_image":false,"footnotes":""},"class_list":["post-182","page","type-page","status-publish","hentry"],"_links":{"self":[{"href":"https:\/\/eventos.cmm.uchile.cl\/chilejapanforum2018\/wp-json\/wp\/v2\/pages\/182","targetHints":{"allow":["GET"]}}],"collection":[{"href":"https:\/\/eventos.cmm.uchile.cl\/chilejapanforum2018\/wp-json\/wp\/v2\/pages"}],"about":[{"href":"https:\/\/eventos.cmm.uchile.cl\/chilejapanforum2018\/wp-json\/wp\/v2\/types\/page"}],"author":[{"embeddable":true,"href":"https:\/\/eventos.cmm.uchile.cl\/chilejapanforum2018\/wp-json\/wp\/v2\/users\/2"}],"replies":[{"embeddable":true,"href":"https:\/\/eventos.cmm.uchile.cl\/chilejapanforum2018\/wp-json\/wp\/v2\/comments?post=182"}],"version-history":[{"count":35,"href":"https:\/\/eventos.cmm.uchile.cl\/chilejapanforum2018\/wp-json\/wp\/v2\/pages\/182\/revisions"}],"predecessor-version":[{"id":357,"href":"https:\/\/eventos.cmm.uchile.cl\/chilejapanforum2018\/wp-json\/wp\/v2\/pages\/182\/revisions\/357"}],"wp:attachment":[{"href":"https:\/\/eventos.cmm.uchile.cl\/chilejapanforum2018\/wp-json\/wp\/v2\/media?parent=182"}],"curies":[{"name":"wp","href":"https:\/\/api.w.org\/{rel}","templated":true}]}}