{"id":187,"date":"2018-07-20T12:53:57","date_gmt":"2018-07-20T16:53:57","guid":{"rendered":"http:\/\/eventos.cmm.uchile.cl\/chilejapanforum2018\/?page_id=187"},"modified":"2018-07-20T12:53:57","modified_gmt":"2018-07-20T16:53:57","slug":"%e4%bc%9a%e5%a0%b4","status":"publish","type":"page","link":"https:\/\/eventos.cmm.uchile.cl\/chilejapanforum2018\/ja\/%e4%bc%9a%e5%a0%b4\/","title":{"rendered":"\u4f1a\u5834"},"content":{"rendered":"<p>Nikk\u014d T\u014dsh\u014d-g\u016b \/ Nikko Senhime-monogatari hotel<br \/>\nNikk\u014d, Toshigi\u00a0 \u2013 Japan<br \/>\n25-28 Sep 2018<\/p>\n<h2>Nikko<\/h2>\n<h3>General information<\/h3>\n<p>Nikko Guide (<a href=\"http:\/\/nikko-travel.jp\/english\/\">http:\/\/nikko-travel.jp\/english\/<\/a>)<\/p>\n<p>Tochigi prefecture (<a href=\"https:\/\/travel.tochigiji.or.jp\/en\/\">https:\/\/travel.tochigiji.or.jp\/en\/<\/a>)<\/p>\n<p>Nikk\u014d T\u014dsh\u014d-g\u016b (<a href=\"https:\/\/www.toshogu.jp\/english\/\">https:\/\/www.toshogu.jp\/english\/<\/a>)<\/p>\n<p>Nikko Senhime-monogatari hotel (<a href=\"http:\/\/www.senhime.co.jp\/en\/\">http:\/\/www.senhime.co.jp\/en\/<\/a>)<\/p>\n<p>Nikko Botanical Garden, the University of Tokyo<br \/>\n(<a href=\"http:\/\/www.bg.s.u-tokyo.ac.jp\/nikko\/eng\/\">http:\/\/www.bg.s.u-tokyo.ac.jp\/nikko\/eng\/<\/a>)<\/p>\n<p>Nikko community center<\/p>\n<h3>Hotels for the Chile-Japan Academic Forum 2018<\/h3>\n<p>TBA<\/p>\n","protected":false},"excerpt":{"rendered":"<p>Nikk\u014d T\u014dsh\u014d-g\u016b \/ Nikko Senhime-monogatari hotel Nikk\u014d, Toshigi\u00a0 \u2013 Japan 25-28 Sep 2018 Nikko General information Nikko Guide (http:\/\/nikko-travel.jp\/english\/) Tochigi prefecture (https:\/\/travel.tochigiji.or.jp\/en\/) Nikk\u014d T\u014dsh\u014d-g\u016b (https:\/\/www.toshogu.jp\/english\/) Nikko Senhime-monogatari hotel (http:\/\/www.senhime.co.jp\/en\/) Nikko Botanical Garden, the University of Tokyo (http:\/\/www.bg.s.u-tokyo.ac.jp\/nikko\/eng\/) Nikko community center Hotels for the Chile-Japan Academic Forum 2018 TBA<\/p>\n","protected":false},"author":2,"featured_media":0,"parent":0,"menu_order":6,"comment_status":"closed","ping_status":"closed","template":"","meta":{"inline_featured_image":false,"footnotes":""},"class_list":["post-187","page","type-page","status-publish","hentry"],"_links":{"self":[{"href":"https:\/\/eventos.cmm.uchile.cl\/chilejapanforum2018\/wp-json\/wp\/v2\/pages\/187","targetHints":{"allow":["GET"]}}],"collection":[{"href":"https:\/\/eventos.cmm.uchile.cl\/chilejapanforum2018\/wp-json\/wp\/v2\/pages"}],"about":[{"href":"https:\/\/eventos.cmm.uchile.cl\/chilejapanforum2018\/wp-json\/wp\/v2\/types\/page"}],"author":[{"embeddable":true,"href":"https:\/\/eventos.cmm.uchile.cl\/chilejapanforum2018\/wp-json\/wp\/v2\/users\/2"}],"replies":[{"embeddable":true,"href":"https:\/\/eventos.cmm.uchile.cl\/chilejapanforum2018\/wp-json\/wp\/v2\/comments?post=187"}],"version-history":[{"count":1,"href":"https:\/\/eventos.cmm.uchile.cl\/chilejapanforum2018\/wp-json\/wp\/v2\/pages\/187\/revisions"}],"predecessor-version":[{"id":188,"href":"https:\/\/eventos.cmm.uchile.cl\/chilejapanforum2018\/wp-json\/wp\/v2\/pages\/187\/revisions\/188"}],"wp:attachment":[{"href":"https:\/\/eventos.cmm.uchile.cl\/chilejapanforum2018\/wp-json\/wp\/v2\/media?parent=187"}],"curies":[{"name":"wp","href":"https:\/\/api.w.org\/{rel}","templated":true}]}}