{"id":13,"date":"2016-05-02T11:49:33","date_gmt":"2016-05-02T14:49:33","guid":{"rendered":"http:\/\/eventos.cmm.uchile.cl\/chilejapanforum2022\/?page_id=13"},"modified":"2022-11-22T12:47:52","modified_gmt":"2022-11-22T15:47:52","slug":"forum-committees","status":"publish","type":"page","link":"https:\/\/eventos.cmm.uchile.cl\/chilejapanforum2022\/forum-committees\/","title":{"rendered":"Forum committees"},"content":{"rendered":"<h2><strong>Program Committee<\/strong><\/h2>\n<h3>General Chairs:<\/h3>\n<ul>\n<li>Mamoru Doi, University of Tokyo<\/li>\n<li>Eduardo Vera, University of Chile<\/li>\n<\/ul>\n<h3>Workshop Co-Chairs:<\/h3>\n<ul>\n<li><strong>Workshop 1+6:<\/strong><br \/>\nKotaro Kohno (W1), Shinichi Nakasuka (W6)<br \/>\nRicardo Finger and Felipe Barrientos (W1), Marcos D\u00edaz (W6)<\/li>\n<li><strong>Workshop 2:<\/strong><br \/>\nKenji Satake<br \/>\nSergio Ruiz and Rodrigo Cienfuegos<br \/>\nMarco Cisternas (Field Trip)<\/li>\n<li><strong>Workshop 3:<\/strong><br \/>\nHoracio Cabral<br \/>\nAndrea Ravasio and Steffen H\u00e4rtel<\/li>\n<li><strong>Workshop 4:<\/strong><br \/>\nAtsushi Iizuka<br \/>\nLeandro Voisin<\/li>\n<li><strong>Workshop 5:<\/strong><br \/>\nMasaki Tateno and Nobuyuki Yagi<br \/>\nJurij Wacyk, Pablo Marquet and Oscar D\u00edaz<\/li>\n<li><strong>Workshop 7+8:<\/strong><br \/>\nTakeshi Wada, Tomoo Marukawa, Kaori Fujita and Masato Sakai<br \/>\nJohannes Rehner, Andr\u00e9s B\u00f3rquez, Gabriela Manzi and Kornelius Kupczik<\/li>\n<\/ul>\n<h3>Program Board:<\/h3>\n<ul>\n<li>Enrique Aliste, University of Chile<\/li>\n<li>Pedro Bouchon, Catholic University of Chile<\/li>\n<li>Mar\u00eda Andrea Rodr\u00edguez, University of Concepci\u00f3n<\/li>\n<li>Oscar D\u00edaz, University of Los Lagos<\/li>\n<\/ul>\n<h2><strong>Organizing Committee<\/strong><\/h2>\n<ul>\n<li>Aiko Masuhara, University of Tokyo<\/li>\n<li>Andr\u00e9e Henr\u00edquez, University of Chile<\/li>\n<li>\u00c1lvaro Etchegaray, University of Chile<\/li>\n<li>Cristi\u00e1n Murillo, University of Chile<\/li>\n<li>Mar\u00eda Elena Boisier, Catholic University of Chile<\/li>\n<li>Christian Blanco, Catholic University of Chile<\/li>\n<li>Sof\u00eda Cubillos, Catholic University of Chile<\/li>\n<li>Ronald Mennickent, University of Concepci\u00f3n<\/li>\n<li>Mar\u00eda In\u00e9s Picazo, University of Concepci\u00f3n<\/li>\n<li>Rodrigo M\u00e1rquez, University of Los Lagos<\/li>\n<li>Claudia Castillo, University of Los Lagos<\/li>\n<\/ul>\n<h3>Event Producer<\/h3>\n<ul>\n<li>Marcia \u00c1vila, MV Global<br \/>\nmarcia.avila@mvglobal.cl<\/li>\n<\/ul>\n","protected":false},"excerpt":{"rendered":"<p>Program Committee General Chairs: Mamoru Doi, University of Tokyo Eduardo Vera, University of Chile Workshop Co-Chairs: Workshop 1+6: Kotaro Kohno (W1), Shinichi Nakasuka (W6) Ricardo Finger and Felipe Barrientos (W1), Marcos D\u00edaz (W6) Workshop 2: Kenji Satake Sergio Ruiz and Rodrigo Cienfuegos Marco Cisternas (Field Trip) Workshop 3: Horacio Cabral Andrea Ravasio and Steffen H\u00e4rtel &hellip; <a href=\"https:\/\/eventos.cmm.uchile.cl\/chilejapanforum2022\/forum-committees\/\" class=\"more-link\">Continue reading <span class=\"screen-reader-text\">Forum committees<\/span> <span class=\"meta-nav\">&rarr;<\/span><\/a><\/p>\n","protected":false},"author":2,"featured_media":0,"parent":0,"menu_order":2,"comment_status":"closed","ping_status":"closed","template":"","meta":{"inline_featured_image":false,"footnotes":""},"class_list":["post-13","page","type-page","status-publish","hentry"],"_links":{"self":[{"href":"https:\/\/eventos.cmm.uchile.cl\/chilejapanforum2022\/wp-json\/wp\/v2\/pages\/13","targetHints":{"allow":["GET"]}}],"collection":[{"href":"https:\/\/eventos.cmm.uchile.cl\/chilejapanforum2022\/wp-json\/wp\/v2\/pages"}],"about":[{"href":"https:\/\/eventos.cmm.uchile.cl\/chilejapanforum2022\/wp-json\/wp\/v2\/types\/page"}],"author":[{"embeddable":true,"href":"https:\/\/eventos.cmm.uchile.cl\/chilejapanforum2022\/wp-json\/wp\/v2\/users\/2"}],"replies":[{"embeddable":true,"href":"https:\/\/eventos.cmm.uchile.cl\/chilejapanforum2022\/wp-json\/wp\/v2\/comments?post=13"}],"version-history":[{"count":34,"href":"https:\/\/eventos.cmm.uchile.cl\/chilejapanforum2022\/wp-json\/wp\/v2\/pages\/13\/revisions"}],"predecessor-version":[{"id":315,"href":"https:\/\/eventos.cmm.uchile.cl\/chilejapanforum2022\/wp-json\/wp\/v2\/pages\/13\/revisions\/315"}],"wp:attachment":[{"href":"https:\/\/eventos.cmm.uchile.cl\/chilejapanforum2022\/wp-json\/wp\/v2\/media?parent=13"}],"curies":[{"name":"wp","href":"https:\/\/api.w.org\/{rel}","templated":true}]}}