{"id":268,"date":"2022-11-09T00:31:36","date_gmt":"2022-11-09T03:31:36","guid":{"rendered":"https:\/\/eventos.cmm.uchile.cl\/chilejapanforum2022\/?page_id=268"},"modified":"2022-12-20T17:22:44","modified_gmt":"2022-12-20T20:22:44","slug":"w2","status":"publish","type":"page","link":"https:\/\/eventos.cmm.uchile.cl\/chilejapanforum2022\/program\/w2\/","title":{"rendered":"Workshop 2"},"content":{"rendered":"<h2 class=\"w_title\">Seismology, Earth Sciences &amp; Natural Disasters<\/h2>\n<h4 class=\"w_subtitle\">Earthquake and Tsunami Hazards and Disaster Reduction<\/h4>\n<p>20221106 version 6<\/p>\n<p>&nbsp;<\/p>\n<h3>\u00a0Tue 29 Nov 2022<\/h3>\n<h4><strong>08:00-09:00 \u2014 Southern Chile Triple Junction: online session<\/strong><\/h4>\n<p><strong>Join Zoom Meeting<\/strong><br \/>\n<a href=\"https:\/\/u-tokyo-ac-jp.zoom.us\/j\/89327270830?pwd=SG10UndteHkvTGdhU0d0RzZqaE9jUT09\" target=\"_blank\" rel=\"noopener\">https:\/\/u-tokyo-ac-jp.zoom.us\/j\/89327270830?pwd=SG10UndteHkvTGdhU0d0RzZqaE9jUT09<\/a><\/p>\n<p><strong>08:00-08:15 Masa Kinoshita* <\/strong>(ERI UTokyo) \u201cThermal structure around Chile Triple Junction and its implication to subduction zone earthquakes (tentative)\u201d<\/p>\n<p><strong>08:15-08:30 \u00a0Yuko Kondo* and Hiroko Sugioka*<\/strong> (Kobe U) \u201cVelocity model of CTJ through tomography analysis\u201d<\/p>\n<p><strong>08:35-08:45 Andr\u00e9s Tassara* (UdeC)<\/strong> \u201cSeismic segmentation of the Chilean megathrust\u201d<\/p>\n<div class=\"su-divider su-divider-style-default\" style=\"margin:15px 0;border-width:2px;border-color:#2F70B4\"><a href=\"#\" style=\"color:#999999\">Go to top<\/a><\/div>\n<h4><strong>10:00-13:00 \u2014 Earthquakes and Tsunamis in Chile Subduction Zone<\/strong><\/h4>\n<p><strong>10:00-10:15\u00a0\u00a0 Jorge Crempien <\/strong>(CIGIDEN-PUC) \u201cSeismic cycle along the Chile subduction zone\u201d<\/p>\n<p><strong>10:15-10:30\u00a0\u00a0 <\/strong><strong>Matt Miller <\/strong>(UdeC) \u201cThe structure of the Chile Rise subduction evidenced by seismology\u201d<\/p>\n<p><strong>10:30-10:45\u00a0\u00a0 Ra\u00fal Madariaga <\/strong>(UChile) \u201cRevisiting the 2015 Illapel earthquake with near field strong motion and geodetic data\u201d<\/p>\n<p><strong>10:45-11:00\u00a0\u00a0 Sergio Ruiz <\/strong>(UChile) \u201cSlow and Fast Earthquake Ruptures in North-Central Chile\u201d<\/p>\n<p><strong>11:10-11:15\u00a0 Francisco Ortega<\/strong> (UChile) \u201cOptimal Location of offshore APG Geodetic Sensors in Subduction Zones: Improving Imaging of Shallow Interplate Slip Behavior\u201d<\/p>\n<p><strong>11:15-11:45\u00a0\u00a0 Coffee Break<\/strong><\/p>\n<p><strong>11:45-12:00\u00a0\u00a0 Marcos Moreno<\/strong> (UdeC) \u201cPRECURSOR project results and beyond: from data analysis to modeling of seismic deformation in Chile\u201d<\/p>\n<p><strong>12:00-12:15\u00a0\u00a0 Jean Baptiste Ammirati <\/strong>(UChile) \u201cRapidSeismicAligner: GPU-accelerated motif searching in continuous waveforms\u201d<\/p>\n<p><strong>12:15-12:30\u00a0\u00a0 Rodrigo Cienfuegos <\/strong>(CIGIDEN-PUC) \u201cProposal of an optimized sea surface observation network along the Chilean coast for Nearly Real Time tsunami forecasting\u201d<\/p>\n<p><strong>12:30-12:45\u00a0\u00a0 Patricio Catal\u00e1n <\/strong>(CIGIDEN-USM) \u201cNear Real Time Tsunami Early Warning\u201d<\/p>\n<p><strong>12:45-13:00\u00a0\u00a0 Rafael Ar\u00e1nguiz <\/strong>(CIGIDEN-UCSC) \u201cProbabilistic tsunami analysis and design of coastal structures\u201d<\/p>\n<div class=\"su-divider su-divider-style-default\" style=\"margin:15px 0;border-width:2px;border-color:#2F70B4\"><a href=\"#\" style=\"color:#999999\">Go to top<\/a><\/div>\n<h4><strong>14:00-15:30 \u2014 Recent and past earthquakes and tsunamis in other subduction zones<\/strong><\/h4>\n<p><strong>14:00-14:15\u00a0\u00a0 Satoshi Ide <\/strong>(Graduate School of Science, UTokyo) \u201cPhysics of fast and slow earthquakes\u201d<\/p>\n<p><strong>14:15-14:30\u00a0\u00a0 Shingo Watada<\/strong> (ERI UTokyo) \u201cSeismic waves, air waves and tsunamis from the 2022 Tonga eruption\u201d<\/p>\n<p><strong>14:30-14:45\u00a0\u00a0 Takashi Iidaka <\/strong>(CIDIR UTokyo) \u201cInland earthquakes which is related to the 2011 Tohoku-Oki earthquake\u201d<\/p>\n<p><strong>14:45-15:00\u00a0 Kenji Satake<\/strong> (ERI UTokyo) \u201cHistory and features of trans-Pacific tsunamis\u201d<\/p>\n<p><strong>15:00-15:15\u00a0 Gabriel Easton<\/strong> (UChile) \u201cDid a 3800-year-old Mw ~9.5 earthquake trigger major social disruption in the Atacama Desert?\u201d (Preliminary title)<\/p>\n<p><strong>15:15-15:45\u00a0\u00a0 Coffee Break<\/strong><\/p>\n<div class=\"su-divider su-divider-style-default\" style=\"margin:15px 0;border-width:2px;border-color:#2F70B4\"><a href=\"#\" style=\"color:#999999\">Go to top<\/a><\/div>\n<h4><strong>15:45-17:00 \u2014 1960 Valdivia earthquake<\/strong><\/h4>\n<p><strong>15:45-16:00\u00a0 Sergio Barrientos <\/strong>(UChile)<strong> \u201c<\/strong>Seismic monitoring in the area of the 1960 Earthquakes&#8221;<\/p>\n<p><strong>16:00-16:15\u00a0 Patricio Winckler<\/strong> (CIGIDEN-PUCV) &#8220;Unveiling the impacts of the 1960 tsunami thorough eyewitness accounts&#8221;<\/p>\n<p><strong>16:15-16:30\u00a0 Rodrigo Cifuentes-Lobos<\/strong> (UdeC) &#8220;Implementation of a Numerical Methodology for the stochastic Characterization of the Valdivia 1960 9.5 Mw Tsunami Source&#8221;<\/p>\n<p><strong>16:30-16:45\u00a0 Marco Cisternas<\/strong> (PUCV) Digging deep into the predecessors of the giant 1960 Chile<\/p>\n<h5>Workshop Day-1 Participants (20)<\/h5>\n<ul>\n<li>ERI UTokyo: Satoshi Ide, Shingo Watada, Takashi Iidaka, Kenji Satake<\/li>\n<li>UdeC: Rodrigo Cifuentes-Lobos, Matt Miller, Andr\u00e9s Tassara*<\/li>\n<li>CIGIDEN-PUC: Jorge Crempien, Patricio Winckler, Patricio Catal\u00e1n, Rafael Ar\u00e1nguiz, Rodrigo Cienfuegos<\/li>\n<li>UChile: Sergio Ruiz, Gabriel Easton, Sergio Barrientos, Francisco Ortega, Ra\u00fal Madariaga, Jean Baptiste Ammirati, Kellen Azua , Rogelio Torres<\/li>\n<li>PUCV: Marco Cisternas<\/li>\n<\/ul>\n<h5>Affiliation:<\/h5>\n<ul>\n<li>ERI-UTokyo = Earthquake Research Institute, The University of Tokyo<\/li>\n<li>UChile = Universidad de Chile<\/li>\n<li>PUC = Pontificia Universidad Cat\u00f3lica de Chile<\/li>\n<li>CIGIDEN = Centro de Investigaci\u00f3n para la Gesti\u00f3n Integrada del Riesgo de Desastres,<\/li>\n<li>UdeC = Universidad de Concepci\u00f3n<\/li>\n<li>PUCV = Pontificia Universidad Cat\u00f3lica de Valpara\u00edso<\/li>\n<li>UCSC = Universidad Cat\u00f3lica de la Sant\u00edsima Concepci\u00f3n<\/li>\n<li>USM = Universidad Santa Mar\u00eda<\/li>\n<\/ul>\n<div class=\"su-divider su-divider-style-default\" style=\"margin:15px 0;border-width:2px;border-color:#2F70B4\"><a href=\"#\" style=\"color:#999999\">Go to top<\/a><\/div>\n<h3>Wed 30 Nov 2022<\/h3>\n<h4>08:30\uff5eFieldtrip and discussion at the paleotsunami study site<\/h4>\n<p>&lt;Seismology and tsunami group&gt; lead by Marco Cisternas (PUCV)<\/p>\n<h5><strong>Workshop Day-2 Field Trip Participants (21)<\/strong><\/h5>\n<ul>\n<li>Satoshi Ide, Shingo Watada, Takashi Iidaka, Kenji Satake, Hiroyuki Takeda<\/li>\n<li>Jorge Crempien, Patricio Winckler, Patricio Catal\u00e1n, Rafael Ar\u00e1nguiz, Rodrigo Cienfuegos, Cecilia Zelaya, Marco Cisterna, Sergio Ruiz, Sergio Barrientos, Francisco Ortega, R\u00e1ul Madariaga, Jean Baptiste Ammirati, Kellen Azua, Rogelio Torres, Matt Miller, Rodrigo Cifuentes-Lobos<\/li>\n<\/ul>\n<h5><strong>Organizer:<\/strong><\/h5>\n<p>Professor Marco Cisternas<br \/>\nInstituto de Geograf\u00eda, Pontificia Universidad Cat\u00f3lica de Valpara\u00edso (PUCV)<br \/>\nEmail: marco.cisternas@pucv.cl\u00a0\u00a0 Tel: +56 32 227 4081<\/p>\n<h5>20:00-23:00 Conference Dinner at Hotel Caba\u00f1as del Lago (Club House)<\/h5>\n<p>&lt;all the forum participants&gt;<\/p>\n<div class=\"su-divider su-divider-style-default\" style=\"margin:15px 0;border-width:2px;border-color:#2F70B4\"><a href=\"#\" style=\"color:#999999\">Go to top<\/a><\/div>\n<h3>Thu 01 Dec 2022<\/h3>\n<h5>Forum Fieldtrip to Termas del Sol, Seno de Reloncav\u00ed<\/h5>\n<p>&lt;all the forum participants&gt;<\/p>\n<p>~ beautiful 3 hour trip through of native flora scenic route via Ensenada &amp; Cocham\u00f3<\/p>\n<p>08:00 departure time from Hotel Caba\u00f1as del Lago, Puerto Varas<\/p>\n<p>20:00 return time to Hotel Caba\u00f1as del Lago, Puerto Varas<\/p>\n<div class=\"su-divider su-divider-style-default\" style=\"margin:15px 0;border-width:2px;border-color:#2F70B4\"><a href=\"#\" style=\"color:#999999\">Go to top<\/a><\/div>\n<h3>Fri 02 Dec 2022<\/h3>\n<p>Optional tours (pick one):<\/p>\n<p>1) Volc\u00e1n Osorno \u00a0\u00a0\u00a0\u00a02) Saltos de Petrohu\u00e9<\/p>\n<h5><strong>1. Volc\u00e1n Osorno optional tour<\/strong><\/h5>\n<p><strong>*** UPDATE: This optional tour was cancelled .<\/strong><\/p>\n<h5><strong>2. Saltos de Petrohu\u00e9 optional tour<\/strong><\/h5>\n<p><strong>*** UPDATE: This optional tour was cancelled.<\/strong><\/p>\n<p>&nbsp;<\/p>\n<div class=\"su-divider su-divider-style-default\" style=\"margin:15px 0;border-width:2px;border-color:#2F70B4\"><a href=\"#\" style=\"color:#999999\">Go to top<\/a><\/div>\n","protected":false},"excerpt":{"rendered":"<p>Seismology, Earth Sciences &amp; Natural Disasters Earthquake and Tsunami Hazards and Disaster Reduction 20221106 version 6 &nbsp; \u00a0Tue 29 Nov 2022 08:00-09:00 \u2014 Southern Chile Triple Junction: online session Join Zoom Meeting https:\/\/u-tokyo-ac-jp.zoom.us\/j\/89327270830?pwd=SG10UndteHkvTGdhU0d0RzZqaE9jUT09 08:00-08:15 Masa Kinoshita* (ERI UTokyo) \u201cThermal structure around Chile Triple Junction and its implication to subduction zone earthquakes (tentative)\u201d 08:15-08:30 \u00a0Yuko Kondo* &hellip; <a href=\"https:\/\/eventos.cmm.uchile.cl\/chilejapanforum2022\/program\/w2\/\" class=\"more-link\">Continue reading <span class=\"screen-reader-text\">Workshop 2<\/span> <span class=\"meta-nav\">&rarr;<\/span><\/a><\/p>\n","protected":false},"author":2,"featured_media":0,"parent":11,"menu_order":1,"comment_status":"closed","ping_status":"closed","template":"","meta":{"inline_featured_image":false,"footnotes":""},"class_list":["post-268","page","type-page","status-publish","hentry"],"_links":{"self":[{"href":"https:\/\/eventos.cmm.uchile.cl\/chilejapanforum2022\/wp-json\/wp\/v2\/pages\/268","targetHints":{"allow":["GET"]}}],"collection":[{"href":"https:\/\/eventos.cmm.uchile.cl\/chilejapanforum2022\/wp-json\/wp\/v2\/pages"}],"about":[{"href":"https:\/\/eventos.cmm.uchile.cl\/chilejapanforum2022\/wp-json\/wp\/v2\/types\/page"}],"author":[{"embeddable":true,"href":"https:\/\/eventos.cmm.uchile.cl\/chilejapanforum2022\/wp-json\/wp\/v2\/users\/2"}],"replies":[{"embeddable":true,"href":"https:\/\/eventos.cmm.uchile.cl\/chilejapanforum2022\/wp-json\/wp\/v2\/comments?post=268"}],"version-history":[{"count":17,"href":"https:\/\/eventos.cmm.uchile.cl\/chilejapanforum2022\/wp-json\/wp\/v2\/pages\/268\/revisions"}],"predecessor-version":[{"id":433,"href":"https:\/\/eventos.cmm.uchile.cl\/chilejapanforum2022\/wp-json\/wp\/v2\/pages\/268\/revisions\/433"}],"up":[{"embeddable":true,"href":"https:\/\/eventos.cmm.uchile.cl\/chilejapanforum2022\/wp-json\/wp\/v2\/pages\/11"}],"wp:attachment":[{"href":"https:\/\/eventos.cmm.uchile.cl\/chilejapanforum2022\/wp-json\/wp\/v2\/media?parent=268"}],"curies":[{"name":"wp","href":"https:\/\/api.w.org\/{rel}","templated":true}]}}