{"id":393,"date":"2022-11-28T02:18:05","date_gmt":"2022-11-28T05:18:05","guid":{"rendered":"https:\/\/eventos.cmm.uchile.cl\/chilejapanforum2022\/?page_id=393"},"modified":"2022-12-20T17:37:27","modified_gmt":"2022-12-20T20:37:27","slug":"w7-8","status":"publish","type":"page","link":"https:\/\/eventos.cmm.uchile.cl\/chilejapanforum2022\/program\/w7-8\/","title":{"rendered":"Workshop 7+8"},"content":{"rendered":"<h2 class=\"w_title\">Social Science, Arts, Humanities, Asian &amp; Latin America Studies<\/h2>\n<p>20221128 version 4<\/p>\n<p>&nbsp;<\/p>\n<h3>\u00a0Tue 29 Nov 2022<\/h3>\n<h4>08:00-08:45 \u2014 online session, Archaeology \u2013 Part I<\/h4>\n<p>Remote LINK: <a href=\"https:\/\/uchile.zoom.us\/j\/92090173848?pwd=b0Iwb1o4ZWNvV01NQURLRHhqdlBsUT09\" target=\"_blank\" rel=\"noopener\">https:\/\/uchile.zoom.us\/j\/92090173848?pwd=b0Iwb1o4ZWNvV01NQURLRHhqdlBsUT09<\/a><\/p>\n<p><strong>08:00-08:10 Nancy Hitschfeld<\/strong>\u00a0(UChile)<br \/>\n<strong>08:10-08:20 Masato Sakai*<\/strong> (YamagataU)<br \/>\n<strong>08:20-08:30 Rodrigo Retamal<\/strong> (UChile)<br \/>\n<strong>08:30-08:40 Go Matsumoto*<\/strong> (YamagataU)<\/p>\n<p><strong>08:45-09:00<\/strong> Boarding special buses from Puerto Varas to Puerto Montt (45 min)<\/p>\n<h4><strong>10:00-11:20 \u2014 session 1a: Sustainable Wood Architecture &#8211; Part I <\/strong><\/h4>\n<p>Remote LINK: <a href=\"https:\/\/uchile.zoom.us\/j\/96656421504?pwd=MnN4djZvWEl1RFRNUVBEYktHay9nUT09\" target=\"_blank\" rel=\"noopener\">https:\/\/uchile.zoom.us\/j\/96656421504?pwd=MnN4djZvWEl1RFRNUVBEYktHay9nUT09<\/a><\/p>\n<p><strong>10:00-10:20 Gabriela Manzi<\/strong> (UChile)<\/p>\n<p><strong>10:20-10:40 Kaori Fujita*<\/strong> (UTokyo)<\/p>\n<p><strong>10:40-11:00 Roberto Burdiles<\/strong> (UBioBio)<\/p>\n<p><strong>11:00-11:20 Motoki Yasuhara*<\/strong> (UTokyo)<\/p>\n<p><strong>11:20-11:40 Coffee Break<\/strong><\/p>\n<div class=\"su-divider su-divider-style-default\" style=\"margin:15px 0;border-width:2px;border-color:#2F70B4\"><a href=\"#\" style=\"color:#999999\">Go to top<\/a><\/div>\n<h4>10:00 -11:20 \u2014 session 1b: Social Conflicts \u2013 Part I<\/h4>\n<p>Remote LINK: <a href=\"https:\/\/u-tokyo-ac-jp.zoom.us\/j\/83133335346?pwd=Vm16MSs0L2dhZStObVJWenlrdkVRQT09\" target=\"_blank\" rel=\"noopener\">https:\/\/u-tokyo-ac-jp.zoom.us\/j\/83133335346?pwd=Vm16MSs0L2dhZStObVJWenlrdkVRQT09<\/a><\/p>\n<p><strong>10:00-10:40 Rodrigo Medel<\/strong> (UAH) Repression and Political Attitudes: Spatial Effects of Repression of Protests on Attitudes Towards Support for Violence<br \/>\n<strong>10:40-11:20 Felipe S\u00e1nchez<\/strong> (PUC) A Spatial Model of Protest Diffusion on an Authoritarian Regime: Evidence from Pinochet\u2019s Chile<\/p>\n<div class=\"su-divider su-divider-style-default\" style=\"margin:15px 0;border-width:2px;border-color:#2F70B4\"><a href=\"#\" style=\"color:#999999\">Go to top<\/a><\/div>\n<h4>11:40 -13:00 \u2014 session 2: Social Conflicts \u2013 Part II<\/h4>\n<p>Remote LINK: <a href=\"https:\/\/u-tokyo-ac-jp.zoom.us\/j\/83133335346?pwd=Vm16MSs0L2dhZStObVJWenlrdkVRQT09\" target=\"_blank\" rel=\"noopener\">https:\/\/u-tokyo-ac-jp.zoom.us\/j\/83133335346?pwd=Vm16MSs0L2dhZStObVJWenlrdkVRQT09<\/a><\/p>\n<p><strong>11:40-12:20 Tomoo Marukawa<\/strong> (UTokyo) Bilateral Economic Relationship with China: Asia and Latin America<\/p>\n<p><strong>12:20-13:00 Yoojin Koo<\/strong> (UTokyo) The Political Presence of Right-Wing Movements and its impact of State-Society Relations in Japan.<\/p>\n<p><strong>13:00-14:00 Lunch Break<\/strong><\/p>\n<div class=\"su-divider su-divider-style-default\" style=\"margin:15px 0;border-width:2px;border-color:#2F70B4\"><a href=\"#\" style=\"color:#999999\">Go to top<\/a><\/div>\n<h4>14:00-15:20 \u2014 session 3: Social Conflicts &#8211; Part III<\/h4>\n<p>Remote LINK: <a href=\"https:\/\/u-tokyo-ac-jp.zoom.us\/j\/83133335346?pwd=Vm16MSs0L2dhZStObVJWenlrdkVRQT09\" target=\"_blank\" rel=\"noopener\">https:\/\/u-tokyo-ac-jp.zoom.us\/j\/83133335346?pwd=Vm16MSs0L2dhZStObVJWenlrdkVRQT09<\/a><\/p>\n<p><strong>14:00-14:40 Mayu Iida<\/strong> (UTokyo) TBA<\/p>\n<p><strong>14:40-15:20 Takeshi WADA<\/strong> (UTokyo) Big Data &amp; Natural Language Processing Approaches to the Study of Political Events: Strikes and Demonstrations in Chile 2002-2022<\/p>\n<p><strong>15:20-15:45 Coffee Break<\/strong><\/p>\n<div class=\"su-divider su-divider-style-default\" style=\"margin:15px 0;border-width:2px;border-color:#2F70B4\"><a href=\"#\" style=\"color:#999999\">Go to top<\/a><\/div>\n<h4>15:45-16:45 \u2014 session 4: Art &amp; Society<\/h4>\n<p><strong>15:45-16:00 Javier Jaimovich<\/strong> (UChile)<\/p>\n<p><strong>16:00-16:15 M\u00f3nica Bate<\/strong> (UChile)<\/p>\n<p><strong>16:15-16:30 Rodrigo D\u00edaz<\/strong> (ULagos)<\/p>\n<p><strong>16:30-16:45 Svetlana Kotova<\/strong> (UChile)<\/p>\n<p><strong>16:45-17:00 Boarding special buses from Puerto Montt to Puerto Varas (45 min)<\/strong><\/p>\n<div class=\"su-divider su-divider-style-default\" style=\"margin:15px 0;border-width:2px;border-color:#2F70B4\"><a href=\"#\" style=\"color:#999999\">Go to top<\/a><\/div>\n<h3>Wed 30 Nov 2022<\/h3>\n<h4>08:00-08:30 \u2014 online session: Archaeology \u2013 Part I<\/h4>\n<p>Remote LINK: <a href=\"https:\/\/uchile.zoom.us\/j\/91720774950?pwd=bEVsNjAzUVY5S2IrenpSMjloSGdSUT09\" target=\"_blank\" rel=\"noopener\">https:\/\/uchile.zoom.us\/j\/91720774950?pwd=bEVsNjAzUVY5S2IrenpSMjloSGdSUT09<\/a><\/p>\n<p><strong>08:00-08:10 Kornelius Kupczik<\/strong> (UChile)<\/p>\n<p><strong>08:10-08:20 Naomichi Ogihara*<\/strong> (UTokyo)<\/p>\n<p><strong>08:20-08:30 Nelson Baloian<\/strong> (UChile)<\/p>\n<p><strong>08:30-08:40 Shinya Watanabe*<\/strong> (NanzanU)<\/p>\n<p><strong>08:45-09:00 Boarding special buses from Puerto Varas to Puerto Montt (45 min)<\/strong><\/p>\n<h4>10:00-11:20 \u2014 session 5a: Sustainable Wood Architecture &#8211; Part II<\/h4>\n<p>Remote LINK: <a href=\"https:\/\/uchile.zoom.us\/j\/93974859796?pwd=M3ZGSVBMT2RnY2VrSXFRMFdKU09kdz09\" target=\"_blank\" rel=\"noopener\">https:\/\/uchile.zoom.us\/j\/93974859796?pwd=M3ZGSVBMT2RnY2VrSXFRMFdKU09kdz09<\/a><\/p>\n<p><strong>10:00-10:20 Francis Pfenniger<\/strong> (UChile)<\/p>\n<p><strong>10:20-10:40 Yoshihiro Fukushima*<\/strong> (UTokyo)<\/p>\n<p><strong>10:40-11:00 Gabriel Felmer<\/strong> (UChile)<\/p>\n<p><strong>11:00-11:20 Jenny Moreno<\/strong> (UdeC) Voices of Resilience: Promoting intergenerational interactions to strengthen community resilience to disasters<\/p>\n<h4>10:00-11:20 \u2014 session 5b: Social Conflicts &#8211; Part IV<\/h4>\n<p>Remote LINK: <a href=\"https:\/\/u-tokyo-ac-jp.zoom.us\/j\/83133335346?pwd=Vm16MSs0L2dhZStObVJWenlrdkVRQT09\" target=\"_blank\" rel=\"noopener\">https:\/\/u-tokyo-ac-jp.zoom.us\/j\/83133335346?pwd=Vm16MSs0L2dhZStObVJWenlrdkVRQT09<\/a><\/p>\n<p><strong>10:00-10:40 Nicol\u00e1s Somma*<\/strong> (PUC) Social Movements and Institutional Arenas<\/p>\n<p><strong>10:40-11:20 Sof\u00eda Donoso*<\/strong> (UChile) Creation and Endurance of Cross Multi-Movement Coalitions: The Case of Unidad Social in Chile<\/p>\n<p><strong>11:20-11:40 Coffee Break<\/strong><\/p>\n<div class=\"su-divider su-divider-style-default\" style=\"margin:15px 0;border-width:2px;border-color:#2F70B4\"><a href=\"#\" style=\"color:#999999\">Go to top<\/a><\/div>\n<h4>11:40 -13:00 session 6: Social Conflicts \u2013 Part V<\/h4>\n<p>Remote LINK: <a href=\"https:\/\/u-tokyo-ac-jp.zoom.us\/j\/83133335346?pwd=Vm16MSs0L2dhZStObVJWenlrdkVRQT09\" target=\"_blank\" rel=\"noopener\">https:\/\/u-tokyo-ac-jp.zoom.us\/j\/83133335346?pwd=Vm16MSs0L2dhZStObVJWenlrdkVRQT09<\/a><\/p>\n<p><strong>11:40-12:20 Emilia Cuadros<\/strong> (UChile) The Feminist Movement in the Convenci\u00f3n Constitucional<br \/>\n<strong>12:20-13:00 Kenta TASAKA<\/strong> (UTokyo) Words Shaping the Fictional World, and Fictions Shaping the Real World: In the Case of Manuel de Pedrolo&#8217;s Novels<\/p>\n<p><strong>13:00-14:00 Lunch Break<\/strong><\/p>\n<div class=\"su-divider su-divider-style-default\" style=\"margin:15px 0;border-width:2px;border-color:#2F70B4\"><a href=\"#\" style=\"color:#999999\">Go to top<\/a><\/div>\n<h4>14:00-15:15 session 7: Roundtable on Asian &amp; Latin American Studies<\/h4>\n<p><strong>14:00-14:15 Ricardo Gamboa<\/strong> (UChile) Opening Remarks<\/p>\n<p><strong>14:15-14:30 Juan Serrano<\/strong> (UFRO) United States-China Rivalry in the periphery: Belt and Road Initiative in Latin America<\/p>\n<p><strong>14:30-14:45<\/strong> Marcos Jaramillo (PUC)<\/p>\n<p><strong>14:45-15:00 Andr\u00e9s B\u00f3rquez<\/strong> (UChile) Relations between Chile and Japan: Scientific cooperation to address common problems<\/p>\n<p><strong>15:00-15:15<\/strong> Johanne Rehner (PUC) Wrap-Up &amp; Conclusions<\/p>\n<p><strong>15:15-15:45 Coffee Break<\/strong><\/p>\n<div class=\"su-divider su-divider-style-default\" style=\"margin:15px 0;border-width:2px;border-color:#2F70B4\"><a href=\"#\" style=\"color:#999999\">Go to top<\/a><\/div>\n<h4>15:45-16:45 session 8: Workshop plenary report preparation<\/h4>\n<p><strong>15:45-16:45 All Workshop Speakers &amp; participants discussion<\/strong><\/p>\n<p><strong>16:45-17:00 Moving from Workshop room to Auditorium for Closing Ceremony<\/strong><\/p>\n<p><strong>17:00-17:30 Forum Keynote Lecture: Camila Fern\u00e1ndez<\/strong> (UdeC) &#8220;We all want to adapt: The challenges and successes of marine research in the era of climate change&#8221;<\/p>\n<p><strong>17:30-18:30 Wrap-Up &amp; Conclusions:<\/strong> 10 min report from every workshop<\/p>\n<p><strong>18:30-18:45 Boarding special buses from Puerto Montt to Puerto Varas (45 min)<\/strong><\/p>\n<h5><strong>Workshop Participants (24 in person, 11 online)<\/strong><\/h5>\n<ul>\n<li>UChile: Ricardo Gamboa, Andr\u00e9s B\u00f3rquez, Sof\u00eda Donoso, Kornelius Kupczik*, Rodrigo Retamal*, Nelson Baloian*, Nancy Hitschfeld*, Gabriela Manzi, Francis Pfenniger, Gabriel Felmer, Javier Jaimovich, M\u00f3nica Bate, Svetlana Kotova<\/li>\n<li>Student: Emilia Cuadros<\/li>\n<li>PUC: Johannes Rehner, Marcos Jaramillo<\/li>\n<li>UdeC: Jenny Moreno<\/li>\n<li>ULagos: Francisco Araos, Rodrigo D\u00edaz<\/li>\n<li>Others: Juan Enrique Serrano (UFRO), Roberto Burdiles (UBioBio), Rodrigo Medel (UAH)<\/li>\n<li>UTokyo: Takeshi Wada, Tomoo Marukawa, Yoogin Koo, Mayu Iida, Kenta Tasaka<br \/>\nKaori Fujita*, Motoki Yasuhara*, Yoshihiro Fukushima*, Naomichi Ogihara*<\/li>\n<li>Others: Masato Sakai*, Go Matsumoto* (YU), Shinya Watanabe* (NU)<\/li>\n<\/ul>\n<p>* remote online participation<\/p>\n<h5>Affiliations:<\/h5>\n<ul>\n<li>UTokyo = The University of Tokyo<\/li>\n<li>UChile = Universidad de Chile<\/li>\n<li>PUC = Pontificia Universidad Cat\u00f3lica de Chile<\/li>\n<li>UdeC = Universidad de Concepci\u00f3n<\/li>\n<li>ULagos = Universidad de Los Lagos<\/li>\n<li>UBioBio = Universidad del BioBio<\/li>\n<li>UFRO = Universidad de la Frontera<\/li>\n<li>UAH = Universidad Alberto Hurtado<\/li>\n<li>YU = Yamagata University<\/li>\n<li>NU = Nanzan University<\/li>\n<\/ul>\n<h5>20:00-23:00 Conference Dinner at Hotel Caba\u00f1as del Lago (Club House)<\/h5>\n<p>&lt;all the forum participants&gt;<\/p>\n<div class=\"su-divider su-divider-style-default\" style=\"margin:15px 0;border-width:2px;border-color:#2F70B4\"><a href=\"#\" style=\"color:#999999\">Go to top<\/a><\/div>\n<h3>Thu 01 Dec 2022<\/h3>\n<h5>Forum Fieldtrip to Termas del Sol, Seno de Reloncav\u00ed<\/h5>\n<p>&lt;all the forum participants&gt;<\/p>\n<p>~ beautiful 3 hour trip through of native flora scenic route via Ensenada &amp; Cocham\u00f3<\/p>\n<p>08:00 departure time from Hotel Caba\u00f1a del Lago, Puerto Varas<\/p>\n<p>20:00 return time to Hotel Caba\u00f1a del Lago, Puerto Varas<\/p>\n<div class=\"su-divider su-divider-style-default\" style=\"margin:15px 0;border-width:2px;border-color:#2F70B4\"><a href=\"#\" style=\"color:#999999\">Go to top<\/a><\/div>\n<h3>Fri 02 Dec 2022<\/h3>\n<p>Optional tours:<\/p>\n<p>1) Volc\u00e1n Osorno \u00a0\u00a0\u00a0\u00a02) Saltos de Petrohu\u00e9<\/p>\n<h5><strong>1. Volc\u00e1n Osorno optional tour<\/strong><\/h5>\n<p><strong>*** UPDATE: This optional tour was cancelled.<\/strong><\/p>\n<h5><strong>2. Saltos de Petrohu\u00e9 optional tour<\/strong><\/h5>\n<p><strong>*** UPDATE: This optional tour was cancelled.<\/strong><\/p>\n<p>&nbsp;<\/p>\n<h5><span style=\"font-family: 'Source Sans Pro', Helvetica, sans-serif; font-size: 16px;\"><div class=\"su-divider su-divider-style-default\" style=\"margin:15px 0;border-width:2px;border-color:#2F70B4\"><a href=\"#\" style=\"color:#999999\">Go to top<\/a><\/div><\/span><\/h5>\n","protected":false},"excerpt":{"rendered":"<p>Social Science, Arts, Humanities, Asian &amp; Latin America Studies 20221128 version 4 &nbsp; \u00a0Tue 29 Nov 2022 08:00-08:45 \u2014 online session, Archaeology \u2013 Part I Remote LINK: https:\/\/uchile.zoom.us\/j\/92090173848?pwd=b0Iwb1o4ZWNvV01NQURLRHhqdlBsUT09 08:00-08:10 Nancy Hitschfeld\u00a0(UChile) 08:10-08:20 Masato Sakai* (YamagataU) 08:20-08:30 Rodrigo Retamal (UChile) 08:30-08:40 Go Matsumoto* (YamagataU) 08:45-09:00 Boarding special buses from Puerto Varas to Puerto Montt (45 min) &hellip; <a href=\"https:\/\/eventos.cmm.uchile.cl\/chilejapanforum2022\/program\/w7-8\/\" class=\"more-link\">Continue reading <span class=\"screen-reader-text\">Workshop 7+8<\/span> <span class=\"meta-nav\">&rarr;<\/span><\/a><\/p>\n","protected":false},"author":2,"featured_media":0,"parent":11,"menu_order":6,"comment_status":"closed","ping_status":"closed","template":"","meta":{"inline_featured_image":false,"footnotes":""},"class_list":["post-393","page","type-page","status-publish","hentry"],"_links":{"self":[{"href":"https:\/\/eventos.cmm.uchile.cl\/chilejapanforum2022\/wp-json\/wp\/v2\/pages\/393","targetHints":{"allow":["GET"]}}],"collection":[{"href":"https:\/\/eventos.cmm.uchile.cl\/chilejapanforum2022\/wp-json\/wp\/v2\/pages"}],"about":[{"href":"https:\/\/eventos.cmm.uchile.cl\/chilejapanforum2022\/wp-json\/wp\/v2\/types\/page"}],"author":[{"embeddable":true,"href":"https:\/\/eventos.cmm.uchile.cl\/chilejapanforum2022\/wp-json\/wp\/v2\/users\/2"}],"replies":[{"embeddable":true,"href":"https:\/\/eventos.cmm.uchile.cl\/chilejapanforum2022\/wp-json\/wp\/v2\/comments?post=393"}],"version-history":[{"count":9,"href":"https:\/\/eventos.cmm.uchile.cl\/chilejapanforum2022\/wp-json\/wp\/v2\/pages\/393\/revisions"}],"predecessor-version":[{"id":443,"href":"https:\/\/eventos.cmm.uchile.cl\/chilejapanforum2022\/wp-json\/wp\/v2\/pages\/393\/revisions\/443"}],"up":[{"embeddable":true,"href":"https:\/\/eventos.cmm.uchile.cl\/chilejapanforum2022\/wp-json\/wp\/v2\/pages\/11"}],"wp:attachment":[{"href":"https:\/\/eventos.cmm.uchile.cl\/chilejapanforum2022\/wp-json\/wp\/v2\/media?parent=393"}],"curies":[{"name":"wp","href":"https:\/\/api.w.org\/{rel}","templated":true}]}}