{"id":13,"date":"2016-05-02T11:49:33","date_gmt":"2016-05-02T14:49:33","guid":{"rendered":"http:\/\/eventos.cmm.uchile.cl\/chilejapanforum2025\/?page_id=13"},"modified":"2025-09-27T23:11:20","modified_gmt":"2025-09-28T02:11:20","slug":"forum-committees","status":"publish","type":"page","link":"https:\/\/eventos.cmm.uchile.cl\/chilejapanforum2025\/forum-committees\/","title":{"rendered":"Forum committees"},"content":{"rendered":"<h2><strong>Program Committee<\/strong><\/h2>\n<h3>General Chairs<\/h3>\n<ul>\n<li>Kotaro Kohno, University of Tokyo<\/li>\n<li>Yoshihiro Ito, Kyoto University<\/li>\n<li>Eduardo Vera, University of Chile<\/li>\n<\/ul>\n<h3>Workshop Co-Chairs<\/h3>\n<ul>\n<li><strong>Workshop 1:<\/strong><br \/>\nFumi Egusa, Takashi Miyata<br \/>\nM\u00f3nica Rubio, Francisco F\u00f6rster<br \/>\nFelipe Barrientos, Rolando D\u00fcnner<\/li>\n<li><strong>Workshop 2:<\/strong><br \/>\nSatoshi Ide, Masaka Kinoshita, Yoshihiro Ito<br \/>\nFrancisco Ortega, Alejandro Maass<br \/>\nRodrigo Cienfuegos, Rosita Junemann<br \/>\nAndr\u00e9s Opazo<\/li>\n<li><strong>Workshop 3:<\/strong><br \/>\nMasaki Sekino<br \/>\nH\u00e9ctor Ram\u00edrez, Carolina Ib\u00e1\u00f1ez<br \/>\nPablo Irarr\u00e1zabal, Cristina Bertocchi<\/li>\n<li><strong>Workshop 4:<\/strong><br \/>\nTakeshi Wada, Hiroyuki Ukeda<br \/>\nSof\u00eda Donoso<br \/>\nClaudia Lira, Patricio Rodr\u00edguez-Plaza<\/li>\n<li><strong>Workshop 5:<\/strong><br \/>\nKaori Fujita<br \/>\nGabriela Manzi<br \/>\nEmilio de la Cerda<br \/>\nVicente Hern\u00e1ndez<\/li>\n<li><strong>Workshop 6:<\/strong><br \/>\nKoji Nagata<br \/>\nKazuo Inoue<br \/>\nFelipe de la Fuente<br \/>\nJos\u00e9 Miguel Aguilera, Pedro Bouchon<\/li>\n<\/ul>\n<h3>Program Board<\/h3>\n<ul>\n<li>Shin-ichi Ohkoshi, University of Tokyo<\/li>\n<li>Tetsuo Sawaragi, Kyoto University<\/li>\n<li>Christian Gonz\u00e1lez-Billault, University of Chile<\/li>\n<li>Mar\u00eda Ang\u00e9lica Fellenberg, Catholic University of Chile<\/li>\n<li>Mar\u00eda Andrea Rodr\u00edguez, University of Concepci\u00f3n<\/li>\n<\/ul>\n<h2><strong>Organizing Committee<\/strong><\/h2>\n<ul>\n<li>Aiko Masuhara, University of Tokyo<\/li>\n<li>Hideki Matsuura, Kyoto University<\/li>\n<li>R\u00f3mulo Fuentes, University of Chile<\/li>\n<li>Leonardo Mu\u00f1oz, University of Chile<\/li>\n<li>Valentina Restrepo, University of Chile<\/li>\n<li>Cristi\u00e1n Murillo, University of Chile<\/li>\n<li>Mar\u00eda Elena Boisier, Catholic University of Chile<\/li>\n<li>Christian Blanco, Catholic University of Chile<\/li>\n<li>Sof\u00eda Cubillos, Catholic University of Chile<\/li>\n<li>Constanza Greig, University of Concepci\u00f3n<\/li>\n<\/ul>\n<p>&nbsp;<\/p>\n","protected":false},"excerpt":{"rendered":"<p>Program Committee General Chairs Kotaro Kohno, University of Tokyo Yoshihiro Ito, Kyoto University Eduardo Vera, University of Chile Workshop Co-Chairs Workshop 1: Fumi Egusa, Takashi Miyata M\u00f3nica Rubio, Francisco F\u00f6rster Felipe Barrientos, Rolando D\u00fcnner Workshop 2: Satoshi Ide, Masaka Kinoshita, Yoshihiro Ito Francisco Ortega, Alejandro Maass Rodrigo Cienfuegos, Rosita Junemann Andr\u00e9s Opazo Workshop 3: Masaki &hellip; <a href=\"https:\/\/eventos.cmm.uchile.cl\/chilejapanforum2025\/forum-committees\/\" class=\"more-link\">Continue reading <span class=\"screen-reader-text\">Forum committees<\/span> <span class=\"meta-nav\">&rarr;<\/span><\/a><\/p>\n","protected":false},"author":2,"featured_media":0,"parent":0,"menu_order":2,"comment_status":"closed","ping_status":"closed","template":"","meta":{"inline_featured_image":false,"footnotes":""},"class_list":["post-13","page","type-page","status-publish","hentry"],"_links":{"self":[{"href":"https:\/\/eventos.cmm.uchile.cl\/chilejapanforum2025\/wp-json\/wp\/v2\/pages\/13","targetHints":{"allow":["GET"]}}],"collection":[{"href":"https:\/\/eventos.cmm.uchile.cl\/chilejapanforum2025\/wp-json\/wp\/v2\/pages"}],"about":[{"href":"https:\/\/eventos.cmm.uchile.cl\/chilejapanforum2025\/wp-json\/wp\/v2\/types\/page"}],"author":[{"embeddable":true,"href":"https:\/\/eventos.cmm.uchile.cl\/chilejapanforum2025\/wp-json\/wp\/v2\/users\/2"}],"replies":[{"embeddable":true,"href":"https:\/\/eventos.cmm.uchile.cl\/chilejapanforum2025\/wp-json\/wp\/v2\/comments?post=13"}],"version-history":[{"count":51,"href":"https:\/\/eventos.cmm.uchile.cl\/chilejapanforum2025\/wp-json\/wp\/v2\/pages\/13\/revisions"}],"predecessor-version":[{"id":670,"href":"https:\/\/eventos.cmm.uchile.cl\/chilejapanforum2025\/wp-json\/wp\/v2\/pages\/13\/revisions\/670"}],"wp:attachment":[{"href":"https:\/\/eventos.cmm.uchile.cl\/chilejapanforum2025\/wp-json\/wp\/v2\/media?parent=13"}],"curies":[{"name":"wp","href":"https:\/\/api.w.org\/{rel}","templated":true}]}}