{"id":34,"date":"2016-05-02T16:44:38","date_gmt":"2016-05-02T19:44:38","guid":{"rendered":"http:\/\/eventos.cmm.uchile.cl\/chilejapanforum2025\/?page_id=34"},"modified":"2025-09-25T18:06:27","modified_gmt":"2025-09-25T21:06:27","slug":"venue","status":"publish","type":"page","link":"https:\/\/eventos.cmm.uchile.cl\/chilejapanforum2025\/venue\/","title":{"rendered":"Venue"},"content":{"rendered":"<h2 id=\"uji\">Kyoto University, Uji Campus<br \/>\nKyoto, Japan<\/h2>\n<p><img loading=\"lazy\" decoding=\"async\" class=\"aligncenter size-full wp-image-532\" src=\"https:\/\/eventos.cmm.uchile.cl\/chilejapanforum2025\/wp-content\/uploads\/sites\/205\/2025\/06\/ban2ujicampus.png\" alt=\"\" width=\"520\" height=\"160\" srcset=\"https:\/\/eventos.cmm.uchile.cl\/chilejapanforum2025\/wp-content\/uploads\/sites\/205\/2025\/06\/ban2ujicampus.png 520w, https:\/\/eventos.cmm.uchile.cl\/chilejapanforum2025\/wp-content\/uploads\/sites\/205\/2025\/06\/ban2ujicampus-300x92.png 300w\" sizes=\"auto, (max-width: 520px) 100vw, 520px\" \/><\/p>\n<p><a href=\"https:\/\/eventos.cmm.uchile.cl\/chilejapanforum2025\/wp-content\/uploads\/sites\/205\/2025\/06\/chilejapan_venue-0.jpg\"><img loading=\"lazy\" decoding=\"async\" class=\"aligncenter wp-image-513 size-full\" src=\"https:\/\/eventos.cmm.uchile.cl\/chilejapanforum2025\/wp-content\/uploads\/sites\/205\/2025\/06\/chilejapan_venue-0.jpg\" alt=\"Uji Campus\" width=\"1333\" height=\"750\" srcset=\"https:\/\/eventos.cmm.uchile.cl\/chilejapanforum2025\/wp-content\/uploads\/sites\/205\/2025\/06\/chilejapan_venue-0.jpg 1333w, https:\/\/eventos.cmm.uchile.cl\/chilejapanforum2025\/wp-content\/uploads\/sites\/205\/2025\/06\/chilejapan_venue-0-300x169.jpg 300w, https:\/\/eventos.cmm.uchile.cl\/chilejapanforum2025\/wp-content\/uploads\/sites\/205\/2025\/06\/chilejapan_venue-0-1024x576.jpg 1024w, https:\/\/eventos.cmm.uchile.cl\/chilejapanforum2025\/wp-content\/uploads\/sites\/205\/2025\/06\/chilejapan_venue-0-768x432.jpg 768w\" sizes=\"auto, (max-width: 1333px) 100vw, 1333px\" \/><\/a><\/p>\n<p style=\"text-align: center\"><a href=\"https:\/\/www.kyoto-u.ac.jp\/en\/access\/uji-campus\" target=\"_blank\" rel=\"noopener\">https:\/\/www.kyoto-u.ac.jp\/en\/access\/uji-campus<\/a><\/p>\n<div class=\"su-divider su-divider-style-default\" style=\"margin:15px 0;border-width:2px;border-color:#2F70B4\"><a href=\"#\" style=\"color:#999999\">Go to top<\/a><\/div>\n<h2 id=\"dpri\">Disaster Prevention Research Institute, Kyoto University<\/h2>\n<p><img loading=\"lazy\" decoding=\"async\" class=\"aligncenter size-full wp-image-531\" src=\"https:\/\/eventos.cmm.uchile.cl\/chilejapanforum2025\/wp-content\/uploads\/sites\/205\/2025\/06\/logo-dpri.png\" alt=\"\" width=\"766\" height=\"112\" srcset=\"https:\/\/eventos.cmm.uchile.cl\/chilejapanforum2025\/wp-content\/uploads\/sites\/205\/2025\/06\/logo-dpri.png 766w, https:\/\/eventos.cmm.uchile.cl\/chilejapanforum2025\/wp-content\/uploads\/sites\/205\/2025\/06\/logo-dpri-300x44.png 300w\" sizes=\"auto, (max-width: 766px) 100vw, 766px\" \/><\/p>\n<p><img loading=\"lazy\" decoding=\"async\" class=\"aligncenter size-full wp-image-533\" src=\"https:\/\/eventos.cmm.uchile.cl\/chilejapanforum2025\/wp-content\/uploads\/sites\/205\/2025\/06\/DPRI_KU_venue.jpg\" alt=\"\" width=\"1123\" height=\"121\" srcset=\"https:\/\/eventos.cmm.uchile.cl\/chilejapanforum2025\/wp-content\/uploads\/sites\/205\/2025\/06\/DPRI_KU_venue.jpg 1123w, https:\/\/eventos.cmm.uchile.cl\/chilejapanforum2025\/wp-content\/uploads\/sites\/205\/2025\/06\/DPRI_KU_venue-300x32.jpg 300w, https:\/\/eventos.cmm.uchile.cl\/chilejapanforum2025\/wp-content\/uploads\/sites\/205\/2025\/06\/DPRI_KU_venue-1024x110.jpg 1024w, https:\/\/eventos.cmm.uchile.cl\/chilejapanforum2025\/wp-content\/uploads\/sites\/205\/2025\/06\/DPRI_KU_venue-768x83.jpg 768w\" sizes=\"auto, (max-width: 1123px) 100vw, 1123px\" \/><\/p>\n<p><a href=\"https:\/\/eventos.cmm.uchile.cl\/chilejapanforum2025\/wp-content\/uploads\/sites\/205\/2025\/06\/ujigawa.jpg\"><img loading=\"lazy\" decoding=\"async\" class=\"aligncenter wp-image-512 size-full\" src=\"https:\/\/eventos.cmm.uchile.cl\/chilejapanforum2025\/wp-content\/uploads\/sites\/205\/2025\/06\/ujigawa.jpg\" alt=\"\" width=\"1277\" height=\"1366\" srcset=\"https:\/\/eventos.cmm.uchile.cl\/chilejapanforum2025\/wp-content\/uploads\/sites\/205\/2025\/06\/ujigawa.jpg 1277w, https:\/\/eventos.cmm.uchile.cl\/chilejapanforum2025\/wp-content\/uploads\/sites\/205\/2025\/06\/ujigawa-280x300.jpg 280w, https:\/\/eventos.cmm.uchile.cl\/chilejapanforum2025\/wp-content\/uploads\/sites\/205\/2025\/06\/ujigawa-957x1024.jpg 957w, https:\/\/eventos.cmm.uchile.cl\/chilejapanforum2025\/wp-content\/uploads\/sites\/205\/2025\/06\/ujigawa-768x822.jpg 768w\" sizes=\"auto, (max-width: 1277px) 100vw, 1277px\" \/><\/a><\/p>\n<h4>How to get to venue location<\/h4>\n<p>Take <strong>JR NARA Line<\/strong> from <strong>JR Kyoto Station<\/strong> to <strong>JR Obaku Station<\/strong>.<br \/>\nFrom Obaku Station on the JR Nara Line: About 5 minutes on foot.<br \/>\nFrom Obaku Station on the Keihan Railway Uji Line: About 6 minutes on foot.<\/p>\n<div class=\"su-divider su-divider-style-default\" style=\"margin:15px 0;border-width:3px;border-color:#2F70B4\"><a href=\"#\" style=\"color:#999999\">Go to top<\/a><\/div>\n<p>&nbsp;<\/p>\n<h2 id=\"rooms\">Workshops rooms<\/h2>\n<p><a href=\"https:\/\/eventos.cmm.uchile.cl\/chilejapanforum2025\/wp-content\/uploads\/sites\/205\/2025\/09\/forum_kyoto_rooms_03.jpg\"><img loading=\"lazy\" decoding=\"async\" class=\"aligncenter wp-image-611 size-full\" src=\"https:\/\/eventos.cmm.uchile.cl\/chilejapanforum2025\/wp-content\/uploads\/sites\/205\/2025\/09\/forum_kyoto_rooms_03.jpg\" alt=\"Workshop rooms map\" width=\"1920\" height=\"1082\" srcset=\"https:\/\/eventos.cmm.uchile.cl\/chilejapanforum2025\/wp-content\/uploads\/sites\/205\/2025\/09\/forum_kyoto_rooms_03.jpg 1920w, https:\/\/eventos.cmm.uchile.cl\/chilejapanforum2025\/wp-content\/uploads\/sites\/205\/2025\/09\/forum_kyoto_rooms_03-300x169.jpg 300w, https:\/\/eventos.cmm.uchile.cl\/chilejapanforum2025\/wp-content\/uploads\/sites\/205\/2025\/09\/forum_kyoto_rooms_03-1024x577.jpg 1024w, https:\/\/eventos.cmm.uchile.cl\/chilejapanforum2025\/wp-content\/uploads\/sites\/205\/2025\/09\/forum_kyoto_rooms_03-768x433.jpg 768w, https:\/\/eventos.cmm.uchile.cl\/chilejapanforum2025\/wp-content\/uploads\/sites\/205\/2025\/09\/forum_kyoto_rooms_03-1536x866.jpg 1536w\" sizes=\"auto, (max-width: 1920px) 100vw, 1920px\" \/><\/a><\/p>\n<p>Eduroam access available.<\/p>\n<table class=\"programa\" width=\"100%\">\n<tbody>\n<tr>\n<td width=\"33%\">Main Building<\/td>\n<td>Sep 30 (Tue)<\/td>\n<td>Oct 1 (Wed)<\/td>\n<\/tr>\n<tr>\n<td><a href=\"#e417\"><strong>Room E417<\/strong><\/a> (Capacity: 20 persons)<\/td>\n<td colspan=\"2\">Workshop 4: Social, Cultural and Educational Challenges<\/td>\n<\/tr>\n<tr>\n<td><a href=\"#e517\"><strong>Room E517<\/strong><\/a> (Capacity: 24 persons)<\/td>\n<td>spare room<\/td>\n<td>spare room<\/td>\n<\/tr>\n<tr>\n<td><a href=\"#s207\"><strong>Room S207<\/strong><\/a> (Capacity: 30 persons)<\/td>\n<td>Meeting room<\/td>\n<td>Meeting room<\/td>\n<\/tr>\n<tr>\n<td><a href=\"#s143\"><strong>Room S143<\/strong><\/a> (Capacity: 40 persons)<\/td>\n<td colspan=\"2\">Workshop 4 : Social, Cultural and Educational Challenges<\/td>\n<\/tr>\n<tr>\n<td><a href=\"#s519\"><strong>Room S519<\/strong><\/a><\/td>\n<td colspan=\"2\">Secretariat\/Coffee Break<\/p>\n<ul>\n<li>10:45-11:15<\/li>\n<li>16:45-17:15<\/li>\n<\/ul>\n<\/td>\n<\/tr>\n<\/tbody>\n<\/table>\n<p>&nbsp;<\/p>\n<table class=\"programa\" width=\"100%\">\n<tbody>\n<tr>\n<td width=\"33%\">Outside the main building<\/td>\n<td>Sep 30 (Tue)<\/td>\n<td>Oct 1 (Wed)<\/td>\n<\/tr>\n<tr>\n<td><a href=\"#b77\"><strong>Bldg. No.77<\/strong><\/a><\/p>\n<p><a href=\"#b77_301\"><strong>Large seminar room 301<\/strong><\/a>\u00a0(Capacity: 100 persons)<\/td>\n<td colspan=\"2\">Workshop 2: Earth Sciences, Climate Change &amp; Disaster Preparedness<\/td>\n<\/tr>\n<tr>\n<td><a href=\"#b29\"><strong>Bldg. No.29<\/strong><\/a><\/p>\n<p><a href=\"#cb215\"><strong>Room CB 215<\/strong><\/a> (Capacity: 70 persons)<\/td>\n<td colspan=\"2\">Workshop 3: Engineering &amp; Science for Health<\/td>\n<\/tr>\n<tr>\n<td><a href=\"#b29\"><strong>Bldg. No.29<\/strong><\/a><\/p>\n<p><a href=\"#hw401\"><strong>Room HW401<\/strong><\/a> (Capacity: 120 persons)<\/td>\n<td colspan=\"2\">Workshop1: Astronomy &amp; Astronomical Instrumentation<\/td>\n<\/tr>\n<tr>\n<td><a href=\"#b4\"><strong>Bldg. No.4<\/strong><\/a><\/p>\n<p><a href=\"#wood\"><strong>Wood Composite Hall<\/strong><\/a><\/td>\n<td>Workshop 5:\u00a0Ecology, Sustainable Architecture &amp; Urban Planning<\/td>\n<td>Workshop 6:\u00a0Quality of Life, Food &amp; Wellbeing Solutions for the Elderly<\/td>\n<\/tr>\n<\/tbody>\n<\/table>\n<div class=\"su-divider su-divider-style-default\" style=\"margin:15px 0;border-width:2px;border-color:#2F70B4\"><a href=\"#\" style=\"color:#999999\">Go to top<\/a><\/div>\n<h3 id=\"kihadahall\">Kihada Hall<\/h3>\n<p>(Capacity: 300 persons) campus map #26<br \/>\n\u2192 Opening ceremony<\/p>\n<p>Available: Sept. 29<\/p>\n<p><img loading=\"lazy\" decoding=\"async\" class=\"size-full wp-image-523 aligncenter\" src=\"https:\/\/eventos.cmm.uchile.cl\/chilejapanforum2025\/wp-content\/uploads\/sites\/205\/2025\/06\/kihada_hall_A.jpg\" alt=\"\" width=\"1047\" height=\"785\" srcset=\"https:\/\/eventos.cmm.uchile.cl\/chilejapanforum2025\/wp-content\/uploads\/sites\/205\/2025\/06\/kihada_hall_A.jpg 1047w, https:\/\/eventos.cmm.uchile.cl\/chilejapanforum2025\/wp-content\/uploads\/sites\/205\/2025\/06\/kihada_hall_A-300x225.jpg 300w, https:\/\/eventos.cmm.uchile.cl\/chilejapanforum2025\/wp-content\/uploads\/sites\/205\/2025\/06\/kihada_hall_A-1024x768.jpg 1024w, https:\/\/eventos.cmm.uchile.cl\/chilejapanforum2025\/wp-content\/uploads\/sites\/205\/2025\/06\/kihada_hall_A-768x576.jpg 768w\" sizes=\"auto, (max-width: 1047px) 100vw, 1047px\" \/> <img loading=\"lazy\" decoding=\"async\" class=\"size-full wp-image-528 aligncenter\" src=\"https:\/\/eventos.cmm.uchile.cl\/chilejapanforum2025\/wp-content\/uploads\/sites\/205\/2025\/06\/kihada_hall_D.jpg\" alt=\"\" width=\"576\" height=\"406\" srcset=\"https:\/\/eventos.cmm.uchile.cl\/chilejapanforum2025\/wp-content\/uploads\/sites\/205\/2025\/06\/kihada_hall_D.jpg 576w, https:\/\/eventos.cmm.uchile.cl\/chilejapanforum2025\/wp-content\/uploads\/sites\/205\/2025\/06\/kihada_hall_D-300x211.jpg 300w\" sizes=\"auto, (max-width: 576px) 100vw, 576px\" \/> <img loading=\"lazy\" decoding=\"async\" class=\"size-full wp-image-529 aligncenter\" src=\"https:\/\/eventos.cmm.uchile.cl\/chilejapanforum2025\/wp-content\/uploads\/sites\/205\/2025\/06\/kihada_hall_E.jpg\" alt=\"\" width=\"576\" height=\"406\" srcset=\"https:\/\/eventos.cmm.uchile.cl\/chilejapanforum2025\/wp-content\/uploads\/sites\/205\/2025\/06\/kihada_hall_E.jpg 576w, https:\/\/eventos.cmm.uchile.cl\/chilejapanforum2025\/wp-content\/uploads\/sites\/205\/2025\/06\/kihada_hall_E-300x211.jpg 300w\" sizes=\"auto, (max-width: 576px) 100vw, 576px\" \/><img loading=\"lazy\" decoding=\"async\" class=\"size-full wp-image-525 aligncenter\" src=\"https:\/\/eventos.cmm.uchile.cl\/chilejapanforum2025\/wp-content\/uploads\/sites\/205\/2025\/06\/kihada_hall_C.jpg\" alt=\"\" width=\"576\" height=\"406\" srcset=\"https:\/\/eventos.cmm.uchile.cl\/chilejapanforum2025\/wp-content\/uploads\/sites\/205\/2025\/06\/kihada_hall_C.jpg 576w, https:\/\/eventos.cmm.uchile.cl\/chilejapanforum2025\/wp-content\/uploads\/sites\/205\/2025\/06\/kihada_hall_C-300x211.jpg 300w\" sizes=\"auto, (max-width: 576px) 100vw, 576px\" \/><\/p>\n<div class=\"su-divider su-divider-style-default\" style=\"margin:15px 0;border-width:2px;border-color:#2F70B4\"><a href=\"#rooms\" style=\"color:#999999\">Go to top<\/a><\/div>\n<p>&nbsp;<\/p>\n<h3>Building No.27<br \/>\nUji Campus Main Building \/ East wing<\/h3>\n<p>Available: Sept. 30-Oct. 1<\/p>\n<h4 id=\"e417\">Room E417 (Capacity: 20 persons)<\/h4>\n<p>Workshop 4: Social, Cultural and Educational Challenges<\/p>\n<p><img loading=\"lazy\" decoding=\"async\" class=\"aligncenter size-full wp-image-515\" src=\"https:\/\/eventos.cmm.uchile.cl\/chilejapanforum2025\/wp-content\/uploads\/sites\/205\/2025\/06\/room_E417.jpg\" alt=\"\" width=\"445\" height=\"434\" srcset=\"https:\/\/eventos.cmm.uchile.cl\/chilejapanforum2025\/wp-content\/uploads\/sites\/205\/2025\/06\/room_E417.jpg 445w, https:\/\/eventos.cmm.uchile.cl\/chilejapanforum2025\/wp-content\/uploads\/sites\/205\/2025\/06\/room_E417-300x293.jpg 300w\" sizes=\"auto, (max-width: 445px) 100vw, 445px\" \/><\/p>\n<div class=\"su-divider su-divider-style-default\" style=\"margin:15px 0;border-width:1px;border-color:#2F70B4\"><\/div>\n<h4 id=\"e517\">Room E517 (Capacity: 24 persons)<\/h4>\n<p>Spare room.<\/p>\n<p><img loading=\"lazy\" decoding=\"async\" class=\"aligncenter size-full wp-image-516\" src=\"https:\/\/eventos.cmm.uchile.cl\/chilejapanforum2025\/wp-content\/uploads\/sites\/205\/2025\/06\/room_E517.jpg\" alt=\"\" width=\"390\" height=\"424\" srcset=\"https:\/\/eventos.cmm.uchile.cl\/chilejapanforum2025\/wp-content\/uploads\/sites\/205\/2025\/06\/room_E517.jpg 390w, https:\/\/eventos.cmm.uchile.cl\/chilejapanforum2025\/wp-content\/uploads\/sites\/205\/2025\/06\/room_E517-276x300.jpg 276w\" sizes=\"auto, (max-width: 390px) 100vw, 390px\" \/><\/p>\n<div class=\"su-divider su-divider-style-default\" style=\"margin:15px 0;border-width:2px;border-color:#2F70B4\"><a href=\"#rooms\" style=\"color:#999999\">Go to top<\/a><\/div>\n<h3>Building No.27<br \/>\nUji Campus Main Building \/ South wing<\/h3>\n<p>Available: Sept. 30-Oct. 1<\/p>\n<h4 id=\"s207\">Room S207 (Capacity: 30 persons)<\/h4>\n<p>Meeting room.<\/p>\n<p><img loading=\"lazy\" decoding=\"async\" class=\"aligncenter size-full wp-image-517\" src=\"https:\/\/eventos.cmm.uchile.cl\/chilejapanforum2025\/wp-content\/uploads\/sites\/205\/2025\/06\/room_S207.jpg\" alt=\"\" width=\"278\" height=\"369\" srcset=\"https:\/\/eventos.cmm.uchile.cl\/chilejapanforum2025\/wp-content\/uploads\/sites\/205\/2025\/06\/room_S207.jpg 278w, https:\/\/eventos.cmm.uchile.cl\/chilejapanforum2025\/wp-content\/uploads\/sites\/205\/2025\/06\/room_S207-226x300.jpg 226w\" sizes=\"auto, (max-width: 278px) 100vw, 278px\" \/><\/p>\n<div class=\"su-divider su-divider-style-default\" style=\"margin:15px 0;border-width:1px;border-color:#2F70B4\"><\/div>\n<h4 id=\"s143\">Room S143 (Capacity: 40 persons)<\/h4>\n<p>Workshop 4 : Social, Cultural and Educational Challenges<\/p>\n<p>No photo available.<\/p>\n<div class=\"su-divider su-divider-style-default\" style=\"margin:15px 0;border-width:1px;border-color:#2F70B4\"><\/div>\n<h4 id=\"s519\">Room S519 (Capacity: 40 persons)<\/h4>\n<p>No photo available.<\/p>\n<p>Secretariat\/Coffee Break<\/p>\n<ul>\n<li>10:45-11:15<\/li>\n<li>16:45-17:15<\/li>\n<\/ul>\n<div class=\"su-divider su-divider-style-default\" style=\"margin:15px 0;border-width:2px;border-color:#2F70B4\"><a href=\"#rooms\" style=\"color:#999999\">Go to top<\/a><\/div>\n<h3 id=\"b77\">Building No.77<br \/>\nCollaborative Research Hub<\/h3>\n<p>Available: Sept. 30-Oct. 1<\/p>\n<h4 id=\"b77_301\">Large Seminar room 301 (Capacity: 100 persons)<\/h4>\n<p>Workshop 2: Earth Sciences, Climate Change &amp; Disaster Preparedness<\/p>\n<p><img loading=\"lazy\" decoding=\"async\" class=\"aligncenter size-full wp-image-519\" src=\"https:\/\/eventos.cmm.uchile.cl\/chilejapanforum2025\/wp-content\/uploads\/sites\/205\/2025\/06\/room_largeseminar_b77.jpg\" alt=\"\" width=\"506\" height=\"378\" srcset=\"https:\/\/eventos.cmm.uchile.cl\/chilejapanforum2025\/wp-content\/uploads\/sites\/205\/2025\/06\/room_largeseminar_b77.jpg 506w, https:\/\/eventos.cmm.uchile.cl\/chilejapanforum2025\/wp-content\/uploads\/sites\/205\/2025\/06\/room_largeseminar_b77-300x224.jpg 300w\" sizes=\"auto, (max-width: 506px) 100vw, 506px\" \/><\/p>\n<div class=\"su-divider su-divider-style-default\" style=\"margin:15px 0;border-width:2px;border-color:#2F70B4\"><a href=\"#rooms\" style=\"color:#999999\">Go to top<\/a><\/div>\n<h3 id=\"b29\">Building No.29<\/h3>\n<h4 id=\"cb215\">Room CB215 (Capacity: 70 persons)<\/h4>\n<p>Workshop 3: Engineering &amp; Science for Health<\/p>\n<p>No photo available.<\/p>\n<div class=\"su-divider su-divider-style-default\" style=\"margin:15px 0;border-width:1px;border-color:#2F70B4\"><\/div>\n<h4 id=\"hw401\">Room HW401 (Capacity: 120 persons)<\/h4>\n<p>Workshop1: Astronomy &amp; Astronomical Instrumentation<\/p>\n<p><img loading=\"lazy\" decoding=\"async\" class=\"aligncenter size-full wp-image-614\" src=\"https:\/\/eventos.cmm.uchile.cl\/chilejapanforum2025\/wp-content\/uploads\/sites\/205\/2025\/09\/hw401.png\" alt=\"\" width=\"438\" height=\"265\" srcset=\"https:\/\/eventos.cmm.uchile.cl\/chilejapanforum2025\/wp-content\/uploads\/sites\/205\/2025\/09\/hw401.png 438w, https:\/\/eventos.cmm.uchile.cl\/chilejapanforum2025\/wp-content\/uploads\/sites\/205\/2025\/09\/hw401-300x182.png 300w\" sizes=\"auto, (max-width: 438px) 100vw, 438px\" \/><\/p>\n<div class=\"su-divider su-divider-style-default\" style=\"margin:15px 0;border-width:2px;border-color:#2F70B4\"><a href=\"#rooms\" style=\"color:#999999\">Go to top<\/a><\/div>\n<h3 id=\"b4\">Building No.4<\/h3>\n<h4 id=\"wood\">Wood Composite Hall (Capacity: 80 persons)<\/h4>\n<p>Available: Sept. 29-Oct. 2<\/p>\n<p>Sep 30 (Tue) \u2013 Workshop 5: Ecology, Sustainable Architecture &amp; Urban Planning<\/p>\n<p>Oct 1 (Wed) \u2013 Workshop 6: Quality of Life, Food &amp; Wellbeing Solutions for the Elderly<\/p>\n<p>Oct 2 (Thu) \u2013 Final Reports from each workshop, Closing Ceremony<\/p>\n<p><img loading=\"lazy\" decoding=\"async\" class=\"aligncenter size-full wp-image-535\" src=\"https:\/\/eventos.cmm.uchile.cl\/chilejapanforum2025\/wp-content\/uploads\/sites\/205\/2025\/06\/b4_comp_01.jpg\" alt=\"\" width=\"565\" height=\"336\" srcset=\"https:\/\/eventos.cmm.uchile.cl\/chilejapanforum2025\/wp-content\/uploads\/sites\/205\/2025\/06\/b4_comp_01.jpg 565w, https:\/\/eventos.cmm.uchile.cl\/chilejapanforum2025\/wp-content\/uploads\/sites\/205\/2025\/06\/b4_comp_01-300x178.jpg 300w\" sizes=\"auto, (max-width: 565px) 100vw, 565px\" \/><img loading=\"lazy\" decoding=\"async\" class=\"size-full wp-image-522 aligncenter\" src=\"https:\/\/eventos.cmm.uchile.cl\/chilejapanforum2025\/wp-content\/uploads\/sites\/205\/2025\/06\/b4_C.jpg\" alt=\"\" width=\"462\" height=\"540\" srcset=\"https:\/\/eventos.cmm.uchile.cl\/chilejapanforum2025\/wp-content\/uploads\/sites\/205\/2025\/06\/b4_C.jpg 462w, https:\/\/eventos.cmm.uchile.cl\/chilejapanforum2025\/wp-content\/uploads\/sites\/205\/2025\/06\/b4_C-257x300.jpg 257w\" sizes=\"auto, (max-width: 462px) 100vw, 462px\" \/><\/p>\n<p>&nbsp;<\/p>\n<div class=\"su-divider su-divider-style-default\" style=\"margin:15px 0;border-width:3px;border-color:#2F70B4\"><a href=\"#rooms\" style=\"color:#999999\">Go to top<\/a><\/div>\n<p>&nbsp;<\/p>\n<h2>Other locations to visit in Kyoto<\/h2>\n<h3>The H\u014d\u014dd\u014d Hall (\u201cThe Phoenix Hall\u201d) at By\u014dd\u014d-in Temple<\/h3>\n<p><img loading=\"lazy\" decoding=\"async\" class=\"aligncenter size-full wp-image-537\" src=\"https:\/\/eventos.cmm.uchile.cl\/chilejapanforum2025\/wp-content\/uploads\/sites\/205\/2025\/06\/byodoin_01.jpg\" alt=\"\" width=\"604\" height=\"403\" srcset=\"https:\/\/eventos.cmm.uchile.cl\/chilejapanforum2025\/wp-content\/uploads\/sites\/205\/2025\/06\/byodoin_01.jpg 604w, https:\/\/eventos.cmm.uchile.cl\/chilejapanforum2025\/wp-content\/uploads\/sites\/205\/2025\/06\/byodoin_01-300x200.jpg 300w\" sizes=\"auto, (max-width: 604px) 100vw, 604px\" \/><\/p>\n<p style=\"text-align: center\">World heritage, ~3 km from the venue<br \/>\n<a href=\"https:\/\/www.byodoin.or.jp\/en\/learn\/architecture\/\" target=\"_blank\" rel=\"noopener\">https:\/\/www.byodoin.or.jp\/en\/learn\/architecture\/<\/a><\/p>\n<p><img loading=\"lazy\" decoding=\"async\" class=\"aligncenter size-full wp-image-538\" src=\"https:\/\/eventos.cmm.uchile.cl\/chilejapanforum2025\/wp-content\/uploads\/sites\/205\/2025\/06\/phoenix_hall_byodoin_01.jpg\" alt=\"\" width=\"604\" height=\"315\" srcset=\"https:\/\/eventos.cmm.uchile.cl\/chilejapanforum2025\/wp-content\/uploads\/sites\/205\/2025\/06\/phoenix_hall_byodoin_01.jpg 604w, https:\/\/eventos.cmm.uchile.cl\/chilejapanforum2025\/wp-content\/uploads\/sites\/205\/2025\/06\/phoenix_hall_byodoin_01-300x156.jpg 300w\" sizes=\"auto, (max-width: 604px) 100vw, 604px\" \/><\/p>\n<div class=\"su-divider su-divider-style-default\" style=\"margin:15px 0;border-width:3px;border-color:#2F70B4\"><a href=\"#\" style=\"color:#999999\">Go to top<\/a><\/div>\n","protected":false},"excerpt":{"rendered":"<p>Kyoto University, Uji Campus Kyoto, Japan https:\/\/www.kyoto-u.ac.jp\/en\/access\/uji-campus Disaster Prevention Research Institute, Kyoto University How to get to venue location Take JR NARA Line from JR Kyoto Station to JR Obaku Station. From Obaku Station on the JR Nara Line: About 5 minutes on foot. From Obaku Station on the Keihan Railway Uji Line: About 6 &hellip; <a href=\"https:\/\/eventos.cmm.uchile.cl\/chilejapanforum2025\/venue\/\" class=\"more-link\">Continue reading <span class=\"screen-reader-text\">Venue<\/span> <span class=\"meta-nav\">&rarr;<\/span><\/a><\/p>\n","protected":false},"author":2,"featured_media":0,"parent":0,"menu_order":6,"comment_status":"closed","ping_status":"closed","template":"","meta":{"inline_featured_image":false,"footnotes":""},"class_list":["post-34","page","type-page","status-publish","hentry"],"_links":{"self":[{"href":"https:\/\/eventos.cmm.uchile.cl\/chilejapanforum2025\/wp-json\/wp\/v2\/pages\/34","targetHints":{"allow":["GET"]}}],"collection":[{"href":"https:\/\/eventos.cmm.uchile.cl\/chilejapanforum2025\/wp-json\/wp\/v2\/pages"}],"about":[{"href":"https:\/\/eventos.cmm.uchile.cl\/chilejapanforum2025\/wp-json\/wp\/v2\/types\/page"}],"author":[{"embeddable":true,"href":"https:\/\/eventos.cmm.uchile.cl\/chilejapanforum2025\/wp-json\/wp\/v2\/users\/2"}],"replies":[{"embeddable":true,"href":"https:\/\/eventos.cmm.uchile.cl\/chilejapanforum2025\/wp-json\/wp\/v2\/comments?post=34"}],"version-history":[{"count":54,"href":"https:\/\/eventos.cmm.uchile.cl\/chilejapanforum2025\/wp-json\/wp\/v2\/pages\/34\/revisions"}],"predecessor-version":[{"id":662,"href":"https:\/\/eventos.cmm.uchile.cl\/chilejapanforum2025\/wp-json\/wp\/v2\/pages\/34\/revisions\/662"}],"wp:attachment":[{"href":"https:\/\/eventos.cmm.uchile.cl\/chilejapanforum2025\/wp-json\/wp\/v2\/media?parent=34"}],"curies":[{"name":"wp","href":"https:\/\/api.w.org\/{rel}","templated":true}]}}