{"id":380,"date":"2022-11-27T12:17:42","date_gmt":"2022-11-27T15:17:42","guid":{"rendered":"https:\/\/eventos.cmm.uchile.cl\/chilejapanforum2022\/?page_id=380"},"modified":"2025-09-28T00:43:28","modified_gmt":"2025-09-28T03:43:28","slug":"w5","status":"publish","type":"page","link":"https:\/\/eventos.cmm.uchile.cl\/chilejapanforum2025\/program\/w5\/","title":{"rendered":"Workshop 5"},"content":{"rendered":"<h2 class=\"w_title\">Ecology, Sustainable Architecture &amp; Urban Planning<\/h2>\n<p>&nbsp;<\/p>\n<h3>Tuesday, September 30 \u2013 Kyoto Session<\/h3>\n<table class=\"programa\" width=\"100%\">\n<tbody>\n<tr>\n<td>Time<\/td>\n<td>Title<\/td>\n<td>Speaker<\/td>\n<td>Affiliation<\/td>\n<\/tr>\n<tr>\n<td>10:00-10:10<\/td>\n<td>Opening Remarks<\/td>\n<td>Kaori Fujita<\/td>\n<td>Department of Architecture UT<\/td>\n<\/tr>\n<tr>\n<td>10:10-10:25<\/td>\n<td>Wooden Heritage in Chilo\u00e9<\/td>\n<td>Emilio De la Cerda<\/td>\n<td>Pontificia Universidad Cat\u00f3lica de Chile<\/td>\n<\/tr>\n<tr>\n<td>10:25-10:40<\/td>\n<td>Public Timber Structures\/ Regional cooperation in design and construction of wooden public facilities<\/td>\n<td>Kyo Li and Motoki Yasuhara<\/td>\n<td>Department of Architecture, University of Tokyo<\/td>\n<\/tr>\n<tr>\n<td>10:40-10:45<\/td>\n<td>Discussion<\/td>\n<td><\/td>\n<td><\/td>\n<\/tr>\n<tr>\n<td>10:45-11:15<\/td>\n<td colspan=\"3\">Coffee Break<\/td>\n<\/tr>\n<tr>\n<td>11:15-11:30<br \/>\nOnline<\/td>\n<td>Innovation in BioBased materials:<br \/>\nFrom Laboratory to Construction<\/td>\n<td>Gabriel Felmer<\/td>\n<td>Housing Institute, FAU, University of Chile<\/td>\n<\/tr>\n<tr>\n<td>11:30-11:45<\/td>\n<td>Innovative Building Materials<\/td>\n<td>Atsushi Tomoyose<\/td>\n<td>Laboratory on Innovative Techniques for Infrastructures, Kyoto University<\/td>\n<\/tr>\n<tr>\n<td>11:45-12:00<\/td>\n<td>Infrastructures as an Antidote:<br \/>\nGray, Green, Blue<\/td>\n<td>Alberto Teixido<\/td>\n<td>Department of Architecture, FAU, University of Chile<\/td>\n<\/tr>\n<tr>\n<td>12:00-12:15<\/td>\n<td>Air of\u00a0 Architecture<\/td>\n<td>Rina Tajima<\/td>\n<td>Department of Architecture, University of Tokyo<\/td>\n<\/tr>\n<tr>\n<td>12:15-12:30<\/td>\n<td>Wood Protection and the Effect of Weather on Wood Integrity<\/td>\n<td>Vicente Hern\u00e1ndez<\/td>\n<td>Universidad de Concepci\u00f3n,\u00a0 Facultad Ciencias Forestales<\/td>\n<\/tr>\n<tr>\n<td>12:30-12:45<\/td>\n<td>Design Projects with CLT Modular Construction and Circular Use of Timber Waste<\/td>\n<td>Yosuke Komiyama<\/td>\n<td>Department of Architecture and Architectural Engineering,<br \/>\nGraduate School of Engineering, Kyoto University<\/td>\n<\/tr>\n<tr>\n<td>12:45-13:00<\/td>\n<td>Discussion<\/td>\n<td><\/td>\n<td><\/td>\n<\/tr>\n<tr>\n<td>13:00-15:00<\/td>\n<td colspan=\"3\">Lunch<\/td>\n<\/tr>\n<tr>\n<td>15:00-15:15<\/td>\n<td>Aseismic Architecture<\/td>\n<td>Fernando Y\u00e1\u00f1ez<\/td>\n<td>Centro de Investigaci\u00f3n, Desarrollo e Innovaci\u00f3n de Estructuras y Materiales (IDIEM), U. of Chile<\/td>\n<\/tr>\n<tr>\n<td>15:15-15:30<br \/>\nOnline<\/td>\n<td>Study on damage evaluation via velocity perturbation from coda wave interferometry: A case study on a concrete framed building tested at E-defense<\/td>\n<td>Yenifer Taipicuri and Koichi Kusunoki<\/td>\n<td>Earthquake Research Institute, The University of Tokyo<\/td>\n<\/tr>\n<tr>\n<td>15:30-15:45<\/td>\n<td>Towards Decarbonization:<br \/>\nStrategies for Net Zero Emission Buildings<\/td>\n<td>B\u00e1rbara Rodr\u00edguez, Alejandra Cort\u00e9s, Gabriel Felmer<\/td>\n<td>Department of Architecture, FAU, University of Chile<\/td>\n<\/tr>\n<tr>\n<td>15:45-16:00<\/td>\n<td>The development of &#8220;French trusses&#8221;: From the Caribbean to French colonies and to Japan<\/td>\n<td>Shoichi Ota<\/td>\n<td>Kyoto Institute of Technology<\/td>\n<\/tr>\n<tr>\n<td>16:00-16:15<\/td>\n<td>Mass Micro-densification: Prefabricated Wooden Collective Housing<\/td>\n<td>Francisco Quintana<\/td>\n<td>Pontificia Universidad Cat\u00f3lica de Chile<\/td>\n<\/tr>\n<tr>\n<td>16:15-17:00<\/td>\n<td>Structural Intervention and Monitoring of Timber Architectural Heritage<\/td>\n<td>Takahiro Toyoda and Kaori Fujita<\/td>\n<td>Department of Architecture, University of Tokyo<\/td>\n<\/tr>\n<tr>\n<td>17:00-18:00<\/td>\n<td>Discussion<\/td>\n<td><\/td>\n<td><\/td>\n<\/tr>\n<\/tbody>\n<\/table>\n<div class=\"su-divider su-divider-style-default\" style=\"margin:15px 0;border-width:2px;border-color:#2F70B4\"><a href=\"#\" style=\"color:#999999\">Go to top<\/a><\/div>\n<h4><span style=\"color: #333333\">Zoom meeting<\/span><\/h4>\n<p><span style=\"color: #333333\">Zoom meeting link:\u00a0<a href=\"https:\/\/u-tokyo-ac-jp.zoom.us\/j\/86079499259?pwd=5bq69o6k1m9WLZwjxfrHrEIcWsikdf.1\">https:\/\/u-tokyo-ac-jp.zoom.us\/j\/86079499259?pwd=5bq69o6k1m9WLZwjxfrHrEIcWsikdf.1<\/a><\/span><\/p>\n<p>Add to calendar:\u00a0<a href=\"https:\/\/u-tokyo-ac-jp.zoom.us\/meeting\/tZItcOCspzIoH93nR3eKxygCQsnMjDZaglwK\/ics?icsToken=DO0gAw9KXiY5bUBDNQAALAAAAC6kn4Ku6F84Y5qlfn5-tVa_KqOBzWeFsFl2ohQgJRIk5fplLRYqq6c_gGBrcJ6hNGDavrcdeP4F_sPcaDAwMDAwMQ&amp;meetingMasterEventId=3IWyqpLoS4iIkXwebbvqQg\">https:\/\/u-tokyo-ac-jp.zoom.us\/meeting\/tZItcOCspzIoH93nR3eKxygCQsnMjDZaglwK\/ics?icsToken=DO0gAw9KXiY5bUBDNQAALAAAAC6kn4Ku6F84Y5qlfn5-tVa_KqOBzWeFsFl2ohQgJRIk5fplLRYqq6c_gGBrcJ6hNGDavrcdeP4F_sPcaDAwMDAwMQ&amp;meetingMasterEventId=3IWyqpLoS4iIkXwebbvqQg<\/a><\/p>\n<h4><span style=\"color: #333333\">Ondemand Lectures<\/span><\/h4>\n<p><span style=\"color: #333333\"><b>Antonio SAHADY<\/b> \/ The Voice of Wood In the Churches of Chilo\u00e9:<br \/>\n<a href=\"https:\/\/drive.google.com\/file\/d\/1wCbGqy4wl7pl8qfbR1kLWx2Egh4IYWbg\/view?ts=68d3d83c\">https:\/\/drive.google.com\/file\/d\/1wCbGqy4wl7pl8qfbR1kLWx2Egh4IYWbg\/view?ts=68d3d83c<\/a><\/span><\/p>\n<p><b>Carmen CASTRO<\/b> \/ Urban Risk: Assessment and Emergency Preparedness from a Comprehensive Approach. Case Study City of La Serena:<br \/>\n<a href=\"https:\/\/drive.google.com\/file\/d\/148jkoFrYcKxIk155T5vvjfNO3Eheal5F\/view?ts=68d3d7f5\">https:\/\/drive.google.com\/file\/d\/148jkoFrYcKxIk155T5vvjfNO3Eheal5F\/view?ts=68d3d7f5<\/a><br \/>\n<b><br \/>\nAlberto FERN\u00c1NDEZ<\/b> \/ Cellular Architecture: From Discrete Grids to High Resolution Space:<br \/>\n<a href=\"https:\/\/drive.google.com\/file\/d\/10sM2gUcc4AVNZyR94nP-MnFzO_9_izyM\/view?ts=68d3d7c7\">https:\/\/drive.google.com\/file\/d\/10sM2gUcc4AVNZyR94nP-MnFzO_9_izyM\/view?ts=68d3d7c7<\/a><\/p>\n<div class=\"su-divider su-divider-style-default\" style=\"margin:15px 0;border-width:2px;border-color:#2F70B4\"><a href=\"#\" style=\"color:#999999\">Go to top<\/a><\/div>\n<p>&nbsp;<\/p>\n<h3>Wednesday, October 1 \u2014 One-day trip in Kyoto<\/h3>\n<p><strong>*** For WS5 members only<\/strong><\/p>\n<p>9:00 Start from Kyoto Station by bus<\/p>\n<p>10:30 Conservation site of Konpon Chudo Enryaku-ji<br \/>\n<u>*This is a construction site, so please wear sneakers and pants. NOT high heels.<\/u><\/p>\n<p>Japanese site: <a href=\"https:\/\/www.hieizan.or.jp\/\" target=\"_blank\" rel=\"noopener\">https:\/\/www.hieizan.or.jp\/<\/a><br \/>\nEnglish: <a href=\"https:\/\/www.hieizan.gr.jp\/en\/\" target=\"_blank\" rel=\"noopener\">https:\/\/www.hieizan.gr.jp\/en\/<\/a><\/p>\n<p>12:00 Lunch<\/p>\n<p>13:30 Bus to the city center of Kyoto<\/p>\n<p>15:00 Renovation of old townhouse in Kyoto city: Managed by Professor Uoya<\/p>\n<p>18:00 End of tour<\/p>\n<div class=\"su-divider su-divider-style-default\" style=\"margin:15px 0;border-width:2px;border-color:#2F70B4\"><a href=\"#\" style=\"color:#999999\">Go to top<\/a><\/div>\n<p>&nbsp;<\/p>\n<h3>Thursday, October 2<\/h3>\n<p>9:00-10:30 <strong>WS Presentations<\/strong> (15 minutes each)<\/p>\n<p>Workshop 5 (10:00-10:15) \u2013 Prof. Emillio de la Cerda, and Prof. Gabriella Manzi<\/p>\n<p>11:00-13:00 Closing Ceremony<\/p>\n<p>13:00-14:00 Lunch<\/p>\n<p>14:00-17:00 <strong>Half-day trip to Nara<\/strong> organized by Prof. Fujita<\/p>\n<p>Ancient timber heritage: Horyu-ji, Tosho Daiji, Todai-ji<\/p>\n<div class=\"su-divider su-divider-style-default\" style=\"margin:15px 0;border-width:3px;border-color:#2F70B4\"><a href=\"#\" style=\"color:#999999\">Go to top<\/a><\/div>\n<p>&nbsp;<\/p>\n<h2>Related Activities in Tokyo<\/h2>\n<h3>Monday, October 6<\/h3>\n<p>9:30 Chilean delegates arrive at Tokyo<\/p>\n<p>11:00-16:30 <strong>Half-day trip of architecture<\/strong> around Shibuya Area in Tokyo<br \/>\n<strong>*** For WS5 members only<\/strong><\/p>\n<p>Including: Daikanyama Hillside Terrace\/ Fumihiko Maki, Yoyogi Olympic Studium\/ Kenzo Tange and some other buildings (organized by Prof. Motoki Yasuhara)<\/p>\n<p>17:00-18:00\u00a0<strong>Lecture<\/strong> by Professor Emilio De La Cerda:<br \/>\n<em>Traditional to Contemporary architecture in Chile.<br \/>\n<strong>*** Open to students<\/strong><\/em><br \/>\nLecture Room No15, Engineering Building No.1.\u00a0 At <a href=\"#hongocampus\">Hongo Campus<\/a>, University of Tokyo<\/p>\n<p>18:30 <strong>Dinner<\/strong> near Hongo Campus<\/p>\n<div class=\"su-divider su-divider-style-default\" style=\"margin:15px 0;border-width:2px;border-color:#2F70B4\"><a href=\"#\" style=\"color:#999999\">Go to top<\/a><\/div>\n<p>&nbsp;<\/p>\n<h3>Tuesday, October 7<\/h3>\n<p>\u2014 Free day<\/p>\n<div class=\"su-divider su-divider-style-default\" style=\"margin:15px 0;border-width:2px;border-color:#2F70B4\"><a href=\"#\" style=\"color:#999999\">Go to top<\/a><\/div>\n<p>&nbsp;<\/p>\n<h3>Wednesday, October 8<\/h3>\n<p>13:00-16:00 <strong>Hongo Campus Tour and Lectures<\/strong>\u00a0by Prof. Tanaka, Prof. Kato, Prof. Kawazoe<br \/>\n<strong>*** For WS5 members only<\/strong><\/p>\n<p>At The University of Tokyo <a href=\"#hongocampus\">Hongo Campus<\/a><\/p>\n<p>Starting from Lecture Room No15, Engineering Building No.1. Hongo Campus, UT (first floor)<\/p>\n<div class=\"su-divider su-divider-style-default\" style=\"margin:15px 0;border-width:2px;border-color:#2F70B4\"><a href=\"#\" style=\"color:#999999\">Go to top<\/a><\/div>\n<p>&nbsp;<\/p>\n<h3>Thursday, October 9<\/h3>\n<p><strong>One day trip (optional) to Kamakura<\/strong> organized by Dr. Takahiro Toyoda and Fujita lab.<\/p>\n<div class=\"su-divider su-divider-style-default\" style=\"margin:15px 0;border-width:2px;border-color:#2F70B4\"><a href=\"#\" style=\"color:#999999\">Go to top<\/a><\/div>\n<p>&nbsp;<\/p>\n<h3>Friday, October 10<\/h3>\n<p>10:00 -12:00 <strong>Workshop<\/strong> at The University of Tokyo, <a href=\"#hongocampus\">Hongo Campus<\/a><\/p>\n<p>Engineering Building No1, Conference room 3<sup>rd<\/sup> Floor<\/p>\n<table class=\"programa\" width=\"100%\">\n<tbody>\n<tr>\n<td width=\"89\">Time<\/td>\n<td width=\"361\">Title<\/td>\n<td width=\"149\">Speaker<\/td>\n<td width=\"244\">Affiliation<\/td>\n<\/tr>\n<tr>\n<td width=\"89\">10:00-10:15<\/td>\n<td width=\"361\">Architecture in Chile<\/td>\n<td width=\"149\">Enrique Walker<\/td>\n<td width=\"244\">University of Chile<\/td>\n<\/tr>\n<tr>\n<td width=\"89\">10:15-10:30<\/td>\n<td width=\"361\">Preservation of Cultural Heritage in Japan<\/td>\n<td width=\"149\">Satoshi Unno<\/td>\n<td width=\"244\">Department of Architecture, UT<\/td>\n<\/tr>\n<tr>\n<td width=\"89\">10:30-10:45<\/td>\n<td width=\"361\">Micro Wooden Compositions<\/td>\n<td width=\"149\">Mitsuharu Yoshisato<\/td>\n<td width=\"244\">Department of Architecture, UT. MYAT<\/td>\n<\/tr>\n<tr>\n<td width=\"89\">10:45-11:00<\/td>\n<td width=\"361\">Recent Approaches and Challenges in Housing in Japan<\/td>\n<td width=\"149\">Sota Adachi<\/td>\n<td width=\"244\">Tokyo University of Science<\/td>\n<\/tr>\n<tr>\n<td width=\"89\">11:00-11:15<\/td>\n<td width=\"361\">Recent Architectural Design Projects in Japan<\/td>\n<td width=\"149\">Yoshiyuki Kawazoe<\/td>\n<td width=\"244\">Department of Architecture, UT<\/td>\n<\/tr>\n<tr>\n<td width=\"89\">11:15-11:30<\/td>\n<td width=\"361\">Timber Housing in Chile by Young Architects<\/td>\n<td width=\"149\">Gabriela Manzi<\/td>\n<td width=\"244\">University of Chile<\/td>\n<\/tr>\n<tr>\n<td width=\"89\">11:30-12:00<\/td>\n<td width=\"361\">Discussion<\/td>\n<td width=\"149\"><\/td>\n<td width=\"244\"><\/td>\n<\/tr>\n<\/tbody>\n<\/table>\n<div class=\"su-divider su-divider-style-default\" style=\"margin:15px 0;border-width:2px;border-color:#2F70B4\"><a href=\"#\" style=\"color:#999999\">Go to top<\/a><\/div>\n<p>&nbsp;<\/p>\n<h3 id=\"hongocampus\">Hongo Campus, University of Tokyo<\/h3>\n<h4>Map of Hongo Campus<\/h4>\n<p>The red building is Engineering Building No.1 (Department of Architecture)<\/p>\n<p>Location<br \/>\n7-3-1 Hongo Bunkyo-ku, Tokyo 113-8654<\/p>\n<p><a href=\"https:\/\/eventos.cmm.uchile.cl\/chilejapanforum2025\/wp-content\/uploads\/sites\/205\/2025\/09\/map_hongo_campus_01.jpg\"><img loading=\"lazy\" decoding=\"async\" class=\"aligncenter size-full wp-image-646\" src=\"https:\/\/eventos.cmm.uchile.cl\/chilejapanforum2025\/wp-content\/uploads\/sites\/205\/2025\/09\/map_hongo_campus_01.jpg\" alt=\"\" width=\"780\" height=\"660\" srcset=\"https:\/\/eventos.cmm.uchile.cl\/chilejapanforum2025\/wp-content\/uploads\/sites\/205\/2025\/09\/map_hongo_campus_01.jpg 780w, https:\/\/eventos.cmm.uchile.cl\/chilejapanforum2025\/wp-content\/uploads\/sites\/205\/2025\/09\/map_hongo_campus_01-300x254.jpg 300w, https:\/\/eventos.cmm.uchile.cl\/chilejapanforum2025\/wp-content\/uploads\/sites\/205\/2025\/09\/map_hongo_campus_01-768x650.jpg 768w\" sizes=\"auto, (max-width: 780px) 100vw, 780px\" \/><\/a><\/p>\n<h4>Access Information to Hongo Campus<\/h4>\n<ul>\n<li><a href=\"https:\/\/www.u-tokyo.ac.jp\/content\/400020133.pdf\" target=\"_blank\" rel=\"noopener\">Hongo Campus Access Map (PDF)<\/a><\/li>\n<li><a href=\"https:\/\/ds.adm.u-tokyo.ac.jp\/material\/pdf\/20230405192149.pdf\" target=\"_blank\" rel=\"noopener\">Accessibility Map for Hongo Campus (PDF)<\/a><\/li>\n<li><a href=\"https:\/\/www.u-tokyo.ac.jp\/en\/about\/access.html\" target=\"_blank\" rel=\"noopener\">About UTokyo &#8211; Access and Campus Maps<\/a><\/li>\n<\/ul>\n<div class=\"su-divider su-divider-style-default\" style=\"margin:15px 0;border-width:2px;border-color:#2F70B4\"><a href=\"#\" style=\"color:#999999\">Go to top<\/a><\/div>\n","protected":false},"excerpt":{"rendered":"<p>Ecology, Sustainable Architecture &amp; Urban Planning &nbsp; Tuesday, September 30 \u2013 Kyoto Session Time Title Speaker Affiliation 10:00-10:10 Opening Remarks Kaori Fujita Department of Architecture UT 10:10-10:25 Wooden Heritage in Chilo\u00e9 Emilio De la Cerda Pontificia Universidad Cat\u00f3lica de Chile 10:25-10:40 Public Timber Structures\/ Regional cooperation in design and construction of wooden public facilities Kyo &hellip; <a href=\"https:\/\/eventos.cmm.uchile.cl\/chilejapanforum2025\/program\/w5\/\" class=\"more-link\">Continue reading <span class=\"screen-reader-text\">Workshop 5<\/span> <span class=\"meta-nav\">&rarr;<\/span><\/a><\/p>\n","protected":false},"author":2,"featured_media":0,"parent":11,"menu_order":5,"comment_status":"closed","ping_status":"closed","template":"","meta":{"inline_featured_image":false,"footnotes":""},"class_list":["post-380","page","type-page","status-publish","hentry"],"_links":{"self":[{"href":"https:\/\/eventos.cmm.uchile.cl\/chilejapanforum2025\/wp-json\/wp\/v2\/pages\/380","targetHints":{"allow":["GET"]}}],"collection":[{"href":"https:\/\/eventos.cmm.uchile.cl\/chilejapanforum2025\/wp-json\/wp\/v2\/pages"}],"about":[{"href":"https:\/\/eventos.cmm.uchile.cl\/chilejapanforum2025\/wp-json\/wp\/v2\/types\/page"}],"author":[{"embeddable":true,"href":"https:\/\/eventos.cmm.uchile.cl\/chilejapanforum2025\/wp-json\/wp\/v2\/users\/2"}],"replies":[{"embeddable":true,"href":"https:\/\/eventos.cmm.uchile.cl\/chilejapanforum2025\/wp-json\/wp\/v2\/comments?post=380"}],"version-history":[{"count":25,"href":"https:\/\/eventos.cmm.uchile.cl\/chilejapanforum2025\/wp-json\/wp\/v2\/pages\/380\/revisions"}],"predecessor-version":[{"id":674,"href":"https:\/\/eventos.cmm.uchile.cl\/chilejapanforum2025\/wp-json\/wp\/v2\/pages\/380\/revisions\/674"}],"up":[{"embeddable":true,"href":"https:\/\/eventos.cmm.uchile.cl\/chilejapanforum2025\/wp-json\/wp\/v2\/pages\/11"}],"wp:attachment":[{"href":"https:\/\/eventos.cmm.uchile.cl\/chilejapanforum2025\/wp-json\/wp\/v2\/media?parent=380"}],"curies":[{"name":"wp","href":"https:\/\/api.w.org\/{rel}","templated":true}]}}