{"id":30,"date":"2019-04-30T18:27:23","date_gmt":"2019-04-30T21:27:23","guid":{"rendered":"http:\/\/eventos.cmm.uchile.cl\/cnrs80\/?page_id=30"},"modified":"2019-09-09T11:36:33","modified_gmt":"2019-09-09T14:36:33","slug":"programa","status":"publish","type":"page","link":"https:\/\/eventos.cmm.uchile.cl\/cnrs80\/programa\/","title":{"rendered":"Programa"},"content":{"rendered":"<p><strong>Men\u00fa de navegaci\u00f3n<\/strong><\/p>\n<ul>\n<li><a href=\"#introduccion\">Introducci\u00f3n<\/a><\/li>\n<li><a href=\"#8demayo\">Programa 8 de mayo<\/a><\/li>\n<li><a href=\"#9demayo\">Programa 9 de mayo<\/a><\/li>\n<li><a href=\"#10demayo\">Programa 10 de mayo<\/a><\/li>\n<\/ul>\n<p><strong>Actividades con participaci\u00f3n del CMM:<\/strong><\/p>\n<ul>\n<li><a href=\"#cienciadedatos\">Cuestiones relativas a las ciencias de la informaci\u00f3n y nuevas perspectivas para la sociedad<\/a><\/li>\n<li><a href=\"#historia\">Conferencia: Historia de la colaboraci\u00f3n cient\u00edfica entre Francia y Chile<\/a><\/li>\n<li><a href=\"#desafiosdatos\">Mesa redonda: Desaf\u00edos en ciencias de datos: de lo fundamental a las aplicaciones<\/a><\/li>\n<li><a href=\"#datosyclima\">Mesa redonda: Ciencia interdisciplinaria de datos y clima<\/a><\/li>\n<li><a href=\"#publicoprivada\">Mesa redonda: Investigaci\u00f3n p\u00fablica \/ Investigaci\u00f3n privada<\/a><\/li>\n<\/ul>\n<h2 id=\"introduccion\">Introducci\u00f3n<\/h2>\n<p>Con motivo de los 80 a\u00f1os del Centre national de la recherche scientifique (CNRS), Chile acoger\u00e1 la primera reuni\u00f3n de la red del CNRS en Sudam\u00e9rica. El pa\u00eds se ha transformado en una punta de lanza del proceso de internacionalizaci\u00f3n del centro franc\u00e9s. Aqu\u00ed, se instal\u00f3 su primera unidad mixta internacional, el Centro de Modelamiento Matem\u00e1tico, y la cooperaci\u00f3n ha sido clave para la formaci\u00f3n de investigadores chilenos y latinoamericanos. El encuentro busca compartir una serie de actividades cient\u00edficas con el objetivo de proyectar programas conjuntos de largo plazo. El 8 de mayo, se realizar\u00e1 una ceremonia institucional a la que se sumar\u00e1n conferencias p\u00fablicas que resaltar\u00e1n los frutos de la colaboraci\u00f3n entre el Latinoam\u00e9rica y Francia en temas claves como datos, cambio clim\u00e1tico y astronom\u00eda. El 9 y el 10 de mayo se realizar\u00e1n mesas redondas en temas transversales como los retos de la divulgaci\u00f3n cient\u00edfica y de la colaboraci\u00f3n entre investigaci\u00f3n p\u00fablica y privada. Otras dos mesas se centrar\u00e1n en temas de investigaci\u00f3n interdisciplinaria desarrollados por la red sudamericana del CNRS: ciencia de datos y cambio clim\u00e1tico. Estos foros buscan promover nuevas colaboraciones en torno a grandes proyectos transversales e interdisciplinarios aprovechando la red del CNRS en la regi\u00f3n como base. Tambi\u00e9n pretenden encontrar nuevas formas de reunir y promover la gran diversidad de actividades del centro en la regi\u00f3n.<\/p>\n<h2>Programa<\/h2>\n<h3 id=\"8demayo\">Mi\u00e9rcoles 8 de mayo<\/h3>\n<p><strong>Lugar:<\/strong> Sala de sesiones del Ex Congreso Nacional. <em>Morand\u00e9 441, Santiago<\/em><\/p>\n<p>&nbsp;<\/p>\n<p><strong>8:30<\/strong> Bienvenida a los participantes<\/p>\n<p><strong>9:00<\/strong> Presentaci\u00f3n general<\/p>\n<p><strong>9:15 Astronom\u00eda de observaci\u00f3n<\/strong><\/p>\n<p>50 a\u00f1os de astronom\u00eda de Francia &#8211; 50 a\u00f1os de astronom\u00eda de Chile<br \/>\nGuy Perrin, director cient\u00edfico adjunto del INSU (CNRS)<br \/>\n<div class=\"su-button-center\"><a href=\"https:\/\/static.cmm.uchile.cl\/descargas\/2019\/cnrs80\/Perrin_Presentation_GP_Santiago_08_05_2019.pdf\" class=\"su-button su-button-style-flat\" style=\"color:#FFFFFF;background-color:#AD946F;border-color:#8b7759;border-radius:7px\" target=\"_blank\" rel=\"noopener noreferrer\"><span style=\"color:#FFFFFF;padding:7px 20px;font-size:16px;line-height:24px;border-color:#c6b59b;border-radius:7px;text-shadow:none\"><i class=\"sui sui-file-pdf-o\" style=\"font-size:16px;color:#FFFFFF\"><\/i> Descargar presentaci\u00f3n<\/span><\/a><\/div><br \/>\nM\u00f3nica Rubio, profesora de la Universidad de Chile<br \/>\n<div class=\"su-button-center\"><a href=\"https:\/\/static.cmm.uchile.cl\/descargas\/2019\/cnrs80\/Rubio_colaboracio_chile_francia_08_05_19.pdf\" class=\"su-button su-button-style-flat\" style=\"color:#FFFFFF;background-color:#AD946F;border-color:#8b7759;border-radius:7px\" target=\"_blank\" rel=\"noopener noreferrer\"><span style=\"color:#FFFFFF;padding:7px 20px;font-size:16px;line-height:24px;border-color:#c6b59b;border-radius:7px;text-shadow:none\"><i class=\"sui sui-file-pdf-o\" style=\"font-size:16px;color:#FFFFFF\"><\/i> Descargar presentaci\u00f3n<\/span><\/a><\/div><\/p>\n<p>10:00 Pausa para caf\u00e9<\/p>\n<p><strong>10:30 Ciencia clim\u00e1tica, agua, biodiversidad<\/strong><\/p>\n<p><em>El cambio clim\u00e1tico: de la escala global a la territorial<\/em><br \/>\nHerv\u00e9 Le Treut, director del Instituto Pierre et Simon Laplace<br \/>\n<div class=\"su-button-center\"><a href=\"https:\/\/static.cmm.uchile.cl\/descargas\/2019\/cnrs80\/Chili-2-LeTreut.pdf\" class=\"su-button su-button-style-flat\" style=\"color:#FFFFFF;background-color:#AD946F;border-color:#8b7759;border-radius:7px\" target=\"_blank\" rel=\"noopener noreferrer\"><span style=\"color:#FFFFFF;padding:7px 20px;font-size:16px;line-height:24px;border-color:#c6b59b;border-radius:7px;text-shadow:none\"><i class=\"sui sui-file-pdf-o\" style=\"font-size:16px;color:#FFFFFF\"><\/i> Descargar presentaci\u00f3n<\/span><\/a><\/div><\/p>\n<p><em>Biodiversidad marina: logros y desaf\u00edo<\/em>s<br \/>\nMichelle Klautau, profesora de la Universidad Federal de R\u00edo de Janeiro<br \/>\n<div class=\"su-button-center\"><a href=\"https:\/\/static.cmm.uchile.cl\/descargas\/2019\/cnrs80\/Klautau_Marine_Biology_2019_Chili-tp.pdf\" class=\"su-button su-button-style-flat\" style=\"color:#FFFFFF;background-color:#AD946F;border-color:#8b7759;border-radius:7px\" target=\"_blank\" rel=\"noopener noreferrer\"><span style=\"color:#FFFFFF;padding:7px 20px;font-size:16px;line-height:24px;border-color:#c6b59b;border-radius:7px;text-shadow:none\"><i class=\"sui sui-file-pdf-o\" style=\"font-size:16px;color:#FFFFFF\"><\/i> Descargar presentaci\u00f3n<\/span><\/a><\/div><\/p>\n<p><span id=\"cienciadedatos\" style=\"color: #ff0000;\"><strong>11:15 Ciencia de datos<\/strong><\/span> [<a href=\"http:\/\/eventos.cmm.uchile.cl\/cnrs80\/registro-cnrs80\/\" rel=\"noopener noreferrer\">Inscr\u00edbase<\/a>]<\/p>\n<p><em>Cuestiones relativas a las ciencias de la informaci\u00f3n y nuevas perspectivas para la sociedad<\/em><br \/>\nServet Mart\u00ednez, investigador del CMM, Universidad de Chile<br \/>\n<div class=\"su-button-center\"><a href=\"https:\/\/static.cmm.uchile.cl\/descargas\/2019\/cnrs80\/Servet_presentacion_201903_21.pdf\" class=\"su-button su-button-style-flat\" style=\"color:#FFFFFF;background-color:#AD946F;border-color:#8b7759;border-radius:7px\" target=\"_blank\" rel=\"noopener noreferrer\"><span style=\"color:#FFFFFF;padding:7px 20px;font-size:16px;line-height:24px;border-color:#c6b59b;border-radius:7px;text-shadow:none\"><i class=\"sui sui-file-pdf-o\" style=\"font-size:16px;color:#FFFFFF\"><\/i> Descargar presentaci\u00f3n<\/span><\/a><\/div><\/p>\n<p><em>Inteligencia artificial en la era de los datos<\/em><br \/>\nNayat Sanchez-Pi, directora de Inria Chile<br \/>\n<div class=\"su-button-center\"><a href=\"https:\/\/static.cmm.uchile.cl\/descargas\/2019\/cnrs80\/Nayat_Sanchez-Pi_AI_Big_Data_80_Anhos_CNRS.pdf\" class=\"su-button su-button-style-flat\" style=\"color:#FFFFFF;background-color:#AD946F;border-color:#8b7759;border-radius:7px\" target=\"_blank\" rel=\"noopener noreferrer\"><span style=\"color:#FFFFFF;padding:7px 20px;font-size:16px;line-height:24px;border-color:#c6b59b;border-radius:7px;text-shadow:none\"><i class=\"sui sui-file-pdf-o\" style=\"font-size:16px;color:#FFFFFF\"><\/i> Descargar presentaci\u00f3n<\/span><\/a><\/div><\/p>\n<p><strong>12:00<\/strong> Pausa para el almuerzo<\/p>\n<p><span style=\"color: #ff0000;\"><strong>14:00 Ceremonia oficial<\/strong><\/span><\/p>\n<ul>\n<li>Alain Schuhl, director general adjunto de ciencia del CNRS<\/li>\n<li>Andr\u00e9s Couve Correa, ministro de Ciencia, Tecnolog\u00eda, Conocimiento e Innovaci\u00f3n<\/li>\n<li>Roland Dubertrand, embajador de Francia en Chile<\/li>\n<li>Ennio Vivaldi V\u00e9jar, rector de la Universidad de Chile<\/li>\n<li>Ignacio S\u00e1nchez D\u00edaz, rector de la Universidad Cat\u00f3lica de Chile<\/li>\n<\/ul>\n<p><strong>14:30 Firma de acuerdos:<\/strong><\/p>\n<p>&#8211; UMI Biolog\u00eda evolutiva y ecolog\u00eda de las algas (EBEA)<br \/>\n&#8211; UMI Laboratorio franco-chileno de Astronom\u00eda (LFCA)<br \/>\n&#8211; Laboratorio internacional asociado Traslado del virus hanta definiendo un objetivo terap\u00e9utico (Andes)<\/p>\n<p>Asistir\u00e1n tambi\u00e9n:<br \/>\n&#8211; Guy Perrin, Director Cient\u00edfico Adjunto del INSU (CNRS),<br \/>\n&#8211; Martine Hossaert, Directora Cient\u00edfica Adjunta de la INEE (CNRS),<br \/>\n&#8211; Claudio Melo, Representante de ESO en Chile<\/p>\n<p><strong>15:00<\/strong> Pausa caf\u00e9<\/p>\n<p><span id=\"historia\"><strong>15:30<\/strong> Historia de la colaboraci\u00f3n cient\u00edfica entre Francia y Chile<\/span> [<a href=\"http:\/\/eventos.cmm.uchile.cl\/cnrs80\/registro-cnrs80\/\" rel=\"noopener noreferrer\">Inscr\u00edbase<\/a>]<br \/>\nRafael Correa, rector de la Universidad O&#8217;Higgins<\/p>\n<p><strong>16:00<\/strong> Actividades del CNRS en el extranjero<br \/>\nPatrick N\u00e9dellec, director de la DERCI (CNRS)<br \/>\n<div class=\"su-button-center\"><a href=\"https:\/\/static.cmm.uchile.cl\/descargas\/2019\/cnrs80\/Patrick_Nedellec.pdf\" class=\"su-button su-button-style-flat\" style=\"color:#FFFFFF;background-color:#AD946F;border-color:#8b7759;border-radius:7px\" target=\"_blank\" rel=\"noopener noreferrer\"><span style=\"color:#FFFFFF;padding:7px 20px;font-size:16px;line-height:24px;border-color:#c6b59b;border-radius:7px;text-shadow:none\"><i class=\"sui sui-file-pdf-o\" style=\"font-size:16px;color:#FFFFFF\"><\/i> Descargar presentaci\u00f3n<\/span><\/a><\/div><\/p>\n<p><strong>16:30<\/strong> Arqueolog\u00eda del desierto de Atacama (13 000 a.C. &#8211; 2019)<br \/>\nLautaro N\u00fa\u00f1ez, Profesor de la Universidad Cat\u00f3lica del Norte<br \/>\n<div class=\"su-button-center\"><a href=\"https:\/\/static.cmm.uchile.cl\/descargas\/2019\/cnrs80\/Conferencia_Lautaro_Nunez.pdf\" class=\"su-button su-button-style-flat\" style=\"color:#FFFFFF;background-color:#AD946F;border-color:#8b7759;border-radius:7px\" target=\"_blank\" rel=\"noopener noreferrer\"><span style=\"color:#FFFFFF;padding:7px 20px;font-size:16px;line-height:24px;border-color:#c6b59b;border-radius:7px;text-shadow:none\"><i class=\"sui sui-file-pdf-o\" style=\"font-size:16px;color:#FFFFFF\"><\/i> Descargar presentaci\u00f3n<\/span><\/a><\/div><\/p>\n<p>&nbsp;<\/p>\n<h2 id=\"9demayo\">Jueves 9 de mayo<\/h2>\n<p><strong>Lugar:<\/strong> Centro de Extensi\u00f3n de la Universidad Cat\u00f3lica. <em>Alameda 390, Santiago<\/em><\/p>\n<p>&nbsp;<\/p>\n<p><strong>9:00 <\/strong>Mesa redonda: Difusi\u00f3n de la ciencia: los desaf\u00edos de la divulgaci\u00f3n cient\u00edfica<br \/>\nCoordinador: Sylvain Faugeron<\/p>\n<p>&nbsp;<\/p>\n<p><span id=\"desafiosdatos\" style=\"color: #ff0000;\"><strong>14:30 Mesa redonda: Desaf\u00edos en ciencias de datos: de lo fundamental a las aplicaciones<\/strong><\/span> [<a href=\"http:\/\/eventos.cmm.uchile.cl\/cnrs80\/registro-cnrs80\/\" rel=\"noopener noreferrer\">Inscr\u00edbase<\/a>]<br \/>\nCoordinador: Alejandro Maass<\/p>\n<p>Panelistas:<\/p>\n<ul>\n<li>Felipe Tobar (CMM \u2013 U. de Chile y UMI CNRS Santiago)<\/li>\n<li>Roberto Imbuzeiro (IMPA \u2013 UMI CNRS Rio)<\/li>\n<li>Marcelo Arenas (Instituto Milenio Fundamentos de los Datos \u2013 UC y U. de Chile)<\/li>\n<li>Jaime Campos (G\u00e9ophysique U. Chile &amp; LIA CNRS Santiago)<\/li>\n<li>Ezequiel Treiste (Astronomie Universidad Cat\u00f3lica y UMI CNRS Santiago)<\/li>\n<\/ul>\n<p>&nbsp;<\/p>\n<p><strong>16:30<\/strong> Mesa redonda: Clima-Agua-Biodiversidad<br \/>\nCoordinador: Fran\u00e7ois de Vleeschouwer<\/p>\n<p>&nbsp;<\/p>\n<p>&nbsp;<\/p>\n<h2 id=\"10demayo\">Viernes 10 de mayo<\/h2>\n<p><strong>Lugar:<\/strong> Casa Central de la Universidad de Chile, Sala Elo\u00edsa D\u00edaz. <em>Alameda 1058, Santiago<\/em><\/p>\n<p>&nbsp;<\/p>\n<p><span id=\"datosyclima\" style=\"color: #ff0000;\"><strong>9:00 Mesa redonda: Ciencia interdisciplinaria de datos y clima<\/strong><\/span> [<a href=\"http:\/\/eventos.cmm.uchile.cl\/cnrs80\/registro-cnrs80\/\" rel=\"noopener noreferrer\">Inscr\u00edbase<\/a>]<\/p>\n<p>Coordinadora: Denisse Sciamarella<\/p>\n<p>Panelistas:<\/p>\n<ul>\n<li>Denisse Sciamarella (Institut Franco-Argentin d&#8217;e\u0301tudes sur le climat et ses impacts, UMI CNRS-Conicet-UBA Buenos Aires)<\/li>\n<li>Axel Osses (Centro de Modelamiento Matem\u00e1tico, U. de Chile y UMI CNRS Santiago)<\/li>\n<li>Samuel Chaffron (U. Nantes &amp; GO-SEE CNRS F\u00e9d\u00e9ration)<\/li>\n<\/ul>\n<p>&nbsp;<\/p>\n<p><span id=\"publicoprivada\" style=\"color: #ff0000;\"><strong>11:00 Mesa redonda: Investigaci\u00f3n p\u00fablica \/ Investigaci\u00f3n privada<\/strong><\/span> [<a href=\"http:\/\/eventos.cmm.uchile.cl\/cnrs80\/registro-cnrs80\/\" rel=\"noopener noreferrer\">Inscr\u00edbase<\/a>]<\/p>\n<p>Coordinador: Olivier Fudym, director de la oficina del CNRS en R\u00edo de Janeiro<\/p>\n<p>Panelistas:<\/p>\n<ul>\n<li>Jaqueline Saad (C\u00e1mara de Comercio Brasil-Francia)<\/li>\n<li>Alejandro Jofr\u00e9 (CMM \u2013 U. Chile &amp; UMI CNRS Santiago)<\/li>\n<li>Rafael Palacios (Hub \u2013 Sofofa)<\/li>\n<li>Eduardo Bitr\u00e1n (Club de la Innovaci\u00f3n y U. Adolfo Ib\u00e1\u00f1ez)<\/li>\n<\/ul>\n","protected":false},"excerpt":{"rendered":"<p>Men\u00fa de navegaci\u00f3n Introducci\u00f3n Programa 8 de mayo Programa 9 de mayo Programa 10 de mayo Actividades con participaci\u00f3n del CMM: Cuestiones relativas a las ciencias de la informaci\u00f3n y nuevas perspectivas para la sociedad Conferencia: Historia de la colaboraci\u00f3n cient\u00edfica entre Francia y Chile Mesa redonda: Desaf\u00edos en ciencias de datos: de lo fundamental &hellip; <a href=\"https:\/\/eventos.cmm.uchile.cl\/cnrs80\/programa\/\" class=\"more-link\">Seguir leyendo <span class=\"screen-reader-text\">Programa<\/span> <span class=\"meta-nav\">&rarr;<\/span><\/a><\/p>\n","protected":false},"author":2,"featured_media":0,"parent":0,"menu_order":0,"comment_status":"closed","ping_status":"closed","template":"","meta":{"inline_featured_image":false,"footnotes":""},"class_list":["post-30","page","type-page","status-publish","hentry"],"_links":{"self":[{"href":"https:\/\/eventos.cmm.uchile.cl\/cnrs80\/wp-json\/wp\/v2\/pages\/30","targetHints":{"allow":["GET"]}}],"collection":[{"href":"https:\/\/eventos.cmm.uchile.cl\/cnrs80\/wp-json\/wp\/v2\/pages"}],"about":[{"href":"https:\/\/eventos.cmm.uchile.cl\/cnrs80\/wp-json\/wp\/v2\/types\/page"}],"author":[{"embeddable":true,"href":"https:\/\/eventos.cmm.uchile.cl\/cnrs80\/wp-json\/wp\/v2\/users\/2"}],"replies":[{"embeddable":true,"href":"https:\/\/eventos.cmm.uchile.cl\/cnrs80\/wp-json\/wp\/v2\/comments?post=30"}],"version-history":[{"count":6,"href":"https:\/\/eventos.cmm.uchile.cl\/cnrs80\/wp-json\/wp\/v2\/pages\/30\/revisions"}],"predecessor-version":[{"id":57,"href":"https:\/\/eventos.cmm.uchile.cl\/cnrs80\/wp-json\/wp\/v2\/pages\/30\/revisions\/57"}],"wp:attachment":[{"href":"https:\/\/eventos.cmm.uchile.cl\/cnrs80\/wp-json\/wp\/v2\/media?parent=30"}],"curies":[{"name":"wp","href":"https:\/\/api.w.org\/{rel}","templated":true}]}}