{"id":43,"date":"2019-09-09T09:35:20","date_gmt":"2019-09-09T12:35:20","guid":{"rendered":"http:\/\/eventos.cmm.uchile.cl\/cnrs80\/?page_id=43"},"modified":"2019-09-09T09:54:32","modified_gmt":"2019-09-09T12:54:32","slug":"actividades-cnrs-cmm","status":"publish","type":"page","link":"https:\/\/eventos.cmm.uchile.cl\/cnrs80\/","title":{"rendered":"Actividades CNRS-CMM"},"content":{"rendered":"<p>Actividades realizadas durante los d\u00edas 8, 9 y 10 de mayo de 2019 en conmemoraci\u00f3n de los <a href=\"https:\/\/80ans.cnrs.fr\/\" target=\"_blank\" rel=\"noopener noreferrer\">80 a\u00f1os<\/a> del <a href=\"http:\/\/www.cnrs.fr\/en\" target=\"_blank\" rel=\"noopener noreferrer\">CNRS (Centre National de la Recherche Scientifique)<\/a> de Francia, del cual el <a href=\"http:\/\/www.cmm.uchile.cl\" target=\"_blank\" rel=\"noopener noreferrer\">Centro de Modelamiento Matem\u00e1tico (CMM)<\/a> de la Universidad de Chile es la primera Unidad Mixta Internacional (UMI 2807) fuera de ese pa\u00eds.<\/p>\n<p>M\u00e1s informaci\u00f3n sobre el programa <a href=\"http:\/\/eventos.cmm.uchile.cl\/cnrs80\/programa\/\">aqu\u00ed<\/a>.<\/p>\n<div class=\"su-button-center\"><a href=\"http:\/\/eventos.cmm.uchile.cl\/cnrs80\/programa\" class=\"su-button su-button-style-flat\" style=\"color:#FFFFFF;background-color:#AD946F;border-color:#8b7759;border-radius:7px\" target=\"_self\"><span style=\"color:#FFFFFF;padding:7px 20px;font-size:16px;line-height:24px;border-color:#c6b59b;border-radius:7px;text-shadow:none\"><i class=\"sui sui-calendar-o\" style=\"font-size:16px;color:#FFFFFF\"><\/i> Programa de actividades<\/span><\/a><\/div>\n<p>&nbsp;<\/p>\n<h2>Videos con el registro de las actividades<\/h2>\n<h4>CNRS 80 A\u00f1os &#8211; 8 de mayo 2019, ex-Congreso Nacional<\/h4>\n<div class=\"su-youtube su-u-responsive-media-yes\"><iframe loading=\"lazy\" width=\"600\" height=\"400\" src=\"https:\/\/www.youtube.com\/embed\/U3AfNEku8JY?autohide=2&amp;autoplay=0&amp;mute=0&amp;controls=1&amp;fs=1&amp;loop=0&amp;modestbranding=1&amp;rel=0&amp;showinfo=1&amp;theme=light&amp;wmode=&amp;playsinline=0\" frameborder=\"0\" allowfullscreen allow=\"autoplay; encrypted-media; picture-in-picture\" title=\"\"><\/iframe><\/div>\n<p>&nbsp;<\/p>\n<h4>CNRS 80 A\u00f1os &#8211; 9 de mayo 2019, Centro de Extensi\u00f3n U. Cat\u00f3lica de Chile<\/h4>\n<div class=\"su-youtube su-u-responsive-media-yes\"><iframe loading=\"lazy\" width=\"600\" height=\"400\" src=\"https:\/\/www.youtube.com\/embed\/00UufBSl-9Y?autohide=2&amp;autoplay=0&amp;mute=0&amp;controls=1&amp;fs=1&amp;loop=0&amp;modestbranding=1&amp;rel=0&amp;showinfo=1&amp;theme=light&amp;wmode=&amp;playsinline=0\" frameborder=\"0\" allowfullscreen allow=\"autoplay; encrypted-media; picture-in-picture\" title=\"\"><\/iframe><\/div>\n<p>&nbsp;<\/p>\n<h4>CNRS 80 A\u00f1os &#8211; 10 de mayo 2019, Casa Central Universidad de Chile<\/h4>\n<div class=\"su-youtube su-u-responsive-media-yes\"><iframe loading=\"lazy\" width=\"600\" height=\"400\" src=\"https:\/\/www.youtube.com\/embed\/MJJyCinP18U?autohide=2&amp;autoplay=0&amp;mute=0&amp;controls=1&amp;fs=1&amp;loop=0&amp;modestbranding=1&amp;rel=0&amp;showinfo=1&amp;theme=light&amp;wmode=&amp;playsinline=0\" frameborder=\"0\" allowfullscreen allow=\"autoplay; encrypted-media; picture-in-picture\" title=\"\"><\/iframe><\/div>\n","protected":false},"excerpt":{"rendered":"<p>Actividades realizadas durante los d\u00edas 8, 9 y 10 de mayo de 2019 en conmemoraci\u00f3n de los 80 a\u00f1os del CNRS (Centre National de la Recherche Scientifique) de Francia, del cual el Centro de Modelamiento Matem\u00e1tico (CMM) de la Universidad de Chile es la primera Unidad Mixta Internacional (UMI 2807) fuera de ese pa\u00eds. M\u00e1s &hellip; <a href=\"https:\/\/eventos.cmm.uchile.cl\/cnrs80\/\" class=\"more-link\">Seguir leyendo <span class=\"screen-reader-text\">Actividades CNRS-CMM<\/span> <span class=\"meta-nav\">&rarr;<\/span><\/a><\/p>\n","protected":false},"author":2,"featured_media":0,"parent":0,"menu_order":0,"comment_status":"closed","ping_status":"closed","template":"","meta":{"inline_featured_image":false,"footnotes":""},"class_list":["post-43","page","type-page","status-publish","hentry"],"_links":{"self":[{"href":"https:\/\/eventos.cmm.uchile.cl\/cnrs80\/wp-json\/wp\/v2\/pages\/43","targetHints":{"allow":["GET"]}}],"collection":[{"href":"https:\/\/eventos.cmm.uchile.cl\/cnrs80\/wp-json\/wp\/v2\/pages"}],"about":[{"href":"https:\/\/eventos.cmm.uchile.cl\/cnrs80\/wp-json\/wp\/v2\/types\/page"}],"author":[{"embeddable":true,"href":"https:\/\/eventos.cmm.uchile.cl\/cnrs80\/wp-json\/wp\/v2\/users\/2"}],"replies":[{"embeddable":true,"href":"https:\/\/eventos.cmm.uchile.cl\/cnrs80\/wp-json\/wp\/v2\/comments?post=43"}],"version-history":[{"count":9,"href":"https:\/\/eventos.cmm.uchile.cl\/cnrs80\/wp-json\/wp\/v2\/pages\/43\/revisions"}],"predecessor-version":[{"id":55,"href":"https:\/\/eventos.cmm.uchile.cl\/cnrs80\/wp-json\/wp\/v2\/pages\/43\/revisions\/55"}],"wp:attachment":[{"href":"https:\/\/eventos.cmm.uchile.cl\/cnrs80\/wp-json\/wp\/v2\/media?parent=43"}],"curies":[{"name":"wp","href":"https:\/\/api.w.org\/{rel}","templated":true}]}}